{"id":24119,"date":"2024-06-18T11:25:59","date_gmt":"2024-06-18T11:25:59","guid":{"rendered":"https:\/\/lightsteelblue-zebra-299715.hostingersite.com\/?post_type=product&#038;p=24119"},"modified":"2024-06-18T11:25:59","modified_gmt":"2024-06-18T11:25:59","slug":"beaphar-fiprotec-s-dog-50-ml","status":"publish","type":"product","link":"https:\/\/zoo-land.az\/ru\/shop\/dog\/medications\/beaphar-fiprotec-s-dog-50-ml\/","title":{"rendered":"Beaphar Fiprotec S dog 50 ml"},"content":{"rendered":"<p>Beaphar FIPROtec Spot-On for Medium Dogs is an effective and affordable veterinary strength medicine to control fleas and ticks. It contains fipronil and is clinically proven to kill fleas for up to five weeks and kills ticks up to four weeks.<\/p>\n<p>95% of a flea infestation is in the home, it is important to treat your pet&#8217;s basket, bedding and regular resting areas, such as carpets and soft furnishings with a household flea spray.<\/p>\n<div>\n<p class=\"description_features-title__m6eoF\">\u0424\u0443\u043d\u043a\u0446\u0438\u0438:<\/p>\n<ul class=\"description_features-list__Y_AkH\">\n<li>Kills fleas and ticks<\/li>\n<li>Vet strength, easy-to-use spot-on for dogs weighing 10-20kg<\/li>\n<li>Beaphar FIPROtec Spot-On for Medium Dogs is an effective and affordable veterinary medicine to control fleas and ticks on your dog, killing fleas within 24 hours and ticks within 48 hours<\/li>\n<li>Beaphar FIPROtec Spot-On for Medium Dogs is a veterinary medicine available without the need for a veterinary prescription. It contains fipronil, which effects the nervous system of fleas, causing hyperactivity. As a result, it is quite common to see &#8216;more&#8217; fleas following treatment<\/li>\n<li>Effective against fleas for up to five weeks. Prevention is the best way to protect your dog from fleas and ticks. Treatment can be used every four weeks<\/li>\n<li>Suitable for dogs and puppies from 8 weeks.<\/li>\n<\/ul>\n<\/div>\n<div class=\"description_suitable__y_6vd\">\n<p><strong>Suitable for:<\/strong>\u00a0Dogs from 8 weeks of age and weighing 10-20kg<\/p>\n<\/div>","protected":false},"excerpt":{"rendered":"<p>Beaphar FIPROtec Spot-On for Medium Dogs is an effective and affordable veterinary strength medicine to control fleas and ticks. It contains fipronil and is clinically proven to kill fleas for up to five weeks and kills ticks up to four weeks.<\/p>","protected":false},"featured_media":24120,"template":"","meta":{"inline_featured_image":false,"_joinchat":[]},"product_cat":[107,388],"product_tag":[],"class_list":{"0":"post-24119","1":"product","2":"type-product","3":"status-publish","4":"has-post-thumbnail","6":"product_brand-beaphar","7":"product_cat-dog","8":"product_cat-medications","10":"first","11":"instock","12":"shipping-taxable","13":"purchasable","14":"product-type-simple"},"yoast_head":"<!-- This site is optimized with the Yoast SEO plugin v27.4 - https:\/\/yoast.com\/product\/yoast-seo-wordpress\/ -->\n<title>Beaphar Fiprotec S dog 50 ml - Zooland.az<\/title>\n<meta name=\"robots\" content=\"index, follow, max-snippet:-1, max-image-preview:large, max-video-preview:-1\" \/>\n<link rel=\"canonical\" href=\"https:\/\/zoo-land.az\/ru\/shop\/dog\/medications\/beaphar-fiprotec-s-dog-50-ml\/\" \/>\n<meta property=\"og:locale\" content=\"ru_RU\" \/>\n<meta property=\"og:type\" content=\"article\" \/>\n<meta property=\"og:title\" content=\"Beaphar Fiprotec S dog 50 ml - Zooland.az\" \/>\n<meta property=\"og:description\" content=\"Beaphar FIPROtec Spot-On for Medium Dogs is an effective and affordable veterinary strength medicine to control fleas and ticks. It contains fipronil and is clinically proven to kill fleas for up to five weeks and kills ticks up to four weeks.\" \/>\n<meta property=\"og:url\" content=\"https:\/\/zoo-land.az\/ru\/shop\/dog\/medications\/beaphar-fiprotec-s-dog-50-ml\/\" \/>\n<meta property=\"og:site_name\" content=\"Zooland.az\" \/>\n<meta property=\"og:image\" content=\"https:\/\/zoo-land.az\/wp-content\/uploads\/2024\/06\/900_7131150.jpg\" \/>\n\t<meta property=\"og:image:width\" content=\"900\" \/>\n\t<meta property=\"og:image:height\" content=\"900\" \/>\n\t<meta property=\"og:image:type\" content=\"image\/jpeg\" \/>\n<meta name=\"twitter:card\" content=\"summary_large_image\" \/>\n<meta name=\"twitter:label1\" content=\"\u041f\u0440\u0438\u043c\u0435\u0440\u043d\u043e\u0435 \u0432\u0440\u0435\u043c\u044f \u0434\u043b\u044f \u0447\u0442\u0435\u043d\u0438\u044f\" \/>\n\t<meta name=\"twitter:data1\" content=\"2 \u043c\u0438\u043d\u0443\u0442\u044b\" \/>\n<script type=\"application\/ld+json\" class=\"yoast-schema-graph\">{\"@context\":\"https:\\\/\\\/schema.org\",\"@graph\":[{\"@type\":\"WebPage\",\"@id\":\"https:\\\/\\\/zoo-land.az\\\/az\\\/shop\\\/dog\\\/medications\\\/beaphar-fiprotec-s-dog-50-ml\\\/\",\"url\":\"https:\\\/\\\/zoo-land.az\\\/az\\\/shop\\\/dog\\\/medications\\\/beaphar-fiprotec-s-dog-50-ml\\\/\",\"name\":\"Beaphar Fiprotec S dog 50 ml - Zooland.az\",\"isPartOf\":{\"@id\":\"https:\\\/\\\/zoo-land.az\\\/#website\"},\"primaryImageOfPage\":{\"@id\":\"https:\\\/\\\/zoo-land.az\\\/az\\\/shop\\\/dog\\\/medications\\\/beaphar-fiprotec-s-dog-50-ml\\\/#primaryimage\"},\"image\":{\"@id\":\"https:\\\/\\\/zoo-land.az\\\/az\\\/shop\\\/dog\\\/medications\\\/beaphar-fiprotec-s-dog-50-ml\\\/#primaryimage\"},\"thumbnailUrl\":\"https:\\\/\\\/zoo-land.az\\\/wp-content\\\/uploads\\\/2024\\\/06\\\/900_7131150.jpg\",\"datePublished\":\"2024-06-18T11:25:59+00:00\",\"breadcrumb\":{\"@id\":\"https:\\\/\\\/zoo-land.az\\\/az\\\/shop\\\/dog\\\/medications\\\/beaphar-fiprotec-s-dog-50-ml\\\/#breadcrumb\"},\"inLanguage\":\"ru-RU\",\"potentialAction\":[{\"@type\":\"ReadAction\",\"target\":[\"https:\\\/\\\/zoo-land.az\\\/az\\\/shop\\\/dog\\\/medications\\\/beaphar-fiprotec-s-dog-50-ml\\\/\"]}]},{\"@type\":\"ImageObject\",\"inLanguage\":\"ru-RU\",\"@id\":\"https:\\\/\\\/zoo-land.az\\\/az\\\/shop\\\/dog\\\/medications\\\/beaphar-fiprotec-s-dog-50-ml\\\/#primaryimage\",\"url\":\"https:\\\/\\\/zoo-land.az\\\/wp-content\\\/uploads\\\/2024\\\/06\\\/900_7131150.jpg\",\"contentUrl\":\"https:\\\/\\\/zoo-land.az\\\/wp-content\\\/uploads\\\/2024\\\/06\\\/900_7131150.jpg\",\"width\":900,\"height\":900},{\"@type\":\"BreadcrumbList\",\"@id\":\"https:\\\/\\\/zoo-land.az\\\/az\\\/shop\\\/dog\\\/medications\\\/beaphar-fiprotec-s-dog-50-ml\\\/#breadcrumb\",\"itemListElement\":[{\"@type\":\"ListItem\",\"position\":1,\"name\":\"Home\",\"item\":\"https:\\\/\\\/zoo-land.az\\\/ru\\\/\"},{\"@type\":\"ListItem\",\"position\":2,\"name\":\"Shop\",\"item\":\"https:\\\/\\\/zoo-land.az\\\/ru\\\/\"},{\"@type\":\"ListItem\",\"position\":3,\"name\":\"Beaphar Fiprotec S dog 50 ml\"}]},{\"@type\":\"WebSite\",\"@id\":\"https:\\\/\\\/zoo-land.az\\\/#website\",\"url\":\"https:\\\/\\\/zoo-land.az\\\/\",\"name\":\"Zooland.az\",\"description\":\"Xo\u015fb\u0259xt ev heyvanlar\u0131n\u0131n \u00fcnvan\u0131 Zooland.az\",\"publisher\":{\"@id\":\"https:\\\/\\\/zoo-land.az\\\/#organization\"},\"potentialAction\":[{\"@type\":\"SearchAction\",\"target\":{\"@type\":\"EntryPoint\",\"urlTemplate\":\"https:\\\/\\\/zoo-land.az\\\/?s={search_term_string}\"},\"query-input\":{\"@type\":\"PropertyValueSpecification\",\"valueRequired\":true,\"valueName\":\"search_term_string\"}}],\"inLanguage\":\"ru-RU\"},{\"@type\":\"Organization\",\"@id\":\"https:\\\/\\\/zoo-land.az\\\/#organization\",\"name\":\"Zooland.az\",\"url\":\"https:\\\/\\\/zoo-land.az\\\/\",\"logo\":{\"@type\":\"ImageObject\",\"inLanguage\":\"ru-RU\",\"@id\":\"https:\\\/\\\/zoo-land.az\\\/#\\\/schema\\\/logo\\\/image\\\/\",\"url\":\"https:\\\/\\\/zoo-land.az\\\/wp-content\\\/uploads\\\/2022\\\/05\\\/logo.svg\",\"contentUrl\":\"https:\\\/\\\/zoo-land.az\\\/wp-content\\\/uploads\\\/2022\\\/05\\\/logo.svg\",\"width\":113,\"height\":46,\"caption\":\"Zooland.az\"},\"image\":{\"@id\":\"https:\\\/\\\/zoo-land.az\\\/#\\\/schema\\\/logo\\\/image\\\/\"}}]}<\/script>\n<!-- \/ Yoast SEO plugin. -->","yoast_head_json":{"title":"Beaphar Fiprotec S dog 50 ml - Zooland.az","robots":{"index":"index","follow":"follow","max-snippet":"max-snippet:-1","max-image-preview":"max-image-preview:large","max-video-preview":"max-video-preview:-1"},"canonical":"https:\/\/zoo-land.az\/ru\/shop\/dog\/medications\/beaphar-fiprotec-s-dog-50-ml\/","og_locale":"ru_RU","og_type":"article","og_title":"Beaphar Fiprotec S dog 50 ml - Zooland.az","og_description":"Beaphar FIPROtec Spot-On for Medium Dogs is an effective and affordable veterinary strength medicine to control fleas and ticks. It contains fipronil and is clinically proven to kill fleas for up to five weeks and kills ticks up to four weeks.","og_url":"https:\/\/zoo-land.az\/ru\/shop\/dog\/medications\/beaphar-fiprotec-s-dog-50-ml\/","og_site_name":"Zooland.az","og_image":[{"width":900,"height":900,"url":"https:\/\/zoo-land.az\/wp-content\/uploads\/2024\/06\/900_7131150.jpg","type":"image\/jpeg"}],"twitter_card":"summary_large_image","twitter_misc":{"\u041f\u0440\u0438\u043c\u0435\u0440\u043d\u043e\u0435 \u0432\u0440\u0435\u043c\u044f \u0434\u043b\u044f \u0447\u0442\u0435\u043d\u0438\u044f":"2 \u043c\u0438\u043d\u0443\u0442\u044b"},"schema":{"@context":"https:\/\/schema.org","@graph":[{"@type":"WebPage","@id":"https:\/\/zoo-land.az\/az\/shop\/dog\/medications\/beaphar-fiprotec-s-dog-50-ml\/","url":"https:\/\/zoo-land.az\/az\/shop\/dog\/medications\/beaphar-fiprotec-s-dog-50-ml\/","name":"Beaphar Fiprotec S dog 50 ml - Zooland.az","isPartOf":{"@id":"https:\/\/zoo-land.az\/#website"},"primaryImageOfPage":{"@id":"https:\/\/zoo-land.az\/az\/shop\/dog\/medications\/beaphar-fiprotec-s-dog-50-ml\/#primaryimage"},"image":{"@id":"https:\/\/zoo-land.az\/az\/shop\/dog\/medications\/beaphar-fiprotec-s-dog-50-ml\/#primaryimage"},"thumbnailUrl":"https:\/\/zoo-land.az\/wp-content\/uploads\/2024\/06\/900_7131150.jpg","datePublished":"2024-06-18T11:25:59+00:00","breadcrumb":{"@id":"https:\/\/zoo-land.az\/az\/shop\/dog\/medications\/beaphar-fiprotec-s-dog-50-ml\/#breadcrumb"},"inLanguage":"ru-RU","potentialAction":[{"@type":"ReadAction","target":["https:\/\/zoo-land.az\/az\/shop\/dog\/medications\/beaphar-fiprotec-s-dog-50-ml\/"]}]},{"@type":"ImageObject","inLanguage":"ru-RU","@id":"https:\/\/zoo-land.az\/az\/shop\/dog\/medications\/beaphar-fiprotec-s-dog-50-ml\/#primaryimage","url":"https:\/\/zoo-land.az\/wp-content\/uploads\/2024\/06\/900_7131150.jpg","contentUrl":"https:\/\/zoo-land.az\/wp-content\/uploads\/2024\/06\/900_7131150.jpg","width":900,"height":900},{"@type":"BreadcrumbList","@id":"https:\/\/zoo-land.az\/az\/shop\/dog\/medications\/beaphar-fiprotec-s-dog-50-ml\/#breadcrumb","itemListElement":[{"@type":"ListItem","position":1,"name":"Home","item":"https:\/\/zoo-land.az\/ru\/"},{"@type":"ListItem","position":2,"name":"Shop","item":"https:\/\/zoo-land.az\/ru\/"},{"@type":"ListItem","position":3,"name":"Beaphar Fiprotec S dog 50 ml"}]},{"@type":"WebSite","@id":"https:\/\/zoo-land.az\/#website","url":"https:\/\/zoo-land.az\/","name":"Zooland.az","description":"Xo\u015fb\u0259xt ev heyvanlar\u0131n\u0131n \u00fcnvan\u0131 Zooland.az","publisher":{"@id":"https:\/\/zoo-land.az\/#organization"},"potentialAction":[{"@type":"SearchAction","target":{"@type":"EntryPoint","urlTemplate":"https:\/\/zoo-land.az\/?s={search_term_string}"},"query-input":{"@type":"PropertyValueSpecification","valueRequired":true,"valueName":"search_term_string"}}],"inLanguage":"ru-RU"},{"@type":"Organization","@id":"https:\/\/zoo-land.az\/#organization","name":"Zooland.az","url":"https:\/\/zoo-land.az\/","logo":{"@type":"ImageObject","inLanguage":"ru-RU","@id":"https:\/\/zoo-land.az\/#\/schema\/logo\/image\/","url":"https:\/\/zoo-land.az\/wp-content\/uploads\/2022\/05\/logo.svg","contentUrl":"https:\/\/zoo-land.az\/wp-content\/uploads\/2022\/05\/logo.svg","width":113,"height":46,"caption":"Zooland.az"},"image":{"@id":"https:\/\/zoo-land.az\/#\/schema\/logo\/image\/"}}]}},"_links":{"self":[{"href":"https:\/\/zoo-land.az\/ru\/wp-json\/wp\/v2\/product\/24119","targetHints":{"allow":["GET"]}}],"collection":[{"href":"https:\/\/zoo-land.az\/ru\/wp-json\/wp\/v2\/product"}],"about":[{"href":"https:\/\/zoo-land.az\/ru\/wp-json\/wp\/v2\/types\/product"}],"wp:featuredmedia":[{"embeddable":true,"href":"https:\/\/zoo-land.az\/ru\/wp-json\/wp\/v2\/media\/24120"}],"wp:attachment":[{"href":"https:\/\/zoo-land.az\/ru\/wp-json\/wp\/v2\/media?parent=24119"}],"wp:term":[{"taxonomy":"product_cat","embeddable":true,"href":"https:\/\/zoo-land.az\/ru\/wp-json\/wp\/v2\/product_cat?post=24119"},{"taxonomy":"product_tag","embeddable":true,"href":"https:\/\/zoo-land.az\/ru\/wp-json\/wp\/v2\/product_tag?post=24119"}],"curies":[{"name":"wp","href":"https:\/\/api.w.org\/{rel}","templated":true}]}}