{"id":24132,"date":"2024-06-19T11:33:30","date_gmt":"2024-06-19T11:33:30","guid":{"rendered":"https:\/\/lightsteelblue-zebra-299715.hostingersite.com\/?post_type=product&#038;p=24132"},"modified":"2024-06-19T11:33:30","modified_gmt":"2024-06-19T11:33:30","slug":"beaphar-spray-spot-on-for-dogs-150-ml","status":"publish","type":"product","link":"https:\/\/zoo-land.az\/ru\/shop\/dog\/medications\/beaphar-spray-spot-on-for-dogs-150-ml\/","title":{"rendered":"Beaphar Spray Spot on for Dogs 150 ml"},"content":{"rendered":"<p>Spot On Spray with natural oils for dogs and puppies is a natural insect repellent. It contains a blend of natural oils, including neem oil and lavandin oil, which are very unpleasant for insects (fleas, ticks, mosquitoes). Additionally, neem oil has beneficial effects on the skin \u2013 it has antibiotic, antifungal, and antiviral properties, improves the appearance of the coat, reduces itching from insect bites, and eliminates unpleasant animal odors. It can be used for puppies from 12 weeks of age, as well as for pregnant and lactating animals. Step 1 of the four-step Beaphar flea protection program. Ingredients: neem oil, lavandin oil.<\/p>\n<p>Directions for use: Shake well, then treat the animal (especially the sides, inner thighs, belly, tail, and ear tips) by moving from tail to head, spraying against the direction of the fur. Once the fur dries, brush it out.<\/p>","protected":false},"excerpt":{"rendered":"<p>Spot On Spray with natural oils for dogs and puppies is a natural insect repellent. It contains a blend of natural oils, including neem oil and lavandin oil, which are very unpleasant for insects (fleas, ticks, mosquitoes). Additionally, neem oil has beneficial effects on the skin \u2013 it has antibiotic, antifungal, and antiviral properties, improves the appearance of the coat, reduces itching from insect bites, and eliminates unpleasant animal odors. It can be used for puppies from 12 weeks of age, as well as for pregnant and lactating animals. Step 1 of the four-step Beaphar flea protection program. Ingredients: neem oil, lavandin oil.<\/p>","protected":false},"featured_media":24133,"template":"","meta":{"inline_featured_image":false,"_joinchat":[]},"product_cat":[107,388],"product_tag":[],"class_list":{"0":"post-24132","1":"product","2":"type-product","3":"status-publish","4":"has-post-thumbnail","6":"product_brand-beaphar","7":"product_cat-dog","8":"product_cat-medications","10":"first","11":"instock","12":"shipping-taxable","13":"purchasable","14":"product-type-simple"},"yoast_head":"<!-- This site is optimized with the Yoast SEO plugin v27.4 - https:\/\/yoast.com\/product\/yoast-seo-wordpress\/ -->\n<title>Beaphar Spray Spot on for Dogs 150 ml - Zooland.az<\/title>\n<meta name=\"robots\" content=\"index, follow, max-snippet:-1, max-image-preview:large, max-video-preview:-1\" \/>\n<link rel=\"canonical\" href=\"https:\/\/zoo-land.az\/ru\/shop\/dog\/medications\/beaphar-spray-spot-on-for-dogs-150-ml\/\" \/>\n<meta property=\"og:locale\" content=\"ru_RU\" \/>\n<meta property=\"og:type\" content=\"article\" \/>\n<meta property=\"og:title\" content=\"Beaphar Spray Spot on for Dogs 150 ml - Zooland.az\" \/>\n<meta property=\"og:description\" content=\"Spot On Spray with natural oils for dogs and puppies is a natural insect repellent. It contains a blend of natural oils, including neem oil and lavandin oil, which are very unpleasant for insects (fleas, ticks, mosquitoes). Additionally, neem oil has beneficial effects on the skin \u2013 it has antibiotic, antifungal, and antiviral properties, improves the appearance of the coat, reduces itching from insect bites, and eliminates unpleasant animal odors. It can be used for puppies from 12 weeks of age, as well as for pregnant and lactating animals. Step 1 of the four-step Beaphar flea protection program. Ingredients: neem oil, lavandin oil.\" \/>\n<meta property=\"og:url\" content=\"https:\/\/zoo-land.az\/ru\/shop\/dog\/medications\/beaphar-spray-spot-on-for-dogs-150-ml\/\" \/>\n<meta property=\"og:site_name\" content=\"Zooland.az\" \/>\n<meta property=\"og:image\" content=\"https:\/\/zoo-land.az\/wp-content\/uploads\/2024\/06\/97596-13fd8d3573beb98b7e73927358965e88-scaled.jpg\" \/>\n\t<meta property=\"og:image:width\" content=\"607\" \/>\n\t<meta property=\"og:image:height\" content=\"2560\" \/>\n\t<meta property=\"og:image:type\" content=\"image\/jpeg\" \/>\n<meta name=\"twitter:card\" content=\"summary_large_image\" \/>\n<meta name=\"twitter:label1\" content=\"\u041f\u0440\u0438\u043c\u0435\u0440\u043d\u043e\u0435 \u0432\u0440\u0435\u043c\u044f \u0434\u043b\u044f \u0447\u0442\u0435\u043d\u0438\u044f\" \/>\n\t<meta name=\"twitter:data1\" content=\"1 \u043c\u0438\u043d\u0443\u0442\u0430\" \/>\n<script type=\"application\/ld+json\" class=\"yoast-schema-graph\">{\"@context\":\"https:\\\/\\\/schema.org\",\"@graph\":[{\"@type\":\"WebPage\",\"@id\":\"https:\\\/\\\/zoo-land.az\\\/shop\\\/dog\\\/medications\\\/beaphar-spray-spot-on-for-dogs-150-ml\\\/\",\"url\":\"https:\\\/\\\/zoo-land.az\\\/shop\\\/dog\\\/medications\\\/beaphar-spray-spot-on-for-dogs-150-ml\\\/\",\"name\":\"Beaphar Spray Spot on for Dogs 150 ml - Zooland.az\",\"isPartOf\":{\"@id\":\"https:\\\/\\\/zoo-land.az\\\/#website\"},\"primaryImageOfPage\":{\"@id\":\"https:\\\/\\\/zoo-land.az\\\/shop\\\/dog\\\/medications\\\/beaphar-spray-spot-on-for-dogs-150-ml\\\/#primaryimage\"},\"image\":{\"@id\":\"https:\\\/\\\/zoo-land.az\\\/shop\\\/dog\\\/medications\\\/beaphar-spray-spot-on-for-dogs-150-ml\\\/#primaryimage\"},\"thumbnailUrl\":\"https:\\\/\\\/zoo-land.az\\\/wp-content\\\/uploads\\\/2024\\\/06\\\/97596-13fd8d3573beb98b7e73927358965e88-scaled.jpg\",\"datePublished\":\"2024-06-19T11:33:30+00:00\",\"breadcrumb\":{\"@id\":\"https:\\\/\\\/zoo-land.az\\\/shop\\\/dog\\\/medications\\\/beaphar-spray-spot-on-for-dogs-150-ml\\\/#breadcrumb\"},\"inLanguage\":\"ru-RU\",\"potentialAction\":[{\"@type\":\"ReadAction\",\"target\":[\"https:\\\/\\\/zoo-land.az\\\/shop\\\/dog\\\/medications\\\/beaphar-spray-spot-on-for-dogs-150-ml\\\/\"]}]},{\"@type\":\"ImageObject\",\"inLanguage\":\"ru-RU\",\"@id\":\"https:\\\/\\\/zoo-land.az\\\/shop\\\/dog\\\/medications\\\/beaphar-spray-spot-on-for-dogs-150-ml\\\/#primaryimage\",\"url\":\"https:\\\/\\\/zoo-land.az\\\/wp-content\\\/uploads\\\/2024\\\/06\\\/97596-13fd8d3573beb98b7e73927358965e88-scaled.jpg\",\"contentUrl\":\"https:\\\/\\\/zoo-land.az\\\/wp-content\\\/uploads\\\/2024\\\/06\\\/97596-13fd8d3573beb98b7e73927358965e88-scaled.jpg\",\"width\":607,\"height\":2560},{\"@type\":\"BreadcrumbList\",\"@id\":\"https:\\\/\\\/zoo-land.az\\\/shop\\\/dog\\\/medications\\\/beaphar-spray-spot-on-for-dogs-150-ml\\\/#breadcrumb\",\"itemListElement\":[{\"@type\":\"ListItem\",\"position\":1,\"name\":\"Home\",\"item\":\"https:\\\/\\\/zoo-land.az\\\/ru\\\/\"},{\"@type\":\"ListItem\",\"position\":2,\"name\":\"Shop\",\"item\":\"https:\\\/\\\/zoo-land.az\\\/ru\\\/\"},{\"@type\":\"ListItem\",\"position\":3,\"name\":\"Beaphar Spray Spot on for Dogs 150 ml\"}]},{\"@type\":\"WebSite\",\"@id\":\"https:\\\/\\\/zoo-land.az\\\/#website\",\"url\":\"https:\\\/\\\/zoo-land.az\\\/\",\"name\":\"Zooland.az\",\"description\":\"Xo\u015fb\u0259xt ev heyvanlar\u0131n\u0131n \u00fcnvan\u0131 Zooland.az\",\"publisher\":{\"@id\":\"https:\\\/\\\/zoo-land.az\\\/#organization\"},\"potentialAction\":[{\"@type\":\"SearchAction\",\"target\":{\"@type\":\"EntryPoint\",\"urlTemplate\":\"https:\\\/\\\/zoo-land.az\\\/?s={search_term_string}\"},\"query-input\":{\"@type\":\"PropertyValueSpecification\",\"valueRequired\":true,\"valueName\":\"search_term_string\"}}],\"inLanguage\":\"ru-RU\"},{\"@type\":\"Organization\",\"@id\":\"https:\\\/\\\/zoo-land.az\\\/#organization\",\"name\":\"Zooland.az\",\"url\":\"https:\\\/\\\/zoo-land.az\\\/\",\"logo\":{\"@type\":\"ImageObject\",\"inLanguage\":\"ru-RU\",\"@id\":\"https:\\\/\\\/zoo-land.az\\\/#\\\/schema\\\/logo\\\/image\\\/\",\"url\":\"https:\\\/\\\/zoo-land.az\\\/wp-content\\\/uploads\\\/2022\\\/05\\\/logo.svg\",\"contentUrl\":\"https:\\\/\\\/zoo-land.az\\\/wp-content\\\/uploads\\\/2022\\\/05\\\/logo.svg\",\"width\":113,\"height\":46,\"caption\":\"Zooland.az\"},\"image\":{\"@id\":\"https:\\\/\\\/zoo-land.az\\\/#\\\/schema\\\/logo\\\/image\\\/\"}}]}<\/script>\n<!-- \/ Yoast SEO plugin. -->","yoast_head_json":{"title":"Beaphar Spray Spot on for Dogs 150 ml - Zooland.az","robots":{"index":"index","follow":"follow","max-snippet":"max-snippet:-1","max-image-preview":"max-image-preview:large","max-video-preview":"max-video-preview:-1"},"canonical":"https:\/\/zoo-land.az\/ru\/shop\/dog\/medications\/beaphar-spray-spot-on-for-dogs-150-ml\/","og_locale":"ru_RU","og_type":"article","og_title":"Beaphar Spray Spot on for Dogs 150 ml - Zooland.az","og_description":"Spot On Spray with natural oils for dogs and puppies is a natural insect repellent. It contains a blend of natural oils, including neem oil and lavandin oil, which are very unpleasant for insects (fleas, ticks, mosquitoes). Additionally, neem oil has beneficial effects on the skin \u2013 it has antibiotic, antifungal, and antiviral properties, improves the appearance of the coat, reduces itching from insect bites, and eliminates unpleasant animal odors. It can be used for puppies from 12 weeks of age, as well as for pregnant and lactating animals. Step 1 of the four-step Beaphar flea protection program. Ingredients: neem oil, lavandin oil.","og_url":"https:\/\/zoo-land.az\/ru\/shop\/dog\/medications\/beaphar-spray-spot-on-for-dogs-150-ml\/","og_site_name":"Zooland.az","og_image":[{"width":607,"height":2560,"url":"https:\/\/zoo-land.az\/wp-content\/uploads\/2024\/06\/97596-13fd8d3573beb98b7e73927358965e88-scaled.jpg","type":"image\/jpeg"}],"twitter_card":"summary_large_image","twitter_misc":{"\u041f\u0440\u0438\u043c\u0435\u0440\u043d\u043e\u0435 \u0432\u0440\u0435\u043c\u044f \u0434\u043b\u044f \u0447\u0442\u0435\u043d\u0438\u044f":"1 \u043c\u0438\u043d\u0443\u0442\u0430"},"schema":{"@context":"https:\/\/schema.org","@graph":[{"@type":"WebPage","@id":"https:\/\/zoo-land.az\/shop\/dog\/medications\/beaphar-spray-spot-on-for-dogs-150-ml\/","url":"https:\/\/zoo-land.az\/shop\/dog\/medications\/beaphar-spray-spot-on-for-dogs-150-ml\/","name":"Beaphar Spray Spot on for Dogs 150 ml - Zooland.az","isPartOf":{"@id":"https:\/\/zoo-land.az\/#website"},"primaryImageOfPage":{"@id":"https:\/\/zoo-land.az\/shop\/dog\/medications\/beaphar-spray-spot-on-for-dogs-150-ml\/#primaryimage"},"image":{"@id":"https:\/\/zoo-land.az\/shop\/dog\/medications\/beaphar-spray-spot-on-for-dogs-150-ml\/#primaryimage"},"thumbnailUrl":"https:\/\/zoo-land.az\/wp-content\/uploads\/2024\/06\/97596-13fd8d3573beb98b7e73927358965e88-scaled.jpg","datePublished":"2024-06-19T11:33:30+00:00","breadcrumb":{"@id":"https:\/\/zoo-land.az\/shop\/dog\/medications\/beaphar-spray-spot-on-for-dogs-150-ml\/#breadcrumb"},"inLanguage":"ru-RU","potentialAction":[{"@type":"ReadAction","target":["https:\/\/zoo-land.az\/shop\/dog\/medications\/beaphar-spray-spot-on-for-dogs-150-ml\/"]}]},{"@type":"ImageObject","inLanguage":"ru-RU","@id":"https:\/\/zoo-land.az\/shop\/dog\/medications\/beaphar-spray-spot-on-for-dogs-150-ml\/#primaryimage","url":"https:\/\/zoo-land.az\/wp-content\/uploads\/2024\/06\/97596-13fd8d3573beb98b7e73927358965e88-scaled.jpg","contentUrl":"https:\/\/zoo-land.az\/wp-content\/uploads\/2024\/06\/97596-13fd8d3573beb98b7e73927358965e88-scaled.jpg","width":607,"height":2560},{"@type":"BreadcrumbList","@id":"https:\/\/zoo-land.az\/shop\/dog\/medications\/beaphar-spray-spot-on-for-dogs-150-ml\/#breadcrumb","itemListElement":[{"@type":"ListItem","position":1,"name":"Home","item":"https:\/\/zoo-land.az\/ru\/"},{"@type":"ListItem","position":2,"name":"Shop","item":"https:\/\/zoo-land.az\/ru\/"},{"@type":"ListItem","position":3,"name":"Beaphar Spray Spot on for Dogs 150 ml"}]},{"@type":"WebSite","@id":"https:\/\/zoo-land.az\/#website","url":"https:\/\/zoo-land.az\/","name":"Zooland.az","description":"Xo\u015fb\u0259xt ev heyvanlar\u0131n\u0131n \u00fcnvan\u0131 Zooland.az","publisher":{"@id":"https:\/\/zoo-land.az\/#organization"},"potentialAction":[{"@type":"SearchAction","target":{"@type":"EntryPoint","urlTemplate":"https:\/\/zoo-land.az\/?s={search_term_string}"},"query-input":{"@type":"PropertyValueSpecification","valueRequired":true,"valueName":"search_term_string"}}],"inLanguage":"ru-RU"},{"@type":"Organization","@id":"https:\/\/zoo-land.az\/#organization","name":"Zooland.az","url":"https:\/\/zoo-land.az\/","logo":{"@type":"ImageObject","inLanguage":"ru-RU","@id":"https:\/\/zoo-land.az\/#\/schema\/logo\/image\/","url":"https:\/\/zoo-land.az\/wp-content\/uploads\/2022\/05\/logo.svg","contentUrl":"https:\/\/zoo-land.az\/wp-content\/uploads\/2022\/05\/logo.svg","width":113,"height":46,"caption":"Zooland.az"},"image":{"@id":"https:\/\/zoo-land.az\/#\/schema\/logo\/image\/"}}]}},"_links":{"self":[{"href":"https:\/\/zoo-land.az\/ru\/wp-json\/wp\/v2\/product\/24132","targetHints":{"allow":["GET"]}}],"collection":[{"href":"https:\/\/zoo-land.az\/ru\/wp-json\/wp\/v2\/product"}],"about":[{"href":"https:\/\/zoo-land.az\/ru\/wp-json\/wp\/v2\/types\/product"}],"wp:featuredmedia":[{"embeddable":true,"href":"https:\/\/zoo-land.az\/ru\/wp-json\/wp\/v2\/media\/24133"}],"wp:attachment":[{"href":"https:\/\/zoo-land.az\/ru\/wp-json\/wp\/v2\/media?parent=24132"}],"wp:term":[{"taxonomy":"product_cat","embeddable":true,"href":"https:\/\/zoo-land.az\/ru\/wp-json\/wp\/v2\/product_cat?post=24132"},{"taxonomy":"product_tag","embeddable":true,"href":"https:\/\/zoo-land.az\/ru\/wp-json\/wp\/v2\/product_tag?post=24132"}],"curies":[{"name":"wp","href":"https:\/\/api.w.org\/{rel}","templated":true}]}}