{"id":24136,"date":"2024-06-19T12:05:54","date_gmt":"2024-06-19T12:05:54","guid":{"rendered":"https:\/\/lightsteelblue-zebra-299715.hostingersite.com\/?post_type=product&#038;p=24136"},"modified":"2024-06-19T12:05:54","modified_gmt":"2024-06-19T12:05:54","slug":"beaphar-dental-sticks-7-112-g","status":"publish","type":"product","link":"https:\/\/zoo-land.az\/ru\/shop\/dog\/treats\/beaphar-dental-sticks-7-112-g\/","title":{"rendered":"Beaphar Dental sticks 7 112 g"},"content":{"rendered":"<div id=\"importantInformation_feature_div\" class=\"celwidget\" data-feature-name=\"importantInformation_EU5\" data-csa-c-type=\"widget\" data-csa-c-content-id=\"importantInformation_EU5\" data-csa-c-slot-id=\"importantInformation_feature_div\" data-csa-c-asin=\"\" data-csa-c-is-in-initial-active-row=\"false\" data-cel-widget=\"importantInformation_feature_div\" data-csa-c-id=\"27xamm-231wwx-w64z60-p7xfhg\">\n<div id=\"important-information\" class=\"a-section a-spacing-extra-large bucket\">\n<div class=\"a-section content\">\n<h4>\u0418\u043d\u0433\u0440\u0435\u0434\u0438\u0435\u043d\u0442\u044b:<\/h4>\n<p>Composition: vegetable by-products, cereals, minerals (sodium hexametaphosphate 4%), algae (brown algae 2.55%, spirulina 1.47%), yeasts, oils and fats. Additives\/kg: Nutritional additives: E6 Zn (Zinc) 2000 mg. Sensory additives: green tea extract 600 mg. Natural dyes. Preservative.<\/p>\n<\/div>\n<div class=\"a-section content\">\n<h4>Directions:<\/h4>\n<p>Feeding recommendation: suitable for dogs over 4 months. Only suitable for small dogs under 10 kg. Feed one stick a day, as a supplement to food or as a reward. Always provide fresh drinking water. The dog should be supervised for the time during feeding. Please consider the amount of fed in the daily ration to ensure that your dog is eating a balanced diet.<\/p>\n<p>&nbsp;<\/p>\n<\/div>\n<\/div>\n<\/div>\n<div id=\"similarities_feature_div\" class=\"celwidget\" data-feature-name=\"similarities\" data-csa-c-type=\"widget\" data-csa-c-content-id=\"similarities\" data-csa-c-slot-id=\"similarities_feature_div\" data-csa-c-asin=\"\" data-csa-c-is-in-initial-active-row=\"false\" data-cel-widget=\"similarities_feature_div\" data-csa-c-id=\"ep7fp9-fjamr7-t1b8ko-mjyom5\">\n<div class=\"celwidget\" data-cel-widget=\"sims-consolidated-6_csm_instrumentation_wrapper\" data-csa-c-id=\"7l3anw-lqig3s-wb97lq-bt0h5s\">\n<div id=\"DPSims_sims-container_desktop-dp-sims_2_container\">\n<div class=\"widget-html-container\">\n<div class=\"celwidget pd_rd_w-eQyXo content-id-amzn1.sym.d9f88fbb-7ec7-4155-9602-43fd71456ba4 pf_rd_p-d9f88fbb-7ec7-4155-9602-43fd71456ba4 pf_rd_r-CAVYW9EWHK7KAF7Y579S pd_rd_wg-N6CYp pd_rd_r-06cca451-88fd-41fd-8dfa-9a18b55e22c0\" data-csa-op-log-render=\"\" data-csa-c-content-id=\"amzn1.sym.d9f88fbb-7ec7-4155-9602-43fd71456ba4\" data-csa-c-slot-id=\"sims-container-3\" data-csa-c-type=\"widget\" data-csa-c-painter=\"FirebirdPainter\" data-csa-c-id=\"qdauv6-fw2qbk-t7v8wz-gu044b\" data-cel-widget=\"desktop-dp-sims_SponsoredProductsSimsDpDesktopThematic\">\n<div data-csa-c-type=\"widget\" data-csa-c-slot-id=\"sp_detail_thematic\" data-csa-c-id=\"h42shv-53wzbb-y3gtav-gkr9ll\"><\/div>\n<\/div>\n<\/div>\n<\/div>\n<\/div>\n<\/div>","protected":false},"excerpt":{"rendered":"<div class=\"apm-lefttwothirdswrap apm-floatleft\">\n<div class=\"apm-centerthirdcol\">\n<p class=\"a-spacing-base\">Delicious dental care stick to daily support the dental hygiene of your four-legged friend. The stick with natural seaweed will not only taste special for your dog, but also cleans its bit thanks to the special flower shape and the seaweed included. The stick is without added sugar and gives your four-legged friend a fresh breath.<\/p>\n<\/div>\n<\/div>","protected":false},"featured_media":24137,"template":"","meta":{"inline_featured_image":false,"_joinchat":[]},"product_cat":[107,388,340],"product_tag":[],"class_list":{"0":"post-24136","1":"product","2":"type-product","3":"status-publish","4":"has-post-thumbnail","6":"product_brand-beaphar","7":"product_cat-dog","8":"product_cat-medications","9":"product_cat-treats","11":"first","12":"instock","13":"shipping-taxable","14":"purchasable","15":"product-type-simple"},"yoast_head":"<!-- This site is optimized with the Yoast SEO plugin v27.4 - https:\/\/yoast.com\/product\/yoast-seo-wordpress\/ -->\n<title>Beaphar Dental sticks 7 112 g - Zooland.az<\/title>\n<meta name=\"robots\" content=\"index, follow, max-snippet:-1, max-image-preview:large, max-video-preview:-1\" \/>\n<link rel=\"canonical\" href=\"https:\/\/zoo-land.az\/ru\/shop\/dog\/treats\/beaphar-dental-sticks-7-112-g\/\" \/>\n<meta property=\"og:locale\" content=\"ru_RU\" \/>\n<meta property=\"og:type\" content=\"article\" \/>\n<meta property=\"og:title\" content=\"Beaphar Dental sticks 7 112 g - Zooland.az\" \/>\n<meta property=\"og:description\" content=\"Delicious dental care stick to daily support the dental hygiene of your four-legged friend. The stick with natural seaweed will not only taste special for your dog, but also cleans its bit thanks to the special flower shape and the seaweed included. The stick is without added sugar and gives your four-legged friend a fresh breath.\" \/>\n<meta property=\"og:url\" content=\"https:\/\/zoo-land.az\/ru\/shop\/dog\/treats\/beaphar-dental-sticks-7-112-g\/\" \/>\n<meta property=\"og:site_name\" content=\"Zooland.az\" \/>\n<meta property=\"og:image\" content=\"https:\/\/zoo-land.az\/wp-content\/uploads\/2024\/06\/71BfVJCGQDL._AC_UF10001000_QL80_DpWeblab_.jpg\" \/>\n\t<meta property=\"og:image:width\" content=\"580\" \/>\n\t<meta property=\"og:image:height\" content=\"1000\" \/>\n\t<meta property=\"og:image:type\" content=\"image\/jpeg\" \/>\n<meta name=\"twitter:card\" content=\"summary_large_image\" \/>\n<meta name=\"twitter:label1\" content=\"\u041f\u0440\u0438\u043c\u0435\u0440\u043d\u043e\u0435 \u0432\u0440\u0435\u043c\u044f \u0434\u043b\u044f \u0447\u0442\u0435\u043d\u0438\u044f\" \/>\n\t<meta name=\"twitter:data1\" content=\"1 \u043c\u0438\u043d\u0443\u0442\u0430\" \/>\n<script type=\"application\/ld+json\" class=\"yoast-schema-graph\">{\"@context\":\"https:\\\/\\\/schema.org\",\"@graph\":[{\"@type\":\"WebPage\",\"@id\":\"https:\\\/\\\/zoo-land.az\\\/shop\\\/dog\\\/treats\\\/beaphar-dental-sticks-7-112-g\\\/\",\"url\":\"https:\\\/\\\/zoo-land.az\\\/shop\\\/dog\\\/treats\\\/beaphar-dental-sticks-7-112-g\\\/\",\"name\":\"Beaphar Dental sticks 7 112 g - Zooland.az\",\"isPartOf\":{\"@id\":\"https:\\\/\\\/zoo-land.az\\\/#website\"},\"primaryImageOfPage\":{\"@id\":\"https:\\\/\\\/zoo-land.az\\\/shop\\\/dog\\\/treats\\\/beaphar-dental-sticks-7-112-g\\\/#primaryimage\"},\"image\":{\"@id\":\"https:\\\/\\\/zoo-land.az\\\/shop\\\/dog\\\/treats\\\/beaphar-dental-sticks-7-112-g\\\/#primaryimage\"},\"thumbnailUrl\":\"https:\\\/\\\/zoo-land.az\\\/wp-content\\\/uploads\\\/2024\\\/06\\\/71BfVJCGQDL._AC_UF10001000_QL80_DpWeblab_.jpg\",\"datePublished\":\"2024-06-19T12:05:54+00:00\",\"breadcrumb\":{\"@id\":\"https:\\\/\\\/zoo-land.az\\\/shop\\\/dog\\\/treats\\\/beaphar-dental-sticks-7-112-g\\\/#breadcrumb\"},\"inLanguage\":\"ru-RU\",\"potentialAction\":[{\"@type\":\"ReadAction\",\"target\":[\"https:\\\/\\\/zoo-land.az\\\/shop\\\/dog\\\/treats\\\/beaphar-dental-sticks-7-112-g\\\/\"]}]},{\"@type\":\"ImageObject\",\"inLanguage\":\"ru-RU\",\"@id\":\"https:\\\/\\\/zoo-land.az\\\/shop\\\/dog\\\/treats\\\/beaphar-dental-sticks-7-112-g\\\/#primaryimage\",\"url\":\"https:\\\/\\\/zoo-land.az\\\/wp-content\\\/uploads\\\/2024\\\/06\\\/71BfVJCGQDL._AC_UF10001000_QL80_DpWeblab_.jpg\",\"contentUrl\":\"https:\\\/\\\/zoo-land.az\\\/wp-content\\\/uploads\\\/2024\\\/06\\\/71BfVJCGQDL._AC_UF10001000_QL80_DpWeblab_.jpg\",\"width\":580,\"height\":1000},{\"@type\":\"BreadcrumbList\",\"@id\":\"https:\\\/\\\/zoo-land.az\\\/shop\\\/dog\\\/treats\\\/beaphar-dental-sticks-7-112-g\\\/#breadcrumb\",\"itemListElement\":[{\"@type\":\"ListItem\",\"position\":1,\"name\":\"Home\",\"item\":\"https:\\\/\\\/zoo-land.az\\\/ru\\\/\"},{\"@type\":\"ListItem\",\"position\":2,\"name\":\"Shop\",\"item\":\"https:\\\/\\\/zoo-land.az\\\/ru\\\/\"},{\"@type\":\"ListItem\",\"position\":3,\"name\":\"Beaphar Dental sticks 7 112 g\"}]},{\"@type\":\"WebSite\",\"@id\":\"https:\\\/\\\/zoo-land.az\\\/#website\",\"url\":\"https:\\\/\\\/zoo-land.az\\\/\",\"name\":\"Zooland.az\",\"description\":\"Xo\u015fb\u0259xt ev heyvanlar\u0131n\u0131n \u00fcnvan\u0131 Zooland.az\",\"publisher\":{\"@id\":\"https:\\\/\\\/zoo-land.az\\\/#organization\"},\"potentialAction\":[{\"@type\":\"SearchAction\",\"target\":{\"@type\":\"EntryPoint\",\"urlTemplate\":\"https:\\\/\\\/zoo-land.az\\\/?s={search_term_string}\"},\"query-input\":{\"@type\":\"PropertyValueSpecification\",\"valueRequired\":true,\"valueName\":\"search_term_string\"}}],\"inLanguage\":\"ru-RU\"},{\"@type\":\"Organization\",\"@id\":\"https:\\\/\\\/zoo-land.az\\\/#organization\",\"name\":\"Zooland.az\",\"url\":\"https:\\\/\\\/zoo-land.az\\\/\",\"logo\":{\"@type\":\"ImageObject\",\"inLanguage\":\"ru-RU\",\"@id\":\"https:\\\/\\\/zoo-land.az\\\/#\\\/schema\\\/logo\\\/image\\\/\",\"url\":\"https:\\\/\\\/zoo-land.az\\\/wp-content\\\/uploads\\\/2022\\\/05\\\/logo.svg\",\"contentUrl\":\"https:\\\/\\\/zoo-land.az\\\/wp-content\\\/uploads\\\/2022\\\/05\\\/logo.svg\",\"width\":113,\"height\":46,\"caption\":\"Zooland.az\"},\"image\":{\"@id\":\"https:\\\/\\\/zoo-land.az\\\/#\\\/schema\\\/logo\\\/image\\\/\"}}]}<\/script>\n<!-- \/ Yoast SEO plugin. -->","yoast_head_json":{"title":"Beaphar Dental sticks 7 112 g - Zooland.az","robots":{"index":"index","follow":"follow","max-snippet":"max-snippet:-1","max-image-preview":"max-image-preview:large","max-video-preview":"max-video-preview:-1"},"canonical":"https:\/\/zoo-land.az\/ru\/shop\/dog\/treats\/beaphar-dental-sticks-7-112-g\/","og_locale":"ru_RU","og_type":"article","og_title":"Beaphar Dental sticks 7 112 g - Zooland.az","og_description":"Delicious dental care stick to daily support the dental hygiene of your four-legged friend. The stick with natural seaweed will not only taste special for your dog, but also cleans its bit thanks to the special flower shape and the seaweed included. The stick is without added sugar and gives your four-legged friend a fresh breath.","og_url":"https:\/\/zoo-land.az\/ru\/shop\/dog\/treats\/beaphar-dental-sticks-7-112-g\/","og_site_name":"Zooland.az","og_image":[{"width":580,"height":1000,"url":"https:\/\/zoo-land.az\/wp-content\/uploads\/2024\/06\/71BfVJCGQDL._AC_UF10001000_QL80_DpWeblab_.jpg","type":"image\/jpeg"}],"twitter_card":"summary_large_image","twitter_misc":{"\u041f\u0440\u0438\u043c\u0435\u0440\u043d\u043e\u0435 \u0432\u0440\u0435\u043c\u044f \u0434\u043b\u044f \u0447\u0442\u0435\u043d\u0438\u044f":"1 \u043c\u0438\u043d\u0443\u0442\u0430"},"schema":{"@context":"https:\/\/schema.org","@graph":[{"@type":"WebPage","@id":"https:\/\/zoo-land.az\/shop\/dog\/treats\/beaphar-dental-sticks-7-112-g\/","url":"https:\/\/zoo-land.az\/shop\/dog\/treats\/beaphar-dental-sticks-7-112-g\/","name":"Beaphar Dental sticks 7 112 g - Zooland.az","isPartOf":{"@id":"https:\/\/zoo-land.az\/#website"},"primaryImageOfPage":{"@id":"https:\/\/zoo-land.az\/shop\/dog\/treats\/beaphar-dental-sticks-7-112-g\/#primaryimage"},"image":{"@id":"https:\/\/zoo-land.az\/shop\/dog\/treats\/beaphar-dental-sticks-7-112-g\/#primaryimage"},"thumbnailUrl":"https:\/\/zoo-land.az\/wp-content\/uploads\/2024\/06\/71BfVJCGQDL._AC_UF10001000_QL80_DpWeblab_.jpg","datePublished":"2024-06-19T12:05:54+00:00","breadcrumb":{"@id":"https:\/\/zoo-land.az\/shop\/dog\/treats\/beaphar-dental-sticks-7-112-g\/#breadcrumb"},"inLanguage":"ru-RU","potentialAction":[{"@type":"ReadAction","target":["https:\/\/zoo-land.az\/shop\/dog\/treats\/beaphar-dental-sticks-7-112-g\/"]}]},{"@type":"ImageObject","inLanguage":"ru-RU","@id":"https:\/\/zoo-land.az\/shop\/dog\/treats\/beaphar-dental-sticks-7-112-g\/#primaryimage","url":"https:\/\/zoo-land.az\/wp-content\/uploads\/2024\/06\/71BfVJCGQDL._AC_UF10001000_QL80_DpWeblab_.jpg","contentUrl":"https:\/\/zoo-land.az\/wp-content\/uploads\/2024\/06\/71BfVJCGQDL._AC_UF10001000_QL80_DpWeblab_.jpg","width":580,"height":1000},{"@type":"BreadcrumbList","@id":"https:\/\/zoo-land.az\/shop\/dog\/treats\/beaphar-dental-sticks-7-112-g\/#breadcrumb","itemListElement":[{"@type":"ListItem","position":1,"name":"Home","item":"https:\/\/zoo-land.az\/ru\/"},{"@type":"ListItem","position":2,"name":"Shop","item":"https:\/\/zoo-land.az\/ru\/"},{"@type":"ListItem","position":3,"name":"Beaphar Dental sticks 7 112 g"}]},{"@type":"WebSite","@id":"https:\/\/zoo-land.az\/#website","url":"https:\/\/zoo-land.az\/","name":"Zooland.az","description":"Xo\u015fb\u0259xt ev heyvanlar\u0131n\u0131n \u00fcnvan\u0131 Zooland.az","publisher":{"@id":"https:\/\/zoo-land.az\/#organization"},"potentialAction":[{"@type":"SearchAction","target":{"@type":"EntryPoint","urlTemplate":"https:\/\/zoo-land.az\/?s={search_term_string}"},"query-input":{"@type":"PropertyValueSpecification","valueRequired":true,"valueName":"search_term_string"}}],"inLanguage":"ru-RU"},{"@type":"Organization","@id":"https:\/\/zoo-land.az\/#organization","name":"Zooland.az","url":"https:\/\/zoo-land.az\/","logo":{"@type":"ImageObject","inLanguage":"ru-RU","@id":"https:\/\/zoo-land.az\/#\/schema\/logo\/image\/","url":"https:\/\/zoo-land.az\/wp-content\/uploads\/2022\/05\/logo.svg","contentUrl":"https:\/\/zoo-land.az\/wp-content\/uploads\/2022\/05\/logo.svg","width":113,"height":46,"caption":"Zooland.az"},"image":{"@id":"https:\/\/zoo-land.az\/#\/schema\/logo\/image\/"}}]}},"_links":{"self":[{"href":"https:\/\/zoo-land.az\/ru\/wp-json\/wp\/v2\/product\/24136","targetHints":{"allow":["GET"]}}],"collection":[{"href":"https:\/\/zoo-land.az\/ru\/wp-json\/wp\/v2\/product"}],"about":[{"href":"https:\/\/zoo-land.az\/ru\/wp-json\/wp\/v2\/types\/product"}],"wp:featuredmedia":[{"embeddable":true,"href":"https:\/\/zoo-land.az\/ru\/wp-json\/wp\/v2\/media\/24137"}],"wp:attachment":[{"href":"https:\/\/zoo-land.az\/ru\/wp-json\/wp\/v2\/media?parent=24136"}],"wp:term":[{"taxonomy":"product_cat","embeddable":true,"href":"https:\/\/zoo-land.az\/ru\/wp-json\/wp\/v2\/product_cat?post=24136"},{"taxonomy":"product_tag","embeddable":true,"href":"https:\/\/zoo-land.az\/ru\/wp-json\/wp\/v2\/product_tag?post=24136"}],"curies":[{"name":"wp","href":"https:\/\/api.w.org\/{rel}","templated":true}]}}