{"id":24144,"date":"2024-06-19T12:18:22","date_gmt":"2024-06-19T12:18:22","guid":{"rendered":"https:\/\/lightsteelblue-zebra-299715.hostingersite.com\/?post_type=product&#038;p=24144"},"modified":"2024-06-19T12:20:02","modified_gmt":"2024-06-19T12:20:02","slug":"beaphar-duo-active-paste-for-dogs-100-g","status":"publish","type":"product","link":"https:\/\/zoo-land.az\/ru\/shop\/dog\/dog-food-adds\/beaphar-duo-active-paste-for-dogs-100-g\/","title":{"rendered":"Beaphar Duo Active Paste for dogs 100 g"},"content":{"rendered":"<p><span style=\"font-size: large;\">Supplementary dog \u200b\u200bfood in the form of a two-colored paste.<\/span><\/p>\n<p><span style=\"font-size: large;\">It supplies the organism with the necessary vitamins and promotes healthy intestinal microflora.\u00a0It is recommended to use it separately in the period following worming, disease or antibiotics, in the case of intestinal complaints, vomiting or diarrhea.\u00a0Two pastes are contained in one tube: Multivitamin paste (yellow) contains vitamins and minerals important for dog health.\u00a0Omega-6 fatty acids provide healthy skin and beautiful hair, increasing resistance to disease.\u00a0L-carnitine strengthens the muscles.\u00a0Conditioner paste (brown) contains BIO MOS (Mannan Oligosaccharide) &#8211; promotes healthy intestinal microflora.<\/span><\/p>\n<p><span style=\"font-size: large;\">Product Composition:<\/span><\/p>\n<p><span style=\"font-size: large;\">Fats and oils, milk and milk derivatives, derivatives of plant origin (malt extract 3.7%, MOS 4650mg \/ kg), yeast.\u00a0Gross fats 52.2%, Coarse protein 16%, Coarse ash 4.3%, Humidity 2.2%, Potassium 0.7%, Calcium 0.6%, Phosphorus 0.5%, Sodium 0.4%, Omega -6 fatty acids 262 g \/ kg.\u00a0Vit.B1, B2, B6, B12, E, pantothenic acid, nicotinamide, folic acid, biotin, L-carnitine chloride<\/span><\/p>\n<p><span style=\"font-size: large;\">Recommended dosage:<\/span><\/p>\n<p><span style=\"font-size: large;\">3cm pastes for 5kg body weights.\u00a0Double dosing in serious cases.\u00a0<\/span><\/p>\n<p><span style=\"font-size: large;\">Instructions for use:<\/span><\/p>\n<p><span style=\"font-size: large;\">Mix with feed or feed directly from the tube.<\/span><\/p>","protected":false},"excerpt":{"rendered":"<p><span style=\"font-size: large;\">Supplementary dog \u200b\u200bfood in the form of a two-colored paste.<\/span><\/p>","protected":false},"featured_media":24145,"template":"","meta":{"inline_featured_image":false,"_joinchat":[]},"product_cat":[155,107],"product_tag":[],"class_list":{"0":"post-24144","1":"product","2":"type-product","3":"status-publish","4":"has-post-thumbnail","6":"product_brand-beaphar","7":"product_cat-dog-food-adds","8":"product_cat-dog","10":"first","11":"instock","12":"shipping-taxable","13":"purchasable","14":"product-type-simple"},"yoast_head":"<!-- This site is optimized with the Yoast SEO plugin v27.4 - https:\/\/yoast.com\/product\/yoast-seo-wordpress\/ -->\n<title>Beaphar Duo Active Paste for dogs 100 g - Zooland.az<\/title>\n<meta name=\"robots\" content=\"index, follow, max-snippet:-1, max-image-preview:large, max-video-preview:-1\" \/>\n<link rel=\"canonical\" href=\"https:\/\/zoo-land.az\/ru\/shop\/dog\/dog-food-adds\/beaphar-duo-active-paste-for-dogs-100-g\/\" \/>\n<meta property=\"og:locale\" content=\"ru_RU\" \/>\n<meta property=\"og:type\" content=\"article\" \/>\n<meta property=\"og:title\" content=\"Beaphar Duo Active Paste for dogs 100 g - Zooland.az\" \/>\n<meta property=\"og:description\" content=\"Supplementary dog \u200b\u200bfood in the form of a two-colored paste.\" \/>\n<meta property=\"og:url\" content=\"https:\/\/zoo-land.az\/ru\/shop\/dog\/dog-food-adds\/beaphar-duo-active-paste-for-dogs-100-g\/\" \/>\n<meta property=\"og:site_name\" content=\"Zooland.az\" \/>\n<meta property=\"article:modified_time\" content=\"2024-06-19T12:20:02+00:00\" \/>\n<meta property=\"og:image\" content=\"https:\/\/zoo-land.az\/wp-content\/uploads\/2024\/06\/s-l1200.webp\" \/>\n\t<meta property=\"og:image:width\" content=\"448\" \/>\n\t<meta property=\"og:image:height\" content=\"1200\" \/>\n\t<meta property=\"og:image:type\" content=\"image\/webp\" \/>\n<meta name=\"twitter:card\" content=\"summary_large_image\" \/>\n<meta name=\"twitter:label1\" content=\"\u041f\u0440\u0438\u043c\u0435\u0440\u043d\u043e\u0435 \u0432\u0440\u0435\u043c\u044f \u0434\u043b\u044f \u0447\u0442\u0435\u043d\u0438\u044f\" \/>\n\t<meta name=\"twitter:data1\" content=\"1 \u043c\u0438\u043d\u0443\u0442\u0430\" \/>\n<script type=\"application\/ld+json\" class=\"yoast-schema-graph\">{\"@context\":\"https:\\\/\\\/schema.org\",\"@graph\":[{\"@type\":\"WebPage\",\"@id\":\"https:\\\/\\\/zoo-land.az\\\/az\\\/shop\\\/dog\\\/dog-food-adds\\\/beaphar-duo-active-paste-for-dogs-100-g\\\/\",\"url\":\"https:\\\/\\\/zoo-land.az\\\/az\\\/shop\\\/dog\\\/dog-food-adds\\\/beaphar-duo-active-paste-for-dogs-100-g\\\/\",\"name\":\"Beaphar Duo Active Paste for dogs 100 g - Zooland.az\",\"isPartOf\":{\"@id\":\"https:\\\/\\\/zoo-land.az\\\/#website\"},\"primaryImageOfPage\":{\"@id\":\"https:\\\/\\\/zoo-land.az\\\/az\\\/shop\\\/dog\\\/dog-food-adds\\\/beaphar-duo-active-paste-for-dogs-100-g\\\/#primaryimage\"},\"image\":{\"@id\":\"https:\\\/\\\/zoo-land.az\\\/az\\\/shop\\\/dog\\\/dog-food-adds\\\/beaphar-duo-active-paste-for-dogs-100-g\\\/#primaryimage\"},\"thumbnailUrl\":\"https:\\\/\\\/zoo-land.az\\\/wp-content\\\/uploads\\\/2024\\\/06\\\/s-l1200.webp\",\"datePublished\":\"2024-06-19T12:18:22+00:00\",\"dateModified\":\"2024-06-19T12:20:02+00:00\",\"breadcrumb\":{\"@id\":\"https:\\\/\\\/zoo-land.az\\\/az\\\/shop\\\/dog\\\/dog-food-adds\\\/beaphar-duo-active-paste-for-dogs-100-g\\\/#breadcrumb\"},\"inLanguage\":\"ru-RU\",\"potentialAction\":[{\"@type\":\"ReadAction\",\"target\":[\"https:\\\/\\\/zoo-land.az\\\/az\\\/shop\\\/dog\\\/dog-food-adds\\\/beaphar-duo-active-paste-for-dogs-100-g\\\/\"]}]},{\"@type\":\"ImageObject\",\"inLanguage\":\"ru-RU\",\"@id\":\"https:\\\/\\\/zoo-land.az\\\/az\\\/shop\\\/dog\\\/dog-food-adds\\\/beaphar-duo-active-paste-for-dogs-100-g\\\/#primaryimage\",\"url\":\"https:\\\/\\\/zoo-land.az\\\/wp-content\\\/uploads\\\/2024\\\/06\\\/s-l1200.webp\",\"contentUrl\":\"https:\\\/\\\/zoo-land.az\\\/wp-content\\\/uploads\\\/2024\\\/06\\\/s-l1200.webp\",\"width\":448,\"height\":1200},{\"@type\":\"BreadcrumbList\",\"@id\":\"https:\\\/\\\/zoo-land.az\\\/az\\\/shop\\\/dog\\\/dog-food-adds\\\/beaphar-duo-active-paste-for-dogs-100-g\\\/#breadcrumb\",\"itemListElement\":[{\"@type\":\"ListItem\",\"position\":1,\"name\":\"Home\",\"item\":\"https:\\\/\\\/zoo-land.az\\\/ru\\\/\"},{\"@type\":\"ListItem\",\"position\":2,\"name\":\"Shop\",\"item\":\"https:\\\/\\\/zoo-land.az\\\/ru\\\/\"},{\"@type\":\"ListItem\",\"position\":3,\"name\":\"Beaphar Duo Active Paste for dogs 100 g\"}]},{\"@type\":\"WebSite\",\"@id\":\"https:\\\/\\\/zoo-land.az\\\/#website\",\"url\":\"https:\\\/\\\/zoo-land.az\\\/\",\"name\":\"Zooland.az\",\"description\":\"Xo\u015fb\u0259xt ev heyvanlar\u0131n\u0131n \u00fcnvan\u0131 Zooland.az\",\"publisher\":{\"@id\":\"https:\\\/\\\/zoo-land.az\\\/#organization\"},\"potentialAction\":[{\"@type\":\"SearchAction\",\"target\":{\"@type\":\"EntryPoint\",\"urlTemplate\":\"https:\\\/\\\/zoo-land.az\\\/?s={search_term_string}\"},\"query-input\":{\"@type\":\"PropertyValueSpecification\",\"valueRequired\":true,\"valueName\":\"search_term_string\"}}],\"inLanguage\":\"ru-RU\"},{\"@type\":\"Organization\",\"@id\":\"https:\\\/\\\/zoo-land.az\\\/#organization\",\"name\":\"Zooland.az\",\"url\":\"https:\\\/\\\/zoo-land.az\\\/\",\"logo\":{\"@type\":\"ImageObject\",\"inLanguage\":\"ru-RU\",\"@id\":\"https:\\\/\\\/zoo-land.az\\\/#\\\/schema\\\/logo\\\/image\\\/\",\"url\":\"https:\\\/\\\/zoo-land.az\\\/wp-content\\\/uploads\\\/2022\\\/05\\\/logo.svg\",\"contentUrl\":\"https:\\\/\\\/zoo-land.az\\\/wp-content\\\/uploads\\\/2022\\\/05\\\/logo.svg\",\"width\":113,\"height\":46,\"caption\":\"Zooland.az\"},\"image\":{\"@id\":\"https:\\\/\\\/zoo-land.az\\\/#\\\/schema\\\/logo\\\/image\\\/\"}}]}<\/script>\n<!-- \/ Yoast SEO plugin. -->","yoast_head_json":{"title":"Beaphar Duo Active Paste for dogs 100 g - Zooland.az","robots":{"index":"index","follow":"follow","max-snippet":"max-snippet:-1","max-image-preview":"max-image-preview:large","max-video-preview":"max-video-preview:-1"},"canonical":"https:\/\/zoo-land.az\/ru\/shop\/dog\/dog-food-adds\/beaphar-duo-active-paste-for-dogs-100-g\/","og_locale":"ru_RU","og_type":"article","og_title":"Beaphar Duo Active Paste for dogs 100 g - Zooland.az","og_description":"Supplementary dog \u200b\u200bfood in the form of a two-colored paste.","og_url":"https:\/\/zoo-land.az\/ru\/shop\/dog\/dog-food-adds\/beaphar-duo-active-paste-for-dogs-100-g\/","og_site_name":"Zooland.az","article_modified_time":"2024-06-19T12:20:02+00:00","og_image":[{"width":448,"height":1200,"url":"https:\/\/zoo-land.az\/wp-content\/uploads\/2024\/06\/s-l1200.webp","type":"image\/webp"}],"twitter_card":"summary_large_image","twitter_misc":{"\u041f\u0440\u0438\u043c\u0435\u0440\u043d\u043e\u0435 \u0432\u0440\u0435\u043c\u044f \u0434\u043b\u044f \u0447\u0442\u0435\u043d\u0438\u044f":"1 \u043c\u0438\u043d\u0443\u0442\u0430"},"schema":{"@context":"https:\/\/schema.org","@graph":[{"@type":"WebPage","@id":"https:\/\/zoo-land.az\/az\/shop\/dog\/dog-food-adds\/beaphar-duo-active-paste-for-dogs-100-g\/","url":"https:\/\/zoo-land.az\/az\/shop\/dog\/dog-food-adds\/beaphar-duo-active-paste-for-dogs-100-g\/","name":"Beaphar Duo Active Paste for dogs 100 g - Zooland.az","isPartOf":{"@id":"https:\/\/zoo-land.az\/#website"},"primaryImageOfPage":{"@id":"https:\/\/zoo-land.az\/az\/shop\/dog\/dog-food-adds\/beaphar-duo-active-paste-for-dogs-100-g\/#primaryimage"},"image":{"@id":"https:\/\/zoo-land.az\/az\/shop\/dog\/dog-food-adds\/beaphar-duo-active-paste-for-dogs-100-g\/#primaryimage"},"thumbnailUrl":"https:\/\/zoo-land.az\/wp-content\/uploads\/2024\/06\/s-l1200.webp","datePublished":"2024-06-19T12:18:22+00:00","dateModified":"2024-06-19T12:20:02+00:00","breadcrumb":{"@id":"https:\/\/zoo-land.az\/az\/shop\/dog\/dog-food-adds\/beaphar-duo-active-paste-for-dogs-100-g\/#breadcrumb"},"inLanguage":"ru-RU","potentialAction":[{"@type":"ReadAction","target":["https:\/\/zoo-land.az\/az\/shop\/dog\/dog-food-adds\/beaphar-duo-active-paste-for-dogs-100-g\/"]}]},{"@type":"ImageObject","inLanguage":"ru-RU","@id":"https:\/\/zoo-land.az\/az\/shop\/dog\/dog-food-adds\/beaphar-duo-active-paste-for-dogs-100-g\/#primaryimage","url":"https:\/\/zoo-land.az\/wp-content\/uploads\/2024\/06\/s-l1200.webp","contentUrl":"https:\/\/zoo-land.az\/wp-content\/uploads\/2024\/06\/s-l1200.webp","width":448,"height":1200},{"@type":"BreadcrumbList","@id":"https:\/\/zoo-land.az\/az\/shop\/dog\/dog-food-adds\/beaphar-duo-active-paste-for-dogs-100-g\/#breadcrumb","itemListElement":[{"@type":"ListItem","position":1,"name":"Home","item":"https:\/\/zoo-land.az\/ru\/"},{"@type":"ListItem","position":2,"name":"Shop","item":"https:\/\/zoo-land.az\/ru\/"},{"@type":"ListItem","position":3,"name":"Beaphar Duo Active Paste for dogs 100 g"}]},{"@type":"WebSite","@id":"https:\/\/zoo-land.az\/#website","url":"https:\/\/zoo-land.az\/","name":"Zooland.az","description":"Xo\u015fb\u0259xt ev heyvanlar\u0131n\u0131n \u00fcnvan\u0131 Zooland.az","publisher":{"@id":"https:\/\/zoo-land.az\/#organization"},"potentialAction":[{"@type":"SearchAction","target":{"@type":"EntryPoint","urlTemplate":"https:\/\/zoo-land.az\/?s={search_term_string}"},"query-input":{"@type":"PropertyValueSpecification","valueRequired":true,"valueName":"search_term_string"}}],"inLanguage":"ru-RU"},{"@type":"Organization","@id":"https:\/\/zoo-land.az\/#organization","name":"Zooland.az","url":"https:\/\/zoo-land.az\/","logo":{"@type":"ImageObject","inLanguage":"ru-RU","@id":"https:\/\/zoo-land.az\/#\/schema\/logo\/image\/","url":"https:\/\/zoo-land.az\/wp-content\/uploads\/2022\/05\/logo.svg","contentUrl":"https:\/\/zoo-land.az\/wp-content\/uploads\/2022\/05\/logo.svg","width":113,"height":46,"caption":"Zooland.az"},"image":{"@id":"https:\/\/zoo-land.az\/#\/schema\/logo\/image\/"}}]}},"_links":{"self":[{"href":"https:\/\/zoo-land.az\/ru\/wp-json\/wp\/v2\/product\/24144","targetHints":{"allow":["GET"]}}],"collection":[{"href":"https:\/\/zoo-land.az\/ru\/wp-json\/wp\/v2\/product"}],"about":[{"href":"https:\/\/zoo-land.az\/ru\/wp-json\/wp\/v2\/types\/product"}],"wp:featuredmedia":[{"embeddable":true,"href":"https:\/\/zoo-land.az\/ru\/wp-json\/wp\/v2\/media\/24145"}],"wp:attachment":[{"href":"https:\/\/zoo-land.az\/ru\/wp-json\/wp\/v2\/media?parent=24144"}],"wp:term":[{"taxonomy":"product_cat","embeddable":true,"href":"https:\/\/zoo-land.az\/ru\/wp-json\/wp\/v2\/product_cat?post=24144"},{"taxonomy":"product_tag","embeddable":true,"href":"https:\/\/zoo-land.az\/ru\/wp-json\/wp\/v2\/product_tag?post=24144"}],"curies":[{"name":"wp","href":"https:\/\/api.w.org\/{rel}","templated":true}]}}