{"id":24156,"date":"2024-06-19T12:37:20","date_gmt":"2024-06-19T12:37:20","guid":{"rendered":"https:\/\/lightsteelblue-zebra-299715.hostingersite.com\/?post_type=product&#038;p=24156"},"modified":"2024-06-19T12:37:20","modified_gmt":"2024-06-19T12:37:20","slug":"beaphar-vit-doggys-mix-180-tab","status":"publish","type":"product","link":"https:\/\/zoo-land.az\/ru\/shop\/dog\/vitamins-dog\/beaphar-vit-doggys-mix-180-tab\/","title":{"rendered":"Beaphar Vit Doggys MIX 180 tab"},"content":{"rendered":"<p><strong>Doggy&#8217;s Mix Treats with Liver, Biotin, and Taurine<\/strong><\/p>\n<p>This supplementary food is designed for adult dogs. Doggy&#8217;s Mix comprises treats with biotin, taurine, and liver. Biotin is beneficial for healthy skin and coat, taurine is essential for good vision and supports heart and brain function. Protein strengthens the entire dog&#8217;s body, while the addition of liver adds variety to the flavors.<\/p>\n<p><strong>Feeding Instructions:<\/strong> Give 6-8 pieces daily. Doggy&#8217;s Mix can also be given to pregnant and lactating females.<\/p>\n<p><strong>\u0418\u043d\u0433\u0440\u0435\u0434\u0438\u0435\u043d\u0442\u044b:<\/strong> Milk and milk derivatives, sugars, minerals, mollusks and crustaceans (2.7% shrimp), meat and animal derivatives (1.3% liver), fish and fish derivatives (1.3% cod meat), yeast.<\/p>\n<p><strong>Analytical Constituents:<\/strong><\/p>\n<ul>\n<li>Proteins: 9.5%<\/li>\n<li>Moisture: 4.7%<\/li>\n<li>Crude oils and fats: 2.6%<\/li>\n<li>Crude ash: 13.1%<\/li>\n<li>Crude fiber: 7.3%<\/li>\n<li>Calcium: 1.8%<\/li>\n<li>Phosphorus: 1.3%<\/li>\n<li>Sodium: 0.2%<\/li>\n<li>Potassium: 0.03%<\/li>\n<li>Magnesium: 0.01%<\/li>\n<li>Vitamin B1: 19 mg\/kg<\/li>\n<li>Vitamin B2: 16 mg\/kg<\/li>\n<li>Vitamin B3: 249 mg\/kg<\/li>\n<li>Vitamin B5: 21 mg\/kg<\/li>\n<li>Vitamin B6: 12 mg\/kg<\/li>\n<li>Vitamin B12: 850 mg\/kg<\/li>\n<li>Biotin: 523 IU\/kg<\/li>\n<li>Taurine: 313 IU\/kg<\/li>\n<\/ul>","protected":false},"excerpt":{"rendered":"<p>This supplementary food is designed for adult dogs. Doggy&#8217;s Mix comprises treats with biotin, taurine, and liver. Biotin is beneficial for healthy skin and coat, taurine is essential for good vision and supports heart and brain function. Protein strengthens the entire dog&#8217;s body, while the addition of liver adds variety to the flavors.<\/p>","protected":false},"featured_media":24157,"template":"","meta":{"inline_featured_image":false,"_joinchat":[]},"product_cat":[107,366],"product_tag":[],"class_list":{"0":"post-24156","1":"product","2":"type-product","3":"status-publish","4":"has-post-thumbnail","6":"product_brand-beaphar","7":"product_cat-dog","8":"product_cat-vitamins-dog","10":"first","11":"instock","12":"shipping-taxable","13":"purchasable","14":"product-type-simple"},"yoast_head":"<!-- This site is optimized with the Yoast SEO plugin v26.7 - https:\/\/yoast.com\/wordpress\/plugins\/seo\/ -->\n<title>Beaphar Vit Doggys MIX 180 tab - Zooland.az<\/title>\n<meta name=\"robots\" content=\"index, follow, max-snippet:-1, max-image-preview:large, max-video-preview:-1\" \/>\n<link rel=\"canonical\" href=\"https:\/\/zoo-land.az\/ru\/shop\/dog\/vitamins-dog\/beaphar-vit-doggys-mix-180-tab\/\" \/>\n<meta property=\"og:locale\" content=\"ru_RU\" \/>\n<meta property=\"og:type\" content=\"article\" \/>\n<meta property=\"og:title\" content=\"Beaphar Vit Doggys MIX 180 tab - Zooland.az\" \/>\n<meta property=\"og:description\" content=\"This supplementary food is designed for adult dogs. Doggy&#039;s Mix comprises treats with biotin, taurine, and liver. Biotin is beneficial for healthy skin and coat, taurine is essential for good vision and supports heart and brain function. Protein strengthens the entire dog&#039;s body, while the addition of liver adds variety to the flavors.\" \/>\n<meta property=\"og:url\" content=\"https:\/\/zoo-land.az\/ru\/shop\/dog\/vitamins-dog\/beaphar-vit-doggys-mix-180-tab\/\" \/>\n<meta property=\"og:site_name\" content=\"Zooland.az\" \/>\n<meta property=\"og:image\" content=\"https:\/\/zoo-land.az\/wp-content\/uploads\/2024\/06\/5794001868f3d6427f4e570ada0db6a6.jpg\" \/>\n\t<meta property=\"og:image:width\" content=\"689\" \/>\n\t<meta property=\"og:image:height\" content=\"1024\" \/>\n\t<meta property=\"og:image:type\" content=\"image\/jpeg\" \/>\n<meta name=\"twitter:card\" content=\"summary_large_image\" \/>\n<meta name=\"twitter:label1\" content=\"\u041f\u0440\u0438\u043c\u0435\u0440\u043d\u043e\u0435 \u0432\u0440\u0435\u043c\u044f \u0434\u043b\u044f \u0447\u0442\u0435\u043d\u0438\u044f\" \/>\n\t<meta name=\"twitter:data1\" content=\"1 \u043c\u0438\u043d\u0443\u0442\u0430\" \/>\n<script type=\"application\/ld+json\" class=\"yoast-schema-graph\">{\"@context\":\"https:\/\/schema.org\",\"@graph\":[{\"@type\":\"WebPage\",\"@id\":\"https:\/\/zoo-land.az\/ru\/shop\/dog\/vitamins-dog\/beaphar-vit-doggys-mix-180-tab\/\",\"url\":\"https:\/\/zoo-land.az\/ru\/shop\/dog\/vitamins-dog\/beaphar-vit-doggys-mix-180-tab\/\",\"name\":\"Beaphar Vit Doggys MIX 180 tab - Zooland.az\",\"isPartOf\":{\"@id\":\"https:\/\/zoo-land.az\/#website\"},\"primaryImageOfPage\":{\"@id\":\"https:\/\/zoo-land.az\/ru\/shop\/dog\/vitamins-dog\/beaphar-vit-doggys-mix-180-tab\/#primaryimage\"},\"image\":{\"@id\":\"https:\/\/zoo-land.az\/ru\/shop\/dog\/vitamins-dog\/beaphar-vit-doggys-mix-180-tab\/#primaryimage\"},\"thumbnailUrl\":\"https:\/\/zoo-land.az\/wp-content\/uploads\/2024\/06\/5794001868f3d6427f4e570ada0db6a6.jpg\",\"datePublished\":\"2024-06-19T12:37:20+00:00\",\"breadcrumb\":{\"@id\":\"https:\/\/zoo-land.az\/ru\/shop\/dog\/vitamins-dog\/beaphar-vit-doggys-mix-180-tab\/#breadcrumb\"},\"inLanguage\":\"ru-RU\",\"potentialAction\":[{\"@type\":\"ReadAction\",\"target\":[\"https:\/\/zoo-land.az\/ru\/shop\/dog\/vitamins-dog\/beaphar-vit-doggys-mix-180-tab\/\"]}]},{\"@type\":\"ImageObject\",\"inLanguage\":\"ru-RU\",\"@id\":\"https:\/\/zoo-land.az\/ru\/shop\/dog\/vitamins-dog\/beaphar-vit-doggys-mix-180-tab\/#primaryimage\",\"url\":\"https:\/\/zoo-land.az\/wp-content\/uploads\/2024\/06\/5794001868f3d6427f4e570ada0db6a6.jpg\",\"contentUrl\":\"https:\/\/zoo-land.az\/wp-content\/uploads\/2024\/06\/5794001868f3d6427f4e570ada0db6a6.jpg\",\"width\":689,\"height\":1024},{\"@type\":\"BreadcrumbList\",\"@id\":\"https:\/\/zoo-land.az\/ru\/shop\/dog\/vitamins-dog\/beaphar-vit-doggys-mix-180-tab\/#breadcrumb\",\"itemListElement\":[{\"@type\":\"ListItem\",\"position\":1,\"name\":\"Home\",\"item\":\"https:\/\/zoo-land.az\/ru\/\"},{\"@type\":\"ListItem\",\"position\":2,\"name\":\"Shop\",\"item\":\"https:\/\/zoo-land.az\/ru\/\"},{\"@type\":\"ListItem\",\"position\":3,\"name\":\"Beaphar Vit Doggys MIX 180 tab\"}]},{\"@type\":\"WebSite\",\"@id\":\"https:\/\/zoo-land.az\/#website\",\"url\":\"https:\/\/zoo-land.az\/\",\"name\":\"Zooland.az\",\"description\":\"Xo\u015fb\u0259xt ev heyvanlar\u0131n\u0131n \u00fcnvan\u0131 Zooland.az\",\"publisher\":{\"@id\":\"https:\/\/zoo-land.az\/#organization\"},\"potentialAction\":[{\"@type\":\"SearchAction\",\"target\":{\"@type\":\"EntryPoint\",\"urlTemplate\":\"https:\/\/zoo-land.az\/?s={search_term_string}\"},\"query-input\":{\"@type\":\"PropertyValueSpecification\",\"valueRequired\":true,\"valueName\":\"search_term_string\"}}],\"inLanguage\":\"ru-RU\"},{\"@type\":\"Organization\",\"@id\":\"https:\/\/zoo-land.az\/#organization\",\"name\":\"Zooland.az\",\"url\":\"https:\/\/zoo-land.az\/\",\"logo\":{\"@type\":\"ImageObject\",\"inLanguage\":\"ru-RU\",\"@id\":\"https:\/\/zoo-land.az\/#\/schema\/logo\/image\/\",\"url\":\"https:\/\/zoo-land.az\/wp-content\/uploads\/2022\/05\/logo.svg\",\"contentUrl\":\"https:\/\/zoo-land.az\/wp-content\/uploads\/2022\/05\/logo.svg\",\"width\":113,\"height\":46,\"caption\":\"Zooland.az\"},\"image\":{\"@id\":\"https:\/\/zoo-land.az\/#\/schema\/logo\/image\/\"}}]}<\/script>\n<!-- \/ Yoast SEO plugin. -->","yoast_head_json":{"title":"Beaphar Vit Doggys MIX 180 tab - Zooland.az","robots":{"index":"index","follow":"follow","max-snippet":"max-snippet:-1","max-image-preview":"max-image-preview:large","max-video-preview":"max-video-preview:-1"},"canonical":"https:\/\/zoo-land.az\/ru\/shop\/dog\/vitamins-dog\/beaphar-vit-doggys-mix-180-tab\/","og_locale":"ru_RU","og_type":"article","og_title":"Beaphar Vit Doggys MIX 180 tab - Zooland.az","og_description":"This supplementary food is designed for adult dogs. Doggy's Mix comprises treats with biotin, taurine, and liver. Biotin is beneficial for healthy skin and coat, taurine is essential for good vision and supports heart and brain function. Protein strengthens the entire dog's body, while the addition of liver adds variety to the flavors.","og_url":"https:\/\/zoo-land.az\/ru\/shop\/dog\/vitamins-dog\/beaphar-vit-doggys-mix-180-tab\/","og_site_name":"Zooland.az","og_image":[{"width":689,"height":1024,"url":"https:\/\/zoo-land.az\/wp-content\/uploads\/2024\/06\/5794001868f3d6427f4e570ada0db6a6.jpg","type":"image\/jpeg"}],"twitter_card":"summary_large_image","twitter_misc":{"\u041f\u0440\u0438\u043c\u0435\u0440\u043d\u043e\u0435 \u0432\u0440\u0435\u043c\u044f \u0434\u043b\u044f \u0447\u0442\u0435\u043d\u0438\u044f":"1 \u043c\u0438\u043d\u0443\u0442\u0430"},"schema":{"@context":"https:\/\/schema.org","@graph":[{"@type":"WebPage","@id":"https:\/\/zoo-land.az\/ru\/shop\/dog\/vitamins-dog\/beaphar-vit-doggys-mix-180-tab\/","url":"https:\/\/zoo-land.az\/ru\/shop\/dog\/vitamins-dog\/beaphar-vit-doggys-mix-180-tab\/","name":"Beaphar Vit Doggys MIX 180 tab - Zooland.az","isPartOf":{"@id":"https:\/\/zoo-land.az\/#website"},"primaryImageOfPage":{"@id":"https:\/\/zoo-land.az\/ru\/shop\/dog\/vitamins-dog\/beaphar-vit-doggys-mix-180-tab\/#primaryimage"},"image":{"@id":"https:\/\/zoo-land.az\/ru\/shop\/dog\/vitamins-dog\/beaphar-vit-doggys-mix-180-tab\/#primaryimage"},"thumbnailUrl":"https:\/\/zoo-land.az\/wp-content\/uploads\/2024\/06\/5794001868f3d6427f4e570ada0db6a6.jpg","datePublished":"2024-06-19T12:37:20+00:00","breadcrumb":{"@id":"https:\/\/zoo-land.az\/ru\/shop\/dog\/vitamins-dog\/beaphar-vit-doggys-mix-180-tab\/#breadcrumb"},"inLanguage":"ru-RU","potentialAction":[{"@type":"ReadAction","target":["https:\/\/zoo-land.az\/ru\/shop\/dog\/vitamins-dog\/beaphar-vit-doggys-mix-180-tab\/"]}]},{"@type":"ImageObject","inLanguage":"ru-RU","@id":"https:\/\/zoo-land.az\/ru\/shop\/dog\/vitamins-dog\/beaphar-vit-doggys-mix-180-tab\/#primaryimage","url":"https:\/\/zoo-land.az\/wp-content\/uploads\/2024\/06\/5794001868f3d6427f4e570ada0db6a6.jpg","contentUrl":"https:\/\/zoo-land.az\/wp-content\/uploads\/2024\/06\/5794001868f3d6427f4e570ada0db6a6.jpg","width":689,"height":1024},{"@type":"BreadcrumbList","@id":"https:\/\/zoo-land.az\/ru\/shop\/dog\/vitamins-dog\/beaphar-vit-doggys-mix-180-tab\/#breadcrumb","itemListElement":[{"@type":"ListItem","position":1,"name":"Home","item":"https:\/\/zoo-land.az\/ru\/"},{"@type":"ListItem","position":2,"name":"Shop","item":"https:\/\/zoo-land.az\/ru\/"},{"@type":"ListItem","position":3,"name":"Beaphar Vit Doggys MIX 180 tab"}]},{"@type":"WebSite","@id":"https:\/\/zoo-land.az\/#website","url":"https:\/\/zoo-land.az\/","name":"Zooland.az","description":"Xo\u015fb\u0259xt ev heyvanlar\u0131n\u0131n \u00fcnvan\u0131 Zooland.az","publisher":{"@id":"https:\/\/zoo-land.az\/#organization"},"potentialAction":[{"@type":"SearchAction","target":{"@type":"EntryPoint","urlTemplate":"https:\/\/zoo-land.az\/?s={search_term_string}"},"query-input":{"@type":"PropertyValueSpecification","valueRequired":true,"valueName":"search_term_string"}}],"inLanguage":"ru-RU"},{"@type":"Organization","@id":"https:\/\/zoo-land.az\/#organization","name":"Zooland.az","url":"https:\/\/zoo-land.az\/","logo":{"@type":"ImageObject","inLanguage":"ru-RU","@id":"https:\/\/zoo-land.az\/#\/schema\/logo\/image\/","url":"https:\/\/zoo-land.az\/wp-content\/uploads\/2022\/05\/logo.svg","contentUrl":"https:\/\/zoo-land.az\/wp-content\/uploads\/2022\/05\/logo.svg","width":113,"height":46,"caption":"Zooland.az"},"image":{"@id":"https:\/\/zoo-land.az\/#\/schema\/logo\/image\/"}}]}},"_links":{"self":[{"href":"https:\/\/zoo-land.az\/ru\/wp-json\/wp\/v2\/product\/24156","targetHints":{"allow":["GET"]}}],"collection":[{"href":"https:\/\/zoo-land.az\/ru\/wp-json\/wp\/v2\/product"}],"about":[{"href":"https:\/\/zoo-land.az\/ru\/wp-json\/wp\/v2\/types\/product"}],"wp:featuredmedia":[{"embeddable":true,"href":"https:\/\/zoo-land.az\/ru\/wp-json\/wp\/v2\/media\/24157"}],"wp:attachment":[{"href":"https:\/\/zoo-land.az\/ru\/wp-json\/wp\/v2\/media?parent=24156"}],"wp:term":[{"taxonomy":"product_cat","embeddable":true,"href":"https:\/\/zoo-land.az\/ru\/wp-json\/wp\/v2\/product_cat?post=24156"},{"taxonomy":"product_tag","embeddable":true,"href":"https:\/\/zoo-land.az\/ru\/wp-json\/wp\/v2\/product_tag?post=24156"}],"curies":[{"name":"wp","href":"https:\/\/api.w.org\/{rel}","templated":true}]}}