{"id":24175,"date":"2024-06-19T13:07:40","date_gmt":"2024-06-19T13:07:40","guid":{"rendered":"https:\/\/lightsteelblue-zebra-299715.hostingersite.com\/?post_type=product&#038;p=24175"},"modified":"2024-06-19T13:07:40","modified_gmt":"2024-06-19T13:07:40","slug":"beaphar-bio-shampoo-conditioner-2-in-1-200-ml","status":"publish","type":"product","link":"https:\/\/zoo-land.az\/ru\/shop\/dog\/dog-hygenic\/shampoo\/beaphar-bio-shampoo-conditioner-2-in-1-200-ml\/","title":{"rendered":"Beaphar Bio Shampoo Conditioner 2 in 1 200 ml"},"content":{"rendered":"<p>Ingredients: Aqua, aloe barbadensis leaf extract*, ammonium lauryl sulfate, cocamidopropyl betaine, glycerin, benzyl alcohol, sodium chloride, parfum, gluconolactone, sodium hydroxide, benzoic acid, guar hydroxypropyltrimonium chloride, dehydroacetic acid, sodium benzoate, linalool, cucumis sativus fruit extract, citronellol, prunus armeniaca kernel oil*, argania spinosa kernel oil*, sea salt, maltodextrin, calcium gluconate, citric acid. * Active ingredients from organic farming. Contains 96% ingredients of natural origin and 18% organic ingredients. ECOSOIN BIO has been awarded by ECOCERT Greenlife.<\/p>","protected":false},"excerpt":{"rendered":"<p>The Beaphar Shampoo with Conditioner cleans and detangles the coat. It contains Aloe Vera Gel from organic farming, which moisturizes the skin and softens the coat. The Ecocert label guarantees the natural origin of the ingredients used. The shampoo, enriched with Argan oil and Apricot kernel oil, restores the suppleness of the coat, making it easier to detangle. The neutral pH value of this shampoo respects your dog&#8217;s coat.<\/p>","protected":false},"featured_media":24176,"template":"","meta":{"inline_featured_image":false,"_joinchat":[]},"product_cat":[107,166,355],"product_tag":[],"class_list":{"0":"post-24175","1":"product","2":"type-product","3":"status-publish","4":"has-post-thumbnail","6":"product_brand-beaphar","7":"product_cat-dog","8":"product_cat-dog-hygenic","9":"product_cat-shampoo","11":"first","12":"instock","13":"shipping-taxable","14":"purchasable","15":"product-type-simple"},"yoast_head":"<!-- This site is optimized with the Yoast SEO plugin v26.7 - https:\/\/yoast.com\/wordpress\/plugins\/seo\/ -->\n<title>Beaphar Bio Shampoo Conditioner 2 in 1 200 ml - Zooland.az<\/title>\n<meta name=\"robots\" content=\"index, follow, max-snippet:-1, max-image-preview:large, max-video-preview:-1\" \/>\n<link rel=\"canonical\" href=\"https:\/\/zoo-land.az\/ru\/shop\/dog\/dog-hygenic\/shampoo\/beaphar-bio-shampoo-conditioner-2-in-1-200-ml\/\" \/>\n<meta property=\"og:locale\" content=\"ru_RU\" \/>\n<meta property=\"og:type\" content=\"article\" \/>\n<meta property=\"og:title\" content=\"Beaphar Bio Shampoo Conditioner 2 in 1 200 ml - Zooland.az\" \/>\n<meta property=\"og:description\" content=\"The Beaphar Shampoo with Conditioner cleans and detangles the coat. It contains Aloe Vera Gel from organic farming, which moisturizes the skin and softens the coat. The Ecocert label guarantees the natural origin of the ingredients used. The shampoo, enriched with Argan oil and Apricot kernel oil, restores the suppleness of the coat, making it easier to detangle. The neutral pH value of this shampoo respects your dog&#039;s coat.\" \/>\n<meta property=\"og:url\" content=\"https:\/\/zoo-land.az\/ru\/shop\/dog\/dog-hygenic\/shampoo\/beaphar-bio-shampoo-conditioner-2-in-1-200-ml\/\" \/>\n<meta property=\"og:site_name\" content=\"Zooland.az\" \/>\n<meta property=\"og:image\" content=\"https:\/\/zoo-land.az\/wp-content\/uploads\/2024\/06\/beaphar-bio-shampoo-conditioner-2-in-1-hond-200ml.jpg\" \/>\n\t<meta property=\"og:image:width\" content=\"1000\" \/>\n\t<meta property=\"og:image:height\" content=\"1320\" \/>\n\t<meta property=\"og:image:type\" content=\"image\/jpeg\" \/>\n<meta name=\"twitter:card\" content=\"summary_large_image\" \/>\n<meta name=\"twitter:label1\" content=\"\u041f\u0440\u0438\u043c\u0435\u0440\u043d\u043e\u0435 \u0432\u0440\u0435\u043c\u044f \u0434\u043b\u044f \u0447\u0442\u0435\u043d\u0438\u044f\" \/>\n\t<meta name=\"twitter:data1\" content=\"1 \u043c\u0438\u043d\u0443\u0442\u0430\" \/>\n<script type=\"application\/ld+json\" class=\"yoast-schema-graph\">{\"@context\":\"https:\/\/schema.org\",\"@graph\":[{\"@type\":\"WebPage\",\"@id\":\"https:\/\/zoo-land.az\/az\/shop\/dog\/dog-hygenic\/shampoo\/beaphar-bio-shampoo-conditioner-2-in-1-200-ml\/\",\"url\":\"https:\/\/zoo-land.az\/az\/shop\/dog\/dog-hygenic\/shampoo\/beaphar-bio-shampoo-conditioner-2-in-1-200-ml\/\",\"name\":\"Beaphar Bio Shampoo Conditioner 2 in 1 200 ml - Zooland.az\",\"isPartOf\":{\"@id\":\"https:\/\/zoo-land.az\/#website\"},\"primaryImageOfPage\":{\"@id\":\"https:\/\/zoo-land.az\/az\/shop\/dog\/dog-hygenic\/shampoo\/beaphar-bio-shampoo-conditioner-2-in-1-200-ml\/#primaryimage\"},\"image\":{\"@id\":\"https:\/\/zoo-land.az\/az\/shop\/dog\/dog-hygenic\/shampoo\/beaphar-bio-shampoo-conditioner-2-in-1-200-ml\/#primaryimage\"},\"thumbnailUrl\":\"https:\/\/zoo-land.az\/wp-content\/uploads\/2024\/06\/beaphar-bio-shampoo-conditioner-2-in-1-hond-200ml.jpg\",\"datePublished\":\"2024-06-19T13:07:40+00:00\",\"breadcrumb\":{\"@id\":\"https:\/\/zoo-land.az\/az\/shop\/dog\/dog-hygenic\/shampoo\/beaphar-bio-shampoo-conditioner-2-in-1-200-ml\/#breadcrumb\"},\"inLanguage\":\"ru-RU\",\"potentialAction\":[{\"@type\":\"ReadAction\",\"target\":[\"https:\/\/zoo-land.az\/az\/shop\/dog\/dog-hygenic\/shampoo\/beaphar-bio-shampoo-conditioner-2-in-1-200-ml\/\"]}]},{\"@type\":\"ImageObject\",\"inLanguage\":\"ru-RU\",\"@id\":\"https:\/\/zoo-land.az\/az\/shop\/dog\/dog-hygenic\/shampoo\/beaphar-bio-shampoo-conditioner-2-in-1-200-ml\/#primaryimage\",\"url\":\"https:\/\/zoo-land.az\/wp-content\/uploads\/2024\/06\/beaphar-bio-shampoo-conditioner-2-in-1-hond-200ml.jpg\",\"contentUrl\":\"https:\/\/zoo-land.az\/wp-content\/uploads\/2024\/06\/beaphar-bio-shampoo-conditioner-2-in-1-hond-200ml.jpg\",\"width\":1000,\"height\":1320},{\"@type\":\"BreadcrumbList\",\"@id\":\"https:\/\/zoo-land.az\/az\/shop\/dog\/dog-hygenic\/shampoo\/beaphar-bio-shampoo-conditioner-2-in-1-200-ml\/#breadcrumb\",\"itemListElement\":[{\"@type\":\"ListItem\",\"position\":1,\"name\":\"Home\",\"item\":\"https:\/\/zoo-land.az\/ru\/\"},{\"@type\":\"ListItem\",\"position\":2,\"name\":\"Shop\",\"item\":\"https:\/\/zoo-land.az\/ru\/\"},{\"@type\":\"ListItem\",\"position\":3,\"name\":\"Beaphar Bio Shampoo Conditioner 2 in 1 200 ml\"}]},{\"@type\":\"WebSite\",\"@id\":\"https:\/\/zoo-land.az\/#website\",\"url\":\"https:\/\/zoo-land.az\/\",\"name\":\"Zooland.az\",\"description\":\"Xo\u015fb\u0259xt ev heyvanlar\u0131n\u0131n \u00fcnvan\u0131 Zooland.az\",\"publisher\":{\"@id\":\"https:\/\/zoo-land.az\/#organization\"},\"potentialAction\":[{\"@type\":\"SearchAction\",\"target\":{\"@type\":\"EntryPoint\",\"urlTemplate\":\"https:\/\/zoo-land.az\/?s={search_term_string}\"},\"query-input\":{\"@type\":\"PropertyValueSpecification\",\"valueRequired\":true,\"valueName\":\"search_term_string\"}}],\"inLanguage\":\"ru-RU\"},{\"@type\":\"Organization\",\"@id\":\"https:\/\/zoo-land.az\/#organization\",\"name\":\"Zooland.az\",\"url\":\"https:\/\/zoo-land.az\/\",\"logo\":{\"@type\":\"ImageObject\",\"inLanguage\":\"ru-RU\",\"@id\":\"https:\/\/zoo-land.az\/#\/schema\/logo\/image\/\",\"url\":\"https:\/\/zoo-land.az\/wp-content\/uploads\/2022\/05\/logo.svg\",\"contentUrl\":\"https:\/\/zoo-land.az\/wp-content\/uploads\/2022\/05\/logo.svg\",\"width\":113,\"height\":46,\"caption\":\"Zooland.az\"},\"image\":{\"@id\":\"https:\/\/zoo-land.az\/#\/schema\/logo\/image\/\"}}]}<\/script>\n<!-- \/ Yoast SEO plugin. -->","yoast_head_json":{"title":"Beaphar Bio Shampoo Conditioner 2 in 1 200 ml - Zooland.az","robots":{"index":"index","follow":"follow","max-snippet":"max-snippet:-1","max-image-preview":"max-image-preview:large","max-video-preview":"max-video-preview:-1"},"canonical":"https:\/\/zoo-land.az\/ru\/shop\/dog\/dog-hygenic\/shampoo\/beaphar-bio-shampoo-conditioner-2-in-1-200-ml\/","og_locale":"ru_RU","og_type":"article","og_title":"Beaphar Bio Shampoo Conditioner 2 in 1 200 ml - Zooland.az","og_description":"The Beaphar Shampoo with Conditioner cleans and detangles the coat. It contains Aloe Vera Gel from organic farming, which moisturizes the skin and softens the coat. The Ecocert label guarantees the natural origin of the ingredients used. The shampoo, enriched with Argan oil and Apricot kernel oil, restores the suppleness of the coat, making it easier to detangle. The neutral pH value of this shampoo respects your dog's coat.","og_url":"https:\/\/zoo-land.az\/ru\/shop\/dog\/dog-hygenic\/shampoo\/beaphar-bio-shampoo-conditioner-2-in-1-200-ml\/","og_site_name":"Zooland.az","og_image":[{"width":1000,"height":1320,"url":"https:\/\/zoo-land.az\/wp-content\/uploads\/2024\/06\/beaphar-bio-shampoo-conditioner-2-in-1-hond-200ml.jpg","type":"image\/jpeg"}],"twitter_card":"summary_large_image","twitter_misc":{"\u041f\u0440\u0438\u043c\u0435\u0440\u043d\u043e\u0435 \u0432\u0440\u0435\u043c\u044f \u0434\u043b\u044f \u0447\u0442\u0435\u043d\u0438\u044f":"1 \u043c\u0438\u043d\u0443\u0442\u0430"},"schema":{"@context":"https:\/\/schema.org","@graph":[{"@type":"WebPage","@id":"https:\/\/zoo-land.az\/az\/shop\/dog\/dog-hygenic\/shampoo\/beaphar-bio-shampoo-conditioner-2-in-1-200-ml\/","url":"https:\/\/zoo-land.az\/az\/shop\/dog\/dog-hygenic\/shampoo\/beaphar-bio-shampoo-conditioner-2-in-1-200-ml\/","name":"Beaphar Bio Shampoo Conditioner 2 in 1 200 ml - Zooland.az","isPartOf":{"@id":"https:\/\/zoo-land.az\/#website"},"primaryImageOfPage":{"@id":"https:\/\/zoo-land.az\/az\/shop\/dog\/dog-hygenic\/shampoo\/beaphar-bio-shampoo-conditioner-2-in-1-200-ml\/#primaryimage"},"image":{"@id":"https:\/\/zoo-land.az\/az\/shop\/dog\/dog-hygenic\/shampoo\/beaphar-bio-shampoo-conditioner-2-in-1-200-ml\/#primaryimage"},"thumbnailUrl":"https:\/\/zoo-land.az\/wp-content\/uploads\/2024\/06\/beaphar-bio-shampoo-conditioner-2-in-1-hond-200ml.jpg","datePublished":"2024-06-19T13:07:40+00:00","breadcrumb":{"@id":"https:\/\/zoo-land.az\/az\/shop\/dog\/dog-hygenic\/shampoo\/beaphar-bio-shampoo-conditioner-2-in-1-200-ml\/#breadcrumb"},"inLanguage":"ru-RU","potentialAction":[{"@type":"ReadAction","target":["https:\/\/zoo-land.az\/az\/shop\/dog\/dog-hygenic\/shampoo\/beaphar-bio-shampoo-conditioner-2-in-1-200-ml\/"]}]},{"@type":"ImageObject","inLanguage":"ru-RU","@id":"https:\/\/zoo-land.az\/az\/shop\/dog\/dog-hygenic\/shampoo\/beaphar-bio-shampoo-conditioner-2-in-1-200-ml\/#primaryimage","url":"https:\/\/zoo-land.az\/wp-content\/uploads\/2024\/06\/beaphar-bio-shampoo-conditioner-2-in-1-hond-200ml.jpg","contentUrl":"https:\/\/zoo-land.az\/wp-content\/uploads\/2024\/06\/beaphar-bio-shampoo-conditioner-2-in-1-hond-200ml.jpg","width":1000,"height":1320},{"@type":"BreadcrumbList","@id":"https:\/\/zoo-land.az\/az\/shop\/dog\/dog-hygenic\/shampoo\/beaphar-bio-shampoo-conditioner-2-in-1-200-ml\/#breadcrumb","itemListElement":[{"@type":"ListItem","position":1,"name":"Home","item":"https:\/\/zoo-land.az\/ru\/"},{"@type":"ListItem","position":2,"name":"Shop","item":"https:\/\/zoo-land.az\/ru\/"},{"@type":"ListItem","position":3,"name":"Beaphar Bio Shampoo Conditioner 2 in 1 200 ml"}]},{"@type":"WebSite","@id":"https:\/\/zoo-land.az\/#website","url":"https:\/\/zoo-land.az\/","name":"Zooland.az","description":"Xo\u015fb\u0259xt ev heyvanlar\u0131n\u0131n \u00fcnvan\u0131 Zooland.az","publisher":{"@id":"https:\/\/zoo-land.az\/#organization"},"potentialAction":[{"@type":"SearchAction","target":{"@type":"EntryPoint","urlTemplate":"https:\/\/zoo-land.az\/?s={search_term_string}"},"query-input":{"@type":"PropertyValueSpecification","valueRequired":true,"valueName":"search_term_string"}}],"inLanguage":"ru-RU"},{"@type":"Organization","@id":"https:\/\/zoo-land.az\/#organization","name":"Zooland.az","url":"https:\/\/zoo-land.az\/","logo":{"@type":"ImageObject","inLanguage":"ru-RU","@id":"https:\/\/zoo-land.az\/#\/schema\/logo\/image\/","url":"https:\/\/zoo-land.az\/wp-content\/uploads\/2022\/05\/logo.svg","contentUrl":"https:\/\/zoo-land.az\/wp-content\/uploads\/2022\/05\/logo.svg","width":113,"height":46,"caption":"Zooland.az"},"image":{"@id":"https:\/\/zoo-land.az\/#\/schema\/logo\/image\/"}}]}},"_links":{"self":[{"href":"https:\/\/zoo-land.az\/ru\/wp-json\/wp\/v2\/product\/24175","targetHints":{"allow":["GET"]}}],"collection":[{"href":"https:\/\/zoo-land.az\/ru\/wp-json\/wp\/v2\/product"}],"about":[{"href":"https:\/\/zoo-land.az\/ru\/wp-json\/wp\/v2\/types\/product"}],"wp:featuredmedia":[{"embeddable":true,"href":"https:\/\/zoo-land.az\/ru\/wp-json\/wp\/v2\/media\/24176"}],"wp:attachment":[{"href":"https:\/\/zoo-land.az\/ru\/wp-json\/wp\/v2\/media?parent=24175"}],"wp:term":[{"taxonomy":"product_cat","embeddable":true,"href":"https:\/\/zoo-land.az\/ru\/wp-json\/wp\/v2\/product_cat?post=24175"},{"taxonomy":"product_tag","embeddable":true,"href":"https:\/\/zoo-land.az\/ru\/wp-json\/wp\/v2\/product_tag?post=24175"}],"curies":[{"name":"wp","href":"https:\/\/api.w.org\/{rel}","templated":true}]}}