{"id":24187,"date":"2024-06-19T13:19:23","date_gmt":"2024-06-19T13:19:23","guid":{"rendered":"https:\/\/lightsteelblue-zebra-299715.hostingersite.com\/?post_type=product&#038;p=24187"},"modified":"2024-06-19T13:19:23","modified_gmt":"2024-06-19T13:19:23","slug":"beaphar-flea-tick-collar-for-dog-orange","status":"publish","type":"product","link":"https:\/\/zoo-land.az\/ru\/shop\/dog\/dog-accesories\/dog-hairsavers\/beaphar-flea-tick-collar-for-dog-orange\/","title":{"rendered":"Beaphar Flea Tick collar For Dog orange"},"content":{"rendered":"<p>Beaphar Flea &amp; Tick Collar for Dogs contains the insecticide dimpylate that kills fleas &amp; ticks on your dog and prevents their return for up to four months. The brown collar is easy to fit and can be adjusted for comfort. UK authorised veterinary medicine. Suitable for dogs from 3 months of age. UK authorised veterinary medicine. 95% of the flea\u2019s life cycle is in the home. When tackling a flea problem, in addition to treating your pet, for best results use a household insecticide, such as Beaphar FLEAtec Household Flea Spray or Beaphar Household Flea Fogger for your home.<\/p>","protected":false},"excerpt":{"rendered":"<p>Beaphar Flea &amp; Tick Collar for Dogs contains the insecticide dimpylate that kills fleas &amp; ticks on your dog and prevents their return for up to four months. The brown collar is easy to fit and can be adjusted for comfort. UK authorised veterinary medicine. Suitable for dogs from 3 months of age. UK authorised veterinary medicine. 95% of the flea\u2019s life cycle is in the home. When tackling a flea problem, in addition to treating your pet, for best results use a household insecticide, such as Beaphar FLEAtec Household Flea Spray or Beaphar Household Flea Fogger for your home.<\/p>","protected":false},"featured_media":24188,"template":"","meta":{"inline_featured_image":false,"_joinchat":[]},"product_cat":[159,163,107],"product_tag":[],"class_list":{"0":"post-24187","1":"product","2":"type-product","3":"status-publish","4":"has-post-thumbnail","6":"product_brand-beaphar","7":"product_cat-dog-accesories","8":"product_cat-dog-hairsavers","9":"product_cat-dog","11":"first","12":"instock","13":"shipping-taxable","14":"purchasable","15":"product-type-simple"},"yoast_head":"<!-- This site is optimized with the Yoast SEO plugin v26.7 - https:\/\/yoast.com\/wordpress\/plugins\/seo\/ -->\n<title>Beaphar Flea Tick collar For Dog orange - Zooland.az<\/title>\n<meta name=\"robots\" content=\"index, follow, max-snippet:-1, max-image-preview:large, max-video-preview:-1\" \/>\n<link rel=\"canonical\" href=\"https:\/\/zoo-land.az\/ru\/shop\/dog\/dog-accesories\/dog-hairsavers\/beaphar-flea-tick-collar-for-dog-orange\/\" \/>\n<meta property=\"og:locale\" content=\"ru_RU\" \/>\n<meta property=\"og:type\" content=\"article\" \/>\n<meta property=\"og:title\" content=\"Beaphar Flea Tick collar For Dog orange - Zooland.az\" \/>\n<meta property=\"og:description\" content=\"Beaphar Flea &amp; Tick Collar for Dogs contains the insecticide dimpylate that kills fleas &amp; ticks on your dog and prevents their return for up to four months. The brown collar is easy to fit and can be adjusted for comfort. UK authorised veterinary medicine. Suitable for dogs from 3 months of age. UK authorised veterinary medicine. 95% of the flea\u2019s life cycle is in the home. When tackling a flea problem, in addition to treating your pet, for best results use a household insecticide, such as Beaphar FLEAtec Household Flea Spray or Beaphar Household Flea Fogger for your home.\" \/>\n<meta property=\"og:url\" content=\"https:\/\/zoo-land.az\/ru\/shop\/dog\/dog-accesories\/dog-hairsavers\/beaphar-flea-tick-collar-for-dog-orange\/\" \/>\n<meta property=\"og:site_name\" content=\"Zooland.az\" \/>\n<meta property=\"og:image\" content=\"https:\/\/zoo-land.az\/wp-content\/uploads\/2024\/06\/18486_Ecommerce_Flea-Collar-DOG_UK_2022-1.jpg\" \/>\n\t<meta property=\"og:image:width\" content=\"2000\" \/>\n\t<meta property=\"og:image:height\" content=\"2000\" \/>\n\t<meta property=\"og:image:type\" content=\"image\/jpeg\" \/>\n<meta name=\"twitter:card\" content=\"summary_large_image\" \/>\n<meta name=\"twitter:label1\" content=\"\u041f\u0440\u0438\u043c\u0435\u0440\u043d\u043e\u0435 \u0432\u0440\u0435\u043c\u044f \u0434\u043b\u044f \u0447\u0442\u0435\u043d\u0438\u044f\" \/>\n\t<meta name=\"twitter:data1\" content=\"1 \u043c\u0438\u043d\u0443\u0442\u0430\" \/>\n<script type=\"application\/ld+json\" class=\"yoast-schema-graph\">{\"@context\":\"https:\/\/schema.org\",\"@graph\":[{\"@type\":\"WebPage\",\"@id\":\"https:\/\/zoo-land.az\/az\/shop\/dog\/dog-accesories\/dog-hairsavers\/beaphar-flea-tick-collar-for-dog-orange\/\",\"url\":\"https:\/\/zoo-land.az\/az\/shop\/dog\/dog-accesories\/dog-hairsavers\/beaphar-flea-tick-collar-for-dog-orange\/\",\"name\":\"Beaphar Flea Tick collar For Dog orange - Zooland.az\",\"isPartOf\":{\"@id\":\"https:\/\/zoo-land.az\/#website\"},\"primaryImageOfPage\":{\"@id\":\"https:\/\/zoo-land.az\/az\/shop\/dog\/dog-accesories\/dog-hairsavers\/beaphar-flea-tick-collar-for-dog-orange\/#primaryimage\"},\"image\":{\"@id\":\"https:\/\/zoo-land.az\/az\/shop\/dog\/dog-accesories\/dog-hairsavers\/beaphar-flea-tick-collar-for-dog-orange\/#primaryimage\"},\"thumbnailUrl\":\"https:\/\/zoo-land.az\/wp-content\/uploads\/2024\/06\/18486_Ecommerce_Flea-Collar-DOG_UK_2022-1.jpg\",\"datePublished\":\"2024-06-19T13:19:23+00:00\",\"breadcrumb\":{\"@id\":\"https:\/\/zoo-land.az\/az\/shop\/dog\/dog-accesories\/dog-hairsavers\/beaphar-flea-tick-collar-for-dog-orange\/#breadcrumb\"},\"inLanguage\":\"ru-RU\",\"potentialAction\":[{\"@type\":\"ReadAction\",\"target\":[\"https:\/\/zoo-land.az\/az\/shop\/dog\/dog-accesories\/dog-hairsavers\/beaphar-flea-tick-collar-for-dog-orange\/\"]}]},{\"@type\":\"ImageObject\",\"inLanguage\":\"ru-RU\",\"@id\":\"https:\/\/zoo-land.az\/az\/shop\/dog\/dog-accesories\/dog-hairsavers\/beaphar-flea-tick-collar-for-dog-orange\/#primaryimage\",\"url\":\"https:\/\/zoo-land.az\/wp-content\/uploads\/2024\/06\/18486_Ecommerce_Flea-Collar-DOG_UK_2022-1.jpg\",\"contentUrl\":\"https:\/\/zoo-land.az\/wp-content\/uploads\/2024\/06\/18486_Ecommerce_Flea-Collar-DOG_UK_2022-1.jpg\",\"width\":2000,\"height\":2000},{\"@type\":\"BreadcrumbList\",\"@id\":\"https:\/\/zoo-land.az\/az\/shop\/dog\/dog-accesories\/dog-hairsavers\/beaphar-flea-tick-collar-for-dog-orange\/#breadcrumb\",\"itemListElement\":[{\"@type\":\"ListItem\",\"position\":1,\"name\":\"Home\",\"item\":\"https:\/\/zoo-land.az\/ru\/\"},{\"@type\":\"ListItem\",\"position\":2,\"name\":\"Shop\",\"item\":\"https:\/\/zoo-land.az\/ru\/\"},{\"@type\":\"ListItem\",\"position\":3,\"name\":\"Beaphar Flea Tick collar For Dog orange\"}]},{\"@type\":\"WebSite\",\"@id\":\"https:\/\/zoo-land.az\/#website\",\"url\":\"https:\/\/zoo-land.az\/\",\"name\":\"Zooland.az\",\"description\":\"Xo\u015fb\u0259xt ev heyvanlar\u0131n\u0131n \u00fcnvan\u0131 Zooland.az\",\"publisher\":{\"@id\":\"https:\/\/zoo-land.az\/#organization\"},\"potentialAction\":[{\"@type\":\"SearchAction\",\"target\":{\"@type\":\"EntryPoint\",\"urlTemplate\":\"https:\/\/zoo-land.az\/?s={search_term_string}\"},\"query-input\":{\"@type\":\"PropertyValueSpecification\",\"valueRequired\":true,\"valueName\":\"search_term_string\"}}],\"inLanguage\":\"ru-RU\"},{\"@type\":\"Organization\",\"@id\":\"https:\/\/zoo-land.az\/#organization\",\"name\":\"Zooland.az\",\"url\":\"https:\/\/zoo-land.az\/\",\"logo\":{\"@type\":\"ImageObject\",\"inLanguage\":\"ru-RU\",\"@id\":\"https:\/\/zoo-land.az\/#\/schema\/logo\/image\/\",\"url\":\"https:\/\/zoo-land.az\/wp-content\/uploads\/2022\/05\/logo.svg\",\"contentUrl\":\"https:\/\/zoo-land.az\/wp-content\/uploads\/2022\/05\/logo.svg\",\"width\":113,\"height\":46,\"caption\":\"Zooland.az\"},\"image\":{\"@id\":\"https:\/\/zoo-land.az\/#\/schema\/logo\/image\/\"}}]}<\/script>\n<!-- \/ Yoast SEO plugin. -->","yoast_head_json":{"title":"Beaphar Flea Tick collar For Dog orange - Zooland.az","robots":{"index":"index","follow":"follow","max-snippet":"max-snippet:-1","max-image-preview":"max-image-preview:large","max-video-preview":"max-video-preview:-1"},"canonical":"https:\/\/zoo-land.az\/ru\/shop\/dog\/dog-accesories\/dog-hairsavers\/beaphar-flea-tick-collar-for-dog-orange\/","og_locale":"ru_RU","og_type":"article","og_title":"Beaphar Flea Tick collar For Dog orange - Zooland.az","og_description":"Beaphar Flea &amp; Tick Collar for Dogs contains the insecticide dimpylate that kills fleas &amp; ticks on your dog and prevents their return for up to four months. The brown collar is easy to fit and can be adjusted for comfort. UK authorised veterinary medicine. Suitable for dogs from 3 months of age. UK authorised veterinary medicine. 95% of the flea\u2019s life cycle is in the home. When tackling a flea problem, in addition to treating your pet, for best results use a household insecticide, such as Beaphar FLEAtec Household Flea Spray or Beaphar Household Flea Fogger for your home.","og_url":"https:\/\/zoo-land.az\/ru\/shop\/dog\/dog-accesories\/dog-hairsavers\/beaphar-flea-tick-collar-for-dog-orange\/","og_site_name":"Zooland.az","og_image":[{"width":2000,"height":2000,"url":"https:\/\/zoo-land.az\/wp-content\/uploads\/2024\/06\/18486_Ecommerce_Flea-Collar-DOG_UK_2022-1.jpg","type":"image\/jpeg"}],"twitter_card":"summary_large_image","twitter_misc":{"\u041f\u0440\u0438\u043c\u0435\u0440\u043d\u043e\u0435 \u0432\u0440\u0435\u043c\u044f \u0434\u043b\u044f \u0447\u0442\u0435\u043d\u0438\u044f":"1 \u043c\u0438\u043d\u0443\u0442\u0430"},"schema":{"@context":"https:\/\/schema.org","@graph":[{"@type":"WebPage","@id":"https:\/\/zoo-land.az\/az\/shop\/dog\/dog-accesories\/dog-hairsavers\/beaphar-flea-tick-collar-for-dog-orange\/","url":"https:\/\/zoo-land.az\/az\/shop\/dog\/dog-accesories\/dog-hairsavers\/beaphar-flea-tick-collar-for-dog-orange\/","name":"Beaphar Flea Tick collar For Dog orange - Zooland.az","isPartOf":{"@id":"https:\/\/zoo-land.az\/#website"},"primaryImageOfPage":{"@id":"https:\/\/zoo-land.az\/az\/shop\/dog\/dog-accesories\/dog-hairsavers\/beaphar-flea-tick-collar-for-dog-orange\/#primaryimage"},"image":{"@id":"https:\/\/zoo-land.az\/az\/shop\/dog\/dog-accesories\/dog-hairsavers\/beaphar-flea-tick-collar-for-dog-orange\/#primaryimage"},"thumbnailUrl":"https:\/\/zoo-land.az\/wp-content\/uploads\/2024\/06\/18486_Ecommerce_Flea-Collar-DOG_UK_2022-1.jpg","datePublished":"2024-06-19T13:19:23+00:00","breadcrumb":{"@id":"https:\/\/zoo-land.az\/az\/shop\/dog\/dog-accesories\/dog-hairsavers\/beaphar-flea-tick-collar-for-dog-orange\/#breadcrumb"},"inLanguage":"ru-RU","potentialAction":[{"@type":"ReadAction","target":["https:\/\/zoo-land.az\/az\/shop\/dog\/dog-accesories\/dog-hairsavers\/beaphar-flea-tick-collar-for-dog-orange\/"]}]},{"@type":"ImageObject","inLanguage":"ru-RU","@id":"https:\/\/zoo-land.az\/az\/shop\/dog\/dog-accesories\/dog-hairsavers\/beaphar-flea-tick-collar-for-dog-orange\/#primaryimage","url":"https:\/\/zoo-land.az\/wp-content\/uploads\/2024\/06\/18486_Ecommerce_Flea-Collar-DOG_UK_2022-1.jpg","contentUrl":"https:\/\/zoo-land.az\/wp-content\/uploads\/2024\/06\/18486_Ecommerce_Flea-Collar-DOG_UK_2022-1.jpg","width":2000,"height":2000},{"@type":"BreadcrumbList","@id":"https:\/\/zoo-land.az\/az\/shop\/dog\/dog-accesories\/dog-hairsavers\/beaphar-flea-tick-collar-for-dog-orange\/#breadcrumb","itemListElement":[{"@type":"ListItem","position":1,"name":"Home","item":"https:\/\/zoo-land.az\/ru\/"},{"@type":"ListItem","position":2,"name":"Shop","item":"https:\/\/zoo-land.az\/ru\/"},{"@type":"ListItem","position":3,"name":"Beaphar Flea Tick collar For Dog orange"}]},{"@type":"WebSite","@id":"https:\/\/zoo-land.az\/#website","url":"https:\/\/zoo-land.az\/","name":"Zooland.az","description":"Xo\u015fb\u0259xt ev heyvanlar\u0131n\u0131n \u00fcnvan\u0131 Zooland.az","publisher":{"@id":"https:\/\/zoo-land.az\/#organization"},"potentialAction":[{"@type":"SearchAction","target":{"@type":"EntryPoint","urlTemplate":"https:\/\/zoo-land.az\/?s={search_term_string}"},"query-input":{"@type":"PropertyValueSpecification","valueRequired":true,"valueName":"search_term_string"}}],"inLanguage":"ru-RU"},{"@type":"Organization","@id":"https:\/\/zoo-land.az\/#organization","name":"Zooland.az","url":"https:\/\/zoo-land.az\/","logo":{"@type":"ImageObject","inLanguage":"ru-RU","@id":"https:\/\/zoo-land.az\/#\/schema\/logo\/image\/","url":"https:\/\/zoo-land.az\/wp-content\/uploads\/2022\/05\/logo.svg","contentUrl":"https:\/\/zoo-land.az\/wp-content\/uploads\/2022\/05\/logo.svg","width":113,"height":46,"caption":"Zooland.az"},"image":{"@id":"https:\/\/zoo-land.az\/#\/schema\/logo\/image\/"}}]}},"_links":{"self":[{"href":"https:\/\/zoo-land.az\/ru\/wp-json\/wp\/v2\/product\/24187","targetHints":{"allow":["GET"]}}],"collection":[{"href":"https:\/\/zoo-land.az\/ru\/wp-json\/wp\/v2\/product"}],"about":[{"href":"https:\/\/zoo-land.az\/ru\/wp-json\/wp\/v2\/types\/product"}],"wp:featuredmedia":[{"embeddable":true,"href":"https:\/\/zoo-land.az\/ru\/wp-json\/wp\/v2\/media\/24188"}],"wp:attachment":[{"href":"https:\/\/zoo-land.az\/ru\/wp-json\/wp\/v2\/media?parent=24187"}],"wp:term":[{"taxonomy":"product_cat","embeddable":true,"href":"https:\/\/zoo-land.az\/ru\/wp-json\/wp\/v2\/product_cat?post=24187"},{"taxonomy":"product_tag","embeddable":true,"href":"https:\/\/zoo-land.az\/ru\/wp-json\/wp\/v2\/product_tag?post=24187"}],"curies":[{"name":"wp","href":"https:\/\/api.w.org\/{rel}","templated":true}]}}