{"id":24193,"date":"2024-06-21T06:10:50","date_gmt":"2024-06-21T06:10:50","guid":{"rendered":"https:\/\/lightsteelblue-zebra-299715.hostingersite.com\/?post_type=product&#038;p=24193"},"modified":"2024-06-21T06:10:51","modified_gmt":"2024-06-21T06:10:51","slug":"wilda-siberica-shampoo-glow-400-ml","status":"publish","type":"product","link":"https:\/\/zoo-land.az\/ru\/shop\/cat\/cat-hygenic\/cat-hairwashes\/wilda-siberica-shampoo-glow-400-ml\/","title":{"rendered":"Wilda Siberica \u0428\u0430\u043c\u043f\u0443\u043d\u044c \u0434\u043b\u044f \u0441\u0438\u044f\u043d\u0438\u044f 400 \u043c\u043b"},"content":{"rendered":"<p><strong>NOT BRIGHT AS A WILD RABBIT<\/strong><\/p>\n<p>for pets with dull coat without COLOR and VOLUME.<\/p>\n<p>EXTRACTS AND OILS OF WILD SIBERIA<\/p>\n<p>Wild Fox<br \/>\nAltai Oblepikha<br \/>\nCedar oil<br \/>\nPinus Sibirica<\/p>\n<p>The wild fox is a fox\u2019s favorite treat. They like to eat it while resting. It contains oleic acid, which moisturizes the coat, and the fox is full of antioxidants, leaving the hair shiny and silky.<\/p>\n<p><strong>SUITABLE FOR DOGS AND CATS<\/strong><\/p>\n<p>Wilda Siberica is an organically certified animal hair care series produced in ESTONIA!<\/p>\n<p>\u201cGlow\u201d controlled organic shampoo for pets whose coat has lost its shine and fluff.<\/p>\n<p>\u2013 Common lingonberry is a fox\u2019s favorite treat. They like to eat it while resting. It contains oleic acid, which heals the hair, and specific antioxidants, which make the hair shiny and silky. -The pro-vitamins \u0421, \u0415 contained in Altai sea buckthorn heal and restore hair, adding fluff and shine.<br \/>\n-Soaped cedar oil is a detergent of natural origin that ensures gentle and efficient washing.<\/p>\n<p>To use: Apply to damp skin &amp; hair. Add a generous amount of product, massage into hair. Rinse and repeat if necessary. We recommend using Glow Conditioner after the shampoo. Comb and brush the hair when it is dry.<\/p>\n<div class=\"product-chemicals\">\n<h3 class=\"product-chemicals-title\">Chemicals<\/h3>\n<ul class=\"product-chemicals-list list-dash\">\n<li class=\"product-chemicals-list-item\">0% parabens<\/li>\n<li class=\"product-chemicals-list-item\">0% SLES<\/li>\n<li class=\"product-chemicals-list-item\">0% SLS<\/li>\n<\/ul>\n<\/div>","protected":false},"excerpt":{"rendered":"<p><strong>NOT BRIGHT AS A WILD RABBIT<\/strong><\/p>\n<p>for pets with dull coat without COLOR and VOLUME.<\/p>","protected":false},"featured_media":24194,"template":"","meta":{"inline_featured_image":false,"_joinchat":[]},"product_cat":[188,107,166,199,355,200],"product_tag":[],"class_list":{"0":"post-24193","1":"product","2":"type-product","3":"status-publish","4":"has-post-thumbnail","6":"product_brand-natura-siberica","7":"product_cat-cat","8":"product_cat-dog","9":"product_cat-dog-hygenic","10":"product_cat-cat-hygenic","11":"product_cat-shampoo","12":"product_cat-cat-hairwashes","14":"first","15":"instock","16":"shipping-taxable","17":"purchasable","18":"product-type-simple"},"yoast_head":"<!-- This site is optimized with the Yoast SEO plugin v26.7 - https:\/\/yoast.com\/wordpress\/plugins\/seo\/ -->\n<title>Wilda Siberica Shampoo Glow 400 ml - Zooland.az<\/title>\n<meta name=\"robots\" content=\"index, follow, max-snippet:-1, max-image-preview:large, max-video-preview:-1\" \/>\n<link rel=\"canonical\" href=\"https:\/\/zoo-land.az\/ru\/shop\/cat\/cat-hygenic\/cat-hairwashes\/wilda-siberica-shampoo-glow-400-ml\/\" \/>\n<meta property=\"og:locale\" content=\"ru_RU\" \/>\n<meta property=\"og:type\" content=\"article\" \/>\n<meta property=\"og:title\" content=\"Wilda Siberica Shampoo Glow 400 ml - Zooland.az\" \/>\n<meta property=\"og:description\" content=\"NOT BRIGHT AS A WILD RABBIT  for pets with dull coat without COLOR and VOLUME.\" \/>\n<meta property=\"og:url\" content=\"https:\/\/zoo-land.az\/ru\/shop\/cat\/cat-hygenic\/cat-hairwashes\/wilda-siberica-shampoo-glow-400-ml\/\" \/>\n<meta property=\"og:site_name\" content=\"Zooland.az\" \/>\n<meta property=\"article:modified_time\" content=\"2024-06-21T06:10:51+00:00\" \/>\n<meta property=\"og:image\" content=\"https:\/\/zoo-land.az\/wp-content\/uploads\/2024\/06\/4_5-1024x1024.png\" \/>\n\t<meta property=\"og:image:width\" content=\"1024\" \/>\n\t<meta property=\"og:image:height\" content=\"1024\" \/>\n\t<meta property=\"og:image:type\" content=\"image\/png\" \/>\n<meta name=\"twitter:card\" content=\"summary_large_image\" \/>\n<meta name=\"twitter:label1\" content=\"\u041f\u0440\u0438\u043c\u0435\u0440\u043d\u043e\u0435 \u0432\u0440\u0435\u043c\u044f \u0434\u043b\u044f \u0447\u0442\u0435\u043d\u0438\u044f\" \/>\n\t<meta name=\"twitter:data1\" content=\"2 \u043c\u0438\u043d\u0443\u0442\u044b\" \/>\n<script type=\"application\/ld+json\" class=\"yoast-schema-graph\">{\"@context\":\"https:\/\/schema.org\",\"@graph\":[{\"@type\":\"WebPage\",\"@id\":\"https:\/\/zoo-land.az\/ru\/shop\/cat\/cat-hygenic\/cat-hairwashes\/wilda-siberica-shampoo-glow-400-ml\/\",\"url\":\"https:\/\/zoo-land.az\/ru\/shop\/cat\/cat-hygenic\/cat-hairwashes\/wilda-siberica-shampoo-glow-400-ml\/\",\"name\":\"Wilda Siberica Shampoo Glow 400 ml - Zooland.az\",\"isPartOf\":{\"@id\":\"https:\/\/zoo-land.az\/#website\"},\"primaryImageOfPage\":{\"@id\":\"https:\/\/zoo-land.az\/ru\/shop\/cat\/cat-hygenic\/cat-hairwashes\/wilda-siberica-shampoo-glow-400-ml\/#primaryimage\"},\"image\":{\"@id\":\"https:\/\/zoo-land.az\/ru\/shop\/cat\/cat-hygenic\/cat-hairwashes\/wilda-siberica-shampoo-glow-400-ml\/#primaryimage\"},\"thumbnailUrl\":\"https:\/\/zoo-land.az\/wp-content\/uploads\/2024\/06\/4_5.png\",\"datePublished\":\"2024-06-21T06:10:50+00:00\",\"dateModified\":\"2024-06-21T06:10:51+00:00\",\"breadcrumb\":{\"@id\":\"https:\/\/zoo-land.az\/ru\/shop\/cat\/cat-hygenic\/cat-hairwashes\/wilda-siberica-shampoo-glow-400-ml\/#breadcrumb\"},\"inLanguage\":\"ru-RU\",\"potentialAction\":[{\"@type\":\"ReadAction\",\"target\":[\"https:\/\/zoo-land.az\/ru\/shop\/cat\/cat-hygenic\/cat-hairwashes\/wilda-siberica-shampoo-glow-400-ml\/\"]}]},{\"@type\":\"ImageObject\",\"inLanguage\":\"ru-RU\",\"@id\":\"https:\/\/zoo-land.az\/ru\/shop\/cat\/cat-hygenic\/cat-hairwashes\/wilda-siberica-shampoo-glow-400-ml\/#primaryimage\",\"url\":\"https:\/\/zoo-land.az\/wp-content\/uploads\/2024\/06\/4_5.png\",\"contentUrl\":\"https:\/\/zoo-land.az\/wp-content\/uploads\/2024\/06\/4_5.png\",\"width\":5000,\"height\":5000},{\"@type\":\"BreadcrumbList\",\"@id\":\"https:\/\/zoo-land.az\/ru\/shop\/cat\/cat-hygenic\/cat-hairwashes\/wilda-siberica-shampoo-glow-400-ml\/#breadcrumb\",\"itemListElement\":[{\"@type\":\"ListItem\",\"position\":1,\"name\":\"Home\",\"item\":\"https:\/\/zoo-land.az\/ru\/\"},{\"@type\":\"ListItem\",\"position\":2,\"name\":\"Shop\",\"item\":\"https:\/\/zoo-land.az\/ru\/\"},{\"@type\":\"ListItem\",\"position\":3,\"name\":\"Wilda Siberica Shampoo Glow 400 ml\"}]},{\"@type\":\"WebSite\",\"@id\":\"https:\/\/zoo-land.az\/#website\",\"url\":\"https:\/\/zoo-land.az\/\",\"name\":\"Zooland.az\",\"description\":\"Xo\u015fb\u0259xt ev heyvanlar\u0131n\u0131n \u00fcnvan\u0131 Zooland.az\",\"publisher\":{\"@id\":\"https:\/\/zoo-land.az\/#organization\"},\"potentialAction\":[{\"@type\":\"SearchAction\",\"target\":{\"@type\":\"EntryPoint\",\"urlTemplate\":\"https:\/\/zoo-land.az\/?s={search_term_string}\"},\"query-input\":{\"@type\":\"PropertyValueSpecification\",\"valueRequired\":true,\"valueName\":\"search_term_string\"}}],\"inLanguage\":\"ru-RU\"},{\"@type\":\"Organization\",\"@id\":\"https:\/\/zoo-land.az\/#organization\",\"name\":\"Zooland.az\",\"url\":\"https:\/\/zoo-land.az\/\",\"logo\":{\"@type\":\"ImageObject\",\"inLanguage\":\"ru-RU\",\"@id\":\"https:\/\/zoo-land.az\/#\/schema\/logo\/image\/\",\"url\":\"https:\/\/zoo-land.az\/wp-content\/uploads\/2022\/05\/logo.svg\",\"contentUrl\":\"https:\/\/zoo-land.az\/wp-content\/uploads\/2022\/05\/logo.svg\",\"width\":113,\"height\":46,\"caption\":\"Zooland.az\"},\"image\":{\"@id\":\"https:\/\/zoo-land.az\/#\/schema\/logo\/image\/\"}}]}<\/script>\n<!-- \/ Yoast SEO plugin. -->","yoast_head_json":{"title":"Wilda Siberica Shampoo Glow 400 ml - Zooland.az","robots":{"index":"index","follow":"follow","max-snippet":"max-snippet:-1","max-image-preview":"max-image-preview:large","max-video-preview":"max-video-preview:-1"},"canonical":"https:\/\/zoo-land.az\/ru\/shop\/cat\/cat-hygenic\/cat-hairwashes\/wilda-siberica-shampoo-glow-400-ml\/","og_locale":"ru_RU","og_type":"article","og_title":"Wilda Siberica Shampoo Glow 400 ml - Zooland.az","og_description":"NOT BRIGHT AS A WILD RABBIT  for pets with dull coat without COLOR and VOLUME.","og_url":"https:\/\/zoo-land.az\/ru\/shop\/cat\/cat-hygenic\/cat-hairwashes\/wilda-siberica-shampoo-glow-400-ml\/","og_site_name":"Zooland.az","article_modified_time":"2024-06-21T06:10:51+00:00","og_image":[{"width":1024,"height":1024,"url":"https:\/\/zoo-land.az\/wp-content\/uploads\/2024\/06\/4_5-1024x1024.png","type":"image\/png"}],"twitter_card":"summary_large_image","twitter_misc":{"\u041f\u0440\u0438\u043c\u0435\u0440\u043d\u043e\u0435 \u0432\u0440\u0435\u043c\u044f \u0434\u043b\u044f \u0447\u0442\u0435\u043d\u0438\u044f":"2 \u043c\u0438\u043d\u0443\u0442\u044b"},"schema":{"@context":"https:\/\/schema.org","@graph":[{"@type":"WebPage","@id":"https:\/\/zoo-land.az\/ru\/shop\/cat\/cat-hygenic\/cat-hairwashes\/wilda-siberica-shampoo-glow-400-ml\/","url":"https:\/\/zoo-land.az\/ru\/shop\/cat\/cat-hygenic\/cat-hairwashes\/wilda-siberica-shampoo-glow-400-ml\/","name":"Wilda Siberica Shampoo Glow 400 ml - Zooland.az","isPartOf":{"@id":"https:\/\/zoo-land.az\/#website"},"primaryImageOfPage":{"@id":"https:\/\/zoo-land.az\/ru\/shop\/cat\/cat-hygenic\/cat-hairwashes\/wilda-siberica-shampoo-glow-400-ml\/#primaryimage"},"image":{"@id":"https:\/\/zoo-land.az\/ru\/shop\/cat\/cat-hygenic\/cat-hairwashes\/wilda-siberica-shampoo-glow-400-ml\/#primaryimage"},"thumbnailUrl":"https:\/\/zoo-land.az\/wp-content\/uploads\/2024\/06\/4_5.png","datePublished":"2024-06-21T06:10:50+00:00","dateModified":"2024-06-21T06:10:51+00:00","breadcrumb":{"@id":"https:\/\/zoo-land.az\/ru\/shop\/cat\/cat-hygenic\/cat-hairwashes\/wilda-siberica-shampoo-glow-400-ml\/#breadcrumb"},"inLanguage":"ru-RU","potentialAction":[{"@type":"ReadAction","target":["https:\/\/zoo-land.az\/ru\/shop\/cat\/cat-hygenic\/cat-hairwashes\/wilda-siberica-shampoo-glow-400-ml\/"]}]},{"@type":"ImageObject","inLanguage":"ru-RU","@id":"https:\/\/zoo-land.az\/ru\/shop\/cat\/cat-hygenic\/cat-hairwashes\/wilda-siberica-shampoo-glow-400-ml\/#primaryimage","url":"https:\/\/zoo-land.az\/wp-content\/uploads\/2024\/06\/4_5.png","contentUrl":"https:\/\/zoo-land.az\/wp-content\/uploads\/2024\/06\/4_5.png","width":5000,"height":5000},{"@type":"BreadcrumbList","@id":"https:\/\/zoo-land.az\/ru\/shop\/cat\/cat-hygenic\/cat-hairwashes\/wilda-siberica-shampoo-glow-400-ml\/#breadcrumb","itemListElement":[{"@type":"ListItem","position":1,"name":"Home","item":"https:\/\/zoo-land.az\/ru\/"},{"@type":"ListItem","position":2,"name":"Shop","item":"https:\/\/zoo-land.az\/ru\/"},{"@type":"ListItem","position":3,"name":"Wilda Siberica Shampoo Glow 400 ml"}]},{"@type":"WebSite","@id":"https:\/\/zoo-land.az\/#website","url":"https:\/\/zoo-land.az\/","name":"Zooland.az","description":"Xo\u015fb\u0259xt ev heyvanlar\u0131n\u0131n \u00fcnvan\u0131 Zooland.az","publisher":{"@id":"https:\/\/zoo-land.az\/#organization"},"potentialAction":[{"@type":"SearchAction","target":{"@type":"EntryPoint","urlTemplate":"https:\/\/zoo-land.az\/?s={search_term_string}"},"query-input":{"@type":"PropertyValueSpecification","valueRequired":true,"valueName":"search_term_string"}}],"inLanguage":"ru-RU"},{"@type":"Organization","@id":"https:\/\/zoo-land.az\/#organization","name":"Zooland.az","url":"https:\/\/zoo-land.az\/","logo":{"@type":"ImageObject","inLanguage":"ru-RU","@id":"https:\/\/zoo-land.az\/#\/schema\/logo\/image\/","url":"https:\/\/zoo-land.az\/wp-content\/uploads\/2022\/05\/logo.svg","contentUrl":"https:\/\/zoo-land.az\/wp-content\/uploads\/2022\/05\/logo.svg","width":113,"height":46,"caption":"Zooland.az"},"image":{"@id":"https:\/\/zoo-land.az\/#\/schema\/logo\/image\/"}}]}},"_links":{"self":[{"href":"https:\/\/zoo-land.az\/ru\/wp-json\/wp\/v2\/product\/24193","targetHints":{"allow":["GET"]}}],"collection":[{"href":"https:\/\/zoo-land.az\/ru\/wp-json\/wp\/v2\/product"}],"about":[{"href":"https:\/\/zoo-land.az\/ru\/wp-json\/wp\/v2\/types\/product"}],"wp:featuredmedia":[{"embeddable":true,"href":"https:\/\/zoo-land.az\/ru\/wp-json\/wp\/v2\/media\/24194"}],"wp:attachment":[{"href":"https:\/\/zoo-land.az\/ru\/wp-json\/wp\/v2\/media?parent=24193"}],"wp:term":[{"taxonomy":"product_cat","embeddable":true,"href":"https:\/\/zoo-land.az\/ru\/wp-json\/wp\/v2\/product_cat?post=24193"},{"taxonomy":"product_tag","embeddable":true,"href":"https:\/\/zoo-land.az\/ru\/wp-json\/wp\/v2\/product_tag?post=24193"}],"curies":[{"name":"wp","href":"https:\/\/api.w.org\/{rel}","templated":true}]}}