{"id":24225,"date":"2024-06-21T07:46:09","date_gmt":"2024-06-21T07:46:09","guid":{"rendered":"https:\/\/lightsteelblue-zebra-299715.hostingersite.com\/?post_type=product&#038;p=24225"},"modified":"2024-06-21T07:46:09","modified_gmt":"2024-06-21T07:46:09","slug":"wilda-siberica-conditioner-detangling-400-ml","status":"publish","type":"product","link":"https:\/\/zoo-land.az\/ru\/shop\/cat\/cat-hygenic\/cat-hairwashes\/wilda-siberica-conditioner-detangling-400-ml\/","title":{"rendered":"Wilda Siberica \u041a\u043e\u043d\u0434\u0438\u0446\u0438\u043e\u043d\u0435\u0440 \u0440\u0430\u0441\u043f\u0443\u0442\u044b\u0432\u0430\u044e\u0449\u0438\u0439 \u0432\u043e\u043b\u043e\u0441\u044b 400 \u043c\u043b"},"content":{"rendered":"<p><strong>BE SMOOTH AS AN AMUR TIGER<\/strong><\/p>\n<p>For LONG and MEDIUM coats. EASY AND CAREFUL REMOVAL.<\/p>\n<p>EXTRACTS AND OILS OF WILD SIBERIA<\/p>\n<p>Wild Amur velvet<br \/>\nSiberian ginseng<br \/>\nCedar oil<br \/>\nRhodiola Rosea hydrolate<\/p>\n<p>Wild amur velvet trees provide a natural habitat for tigers. They like to rest where it grows and rub their coat on its bark. The tiger can also eat berries from the tree. Amur velvet is rich in vitamins, essential oils and polysaccharides. They feed the tiger\u2019s coat. Siberian ginseng is filled with vitamins A, B and C and organic acids that moisturize the coat, making it fresh and easy to tear.<\/p>\n<p><strong>SUITABLE FOR DOGS AND CATS<\/strong><\/p>\n<p>Wilda Siberica is a certified organic animal hair care series produced in ESTONIA!<\/p>\n<p>Detangling Controlled Organic Conditioner for Long and Medium Hair. Ensures easy and effective hair removal.<\/p>\n<p>-Around the forest cork trees is a natural habitat for tigers. They rest on the trees and rub against the bark. Tigers also often eat berries that grow on trees.<\/p>\n<p>-Aurian bark extract is rich in vitamins, essential oils and polysaccharides \u2013 they nourish tigers\u2019 skin and fur.<\/p>\n<p>-Siberian ginseng is rich in vitamins \u0410, \u0412 and C and organic acids that nourish the fur of animals and make it fresh and easy to comb.<\/p>\n<p>-Rose-scented golden root hydrolate has a moisturizing effect and makes the coat soft and shiny.<\/p>\n<p>Use: use on damp hair after washing. Rub thoroughly into the coat. Rinse and repeat if necessary. Comb and brush the hair when it is dry.<\/p>\n<p><span style=\"font-size: 1.618em;\">Chemicals<\/span><\/p>\n<div class=\"product-chemicals\">\n<ul class=\"product-chemicals-list list-dash\">\n<li class=\"product-chemicals-list-item\">0% parabens<\/li>\n<li class=\"product-chemicals-list-item\">0% SLES<\/li>\n<li class=\"product-chemicals-list-item\">0% SLS<\/li>\n<\/ul>\n<\/div>","protected":false},"excerpt":{"rendered":"<p><strong>BE SMOOTH AS AN AMUR TIGER<\/strong><\/p>\n<p>For LONG and MEDIUM coats. EASY AND CAREFUL REMOVAL.<\/p>\n<p>EXTRACTS AND OILS OF WILD SIBERIA<\/p>","protected":false},"featured_media":24226,"template":"","meta":{"inline_featured_image":false,"_joinchat":[]},"product_cat":[188,107,166,199,355,200],"product_tag":[],"class_list":{"0":"post-24225","1":"product","2":"type-product","3":"status-publish","4":"has-post-thumbnail","6":"product_brand-natura-siberica","7":"product_cat-cat","8":"product_cat-dog","9":"product_cat-dog-hygenic","10":"product_cat-cat-hygenic","11":"product_cat-shampoo","12":"product_cat-cat-hairwashes","14":"first","15":"instock","16":"shipping-taxable","17":"purchasable","18":"product-type-simple"},"yoast_head":"<!-- This site is optimized with the Yoast SEO plugin v26.7 - https:\/\/yoast.com\/wordpress\/plugins\/seo\/ -->\n<title>Wilda Siberica Conditioner Detangling 400 ml - Zooland.az<\/title>\n<meta name=\"robots\" content=\"index, follow, max-snippet:-1, max-image-preview:large, max-video-preview:-1\" \/>\n<link rel=\"canonical\" href=\"https:\/\/zoo-land.az\/ru\/shop\/cat\/cat-hygenic\/cat-hairwashes\/wilda-siberica-conditioner-detangling-400-ml\/\" \/>\n<meta property=\"og:locale\" content=\"ru_RU\" \/>\n<meta property=\"og:type\" content=\"article\" \/>\n<meta property=\"og:title\" content=\"Wilda Siberica Conditioner Detangling 400 ml - Zooland.az\" \/>\n<meta property=\"og:description\" content=\"BE SMOOTH AS AN AMUR TIGER  For LONG and MEDIUM coats. EASY AND CAREFUL REMOVAL.  EXTRACTS AND OILS OF WILD SIBERIA\" \/>\n<meta property=\"og:url\" content=\"https:\/\/zoo-land.az\/ru\/shop\/cat\/cat-hygenic\/cat-hairwashes\/wilda-siberica-conditioner-detangling-400-ml\/\" \/>\n<meta property=\"og:site_name\" content=\"Zooland.az\" \/>\n<meta property=\"og:image\" content=\"https:\/\/zoo-land.az\/wp-content\/uploads\/2024\/06\/11_2-1024x1024.png\" \/>\n\t<meta property=\"og:image:width\" content=\"1024\" \/>\n\t<meta property=\"og:image:height\" content=\"1024\" \/>\n\t<meta property=\"og:image:type\" content=\"image\/png\" \/>\n<meta name=\"twitter:card\" content=\"summary_large_image\" \/>\n<meta name=\"twitter:label1\" content=\"\u041f\u0440\u0438\u043c\u0435\u0440\u043d\u043e\u0435 \u0432\u0440\u0435\u043c\u044f \u0434\u043b\u044f \u0447\u0442\u0435\u043d\u0438\u044f\" \/>\n\t<meta name=\"twitter:data1\" content=\"2 \u043c\u0438\u043d\u0443\u0442\u044b\" \/>\n<script type=\"application\/ld+json\" class=\"yoast-schema-graph\">{\"@context\":\"https:\/\/schema.org\",\"@graph\":[{\"@type\":\"WebPage\",\"@id\":\"https:\/\/zoo-land.az\/shop\/cat\/cat-hygenic\/cat-hairwashes\/wilda-siberica-conditioner-detangling-400-ml\/\",\"url\":\"https:\/\/zoo-land.az\/shop\/cat\/cat-hygenic\/cat-hairwashes\/wilda-siberica-conditioner-detangling-400-ml\/\",\"name\":\"Wilda Siberica Conditioner Detangling 400 ml - Zooland.az\",\"isPartOf\":{\"@id\":\"https:\/\/zoo-land.az\/#website\"},\"primaryImageOfPage\":{\"@id\":\"https:\/\/zoo-land.az\/shop\/cat\/cat-hygenic\/cat-hairwashes\/wilda-siberica-conditioner-detangling-400-ml\/#primaryimage\"},\"image\":{\"@id\":\"https:\/\/zoo-land.az\/shop\/cat\/cat-hygenic\/cat-hairwashes\/wilda-siberica-conditioner-detangling-400-ml\/#primaryimage\"},\"thumbnailUrl\":\"https:\/\/zoo-land.az\/wp-content\/uploads\/2024\/06\/11_2.png\",\"datePublished\":\"2024-06-21T07:46:09+00:00\",\"breadcrumb\":{\"@id\":\"https:\/\/zoo-land.az\/shop\/cat\/cat-hygenic\/cat-hairwashes\/wilda-siberica-conditioner-detangling-400-ml\/#breadcrumb\"},\"inLanguage\":\"ru-RU\",\"potentialAction\":[{\"@type\":\"ReadAction\",\"target\":[\"https:\/\/zoo-land.az\/shop\/cat\/cat-hygenic\/cat-hairwashes\/wilda-siberica-conditioner-detangling-400-ml\/\"]}]},{\"@type\":\"ImageObject\",\"inLanguage\":\"ru-RU\",\"@id\":\"https:\/\/zoo-land.az\/shop\/cat\/cat-hygenic\/cat-hairwashes\/wilda-siberica-conditioner-detangling-400-ml\/#primaryimage\",\"url\":\"https:\/\/zoo-land.az\/wp-content\/uploads\/2024\/06\/11_2.png\",\"contentUrl\":\"https:\/\/zoo-land.az\/wp-content\/uploads\/2024\/06\/11_2.png\",\"width\":5000,\"height\":5000},{\"@type\":\"BreadcrumbList\",\"@id\":\"https:\/\/zoo-land.az\/shop\/cat\/cat-hygenic\/cat-hairwashes\/wilda-siberica-conditioner-detangling-400-ml\/#breadcrumb\",\"itemListElement\":[{\"@type\":\"ListItem\",\"position\":1,\"name\":\"Home\",\"item\":\"https:\/\/zoo-land.az\/ru\/\"},{\"@type\":\"ListItem\",\"position\":2,\"name\":\"Shop\",\"item\":\"https:\/\/zoo-land.az\/ru\/\"},{\"@type\":\"ListItem\",\"position\":3,\"name\":\"Wilda Siberica Conditioner Detangling 400 ml\"}]},{\"@type\":\"WebSite\",\"@id\":\"https:\/\/zoo-land.az\/#website\",\"url\":\"https:\/\/zoo-land.az\/\",\"name\":\"Zooland.az\",\"description\":\"Xo\u015fb\u0259xt ev heyvanlar\u0131n\u0131n \u00fcnvan\u0131 Zooland.az\",\"publisher\":{\"@id\":\"https:\/\/zoo-land.az\/#organization\"},\"potentialAction\":[{\"@type\":\"SearchAction\",\"target\":{\"@type\":\"EntryPoint\",\"urlTemplate\":\"https:\/\/zoo-land.az\/?s={search_term_string}\"},\"query-input\":{\"@type\":\"PropertyValueSpecification\",\"valueRequired\":true,\"valueName\":\"search_term_string\"}}],\"inLanguage\":\"ru-RU\"},{\"@type\":\"Organization\",\"@id\":\"https:\/\/zoo-land.az\/#organization\",\"name\":\"Zooland.az\",\"url\":\"https:\/\/zoo-land.az\/\",\"logo\":{\"@type\":\"ImageObject\",\"inLanguage\":\"ru-RU\",\"@id\":\"https:\/\/zoo-land.az\/#\/schema\/logo\/image\/\",\"url\":\"https:\/\/zoo-land.az\/wp-content\/uploads\/2022\/05\/logo.svg\",\"contentUrl\":\"https:\/\/zoo-land.az\/wp-content\/uploads\/2022\/05\/logo.svg\",\"width\":113,\"height\":46,\"caption\":\"Zooland.az\"},\"image\":{\"@id\":\"https:\/\/zoo-land.az\/#\/schema\/logo\/image\/\"}}]}<\/script>\n<!-- \/ Yoast SEO plugin. -->","yoast_head_json":{"title":"Wilda Siberica Conditioner Detangling 400 ml - Zooland.az","robots":{"index":"index","follow":"follow","max-snippet":"max-snippet:-1","max-image-preview":"max-image-preview:large","max-video-preview":"max-video-preview:-1"},"canonical":"https:\/\/zoo-land.az\/ru\/shop\/cat\/cat-hygenic\/cat-hairwashes\/wilda-siberica-conditioner-detangling-400-ml\/","og_locale":"ru_RU","og_type":"article","og_title":"Wilda Siberica Conditioner Detangling 400 ml - Zooland.az","og_description":"BE SMOOTH AS AN AMUR TIGER  For LONG and MEDIUM coats. EASY AND CAREFUL REMOVAL.  EXTRACTS AND OILS OF WILD SIBERIA","og_url":"https:\/\/zoo-land.az\/ru\/shop\/cat\/cat-hygenic\/cat-hairwashes\/wilda-siberica-conditioner-detangling-400-ml\/","og_site_name":"Zooland.az","og_image":[{"width":1024,"height":1024,"url":"https:\/\/zoo-land.az\/wp-content\/uploads\/2024\/06\/11_2-1024x1024.png","type":"image\/png"}],"twitter_card":"summary_large_image","twitter_misc":{"\u041f\u0440\u0438\u043c\u0435\u0440\u043d\u043e\u0435 \u0432\u0440\u0435\u043c\u044f \u0434\u043b\u044f \u0447\u0442\u0435\u043d\u0438\u044f":"2 \u043c\u0438\u043d\u0443\u0442\u044b"},"schema":{"@context":"https:\/\/schema.org","@graph":[{"@type":"WebPage","@id":"https:\/\/zoo-land.az\/shop\/cat\/cat-hygenic\/cat-hairwashes\/wilda-siberica-conditioner-detangling-400-ml\/","url":"https:\/\/zoo-land.az\/shop\/cat\/cat-hygenic\/cat-hairwashes\/wilda-siberica-conditioner-detangling-400-ml\/","name":"Wilda Siberica Conditioner Detangling 400 ml - Zooland.az","isPartOf":{"@id":"https:\/\/zoo-land.az\/#website"},"primaryImageOfPage":{"@id":"https:\/\/zoo-land.az\/shop\/cat\/cat-hygenic\/cat-hairwashes\/wilda-siberica-conditioner-detangling-400-ml\/#primaryimage"},"image":{"@id":"https:\/\/zoo-land.az\/shop\/cat\/cat-hygenic\/cat-hairwashes\/wilda-siberica-conditioner-detangling-400-ml\/#primaryimage"},"thumbnailUrl":"https:\/\/zoo-land.az\/wp-content\/uploads\/2024\/06\/11_2.png","datePublished":"2024-06-21T07:46:09+00:00","breadcrumb":{"@id":"https:\/\/zoo-land.az\/shop\/cat\/cat-hygenic\/cat-hairwashes\/wilda-siberica-conditioner-detangling-400-ml\/#breadcrumb"},"inLanguage":"ru-RU","potentialAction":[{"@type":"ReadAction","target":["https:\/\/zoo-land.az\/shop\/cat\/cat-hygenic\/cat-hairwashes\/wilda-siberica-conditioner-detangling-400-ml\/"]}]},{"@type":"ImageObject","inLanguage":"ru-RU","@id":"https:\/\/zoo-land.az\/shop\/cat\/cat-hygenic\/cat-hairwashes\/wilda-siberica-conditioner-detangling-400-ml\/#primaryimage","url":"https:\/\/zoo-land.az\/wp-content\/uploads\/2024\/06\/11_2.png","contentUrl":"https:\/\/zoo-land.az\/wp-content\/uploads\/2024\/06\/11_2.png","width":5000,"height":5000},{"@type":"BreadcrumbList","@id":"https:\/\/zoo-land.az\/shop\/cat\/cat-hygenic\/cat-hairwashes\/wilda-siberica-conditioner-detangling-400-ml\/#breadcrumb","itemListElement":[{"@type":"ListItem","position":1,"name":"Home","item":"https:\/\/zoo-land.az\/ru\/"},{"@type":"ListItem","position":2,"name":"Shop","item":"https:\/\/zoo-land.az\/ru\/"},{"@type":"ListItem","position":3,"name":"Wilda Siberica Conditioner Detangling 400 ml"}]},{"@type":"WebSite","@id":"https:\/\/zoo-land.az\/#website","url":"https:\/\/zoo-land.az\/","name":"Zooland.az","description":"Xo\u015fb\u0259xt ev heyvanlar\u0131n\u0131n \u00fcnvan\u0131 Zooland.az","publisher":{"@id":"https:\/\/zoo-land.az\/#organization"},"potentialAction":[{"@type":"SearchAction","target":{"@type":"EntryPoint","urlTemplate":"https:\/\/zoo-land.az\/?s={search_term_string}"},"query-input":{"@type":"PropertyValueSpecification","valueRequired":true,"valueName":"search_term_string"}}],"inLanguage":"ru-RU"},{"@type":"Organization","@id":"https:\/\/zoo-land.az\/#organization","name":"Zooland.az","url":"https:\/\/zoo-land.az\/","logo":{"@type":"ImageObject","inLanguage":"ru-RU","@id":"https:\/\/zoo-land.az\/#\/schema\/logo\/image\/","url":"https:\/\/zoo-land.az\/wp-content\/uploads\/2022\/05\/logo.svg","contentUrl":"https:\/\/zoo-land.az\/wp-content\/uploads\/2022\/05\/logo.svg","width":113,"height":46,"caption":"Zooland.az"},"image":{"@id":"https:\/\/zoo-land.az\/#\/schema\/logo\/image\/"}}]}},"_links":{"self":[{"href":"https:\/\/zoo-land.az\/ru\/wp-json\/wp\/v2\/product\/24225","targetHints":{"allow":["GET"]}}],"collection":[{"href":"https:\/\/zoo-land.az\/ru\/wp-json\/wp\/v2\/product"}],"about":[{"href":"https:\/\/zoo-land.az\/ru\/wp-json\/wp\/v2\/types\/product"}],"wp:featuredmedia":[{"embeddable":true,"href":"https:\/\/zoo-land.az\/ru\/wp-json\/wp\/v2\/media\/24226"}],"wp:attachment":[{"href":"https:\/\/zoo-land.az\/ru\/wp-json\/wp\/v2\/media?parent=24225"}],"wp:term":[{"taxonomy":"product_cat","embeddable":true,"href":"https:\/\/zoo-land.az\/ru\/wp-json\/wp\/v2\/product_cat?post=24225"},{"taxonomy":"product_tag","embeddable":true,"href":"https:\/\/zoo-land.az\/ru\/wp-json\/wp\/v2\/product_tag?post=24225"}],"curies":[{"name":"wp","href":"https:\/\/api.w.org\/{rel}","templated":true}]}}