{"id":24279,"date":"2024-06-21T09:33:14","date_gmt":"2024-06-21T09:33:14","guid":{"rendered":"https:\/\/lightsteelblue-zebra-299715.hostingersite.com\/?post_type=product&#038;p=24279"},"modified":"2024-06-21T09:33:14","modified_gmt":"2024-06-21T09:33:14","slug":"leash-amiplay-7-in-1-samba-m-in-green","status":"publish","type":"product","link":"https:\/\/zoo-land.az\/ru\/shop\/dog\/dog-accesories\/leash\/leash-amiplay-7-in-1-samba-m-in-green\/","title":{"rendered":"Leash Amiplay 7 in 1 Samba M in green"},"content":{"rendered":"<p>Manufacturer: Amiplay<br \/>\nSeries: Samba<br \/>\nModel: Adjustable Length 7in1<br \/>\nSize: M<br \/>\nMinimum Length: 100 cm<br \/>\nMaximum Length: 200 cm<br \/>\nWidth of Strap: 2 cm<br \/>\nMaterial: Polypropylene webbing<br \/>\nColor: Green<br \/>\nIntended for: Medium-sized breed dogs<br \/>\nMade from high-quality materials, ensuring strength and durability<br \/>\n7 usage possibilities<br \/>\nAdjustable for various sizes<br \/>\nExcellent for daily city walks and long hikes<br \/>\nSuitable for both adult dogs and puppies learning to walk on a leash<br \/>\nComfortable handle<br \/>\nSoft webbing<br \/>\nWeather-resistant<br \/>\nMade in Poland<\/p>\n<p>The Samba collection is a clear hit this summer. It&#8217;s the best choice for anyone tired of classics and looking to stand out. Amiplay has focused on comfort and designer colors to meet their customers&#8217; expectations. The entire Samba series is made from soft webbing treated to prevent scratching or chafing, even after prolonged contact with a dog&#8217;s skin. Innovative solutions have been applied to enhance the quality of the products, ensuring their reliability and even more enjoyable use.<\/p>","protected":false},"excerpt":{"rendered":"<p>The Samba collection is a clear hit this summer. It&#8217;s the best choice for anyone tired of classics and looking to stand out. Amiplay has focused on comfort and designer colors to meet their customers&#8217; expectations. The entire Samba series is made from soft webbing treated to prevent scratching or chafing, even after prolonged contact with a dog&#8217;s skin. Innovative solutions have been applied to enhance the quality of the products, ensuring their reliability and even more enjoyable use.<\/p>","protected":false},"featured_media":24280,"template":"","meta":{"inline_featured_image":false,"_joinchat":[]},"product_cat":[159,107,396],"product_tag":[],"class_list":{"0":"post-24279","1":"product","2":"type-product","3":"status-publish","4":"has-post-thumbnail","6":"product_brand-amiplay","7":"product_cat-dog-accesories","8":"product_cat-dog","9":"product_cat-leash","11":"first","12":"instock","13":"shipping-taxable","14":"purchasable","15":"product-type-simple"},"yoast_head":"<!-- This site is optimized with the Yoast SEO plugin v27.4 - https:\/\/yoast.com\/product\/yoast-seo-wordpress\/ -->\n<title>Leash Amiplay 7 in 1 Samba M in green - Zooland.az<\/title>\n<meta name=\"robots\" content=\"index, follow, max-snippet:-1, max-image-preview:large, max-video-preview:-1\" \/>\n<link rel=\"canonical\" href=\"https:\/\/zoo-land.az\/ru\/shop\/dog\/dog-accesories\/leash\/leash-amiplay-7-in-1-samba-m-in-green\/\" \/>\n<meta property=\"og:locale\" content=\"ru_RU\" \/>\n<meta property=\"og:type\" content=\"article\" \/>\n<meta property=\"og:title\" content=\"Leash Amiplay 7 in 1 Samba M in green - Zooland.az\" \/>\n<meta property=\"og:description\" content=\"The Samba collection is a clear hit this summer. It&#039;s the best choice for anyone tired of classics and looking to stand out. Amiplay has focused on comfort and designer colors to meet their customers&#039; expectations. The entire Samba series is made from soft webbing treated to prevent scratching or chafing, even after prolonged contact with a dog&#039;s skin. Innovative solutions have been applied to enhance the quality of the products, ensuring their reliability and even more enjoyable use.\" \/>\n<meta property=\"og:url\" content=\"https:\/\/zoo-land.az\/ru\/shop\/dog\/dog-accesories\/leash\/leash-amiplay-7-in-1-samba-m-in-green\/\" \/>\n<meta property=\"og:site_name\" content=\"Zooland.az\" \/>\n<meta property=\"og:image\" content=\"https:\/\/zoo-land.az\/wp-content\/uploads\/2024\/06\/amiplay-reguliuojamas-pavadelis-7-in-1-samba_reference.jpg\" \/>\n\t<meta property=\"og:image:width\" content=\"1365\" \/>\n\t<meta property=\"og:image:height\" content=\"1024\" \/>\n\t<meta property=\"og:image:type\" content=\"image\/jpeg\" \/>\n<meta name=\"twitter:card\" content=\"summary_large_image\" \/>\n<meta name=\"twitter:label1\" content=\"\u041f\u0440\u0438\u043c\u0435\u0440\u043d\u043e\u0435 \u0432\u0440\u0435\u043c\u044f \u0434\u043b\u044f \u0447\u0442\u0435\u043d\u0438\u044f\" \/>\n\t<meta name=\"twitter:data1\" content=\"1 \u043c\u0438\u043d\u0443\u0442\u0430\" \/>\n<script type=\"application\/ld+json\" class=\"yoast-schema-graph\">{\"@context\":\"https:\\\/\\\/schema.org\",\"@graph\":[{\"@type\":\"WebPage\",\"@id\":\"https:\\\/\\\/zoo-land.az\\\/shop\\\/dog\\\/dog-accesories\\\/leash\\\/leash-amiplay-7-in-1-samba-m-in-green\\\/\",\"url\":\"https:\\\/\\\/zoo-land.az\\\/shop\\\/dog\\\/dog-accesories\\\/leash\\\/leash-amiplay-7-in-1-samba-m-in-green\\\/\",\"name\":\"Leash Amiplay 7 in 1 Samba M in green - Zooland.az\",\"isPartOf\":{\"@id\":\"https:\\\/\\\/zoo-land.az\\\/#website\"},\"primaryImageOfPage\":{\"@id\":\"https:\\\/\\\/zoo-land.az\\\/shop\\\/dog\\\/dog-accesories\\\/leash\\\/leash-amiplay-7-in-1-samba-m-in-green\\\/#primaryimage\"},\"image\":{\"@id\":\"https:\\\/\\\/zoo-land.az\\\/shop\\\/dog\\\/dog-accesories\\\/leash\\\/leash-amiplay-7-in-1-samba-m-in-green\\\/#primaryimage\"},\"thumbnailUrl\":\"https:\\\/\\\/zoo-land.az\\\/wp-content\\\/uploads\\\/2024\\\/06\\\/amiplay-reguliuojamas-pavadelis-7-in-1-samba_reference.jpg\",\"datePublished\":\"2024-06-21T09:33:14+00:00\",\"breadcrumb\":{\"@id\":\"https:\\\/\\\/zoo-land.az\\\/shop\\\/dog\\\/dog-accesories\\\/leash\\\/leash-amiplay-7-in-1-samba-m-in-green\\\/#breadcrumb\"},\"inLanguage\":\"ru-RU\",\"potentialAction\":[{\"@type\":\"ReadAction\",\"target\":[\"https:\\\/\\\/zoo-land.az\\\/shop\\\/dog\\\/dog-accesories\\\/leash\\\/leash-amiplay-7-in-1-samba-m-in-green\\\/\"]}]},{\"@type\":\"ImageObject\",\"inLanguage\":\"ru-RU\",\"@id\":\"https:\\\/\\\/zoo-land.az\\\/shop\\\/dog\\\/dog-accesories\\\/leash\\\/leash-amiplay-7-in-1-samba-m-in-green\\\/#primaryimage\",\"url\":\"https:\\\/\\\/zoo-land.az\\\/wp-content\\\/uploads\\\/2024\\\/06\\\/amiplay-reguliuojamas-pavadelis-7-in-1-samba_reference.jpg\",\"contentUrl\":\"https:\\\/\\\/zoo-land.az\\\/wp-content\\\/uploads\\\/2024\\\/06\\\/amiplay-reguliuojamas-pavadelis-7-in-1-samba_reference.jpg\",\"width\":1365,\"height\":1024},{\"@type\":\"BreadcrumbList\",\"@id\":\"https:\\\/\\\/zoo-land.az\\\/shop\\\/dog\\\/dog-accesories\\\/leash\\\/leash-amiplay-7-in-1-samba-m-in-green\\\/#breadcrumb\",\"itemListElement\":[{\"@type\":\"ListItem\",\"position\":1,\"name\":\"Home\",\"item\":\"https:\\\/\\\/zoo-land.az\\\/ru\\\/\"},{\"@type\":\"ListItem\",\"position\":2,\"name\":\"Shop\",\"item\":\"https:\\\/\\\/zoo-land.az\\\/ru\\\/\"},{\"@type\":\"ListItem\",\"position\":3,\"name\":\"Leash Amiplay 7 in 1 Samba M in green\"}]},{\"@type\":\"WebSite\",\"@id\":\"https:\\\/\\\/zoo-land.az\\\/#website\",\"url\":\"https:\\\/\\\/zoo-land.az\\\/\",\"name\":\"Zooland.az\",\"description\":\"Xo\u015fb\u0259xt ev heyvanlar\u0131n\u0131n \u00fcnvan\u0131 Zooland.az\",\"publisher\":{\"@id\":\"https:\\\/\\\/zoo-land.az\\\/#organization\"},\"potentialAction\":[{\"@type\":\"SearchAction\",\"target\":{\"@type\":\"EntryPoint\",\"urlTemplate\":\"https:\\\/\\\/zoo-land.az\\\/?s={search_term_string}\"},\"query-input\":{\"@type\":\"PropertyValueSpecification\",\"valueRequired\":true,\"valueName\":\"search_term_string\"}}],\"inLanguage\":\"ru-RU\"},{\"@type\":\"Organization\",\"@id\":\"https:\\\/\\\/zoo-land.az\\\/#organization\",\"name\":\"Zooland.az\",\"url\":\"https:\\\/\\\/zoo-land.az\\\/\",\"logo\":{\"@type\":\"ImageObject\",\"inLanguage\":\"ru-RU\",\"@id\":\"https:\\\/\\\/zoo-land.az\\\/#\\\/schema\\\/logo\\\/image\\\/\",\"url\":\"https:\\\/\\\/zoo-land.az\\\/wp-content\\\/uploads\\\/2022\\\/05\\\/logo.svg\",\"contentUrl\":\"https:\\\/\\\/zoo-land.az\\\/wp-content\\\/uploads\\\/2022\\\/05\\\/logo.svg\",\"width\":113,\"height\":46,\"caption\":\"Zooland.az\"},\"image\":{\"@id\":\"https:\\\/\\\/zoo-land.az\\\/#\\\/schema\\\/logo\\\/image\\\/\"}}]}<\/script>\n<!-- \/ Yoast SEO plugin. -->","yoast_head_json":{"title":"Leash Amiplay 7 in 1 Samba M in green - Zooland.az","robots":{"index":"index","follow":"follow","max-snippet":"max-snippet:-1","max-image-preview":"max-image-preview:large","max-video-preview":"max-video-preview:-1"},"canonical":"https:\/\/zoo-land.az\/ru\/shop\/dog\/dog-accesories\/leash\/leash-amiplay-7-in-1-samba-m-in-green\/","og_locale":"ru_RU","og_type":"article","og_title":"Leash Amiplay 7 in 1 Samba M in green - Zooland.az","og_description":"The Samba collection is a clear hit this summer. It's the best choice for anyone tired of classics and looking to stand out. Amiplay has focused on comfort and designer colors to meet their customers' expectations. The entire Samba series is made from soft webbing treated to prevent scratching or chafing, even after prolonged contact with a dog's skin. Innovative solutions have been applied to enhance the quality of the products, ensuring their reliability and even more enjoyable use.","og_url":"https:\/\/zoo-land.az\/ru\/shop\/dog\/dog-accesories\/leash\/leash-amiplay-7-in-1-samba-m-in-green\/","og_site_name":"Zooland.az","og_image":[{"width":1365,"height":1024,"url":"https:\/\/zoo-land.az\/wp-content\/uploads\/2024\/06\/amiplay-reguliuojamas-pavadelis-7-in-1-samba_reference.jpg","type":"image\/jpeg"}],"twitter_card":"summary_large_image","twitter_misc":{"\u041f\u0440\u0438\u043c\u0435\u0440\u043d\u043e\u0435 \u0432\u0440\u0435\u043c\u044f \u0434\u043b\u044f \u0447\u0442\u0435\u043d\u0438\u044f":"1 \u043c\u0438\u043d\u0443\u0442\u0430"},"schema":{"@context":"https:\/\/schema.org","@graph":[{"@type":"WebPage","@id":"https:\/\/zoo-land.az\/shop\/dog\/dog-accesories\/leash\/leash-amiplay-7-in-1-samba-m-in-green\/","url":"https:\/\/zoo-land.az\/shop\/dog\/dog-accesories\/leash\/leash-amiplay-7-in-1-samba-m-in-green\/","name":"Leash Amiplay 7 in 1 Samba M in green - Zooland.az","isPartOf":{"@id":"https:\/\/zoo-land.az\/#website"},"primaryImageOfPage":{"@id":"https:\/\/zoo-land.az\/shop\/dog\/dog-accesories\/leash\/leash-amiplay-7-in-1-samba-m-in-green\/#primaryimage"},"image":{"@id":"https:\/\/zoo-land.az\/shop\/dog\/dog-accesories\/leash\/leash-amiplay-7-in-1-samba-m-in-green\/#primaryimage"},"thumbnailUrl":"https:\/\/zoo-land.az\/wp-content\/uploads\/2024\/06\/amiplay-reguliuojamas-pavadelis-7-in-1-samba_reference.jpg","datePublished":"2024-06-21T09:33:14+00:00","breadcrumb":{"@id":"https:\/\/zoo-land.az\/shop\/dog\/dog-accesories\/leash\/leash-amiplay-7-in-1-samba-m-in-green\/#breadcrumb"},"inLanguage":"ru-RU","potentialAction":[{"@type":"ReadAction","target":["https:\/\/zoo-land.az\/shop\/dog\/dog-accesories\/leash\/leash-amiplay-7-in-1-samba-m-in-green\/"]}]},{"@type":"ImageObject","inLanguage":"ru-RU","@id":"https:\/\/zoo-land.az\/shop\/dog\/dog-accesories\/leash\/leash-amiplay-7-in-1-samba-m-in-green\/#primaryimage","url":"https:\/\/zoo-land.az\/wp-content\/uploads\/2024\/06\/amiplay-reguliuojamas-pavadelis-7-in-1-samba_reference.jpg","contentUrl":"https:\/\/zoo-land.az\/wp-content\/uploads\/2024\/06\/amiplay-reguliuojamas-pavadelis-7-in-1-samba_reference.jpg","width":1365,"height":1024},{"@type":"BreadcrumbList","@id":"https:\/\/zoo-land.az\/shop\/dog\/dog-accesories\/leash\/leash-amiplay-7-in-1-samba-m-in-green\/#breadcrumb","itemListElement":[{"@type":"ListItem","position":1,"name":"Home","item":"https:\/\/zoo-land.az\/ru\/"},{"@type":"ListItem","position":2,"name":"Shop","item":"https:\/\/zoo-land.az\/ru\/"},{"@type":"ListItem","position":3,"name":"Leash Amiplay 7 in 1 Samba M in green"}]},{"@type":"WebSite","@id":"https:\/\/zoo-land.az\/#website","url":"https:\/\/zoo-land.az\/","name":"Zooland.az","description":"Xo\u015fb\u0259xt ev heyvanlar\u0131n\u0131n \u00fcnvan\u0131 Zooland.az","publisher":{"@id":"https:\/\/zoo-land.az\/#organization"},"potentialAction":[{"@type":"SearchAction","target":{"@type":"EntryPoint","urlTemplate":"https:\/\/zoo-land.az\/?s={search_term_string}"},"query-input":{"@type":"PropertyValueSpecification","valueRequired":true,"valueName":"search_term_string"}}],"inLanguage":"ru-RU"},{"@type":"Organization","@id":"https:\/\/zoo-land.az\/#organization","name":"Zooland.az","url":"https:\/\/zoo-land.az\/","logo":{"@type":"ImageObject","inLanguage":"ru-RU","@id":"https:\/\/zoo-land.az\/#\/schema\/logo\/image\/","url":"https:\/\/zoo-land.az\/wp-content\/uploads\/2022\/05\/logo.svg","contentUrl":"https:\/\/zoo-land.az\/wp-content\/uploads\/2022\/05\/logo.svg","width":113,"height":46,"caption":"Zooland.az"},"image":{"@id":"https:\/\/zoo-land.az\/#\/schema\/logo\/image\/"}}]}},"_links":{"self":[{"href":"https:\/\/zoo-land.az\/ru\/wp-json\/wp\/v2\/product\/24279","targetHints":{"allow":["GET"]}}],"collection":[{"href":"https:\/\/zoo-land.az\/ru\/wp-json\/wp\/v2\/product"}],"about":[{"href":"https:\/\/zoo-land.az\/ru\/wp-json\/wp\/v2\/types\/product"}],"wp:featuredmedia":[{"embeddable":true,"href":"https:\/\/zoo-land.az\/ru\/wp-json\/wp\/v2\/media\/24280"}],"wp:attachment":[{"href":"https:\/\/zoo-land.az\/ru\/wp-json\/wp\/v2\/media?parent=24279"}],"wp:term":[{"taxonomy":"product_cat","embeddable":true,"href":"https:\/\/zoo-land.az\/ru\/wp-json\/wp\/v2\/product_cat?post=24279"},{"taxonomy":"product_tag","embeddable":true,"href":"https:\/\/zoo-land.az\/ru\/wp-json\/wp\/v2\/product_tag?post=24279"}],"curies":[{"name":"wp","href":"https:\/\/api.w.org\/{rel}","templated":true}]}}