{"id":24315,"date":"2024-06-21T10:39:29","date_gmt":"2024-06-21T10:39:29","guid":{"rendered":"https:\/\/lightsteelblue-zebra-299715.hostingersite.com\/?post_type=product&#038;p=24315"},"modified":"2024-06-21T10:39:59","modified_gmt":"2024-06-21T10:39:59","slug":"amiplay-oxford-t-shirt-25-cm-blue","status":"publish","type":"product","link":"https:\/\/zoo-land.az\/ru\/shop\/dog\/dog-clothes-shoes\/dog-clothes-summer\/amiplay-oxford-t-shirt-25-cm-blue\/","title":{"rendered":"\u0424\u0443\u0442\u0431\u043e\u043b\u043a\u0430 Amiplay Oxford 25 \u0441\u043c \u0441\u0438\u043d\u044f\u044f"},"content":{"rendered":"<p>Oxford T-shirts with collars are elegant spring and summer clothing designed for small dogs. Embroidered at the top right back is the emblem with the letter &#8216;A&#8217; and the inscription &#8216;AMIPLAY UNIVERSITY 2002&#8217;, evoking the brand&#8217;s long-standing traditions. They are available in four sizes and three colors.<\/p>","protected":false},"excerpt":{"rendered":"<p>Oxford T-shirts with collars are elegant spring and summer clothing designed for small dogs. Embroidered at the top right back is the emblem with the letter &#8216;A&#8217; and the inscription &#8216;AMIPLAY UNIVERSITY 2002&#8217;, evoking the brand&#8217;s long-standing traditions. They are available in four sizes and three colors.<\/p>","protected":false},"featured_media":23937,"template":"","meta":{"inline_featured_image":false,"_joinchat":[]},"product_cat":[181,183,107],"product_tag":[],"class_list":{"0":"post-24315","1":"product","2":"type-product","3":"status-publish","4":"has-post-thumbnail","6":"product_brand-amiplay","7":"product_cat-dog-clothes-shoes","8":"product_cat-dog-clothes-summer","9":"product_cat-dog","11":"first","12":"instock","13":"shipping-taxable","14":"purchasable","15":"product-type-simple"},"yoast_head":"<!-- This site is optimized with the Yoast SEO plugin v26.7 - https:\/\/yoast.com\/wordpress\/plugins\/seo\/ -->\n<title>Amiplay Oxford T-shirt 25 cm blue - Zooland.az<\/title>\n<meta name=\"robots\" content=\"index, follow, max-snippet:-1, max-image-preview:large, max-video-preview:-1\" \/>\n<link rel=\"canonical\" href=\"https:\/\/zoo-land.az\/ru\/shop\/dog\/dog-clothes-shoes\/dog-clothes-summer\/amiplay-oxford-t-shirt-25-cm-blue\/\" \/>\n<meta property=\"og:locale\" content=\"ru_RU\" \/>\n<meta property=\"og:type\" content=\"article\" \/>\n<meta property=\"og:title\" content=\"Amiplay Oxford T-shirt 25 cm blue - Zooland.az\" \/>\n<meta property=\"og:description\" content=\"Oxford T-shirts with collars are elegant spring and summer clothing designed for small dogs. Embroidered at the top right back is the emblem with the letter &#039;A&#039; and the inscription &#039;AMIPLAY UNIVERSITY 2002&#039;, evoking the brand&#039;s long-standing traditions. They are available in four sizes and three colors.\" \/>\n<meta property=\"og:url\" content=\"https:\/\/zoo-land.az\/ru\/shop\/dog\/dog-clothes-shoes\/dog-clothes-summer\/amiplay-oxford-t-shirt-25-cm-blue\/\" \/>\n<meta property=\"og:site_name\" content=\"Zooland.az\" \/>\n<meta property=\"article:modified_time\" content=\"2024-06-21T10:39:59+00:00\" \/>\n<meta property=\"og:image\" content=\"https:\/\/zoo-land.az\/wp-content\/uploads\/2024\/06\/519433f0108091e92d8cf0857269f31d.jpg\" \/>\n\t<meta property=\"og:image:width\" content=\"545\" \/>\n\t<meta property=\"og:image:height\" content=\"285\" \/>\n\t<meta property=\"og:image:type\" content=\"image\/jpeg\" \/>\n<meta name=\"twitter:card\" content=\"summary_large_image\" \/>\n<meta name=\"twitter:label1\" content=\"\u041f\u0440\u0438\u043c\u0435\u0440\u043d\u043e\u0435 \u0432\u0440\u0435\u043c\u044f \u0434\u043b\u044f \u0447\u0442\u0435\u043d\u0438\u044f\" \/>\n\t<meta name=\"twitter:data1\" content=\"1 \u043c\u0438\u043d\u0443\u0442\u0430\" \/>\n<script type=\"application\/ld+json\" class=\"yoast-schema-graph\">{\"@context\":\"https:\/\/schema.org\",\"@graph\":[{\"@type\":\"WebPage\",\"@id\":\"https:\/\/zoo-land.az\/shop\/dog\/dog-clothes-shoes\/dog-clothes-summer\/amiplay-oxford-t-shirt-25-cm-blue\/\",\"url\":\"https:\/\/zoo-land.az\/shop\/dog\/dog-clothes-shoes\/dog-clothes-summer\/amiplay-oxford-t-shirt-25-cm-blue\/\",\"name\":\"Amiplay Oxford T-shirt 25 cm blue - Zooland.az\",\"isPartOf\":{\"@id\":\"https:\/\/zoo-land.az\/#website\"},\"primaryImageOfPage\":{\"@id\":\"https:\/\/zoo-land.az\/shop\/dog\/dog-clothes-shoes\/dog-clothes-summer\/amiplay-oxford-t-shirt-25-cm-blue\/#primaryimage\"},\"image\":{\"@id\":\"https:\/\/zoo-land.az\/shop\/dog\/dog-clothes-shoes\/dog-clothes-summer\/amiplay-oxford-t-shirt-25-cm-blue\/#primaryimage\"},\"thumbnailUrl\":\"https:\/\/zoo-land.az\/wp-content\/uploads\/2024\/06\/519433f0108091e92d8cf0857269f31d.jpg\",\"datePublished\":\"2024-06-21T10:39:29+00:00\",\"dateModified\":\"2024-06-21T10:39:59+00:00\",\"breadcrumb\":{\"@id\":\"https:\/\/zoo-land.az\/shop\/dog\/dog-clothes-shoes\/dog-clothes-summer\/amiplay-oxford-t-shirt-25-cm-blue\/#breadcrumb\"},\"inLanguage\":\"ru-RU\",\"potentialAction\":[{\"@type\":\"ReadAction\",\"target\":[\"https:\/\/zoo-land.az\/shop\/dog\/dog-clothes-shoes\/dog-clothes-summer\/amiplay-oxford-t-shirt-25-cm-blue\/\"]}]},{\"@type\":\"ImageObject\",\"inLanguage\":\"ru-RU\",\"@id\":\"https:\/\/zoo-land.az\/shop\/dog\/dog-clothes-shoes\/dog-clothes-summer\/amiplay-oxford-t-shirt-25-cm-blue\/#primaryimage\",\"url\":\"https:\/\/zoo-land.az\/wp-content\/uploads\/2024\/06\/519433f0108091e92d8cf0857269f31d.jpg\",\"contentUrl\":\"https:\/\/zoo-land.az\/wp-content\/uploads\/2024\/06\/519433f0108091e92d8cf0857269f31d.jpg\",\"width\":545,\"height\":285},{\"@type\":\"BreadcrumbList\",\"@id\":\"https:\/\/zoo-land.az\/shop\/dog\/dog-clothes-shoes\/dog-clothes-summer\/amiplay-oxford-t-shirt-25-cm-blue\/#breadcrumb\",\"itemListElement\":[{\"@type\":\"ListItem\",\"position\":1,\"name\":\"Home\",\"item\":\"https:\/\/zoo-land.az\/ru\/\"},{\"@type\":\"ListItem\",\"position\":2,\"name\":\"Shop\",\"item\":\"https:\/\/zoo-land.az\/ru\/\"},{\"@type\":\"ListItem\",\"position\":3,\"name\":\"Amiplay Oxford T-shirt 25 cm blue\"}]},{\"@type\":\"WebSite\",\"@id\":\"https:\/\/zoo-land.az\/#website\",\"url\":\"https:\/\/zoo-land.az\/\",\"name\":\"Zooland.az\",\"description\":\"Xo\u015fb\u0259xt ev heyvanlar\u0131n\u0131n \u00fcnvan\u0131 Zooland.az\",\"publisher\":{\"@id\":\"https:\/\/zoo-land.az\/#organization\"},\"potentialAction\":[{\"@type\":\"SearchAction\",\"target\":{\"@type\":\"EntryPoint\",\"urlTemplate\":\"https:\/\/zoo-land.az\/?s={search_term_string}\"},\"query-input\":{\"@type\":\"PropertyValueSpecification\",\"valueRequired\":true,\"valueName\":\"search_term_string\"}}],\"inLanguage\":\"ru-RU\"},{\"@type\":\"Organization\",\"@id\":\"https:\/\/zoo-land.az\/#organization\",\"name\":\"Zooland.az\",\"url\":\"https:\/\/zoo-land.az\/\",\"logo\":{\"@type\":\"ImageObject\",\"inLanguage\":\"ru-RU\",\"@id\":\"https:\/\/zoo-land.az\/#\/schema\/logo\/image\/\",\"url\":\"https:\/\/zoo-land.az\/wp-content\/uploads\/2022\/05\/logo.svg\",\"contentUrl\":\"https:\/\/zoo-land.az\/wp-content\/uploads\/2022\/05\/logo.svg\",\"width\":113,\"height\":46,\"caption\":\"Zooland.az\"},\"image\":{\"@id\":\"https:\/\/zoo-land.az\/#\/schema\/logo\/image\/\"}}]}<\/script>\n<!-- \/ Yoast SEO plugin. -->","yoast_head_json":{"title":"Amiplay Oxford T-shirt 25 cm blue - Zooland.az","robots":{"index":"index","follow":"follow","max-snippet":"max-snippet:-1","max-image-preview":"max-image-preview:large","max-video-preview":"max-video-preview:-1"},"canonical":"https:\/\/zoo-land.az\/ru\/shop\/dog\/dog-clothes-shoes\/dog-clothes-summer\/amiplay-oxford-t-shirt-25-cm-blue\/","og_locale":"ru_RU","og_type":"article","og_title":"Amiplay Oxford T-shirt 25 cm blue - Zooland.az","og_description":"Oxford T-shirts with collars are elegant spring and summer clothing designed for small dogs. Embroidered at the top right back is the emblem with the letter 'A' and the inscription 'AMIPLAY UNIVERSITY 2002', evoking the brand's long-standing traditions. They are available in four sizes and three colors.","og_url":"https:\/\/zoo-land.az\/ru\/shop\/dog\/dog-clothes-shoes\/dog-clothes-summer\/amiplay-oxford-t-shirt-25-cm-blue\/","og_site_name":"Zooland.az","article_modified_time":"2024-06-21T10:39:59+00:00","og_image":[{"width":545,"height":285,"url":"https:\/\/zoo-land.az\/wp-content\/uploads\/2024\/06\/519433f0108091e92d8cf0857269f31d.jpg","type":"image\/jpeg"}],"twitter_card":"summary_large_image","twitter_misc":{"\u041f\u0440\u0438\u043c\u0435\u0440\u043d\u043e\u0435 \u0432\u0440\u0435\u043c\u044f \u0434\u043b\u044f \u0447\u0442\u0435\u043d\u0438\u044f":"1 \u043c\u0438\u043d\u0443\u0442\u0430"},"schema":{"@context":"https:\/\/schema.org","@graph":[{"@type":"WebPage","@id":"https:\/\/zoo-land.az\/shop\/dog\/dog-clothes-shoes\/dog-clothes-summer\/amiplay-oxford-t-shirt-25-cm-blue\/","url":"https:\/\/zoo-land.az\/shop\/dog\/dog-clothes-shoes\/dog-clothes-summer\/amiplay-oxford-t-shirt-25-cm-blue\/","name":"Amiplay Oxford T-shirt 25 cm blue - Zooland.az","isPartOf":{"@id":"https:\/\/zoo-land.az\/#website"},"primaryImageOfPage":{"@id":"https:\/\/zoo-land.az\/shop\/dog\/dog-clothes-shoes\/dog-clothes-summer\/amiplay-oxford-t-shirt-25-cm-blue\/#primaryimage"},"image":{"@id":"https:\/\/zoo-land.az\/shop\/dog\/dog-clothes-shoes\/dog-clothes-summer\/amiplay-oxford-t-shirt-25-cm-blue\/#primaryimage"},"thumbnailUrl":"https:\/\/zoo-land.az\/wp-content\/uploads\/2024\/06\/519433f0108091e92d8cf0857269f31d.jpg","datePublished":"2024-06-21T10:39:29+00:00","dateModified":"2024-06-21T10:39:59+00:00","breadcrumb":{"@id":"https:\/\/zoo-land.az\/shop\/dog\/dog-clothes-shoes\/dog-clothes-summer\/amiplay-oxford-t-shirt-25-cm-blue\/#breadcrumb"},"inLanguage":"ru-RU","potentialAction":[{"@type":"ReadAction","target":["https:\/\/zoo-land.az\/shop\/dog\/dog-clothes-shoes\/dog-clothes-summer\/amiplay-oxford-t-shirt-25-cm-blue\/"]}]},{"@type":"ImageObject","inLanguage":"ru-RU","@id":"https:\/\/zoo-land.az\/shop\/dog\/dog-clothes-shoes\/dog-clothes-summer\/amiplay-oxford-t-shirt-25-cm-blue\/#primaryimage","url":"https:\/\/zoo-land.az\/wp-content\/uploads\/2024\/06\/519433f0108091e92d8cf0857269f31d.jpg","contentUrl":"https:\/\/zoo-land.az\/wp-content\/uploads\/2024\/06\/519433f0108091e92d8cf0857269f31d.jpg","width":545,"height":285},{"@type":"BreadcrumbList","@id":"https:\/\/zoo-land.az\/shop\/dog\/dog-clothes-shoes\/dog-clothes-summer\/amiplay-oxford-t-shirt-25-cm-blue\/#breadcrumb","itemListElement":[{"@type":"ListItem","position":1,"name":"Home","item":"https:\/\/zoo-land.az\/ru\/"},{"@type":"ListItem","position":2,"name":"Shop","item":"https:\/\/zoo-land.az\/ru\/"},{"@type":"ListItem","position":3,"name":"Amiplay Oxford T-shirt 25 cm blue"}]},{"@type":"WebSite","@id":"https:\/\/zoo-land.az\/#website","url":"https:\/\/zoo-land.az\/","name":"Zooland.az","description":"Xo\u015fb\u0259xt ev heyvanlar\u0131n\u0131n \u00fcnvan\u0131 Zooland.az","publisher":{"@id":"https:\/\/zoo-land.az\/#organization"},"potentialAction":[{"@type":"SearchAction","target":{"@type":"EntryPoint","urlTemplate":"https:\/\/zoo-land.az\/?s={search_term_string}"},"query-input":{"@type":"PropertyValueSpecification","valueRequired":true,"valueName":"search_term_string"}}],"inLanguage":"ru-RU"},{"@type":"Organization","@id":"https:\/\/zoo-land.az\/#organization","name":"Zooland.az","url":"https:\/\/zoo-land.az\/","logo":{"@type":"ImageObject","inLanguage":"ru-RU","@id":"https:\/\/zoo-land.az\/#\/schema\/logo\/image\/","url":"https:\/\/zoo-land.az\/wp-content\/uploads\/2022\/05\/logo.svg","contentUrl":"https:\/\/zoo-land.az\/wp-content\/uploads\/2022\/05\/logo.svg","width":113,"height":46,"caption":"Zooland.az"},"image":{"@id":"https:\/\/zoo-land.az\/#\/schema\/logo\/image\/"}}]}},"_links":{"self":[{"href":"https:\/\/zoo-land.az\/ru\/wp-json\/wp\/v2\/product\/24315","targetHints":{"allow":["GET"]}}],"collection":[{"href":"https:\/\/zoo-land.az\/ru\/wp-json\/wp\/v2\/product"}],"about":[{"href":"https:\/\/zoo-land.az\/ru\/wp-json\/wp\/v2\/types\/product"}],"wp:featuredmedia":[{"embeddable":true,"href":"https:\/\/zoo-land.az\/ru\/wp-json\/wp\/v2\/media\/23937"}],"wp:attachment":[{"href":"https:\/\/zoo-land.az\/ru\/wp-json\/wp\/v2\/media?parent=24315"}],"wp:term":[{"taxonomy":"product_cat","embeddable":true,"href":"https:\/\/zoo-land.az\/ru\/wp-json\/wp\/v2\/product_cat?post=24315"},{"taxonomy":"product_tag","embeddable":true,"href":"https:\/\/zoo-land.az\/ru\/wp-json\/wp\/v2\/product_tag?post=24315"}],"curies":[{"name":"wp","href":"https:\/\/api.w.org\/{rel}","templated":true}]}}