{"id":24335,"date":"2024-06-21T11:29:28","date_gmt":"2024-06-21T11:29:28","guid":{"rendered":"https:\/\/lightsteelblue-zebra-299715.hostingersite.com\/?post_type=product&#038;p=24335"},"modified":"2024-06-21T11:29:50","modified_gmt":"2024-06-21T11:29:50","slug":"amiplay-miami-t-shirt-40-cm-pink","status":"publish","type":"product","link":"https:\/\/zoo-land.az\/ru\/shop\/dog\/dog-clothes-shoes\/dog-clothes-summer\/amiplay-miami-t-shirt-40-cm-pink\/","title":{"rendered":"Amiplay Miami T-shirt 40 cm pink"},"content":{"rendered":"<p>The classic MIAMI T-shirt is a line of everyday spring-summer clothing for small dogs. It is available in 4 sizes and 4 color options. On the front, in the upper right corner, there is an embroidered symbol of AMIPLAY UNIVERSITY 2002 with the letter \u201cA,\u201d indicating the timeless nature of the brand and its products.<\/p>","protected":false},"excerpt":{"rendered":"<p>The classic MIAMI T-shirt is a line of everyday spring-summer clothing for small dogs. It is available in 4 sizes and 4 color options. On the front, in the upper right corner, there is an embroidered symbol of AMIPLAY UNIVERSITY 2002 with the letter \u201cA,\u201d indicating the timeless nature of the brand and its products.<\/p>","protected":false},"featured_media":24333,"template":"","meta":{"inline_featured_image":false,"_joinchat":[]},"product_cat":[181,183,107],"product_tag":[],"class_list":{"0":"post-24335","1":"product","2":"type-product","3":"status-publish","4":"has-post-thumbnail","6":"product_brand-amiplay","7":"product_cat-dog-clothes-shoes","8":"product_cat-dog-clothes-summer","9":"product_cat-dog","11":"first","12":"instock","13":"shipping-taxable","14":"purchasable","15":"product-type-simple"},"yoast_head":"<!-- This site is optimized with the Yoast SEO plugin v26.7 - https:\/\/yoast.com\/wordpress\/plugins\/seo\/ -->\n<title>Amiplay Miami T-shirt 40 cm pink - Zooland.az<\/title>\n<meta name=\"robots\" content=\"index, follow, max-snippet:-1, max-image-preview:large, max-video-preview:-1\" \/>\n<link rel=\"canonical\" href=\"https:\/\/zoo-land.az\/ru\/shop\/dog\/dog-clothes-shoes\/dog-clothes-summer\/amiplay-miami-t-shirt-40-cm-pink\/\" \/>\n<meta property=\"og:locale\" content=\"ru_RU\" \/>\n<meta property=\"og:type\" content=\"article\" \/>\n<meta property=\"og:title\" content=\"Amiplay Miami T-shirt 40 cm pink - Zooland.az\" \/>\n<meta property=\"og:description\" content=\"The classic MIAMI T-shirt is a line of everyday spring-summer clothing for small dogs. It is available in 4 sizes and 4 color options. On the front, in the upper right corner, there is an embroidered symbol of AMIPLAY UNIVERSITY 2002 with the letter \u201cA,\u201d indicating the timeless nature of the brand and its products.\" \/>\n<meta property=\"og:url\" content=\"https:\/\/zoo-land.az\/ru\/shop\/dog\/dog-clothes-shoes\/dog-clothes-summer\/amiplay-miami-t-shirt-40-cm-pink\/\" \/>\n<meta property=\"og:site_name\" content=\"Zooland.az\" \/>\n<meta property=\"article:modified_time\" content=\"2024-06-21T11:29:50+00:00\" \/>\n<meta property=\"og:image\" content=\"https:\/\/zoo-land.az\/wp-content\/uploads\/2024\/06\/741695-ebb9314c150ed9341096b58e1bcd6ca5.jpg\" \/>\n\t<meta property=\"og:image:width\" content=\"840\" \/>\n\t<meta property=\"og:image:height\" content=\"630\" \/>\n\t<meta property=\"og:image:type\" content=\"image\/jpeg\" \/>\n<meta name=\"twitter:card\" content=\"summary_large_image\" \/>\n<meta name=\"twitter:label1\" content=\"\u041f\u0440\u0438\u043c\u0435\u0440\u043d\u043e\u0435 \u0432\u0440\u0435\u043c\u044f \u0434\u043b\u044f \u0447\u0442\u0435\u043d\u0438\u044f\" \/>\n\t<meta name=\"twitter:data1\" content=\"1 \u043c\u0438\u043d\u0443\u0442\u0430\" \/>\n<script type=\"application\/ld+json\" class=\"yoast-schema-graph\">{\"@context\":\"https:\/\/schema.org\",\"@graph\":[{\"@type\":\"WebPage\",\"@id\":\"https:\/\/zoo-land.az\/az\/shop\/dog\/dog-clothes-shoes\/dog-clothes-summer\/amiplay-miami-t-shirt-40-cm-pink\/\",\"url\":\"https:\/\/zoo-land.az\/az\/shop\/dog\/dog-clothes-shoes\/dog-clothes-summer\/amiplay-miami-t-shirt-40-cm-pink\/\",\"name\":\"Amiplay Miami T-shirt 40 cm pink - Zooland.az\",\"isPartOf\":{\"@id\":\"https:\/\/zoo-land.az\/#website\"},\"primaryImageOfPage\":{\"@id\":\"https:\/\/zoo-land.az\/az\/shop\/dog\/dog-clothes-shoes\/dog-clothes-summer\/amiplay-miami-t-shirt-40-cm-pink\/#primaryimage\"},\"image\":{\"@id\":\"https:\/\/zoo-land.az\/az\/shop\/dog\/dog-clothes-shoes\/dog-clothes-summer\/amiplay-miami-t-shirt-40-cm-pink\/#primaryimage\"},\"thumbnailUrl\":\"https:\/\/zoo-land.az\/wp-content\/uploads\/2024\/06\/741695-ebb9314c150ed9341096b58e1bcd6ca5.jpg\",\"datePublished\":\"2024-06-21T11:29:28+00:00\",\"dateModified\":\"2024-06-21T11:29:50+00:00\",\"breadcrumb\":{\"@id\":\"https:\/\/zoo-land.az\/az\/shop\/dog\/dog-clothes-shoes\/dog-clothes-summer\/amiplay-miami-t-shirt-40-cm-pink\/#breadcrumb\"},\"inLanguage\":\"ru-RU\",\"potentialAction\":[{\"@type\":\"ReadAction\",\"target\":[\"https:\/\/zoo-land.az\/az\/shop\/dog\/dog-clothes-shoes\/dog-clothes-summer\/amiplay-miami-t-shirt-40-cm-pink\/\"]}]},{\"@type\":\"ImageObject\",\"inLanguage\":\"ru-RU\",\"@id\":\"https:\/\/zoo-land.az\/az\/shop\/dog\/dog-clothes-shoes\/dog-clothes-summer\/amiplay-miami-t-shirt-40-cm-pink\/#primaryimage\",\"url\":\"https:\/\/zoo-land.az\/wp-content\/uploads\/2024\/06\/741695-ebb9314c150ed9341096b58e1bcd6ca5.jpg\",\"contentUrl\":\"https:\/\/zoo-land.az\/wp-content\/uploads\/2024\/06\/741695-ebb9314c150ed9341096b58e1bcd6ca5.jpg\",\"width\":840,\"height\":630},{\"@type\":\"BreadcrumbList\",\"@id\":\"https:\/\/zoo-land.az\/az\/shop\/dog\/dog-clothes-shoes\/dog-clothes-summer\/amiplay-miami-t-shirt-40-cm-pink\/#breadcrumb\",\"itemListElement\":[{\"@type\":\"ListItem\",\"position\":1,\"name\":\"Home\",\"item\":\"https:\/\/zoo-land.az\/ru\/\"},{\"@type\":\"ListItem\",\"position\":2,\"name\":\"Shop\",\"item\":\"https:\/\/zoo-land.az\/ru\/\"},{\"@type\":\"ListItem\",\"position\":3,\"name\":\"Amiplay Miami T-shirt 40 cm pink\"}]},{\"@type\":\"WebSite\",\"@id\":\"https:\/\/zoo-land.az\/#website\",\"url\":\"https:\/\/zoo-land.az\/\",\"name\":\"Zooland.az\",\"description\":\"Xo\u015fb\u0259xt ev heyvanlar\u0131n\u0131n \u00fcnvan\u0131 Zooland.az\",\"publisher\":{\"@id\":\"https:\/\/zoo-land.az\/#organization\"},\"potentialAction\":[{\"@type\":\"SearchAction\",\"target\":{\"@type\":\"EntryPoint\",\"urlTemplate\":\"https:\/\/zoo-land.az\/?s={search_term_string}\"},\"query-input\":{\"@type\":\"PropertyValueSpecification\",\"valueRequired\":true,\"valueName\":\"search_term_string\"}}],\"inLanguage\":\"ru-RU\"},{\"@type\":\"Organization\",\"@id\":\"https:\/\/zoo-land.az\/#organization\",\"name\":\"Zooland.az\",\"url\":\"https:\/\/zoo-land.az\/\",\"logo\":{\"@type\":\"ImageObject\",\"inLanguage\":\"ru-RU\",\"@id\":\"https:\/\/zoo-land.az\/#\/schema\/logo\/image\/\",\"url\":\"https:\/\/zoo-land.az\/wp-content\/uploads\/2022\/05\/logo.svg\",\"contentUrl\":\"https:\/\/zoo-land.az\/wp-content\/uploads\/2022\/05\/logo.svg\",\"width\":113,\"height\":46,\"caption\":\"Zooland.az\"},\"image\":{\"@id\":\"https:\/\/zoo-land.az\/#\/schema\/logo\/image\/\"}}]}<\/script>\n<!-- \/ Yoast SEO plugin. -->","yoast_head_json":{"title":"Amiplay Miami T-shirt 40 cm pink - Zooland.az","robots":{"index":"index","follow":"follow","max-snippet":"max-snippet:-1","max-image-preview":"max-image-preview:large","max-video-preview":"max-video-preview:-1"},"canonical":"https:\/\/zoo-land.az\/ru\/shop\/dog\/dog-clothes-shoes\/dog-clothes-summer\/amiplay-miami-t-shirt-40-cm-pink\/","og_locale":"ru_RU","og_type":"article","og_title":"Amiplay Miami T-shirt 40 cm pink - Zooland.az","og_description":"The classic MIAMI T-shirt is a line of everyday spring-summer clothing for small dogs. It is available in 4 sizes and 4 color options. On the front, in the upper right corner, there is an embroidered symbol of AMIPLAY UNIVERSITY 2002 with the letter \u201cA,\u201d indicating the timeless nature of the brand and its products.","og_url":"https:\/\/zoo-land.az\/ru\/shop\/dog\/dog-clothes-shoes\/dog-clothes-summer\/amiplay-miami-t-shirt-40-cm-pink\/","og_site_name":"Zooland.az","article_modified_time":"2024-06-21T11:29:50+00:00","og_image":[{"width":840,"height":630,"url":"https:\/\/zoo-land.az\/wp-content\/uploads\/2024\/06\/741695-ebb9314c150ed9341096b58e1bcd6ca5.jpg","type":"image\/jpeg"}],"twitter_card":"summary_large_image","twitter_misc":{"\u041f\u0440\u0438\u043c\u0435\u0440\u043d\u043e\u0435 \u0432\u0440\u0435\u043c\u044f \u0434\u043b\u044f \u0447\u0442\u0435\u043d\u0438\u044f":"1 \u043c\u0438\u043d\u0443\u0442\u0430"},"schema":{"@context":"https:\/\/schema.org","@graph":[{"@type":"WebPage","@id":"https:\/\/zoo-land.az\/az\/shop\/dog\/dog-clothes-shoes\/dog-clothes-summer\/amiplay-miami-t-shirt-40-cm-pink\/","url":"https:\/\/zoo-land.az\/az\/shop\/dog\/dog-clothes-shoes\/dog-clothes-summer\/amiplay-miami-t-shirt-40-cm-pink\/","name":"Amiplay Miami T-shirt 40 cm pink - Zooland.az","isPartOf":{"@id":"https:\/\/zoo-land.az\/#website"},"primaryImageOfPage":{"@id":"https:\/\/zoo-land.az\/az\/shop\/dog\/dog-clothes-shoes\/dog-clothes-summer\/amiplay-miami-t-shirt-40-cm-pink\/#primaryimage"},"image":{"@id":"https:\/\/zoo-land.az\/az\/shop\/dog\/dog-clothes-shoes\/dog-clothes-summer\/amiplay-miami-t-shirt-40-cm-pink\/#primaryimage"},"thumbnailUrl":"https:\/\/zoo-land.az\/wp-content\/uploads\/2024\/06\/741695-ebb9314c150ed9341096b58e1bcd6ca5.jpg","datePublished":"2024-06-21T11:29:28+00:00","dateModified":"2024-06-21T11:29:50+00:00","breadcrumb":{"@id":"https:\/\/zoo-land.az\/az\/shop\/dog\/dog-clothes-shoes\/dog-clothes-summer\/amiplay-miami-t-shirt-40-cm-pink\/#breadcrumb"},"inLanguage":"ru-RU","potentialAction":[{"@type":"ReadAction","target":["https:\/\/zoo-land.az\/az\/shop\/dog\/dog-clothes-shoes\/dog-clothes-summer\/amiplay-miami-t-shirt-40-cm-pink\/"]}]},{"@type":"ImageObject","inLanguage":"ru-RU","@id":"https:\/\/zoo-land.az\/az\/shop\/dog\/dog-clothes-shoes\/dog-clothes-summer\/amiplay-miami-t-shirt-40-cm-pink\/#primaryimage","url":"https:\/\/zoo-land.az\/wp-content\/uploads\/2024\/06\/741695-ebb9314c150ed9341096b58e1bcd6ca5.jpg","contentUrl":"https:\/\/zoo-land.az\/wp-content\/uploads\/2024\/06\/741695-ebb9314c150ed9341096b58e1bcd6ca5.jpg","width":840,"height":630},{"@type":"BreadcrumbList","@id":"https:\/\/zoo-land.az\/az\/shop\/dog\/dog-clothes-shoes\/dog-clothes-summer\/amiplay-miami-t-shirt-40-cm-pink\/#breadcrumb","itemListElement":[{"@type":"ListItem","position":1,"name":"Home","item":"https:\/\/zoo-land.az\/ru\/"},{"@type":"ListItem","position":2,"name":"Shop","item":"https:\/\/zoo-land.az\/ru\/"},{"@type":"ListItem","position":3,"name":"Amiplay Miami T-shirt 40 cm pink"}]},{"@type":"WebSite","@id":"https:\/\/zoo-land.az\/#website","url":"https:\/\/zoo-land.az\/","name":"Zooland.az","description":"Xo\u015fb\u0259xt ev heyvanlar\u0131n\u0131n \u00fcnvan\u0131 Zooland.az","publisher":{"@id":"https:\/\/zoo-land.az\/#organization"},"potentialAction":[{"@type":"SearchAction","target":{"@type":"EntryPoint","urlTemplate":"https:\/\/zoo-land.az\/?s={search_term_string}"},"query-input":{"@type":"PropertyValueSpecification","valueRequired":true,"valueName":"search_term_string"}}],"inLanguage":"ru-RU"},{"@type":"Organization","@id":"https:\/\/zoo-land.az\/#organization","name":"Zooland.az","url":"https:\/\/zoo-land.az\/","logo":{"@type":"ImageObject","inLanguage":"ru-RU","@id":"https:\/\/zoo-land.az\/#\/schema\/logo\/image\/","url":"https:\/\/zoo-land.az\/wp-content\/uploads\/2022\/05\/logo.svg","contentUrl":"https:\/\/zoo-land.az\/wp-content\/uploads\/2022\/05\/logo.svg","width":113,"height":46,"caption":"Zooland.az"},"image":{"@id":"https:\/\/zoo-land.az\/#\/schema\/logo\/image\/"}}]}},"_links":{"self":[{"href":"https:\/\/zoo-land.az\/ru\/wp-json\/wp\/v2\/product\/24335","targetHints":{"allow":["GET"]}}],"collection":[{"href":"https:\/\/zoo-land.az\/ru\/wp-json\/wp\/v2\/product"}],"about":[{"href":"https:\/\/zoo-land.az\/ru\/wp-json\/wp\/v2\/types\/product"}],"wp:featuredmedia":[{"embeddable":true,"href":"https:\/\/zoo-land.az\/ru\/wp-json\/wp\/v2\/media\/24333"}],"wp:attachment":[{"href":"https:\/\/zoo-land.az\/ru\/wp-json\/wp\/v2\/media?parent=24335"}],"wp:term":[{"taxonomy":"product_cat","embeddable":true,"href":"https:\/\/zoo-land.az\/ru\/wp-json\/wp\/v2\/product_cat?post=24335"},{"taxonomy":"product_tag","embeddable":true,"href":"https:\/\/zoo-land.az\/ru\/wp-json\/wp\/v2\/product_tag?post=24335"}],"curies":[{"name":"wp","href":"https:\/\/api.w.org\/{rel}","templated":true}]}}