{"id":24350,"date":"2024-06-21T11:55:45","date_gmt":"2024-06-21T11:55:45","guid":{"rendered":"https:\/\/lightsteelblue-zebra-299715.hostingersite.com\/?post_type=product&#038;p=24350"},"modified":"2024-06-21T11:55:45","modified_gmt":"2024-06-21T11:55:45","slug":"harness-guard-samba-l-grey","status":"publish","type":"product","link":"https:\/\/zoo-land.az\/ru\/shop\/dog\/dog-accesories\/leash\/harness-guard-samba-l-grey\/","title":{"rendered":"Harness Guard Samba L Grey"},"content":{"rendered":"<p><strong>Manufacturer:<\/strong> Amiplay<br \/>\n<strong>Series:<\/strong> Samba<br \/>\n<strong>Model:<\/strong> Adjustable Guard type<br \/>\n<strong>Three-point adjustment range<\/strong><br \/>\n<strong>Size:<\/strong> L<br \/>\n<strong>Neck circumference:<\/strong> 35-60 cm<br \/>\n<strong>Chest girth:<\/strong> 50-75 cm<br \/>\n<strong>Strap width, mm:<\/strong> 2.5 cm<br \/>\n<strong>\u041c\u0430\u0442\u0435\u0440\u0438\u0430\u043b:<\/strong> Polypropylene tape<br \/>\n<strong>Color:<\/strong> Gray<br \/>\n<strong>Designed for large dog breeds<\/strong><br \/>\n<strong>Made from high-quality materials, ensuring durability and strength<\/strong><br \/>\n<strong>Ideal for daily walks, long hikes, or training sessions<\/strong><br \/>\n<strong>Does not restrict movement, evenly distributes pressure, and does not strain the spine<\/strong><br \/>\n<strong>Suitable for puppies and adult dogs<\/strong><br \/>\n<strong>Reinforced stitching<\/strong><br \/>\n<strong>Machine washable<\/strong><br \/>\n<strong>Made in Poland<\/strong><\/p>\n<p>The Samba Collection is undoubtedly this summer&#8217;s hit. It&#8217;s the best choice for those tired of the classics and who love to stand out. Amiplay focuses on comfort and designer colors to meet customer expectations. The entire Samba series is made from soft tape, treated to prevent scratching or chafing on the dog&#8217;s skin even after prolonged contact. Moreover, innovative solutions have been applied to enhance the quality of the products, ensuring their reliability and even more enjoyable use.<\/p>","protected":false},"excerpt":{"rendered":"<p>The Samba Collection is undoubtedly this summer&#8217;s hit. It&#8217;s the best choice for those tired of the classics and who love to stand out. Amiplay focuses on comfort and designer colors to meet customer expectations. The entire Samba series is made from soft tape, treated to prevent scratching or chafing on the dog&#8217;s skin even after prolonged contact. Moreover, innovative solutions have been applied to enhance the quality of the products, ensuring their reliability and even more enjoyable use.<\/p>","protected":false},"featured_media":24351,"template":"","meta":{"inline_featured_image":false,"_joinchat":[]},"product_cat":[159,107,396],"product_tag":[],"class_list":{"0":"post-24350","1":"product","2":"type-product","3":"status-publish","4":"has-post-thumbnail","6":"product_brand-amiplay","7":"product_cat-dog-accesories","8":"product_cat-dog","9":"product_cat-leash","11":"first","12":"instock","13":"shipping-taxable","14":"purchasable","15":"product-type-simple"},"yoast_head":"<!-- This site is optimized with the Yoast SEO plugin v27.4 - https:\/\/yoast.com\/product\/yoast-seo-wordpress\/ -->\n<title>Harness Guard Samba L Grey - Zooland.az<\/title>\n<meta name=\"robots\" content=\"index, follow, max-snippet:-1, max-image-preview:large, max-video-preview:-1\" \/>\n<link rel=\"canonical\" href=\"https:\/\/zoo-land.az\/ru\/shop\/dog\/dog-accesories\/leash\/harness-guard-samba-l-grey\/\" \/>\n<meta property=\"og:locale\" content=\"ru_RU\" \/>\n<meta property=\"og:type\" content=\"article\" \/>\n<meta property=\"og:title\" content=\"Harness Guard Samba L Grey - Zooland.az\" \/>\n<meta property=\"og:description\" content=\"The Samba Collection is undoubtedly this summer&#039;s hit. It&#039;s the best choice for those tired of the classics and who love to stand out. Amiplay focuses on comfort and designer colors to meet customer expectations. The entire Samba series is made from soft tape, treated to prevent scratching or chafing on the dog&#039;s skin even after prolonged contact. Moreover, innovative solutions have been applied to enhance the quality of the products, ensuring their reliability and even more enjoyable use.\" \/>\n<meta property=\"og:url\" content=\"https:\/\/zoo-land.az\/ru\/shop\/dog\/dog-accesories\/leash\/harness-guard-samba-l-grey\/\" \/>\n<meta property=\"og:site_name\" content=\"Zooland.az\" \/>\n<meta property=\"og:image\" content=\"https:\/\/zoo-land.az\/wp-content\/uploads\/2024\/06\/reguleeritavad-traksid-amiplay-guard-samba-l-grey-4b97b_reference.jpg\" \/>\n\t<meta property=\"og:image:width\" content=\"1365\" \/>\n\t<meta property=\"og:image:height\" content=\"1024\" \/>\n\t<meta property=\"og:image:type\" content=\"image\/jpeg\" \/>\n<meta name=\"twitter:card\" content=\"summary_large_image\" \/>\n<meta name=\"twitter:label1\" content=\"\u041f\u0440\u0438\u043c\u0435\u0440\u043d\u043e\u0435 \u0432\u0440\u0435\u043c\u044f \u0434\u043b\u044f \u0447\u0442\u0435\u043d\u0438\u044f\" \/>\n\t<meta name=\"twitter:data1\" content=\"1 \u043c\u0438\u043d\u0443\u0442\u0430\" \/>\n<script type=\"application\/ld+json\" class=\"yoast-schema-graph\">{\"@context\":\"https:\\\/\\\/schema.org\",\"@graph\":[{\"@type\":\"WebPage\",\"@id\":\"https:\\\/\\\/zoo-land.az\\\/shop\\\/dog\\\/dog-accesories\\\/leash\\\/harness-guard-samba-l-grey\\\/\",\"url\":\"https:\\\/\\\/zoo-land.az\\\/shop\\\/dog\\\/dog-accesories\\\/leash\\\/harness-guard-samba-l-grey\\\/\",\"name\":\"Harness Guard Samba L Grey - Zooland.az\",\"isPartOf\":{\"@id\":\"https:\\\/\\\/zoo-land.az\\\/#website\"},\"primaryImageOfPage\":{\"@id\":\"https:\\\/\\\/zoo-land.az\\\/shop\\\/dog\\\/dog-accesories\\\/leash\\\/harness-guard-samba-l-grey\\\/#primaryimage\"},\"image\":{\"@id\":\"https:\\\/\\\/zoo-land.az\\\/shop\\\/dog\\\/dog-accesories\\\/leash\\\/harness-guard-samba-l-grey\\\/#primaryimage\"},\"thumbnailUrl\":\"https:\\\/\\\/zoo-land.az\\\/wp-content\\\/uploads\\\/2024\\\/06\\\/reguleeritavad-traksid-amiplay-guard-samba-l-grey-4b97b_reference.jpg\",\"datePublished\":\"2024-06-21T11:55:45+00:00\",\"breadcrumb\":{\"@id\":\"https:\\\/\\\/zoo-land.az\\\/shop\\\/dog\\\/dog-accesories\\\/leash\\\/harness-guard-samba-l-grey\\\/#breadcrumb\"},\"inLanguage\":\"ru-RU\",\"potentialAction\":[{\"@type\":\"ReadAction\",\"target\":[\"https:\\\/\\\/zoo-land.az\\\/shop\\\/dog\\\/dog-accesories\\\/leash\\\/harness-guard-samba-l-grey\\\/\"]}]},{\"@type\":\"ImageObject\",\"inLanguage\":\"ru-RU\",\"@id\":\"https:\\\/\\\/zoo-land.az\\\/shop\\\/dog\\\/dog-accesories\\\/leash\\\/harness-guard-samba-l-grey\\\/#primaryimage\",\"url\":\"https:\\\/\\\/zoo-land.az\\\/wp-content\\\/uploads\\\/2024\\\/06\\\/reguleeritavad-traksid-amiplay-guard-samba-l-grey-4b97b_reference.jpg\",\"contentUrl\":\"https:\\\/\\\/zoo-land.az\\\/wp-content\\\/uploads\\\/2024\\\/06\\\/reguleeritavad-traksid-amiplay-guard-samba-l-grey-4b97b_reference.jpg\",\"width\":1365,\"height\":1024},{\"@type\":\"BreadcrumbList\",\"@id\":\"https:\\\/\\\/zoo-land.az\\\/shop\\\/dog\\\/dog-accesories\\\/leash\\\/harness-guard-samba-l-grey\\\/#breadcrumb\",\"itemListElement\":[{\"@type\":\"ListItem\",\"position\":1,\"name\":\"Home\",\"item\":\"https:\\\/\\\/zoo-land.az\\\/ru\\\/\"},{\"@type\":\"ListItem\",\"position\":2,\"name\":\"Shop\",\"item\":\"https:\\\/\\\/zoo-land.az\\\/ru\\\/\"},{\"@type\":\"ListItem\",\"position\":3,\"name\":\"Harness Guard Samba L Grey\"}]},{\"@type\":\"WebSite\",\"@id\":\"https:\\\/\\\/zoo-land.az\\\/#website\",\"url\":\"https:\\\/\\\/zoo-land.az\\\/\",\"name\":\"Zooland.az\",\"description\":\"Xo\u015fb\u0259xt ev heyvanlar\u0131n\u0131n \u00fcnvan\u0131 Zooland.az\",\"publisher\":{\"@id\":\"https:\\\/\\\/zoo-land.az\\\/#organization\"},\"potentialAction\":[{\"@type\":\"SearchAction\",\"target\":{\"@type\":\"EntryPoint\",\"urlTemplate\":\"https:\\\/\\\/zoo-land.az\\\/?s={search_term_string}\"},\"query-input\":{\"@type\":\"PropertyValueSpecification\",\"valueRequired\":true,\"valueName\":\"search_term_string\"}}],\"inLanguage\":\"ru-RU\"},{\"@type\":\"Organization\",\"@id\":\"https:\\\/\\\/zoo-land.az\\\/#organization\",\"name\":\"Zooland.az\",\"url\":\"https:\\\/\\\/zoo-land.az\\\/\",\"logo\":{\"@type\":\"ImageObject\",\"inLanguage\":\"ru-RU\",\"@id\":\"https:\\\/\\\/zoo-land.az\\\/#\\\/schema\\\/logo\\\/image\\\/\",\"url\":\"https:\\\/\\\/zoo-land.az\\\/wp-content\\\/uploads\\\/2022\\\/05\\\/logo.svg\",\"contentUrl\":\"https:\\\/\\\/zoo-land.az\\\/wp-content\\\/uploads\\\/2022\\\/05\\\/logo.svg\",\"width\":113,\"height\":46,\"caption\":\"Zooland.az\"},\"image\":{\"@id\":\"https:\\\/\\\/zoo-land.az\\\/#\\\/schema\\\/logo\\\/image\\\/\"}}]}<\/script>\n<!-- \/ Yoast SEO plugin. -->","yoast_head_json":{"title":"Harness Guard Samba L Grey - Zooland.az","robots":{"index":"index","follow":"follow","max-snippet":"max-snippet:-1","max-image-preview":"max-image-preview:large","max-video-preview":"max-video-preview:-1"},"canonical":"https:\/\/zoo-land.az\/ru\/shop\/dog\/dog-accesories\/leash\/harness-guard-samba-l-grey\/","og_locale":"ru_RU","og_type":"article","og_title":"Harness Guard Samba L Grey - Zooland.az","og_description":"The Samba Collection is undoubtedly this summer's hit. It's the best choice for those tired of the classics and who love to stand out. Amiplay focuses on comfort and designer colors to meet customer expectations. The entire Samba series is made from soft tape, treated to prevent scratching or chafing on the dog's skin even after prolonged contact. Moreover, innovative solutions have been applied to enhance the quality of the products, ensuring their reliability and even more enjoyable use.","og_url":"https:\/\/zoo-land.az\/ru\/shop\/dog\/dog-accesories\/leash\/harness-guard-samba-l-grey\/","og_site_name":"Zooland.az","og_image":[{"width":1365,"height":1024,"url":"https:\/\/zoo-land.az\/wp-content\/uploads\/2024\/06\/reguleeritavad-traksid-amiplay-guard-samba-l-grey-4b97b_reference.jpg","type":"image\/jpeg"}],"twitter_card":"summary_large_image","twitter_misc":{"\u041f\u0440\u0438\u043c\u0435\u0440\u043d\u043e\u0435 \u0432\u0440\u0435\u043c\u044f \u0434\u043b\u044f \u0447\u0442\u0435\u043d\u0438\u044f":"1 \u043c\u0438\u043d\u0443\u0442\u0430"},"schema":{"@context":"https:\/\/schema.org","@graph":[{"@type":"WebPage","@id":"https:\/\/zoo-land.az\/shop\/dog\/dog-accesories\/leash\/harness-guard-samba-l-grey\/","url":"https:\/\/zoo-land.az\/shop\/dog\/dog-accesories\/leash\/harness-guard-samba-l-grey\/","name":"Harness Guard Samba L Grey - Zooland.az","isPartOf":{"@id":"https:\/\/zoo-land.az\/#website"},"primaryImageOfPage":{"@id":"https:\/\/zoo-land.az\/shop\/dog\/dog-accesories\/leash\/harness-guard-samba-l-grey\/#primaryimage"},"image":{"@id":"https:\/\/zoo-land.az\/shop\/dog\/dog-accesories\/leash\/harness-guard-samba-l-grey\/#primaryimage"},"thumbnailUrl":"https:\/\/zoo-land.az\/wp-content\/uploads\/2024\/06\/reguleeritavad-traksid-amiplay-guard-samba-l-grey-4b97b_reference.jpg","datePublished":"2024-06-21T11:55:45+00:00","breadcrumb":{"@id":"https:\/\/zoo-land.az\/shop\/dog\/dog-accesories\/leash\/harness-guard-samba-l-grey\/#breadcrumb"},"inLanguage":"ru-RU","potentialAction":[{"@type":"ReadAction","target":["https:\/\/zoo-land.az\/shop\/dog\/dog-accesories\/leash\/harness-guard-samba-l-grey\/"]}]},{"@type":"ImageObject","inLanguage":"ru-RU","@id":"https:\/\/zoo-land.az\/shop\/dog\/dog-accesories\/leash\/harness-guard-samba-l-grey\/#primaryimage","url":"https:\/\/zoo-land.az\/wp-content\/uploads\/2024\/06\/reguleeritavad-traksid-amiplay-guard-samba-l-grey-4b97b_reference.jpg","contentUrl":"https:\/\/zoo-land.az\/wp-content\/uploads\/2024\/06\/reguleeritavad-traksid-amiplay-guard-samba-l-grey-4b97b_reference.jpg","width":1365,"height":1024},{"@type":"BreadcrumbList","@id":"https:\/\/zoo-land.az\/shop\/dog\/dog-accesories\/leash\/harness-guard-samba-l-grey\/#breadcrumb","itemListElement":[{"@type":"ListItem","position":1,"name":"Home","item":"https:\/\/zoo-land.az\/ru\/"},{"@type":"ListItem","position":2,"name":"Shop","item":"https:\/\/zoo-land.az\/ru\/"},{"@type":"ListItem","position":3,"name":"Harness Guard Samba L Grey"}]},{"@type":"WebSite","@id":"https:\/\/zoo-land.az\/#website","url":"https:\/\/zoo-land.az\/","name":"Zooland.az","description":"Xo\u015fb\u0259xt ev heyvanlar\u0131n\u0131n \u00fcnvan\u0131 Zooland.az","publisher":{"@id":"https:\/\/zoo-land.az\/#organization"},"potentialAction":[{"@type":"SearchAction","target":{"@type":"EntryPoint","urlTemplate":"https:\/\/zoo-land.az\/?s={search_term_string}"},"query-input":{"@type":"PropertyValueSpecification","valueRequired":true,"valueName":"search_term_string"}}],"inLanguage":"ru-RU"},{"@type":"Organization","@id":"https:\/\/zoo-land.az\/#organization","name":"Zooland.az","url":"https:\/\/zoo-land.az\/","logo":{"@type":"ImageObject","inLanguage":"ru-RU","@id":"https:\/\/zoo-land.az\/#\/schema\/logo\/image\/","url":"https:\/\/zoo-land.az\/wp-content\/uploads\/2022\/05\/logo.svg","contentUrl":"https:\/\/zoo-land.az\/wp-content\/uploads\/2022\/05\/logo.svg","width":113,"height":46,"caption":"Zooland.az"},"image":{"@id":"https:\/\/zoo-land.az\/#\/schema\/logo\/image\/"}}]}},"_links":{"self":[{"href":"https:\/\/zoo-land.az\/ru\/wp-json\/wp\/v2\/product\/24350","targetHints":{"allow":["GET"]}}],"collection":[{"href":"https:\/\/zoo-land.az\/ru\/wp-json\/wp\/v2\/product"}],"about":[{"href":"https:\/\/zoo-land.az\/ru\/wp-json\/wp\/v2\/types\/product"}],"wp:featuredmedia":[{"embeddable":true,"href":"https:\/\/zoo-land.az\/ru\/wp-json\/wp\/v2\/media\/24351"}],"wp:attachment":[{"href":"https:\/\/zoo-land.az\/ru\/wp-json\/wp\/v2\/media?parent=24350"}],"wp:term":[{"taxonomy":"product_cat","embeddable":true,"href":"https:\/\/zoo-land.az\/ru\/wp-json\/wp\/v2\/product_cat?post=24350"},{"taxonomy":"product_tag","embeddable":true,"href":"https:\/\/zoo-land.az\/ru\/wp-json\/wp\/v2\/product_tag?post=24350"}],"curies":[{"name":"wp","href":"https:\/\/api.w.org\/{rel}","templated":true}]}}