{"id":24364,"date":"2024-06-21T12:07:58","date_gmt":"2024-06-21T12:07:58","guid":{"rendered":"https:\/\/lightsteelblue-zebra-299715.hostingersite.com\/?post_type=product&#038;p=24364"},"modified":"2024-06-21T12:08:18","modified_gmt":"2024-06-21T12:08:18","slug":"guard-samba-xs-harness-turquoise","status":"publish","type":"product","link":"https:\/\/zoo-land.az\/ru\/shop\/dog\/dog-accesories\/leash\/guard-samba-xs-harness-turquoise\/","title":{"rendered":"Guard Samba XS harness turquoise"},"content":{"rendered":"<p>Adjustable harness Amiplay Guard Samba perfectly meets the requirements and anatomy of dogs. It does not restrict movement, ensuring proper distribution of pressure and relieving the spine. The series is made of soft tape processed to prevent abrasions and chafing. Durable steel rings for leash attachment ensure safety in any situation. Amiplay Guard Samba is an excellent choice for daily walks with your pet.<\/p>","protected":false},"excerpt":{"rendered":"<p>Adjustable harness Amiplay Guard Samba perfectly meets the requirements and anatomy of dogs. It does not restrict movement, ensuring proper distribution of pressure and relieving the spine. The series is made of soft tape processed to prevent abrasions and chafing. Durable steel rings for leash attachment ensure safety in any situation. Amiplay Guard Samba is an excellent choice for daily walks with your pet.<\/p>","protected":false},"featured_media":24361,"template":"","meta":{"inline_featured_image":false,"_joinchat":[]},"product_cat":[159,107,396],"product_tag":[],"class_list":{"0":"post-24364","1":"product","2":"type-product","3":"status-publish","4":"has-post-thumbnail","6":"product_brand-amiplay","7":"product_cat-dog-accesories","8":"product_cat-dog","9":"product_cat-leash","11":"first","12":"instock","13":"shipping-taxable","14":"purchasable","15":"product-type-simple"},"yoast_head":"<!-- This site is optimized with the Yoast SEO plugin v27.4 - https:\/\/yoast.com\/product\/yoast-seo-wordpress\/ -->\n<title>Guard Samba XS harness turquoise - Zooland.az<\/title>\n<meta name=\"robots\" content=\"index, follow, max-snippet:-1, max-image-preview:large, max-video-preview:-1\" \/>\n<link rel=\"canonical\" href=\"https:\/\/zoo-land.az\/ru\/shop\/dog\/dog-accesories\/leash\/guard-samba-xs-harness-turquoise\/\" \/>\n<meta property=\"og:locale\" content=\"ru_RU\" \/>\n<meta property=\"og:type\" content=\"article\" \/>\n<meta property=\"og:title\" content=\"Guard Samba XS harness turquoise - Zooland.az\" \/>\n<meta property=\"og:description\" content=\"Adjustable harness Amiplay Guard Samba perfectly meets the requirements and anatomy of dogs. It does not restrict movement, ensuring proper distribution of pressure and relieving the spine. The series is made of soft tape processed to prevent abrasions and chafing. Durable steel rings for leash attachment ensure safety in any situation. Amiplay Guard Samba is an excellent choice for daily walks with your pet.\" \/>\n<meta property=\"og:url\" content=\"https:\/\/zoo-land.az\/ru\/shop\/dog\/dog-accesories\/leash\/guard-samba-xs-harness-turquoise\/\" \/>\n<meta property=\"og:site_name\" content=\"Zooland.az\" \/>\n<meta property=\"article:modified_time\" content=\"2024-06-21T12:08:18+00:00\" \/>\n<meta property=\"og:image\" content=\"https:\/\/zoo-land.az\/wp-content\/uploads\/2024\/06\/454932-e803ace6ba29b20207aa0725cedb07f9.jpg\" \/>\n\t<meta property=\"og:image:width\" content=\"840\" \/>\n\t<meta property=\"og:image:height\" content=\"630\" \/>\n\t<meta property=\"og:image:type\" content=\"image\/jpeg\" \/>\n<meta name=\"twitter:card\" content=\"summary_large_image\" \/>\n<meta name=\"twitter:label1\" content=\"\u041f\u0440\u0438\u043c\u0435\u0440\u043d\u043e\u0435 \u0432\u0440\u0435\u043c\u044f \u0434\u043b\u044f \u0447\u0442\u0435\u043d\u0438\u044f\" \/>\n\t<meta name=\"twitter:data1\" content=\"1 \u043c\u0438\u043d\u0443\u0442\u0430\" \/>\n<script type=\"application\/ld+json\" class=\"yoast-schema-graph\">{\"@context\":\"https:\\\/\\\/schema.org\",\"@graph\":[{\"@type\":\"WebPage\",\"@id\":\"https:\\\/\\\/zoo-land.az\\\/ru\\\/shop\\\/dog\\\/dog-accesories\\\/leash\\\/guard-samba-xs-harness-turquoise\\\/\",\"url\":\"https:\\\/\\\/zoo-land.az\\\/ru\\\/shop\\\/dog\\\/dog-accesories\\\/leash\\\/guard-samba-xs-harness-turquoise\\\/\",\"name\":\"Guard Samba XS harness turquoise - Zooland.az\",\"isPartOf\":{\"@id\":\"https:\\\/\\\/zoo-land.az\\\/#website\"},\"primaryImageOfPage\":{\"@id\":\"https:\\\/\\\/zoo-land.az\\\/ru\\\/shop\\\/dog\\\/dog-accesories\\\/leash\\\/guard-samba-xs-harness-turquoise\\\/#primaryimage\"},\"image\":{\"@id\":\"https:\\\/\\\/zoo-land.az\\\/ru\\\/shop\\\/dog\\\/dog-accesories\\\/leash\\\/guard-samba-xs-harness-turquoise\\\/#primaryimage\"},\"thumbnailUrl\":\"https:\\\/\\\/zoo-land.az\\\/wp-content\\\/uploads\\\/2024\\\/06\\\/454932-e803ace6ba29b20207aa0725cedb07f9.jpg\",\"datePublished\":\"2024-06-21T12:07:58+00:00\",\"dateModified\":\"2024-06-21T12:08:18+00:00\",\"breadcrumb\":{\"@id\":\"https:\\\/\\\/zoo-land.az\\\/ru\\\/shop\\\/dog\\\/dog-accesories\\\/leash\\\/guard-samba-xs-harness-turquoise\\\/#breadcrumb\"},\"inLanguage\":\"ru-RU\",\"potentialAction\":[{\"@type\":\"ReadAction\",\"target\":[\"https:\\\/\\\/zoo-land.az\\\/ru\\\/shop\\\/dog\\\/dog-accesories\\\/leash\\\/guard-samba-xs-harness-turquoise\\\/\"]}]},{\"@type\":\"ImageObject\",\"inLanguage\":\"ru-RU\",\"@id\":\"https:\\\/\\\/zoo-land.az\\\/ru\\\/shop\\\/dog\\\/dog-accesories\\\/leash\\\/guard-samba-xs-harness-turquoise\\\/#primaryimage\",\"url\":\"https:\\\/\\\/zoo-land.az\\\/wp-content\\\/uploads\\\/2024\\\/06\\\/454932-e803ace6ba29b20207aa0725cedb07f9.jpg\",\"contentUrl\":\"https:\\\/\\\/zoo-land.az\\\/wp-content\\\/uploads\\\/2024\\\/06\\\/454932-e803ace6ba29b20207aa0725cedb07f9.jpg\",\"width\":840,\"height\":630},{\"@type\":\"BreadcrumbList\",\"@id\":\"https:\\\/\\\/zoo-land.az\\\/ru\\\/shop\\\/dog\\\/dog-accesories\\\/leash\\\/guard-samba-xs-harness-turquoise\\\/#breadcrumb\",\"itemListElement\":[{\"@type\":\"ListItem\",\"position\":1,\"name\":\"Home\",\"item\":\"https:\\\/\\\/zoo-land.az\\\/ru\\\/\"},{\"@type\":\"ListItem\",\"position\":2,\"name\":\"Shop\",\"item\":\"https:\\\/\\\/zoo-land.az\\\/ru\\\/\"},{\"@type\":\"ListItem\",\"position\":3,\"name\":\"Guard Samba XS harness turquoise\"}]},{\"@type\":\"WebSite\",\"@id\":\"https:\\\/\\\/zoo-land.az\\\/#website\",\"url\":\"https:\\\/\\\/zoo-land.az\\\/\",\"name\":\"Zooland.az\",\"description\":\"Xo\u015fb\u0259xt ev heyvanlar\u0131n\u0131n \u00fcnvan\u0131 Zooland.az\",\"publisher\":{\"@id\":\"https:\\\/\\\/zoo-land.az\\\/#organization\"},\"potentialAction\":[{\"@type\":\"SearchAction\",\"target\":{\"@type\":\"EntryPoint\",\"urlTemplate\":\"https:\\\/\\\/zoo-land.az\\\/?s={search_term_string}\"},\"query-input\":{\"@type\":\"PropertyValueSpecification\",\"valueRequired\":true,\"valueName\":\"search_term_string\"}}],\"inLanguage\":\"ru-RU\"},{\"@type\":\"Organization\",\"@id\":\"https:\\\/\\\/zoo-land.az\\\/#organization\",\"name\":\"Zooland.az\",\"url\":\"https:\\\/\\\/zoo-land.az\\\/\",\"logo\":{\"@type\":\"ImageObject\",\"inLanguage\":\"ru-RU\",\"@id\":\"https:\\\/\\\/zoo-land.az\\\/#\\\/schema\\\/logo\\\/image\\\/\",\"url\":\"https:\\\/\\\/zoo-land.az\\\/wp-content\\\/uploads\\\/2022\\\/05\\\/logo.svg\",\"contentUrl\":\"https:\\\/\\\/zoo-land.az\\\/wp-content\\\/uploads\\\/2022\\\/05\\\/logo.svg\",\"width\":113,\"height\":46,\"caption\":\"Zooland.az\"},\"image\":{\"@id\":\"https:\\\/\\\/zoo-land.az\\\/#\\\/schema\\\/logo\\\/image\\\/\"}}]}<\/script>\n<!-- \/ Yoast SEO plugin. -->","yoast_head_json":{"title":"Guard Samba XS harness turquoise - Zooland.az","robots":{"index":"index","follow":"follow","max-snippet":"max-snippet:-1","max-image-preview":"max-image-preview:large","max-video-preview":"max-video-preview:-1"},"canonical":"https:\/\/zoo-land.az\/ru\/shop\/dog\/dog-accesories\/leash\/guard-samba-xs-harness-turquoise\/","og_locale":"ru_RU","og_type":"article","og_title":"Guard Samba XS harness turquoise - Zooland.az","og_description":"Adjustable harness Amiplay Guard Samba perfectly meets the requirements and anatomy of dogs. It does not restrict movement, ensuring proper distribution of pressure and relieving the spine. The series is made of soft tape processed to prevent abrasions and chafing. Durable steel rings for leash attachment ensure safety in any situation. Amiplay Guard Samba is an excellent choice for daily walks with your pet.","og_url":"https:\/\/zoo-land.az\/ru\/shop\/dog\/dog-accesories\/leash\/guard-samba-xs-harness-turquoise\/","og_site_name":"Zooland.az","article_modified_time":"2024-06-21T12:08:18+00:00","og_image":[{"width":840,"height":630,"url":"https:\/\/zoo-land.az\/wp-content\/uploads\/2024\/06\/454932-e803ace6ba29b20207aa0725cedb07f9.jpg","type":"image\/jpeg"}],"twitter_card":"summary_large_image","twitter_misc":{"\u041f\u0440\u0438\u043c\u0435\u0440\u043d\u043e\u0435 \u0432\u0440\u0435\u043c\u044f \u0434\u043b\u044f \u0447\u0442\u0435\u043d\u0438\u044f":"1 \u043c\u0438\u043d\u0443\u0442\u0430"},"schema":{"@context":"https:\/\/schema.org","@graph":[{"@type":"WebPage","@id":"https:\/\/zoo-land.az\/ru\/shop\/dog\/dog-accesories\/leash\/guard-samba-xs-harness-turquoise\/","url":"https:\/\/zoo-land.az\/ru\/shop\/dog\/dog-accesories\/leash\/guard-samba-xs-harness-turquoise\/","name":"Guard Samba XS harness turquoise - Zooland.az","isPartOf":{"@id":"https:\/\/zoo-land.az\/#website"},"primaryImageOfPage":{"@id":"https:\/\/zoo-land.az\/ru\/shop\/dog\/dog-accesories\/leash\/guard-samba-xs-harness-turquoise\/#primaryimage"},"image":{"@id":"https:\/\/zoo-land.az\/ru\/shop\/dog\/dog-accesories\/leash\/guard-samba-xs-harness-turquoise\/#primaryimage"},"thumbnailUrl":"https:\/\/zoo-land.az\/wp-content\/uploads\/2024\/06\/454932-e803ace6ba29b20207aa0725cedb07f9.jpg","datePublished":"2024-06-21T12:07:58+00:00","dateModified":"2024-06-21T12:08:18+00:00","breadcrumb":{"@id":"https:\/\/zoo-land.az\/ru\/shop\/dog\/dog-accesories\/leash\/guard-samba-xs-harness-turquoise\/#breadcrumb"},"inLanguage":"ru-RU","potentialAction":[{"@type":"ReadAction","target":["https:\/\/zoo-land.az\/ru\/shop\/dog\/dog-accesories\/leash\/guard-samba-xs-harness-turquoise\/"]}]},{"@type":"ImageObject","inLanguage":"ru-RU","@id":"https:\/\/zoo-land.az\/ru\/shop\/dog\/dog-accesories\/leash\/guard-samba-xs-harness-turquoise\/#primaryimage","url":"https:\/\/zoo-land.az\/wp-content\/uploads\/2024\/06\/454932-e803ace6ba29b20207aa0725cedb07f9.jpg","contentUrl":"https:\/\/zoo-land.az\/wp-content\/uploads\/2024\/06\/454932-e803ace6ba29b20207aa0725cedb07f9.jpg","width":840,"height":630},{"@type":"BreadcrumbList","@id":"https:\/\/zoo-land.az\/ru\/shop\/dog\/dog-accesories\/leash\/guard-samba-xs-harness-turquoise\/#breadcrumb","itemListElement":[{"@type":"ListItem","position":1,"name":"Home","item":"https:\/\/zoo-land.az\/ru\/"},{"@type":"ListItem","position":2,"name":"Shop","item":"https:\/\/zoo-land.az\/ru\/"},{"@type":"ListItem","position":3,"name":"Guard Samba XS harness turquoise"}]},{"@type":"WebSite","@id":"https:\/\/zoo-land.az\/#website","url":"https:\/\/zoo-land.az\/","name":"Zooland.az","description":"Xo\u015fb\u0259xt ev heyvanlar\u0131n\u0131n \u00fcnvan\u0131 Zooland.az","publisher":{"@id":"https:\/\/zoo-land.az\/#organization"},"potentialAction":[{"@type":"SearchAction","target":{"@type":"EntryPoint","urlTemplate":"https:\/\/zoo-land.az\/?s={search_term_string}"},"query-input":{"@type":"PropertyValueSpecification","valueRequired":true,"valueName":"search_term_string"}}],"inLanguage":"ru-RU"},{"@type":"Organization","@id":"https:\/\/zoo-land.az\/#organization","name":"Zooland.az","url":"https:\/\/zoo-land.az\/","logo":{"@type":"ImageObject","inLanguage":"ru-RU","@id":"https:\/\/zoo-land.az\/#\/schema\/logo\/image\/","url":"https:\/\/zoo-land.az\/wp-content\/uploads\/2022\/05\/logo.svg","contentUrl":"https:\/\/zoo-land.az\/wp-content\/uploads\/2022\/05\/logo.svg","width":113,"height":46,"caption":"Zooland.az"},"image":{"@id":"https:\/\/zoo-land.az\/#\/schema\/logo\/image\/"}}]}},"_links":{"self":[{"href":"https:\/\/zoo-land.az\/ru\/wp-json\/wp\/v2\/product\/24364","targetHints":{"allow":["GET"]}}],"collection":[{"href":"https:\/\/zoo-land.az\/ru\/wp-json\/wp\/v2\/product"}],"about":[{"href":"https:\/\/zoo-land.az\/ru\/wp-json\/wp\/v2\/types\/product"}],"wp:featuredmedia":[{"embeddable":true,"href":"https:\/\/zoo-land.az\/ru\/wp-json\/wp\/v2\/media\/24361"}],"wp:attachment":[{"href":"https:\/\/zoo-land.az\/ru\/wp-json\/wp\/v2\/media?parent=24364"}],"wp:term":[{"taxonomy":"product_cat","embeddable":true,"href":"https:\/\/zoo-land.az\/ru\/wp-json\/wp\/v2\/product_cat?post=24364"},{"taxonomy":"product_tag","embeddable":true,"href":"https:\/\/zoo-land.az\/ru\/wp-json\/wp\/v2\/product_tag?post=24364"}],"curies":[{"name":"wp","href":"https:\/\/api.w.org\/{rel}","templated":true}]}}