{"id":24429,"date":"2024-06-22T07:37:46","date_gmt":"2024-06-22T07:37:46","guid":{"rendered":"https:\/\/lightsteelblue-zebra-299715.hostingersite.com\/?post_type=product&#038;p=24429"},"modified":"2024-06-22T07:37:47","modified_gmt":"2024-06-22T07:37:47","slug":"nunbell-pet-grooming-glove-brush","status":"publish","type":"product","link":"https:\/\/zoo-land.az\/ru\/shop\/cat\/cat-hygenic\/cat-hair-category\/nunbell-pet-grooming-glove-brush\/","title":{"rendered":"Nunbell Pet Grooming Glove Brush"},"content":{"rendered":"<h3>Nunbell Pet Grooming Glove Brush<\/h3>\n<p>The Nunbell Pet Grooming Glove Brush helps maintain the beauty and hygiene of your pet.<\/p>\n<p><strong>\u041a\u043b\u044e\u0447\u0435\u0432\u044b\u0435 \u043f\u0440\u0435\u0438\u043c\u0443\u0449\u0435\u0441\u0442\u0432\u0430:<\/strong><\/p>\n<ul>\n<li><strong>Comfort:<\/strong> After using the brush, pets feel much more comfortable due to increased blood circulation from the massage.<\/li>\n<li><strong>Cleanliness:<\/strong> It removes dead hair and dirt, making the fur soft, velvety, and shiny.<\/li>\n<li><strong>Versatility:<\/strong> It is also great for washing your pet.<\/li>\n<\/ul>\n<p><strong>About Nunbell:<\/strong><\/p>\n<p>Founded in 2009, Nunbell is a global company producing pet products aimed at satisfying customer needs by offering the best quality at an affordable price. As pet enthusiasts, the company strives to offer the best products to foster peaceful coexistence and connection between pets and their owners. Nunbell stands for thoughtful design and quality. From collars to toys and training equipment, Nunbell takes good care of all pets. Pet owners only want their furry friends to be happy, and Nunbell helps make that happen.<\/p>\n<p><strong>Brand Advantages:<\/strong><\/p>\n<ul>\n<li><strong>Quality:<\/strong> Sketching each design, using soft and non-toxic materials, and having a testing team check all finished products ensures that every sold item is a source of pride for the company.<\/li>\n<li><strong>Unique Design:<\/strong> Each product is a pleasant combination of functionality and aesthetic appearance in various bright colors.<\/li>\n<li><strong>Global Presence:<\/strong> Nunbell&#8217;s branches successfully operate in Asia, Europe, and America. Numerous online and offline stores worldwide offer Nunbell products.<\/li>\n<\/ul>","protected":false},"excerpt":{"rendered":"<p>The Nunbell Pet Grooming Glove Brush helps maintain the beauty and hygiene of your pet.<\/p>","protected":false},"featured_media":24430,"template":"","meta":{"inline_featured_image":false,"_joinchat":[]},"product_cat":[210,176,188,107,166,199],"product_tag":[],"class_list":{"0":"post-24429","1":"product","2":"type-product","3":"status-publish","4":"has-post-thumbnail","6":"product_brand-nunbell","7":"product_cat-cat-hair-category","8":"product_cat-dog-rollers","9":"product_cat-cat","10":"product_cat-dog","11":"product_cat-dog-hygenic","12":"product_cat-cat-hygenic","14":"first","15":"instock","16":"shipping-taxable","17":"purchasable","18":"product-type-simple"},"yoast_head":"<!-- This site is optimized with the Yoast SEO plugin v26.7 - https:\/\/yoast.com\/wordpress\/plugins\/seo\/ -->\n<title>Nunbell Pet Grooming Glove Brush - Zooland.az<\/title>\n<meta name=\"robots\" content=\"index, follow, max-snippet:-1, max-image-preview:large, max-video-preview:-1\" \/>\n<link rel=\"canonical\" href=\"https:\/\/zoo-land.az\/ru\/shop\/cat\/cat-hygenic\/cat-hair-category\/nunbell-pet-grooming-glove-brush\/\" \/>\n<meta property=\"og:locale\" content=\"ru_RU\" \/>\n<meta property=\"og:type\" content=\"article\" \/>\n<meta property=\"og:title\" content=\"Nunbell Pet Grooming Glove Brush - Zooland.az\" \/>\n<meta property=\"og:description\" content=\"The Nunbell Pet Grooming Glove Brush helps maintain the beauty and hygiene of your pet.\" \/>\n<meta property=\"og:url\" content=\"https:\/\/zoo-land.az\/ru\/shop\/cat\/cat-hygenic\/cat-hair-category\/nunbell-pet-grooming-glove-brush\/\" \/>\n<meta property=\"og:site_name\" content=\"Zooland.az\" \/>\n<meta property=\"article:modified_time\" content=\"2024-06-22T07:37:47+00:00\" \/>\n<meta property=\"og:image\" content=\"https:\/\/zoo-land.az\/wp-content\/uploads\/2024\/06\/63b1a468-839e-41a7-97eb-4bcee01369cf.webp\" \/>\n\t<meta property=\"og:image:width\" content=\"1711\" \/>\n\t<meta property=\"og:image:height\" content=\"1711\" \/>\n\t<meta property=\"og:image:type\" content=\"image\/webp\" \/>\n<meta name=\"twitter:card\" content=\"summary_large_image\" \/>\n<meta name=\"twitter:label1\" content=\"\u041f\u0440\u0438\u043c\u0435\u0440\u043d\u043e\u0435 \u0432\u0440\u0435\u043c\u044f \u0434\u043b\u044f \u0447\u0442\u0435\u043d\u0438\u044f\" \/>\n\t<meta name=\"twitter:data1\" content=\"1 \u043c\u0438\u043d\u0443\u0442\u0430\" \/>\n<script type=\"application\/ld+json\" class=\"yoast-schema-graph\">{\"@context\":\"https:\/\/schema.org\",\"@graph\":[{\"@type\":\"WebPage\",\"@id\":\"https:\/\/zoo-land.az\/az\/shop\/cat\/cat-hygenic\/cat-hair-category\/nunbell-pet-grooming-glove-brush\/\",\"url\":\"https:\/\/zoo-land.az\/az\/shop\/cat\/cat-hygenic\/cat-hair-category\/nunbell-pet-grooming-glove-brush\/\",\"name\":\"Nunbell Pet Grooming Glove Brush - Zooland.az\",\"isPartOf\":{\"@id\":\"https:\/\/zoo-land.az\/#website\"},\"primaryImageOfPage\":{\"@id\":\"https:\/\/zoo-land.az\/az\/shop\/cat\/cat-hygenic\/cat-hair-category\/nunbell-pet-grooming-glove-brush\/#primaryimage\"},\"image\":{\"@id\":\"https:\/\/zoo-land.az\/az\/shop\/cat\/cat-hygenic\/cat-hair-category\/nunbell-pet-grooming-glove-brush\/#primaryimage\"},\"thumbnailUrl\":\"https:\/\/zoo-land.az\/wp-content\/uploads\/2024\/06\/63b1a468-839e-41a7-97eb-4bcee01369cf.webp\",\"datePublished\":\"2024-06-22T07:37:46+00:00\",\"dateModified\":\"2024-06-22T07:37:47+00:00\",\"breadcrumb\":{\"@id\":\"https:\/\/zoo-land.az\/az\/shop\/cat\/cat-hygenic\/cat-hair-category\/nunbell-pet-grooming-glove-brush\/#breadcrumb\"},\"inLanguage\":\"ru-RU\",\"potentialAction\":[{\"@type\":\"ReadAction\",\"target\":[\"https:\/\/zoo-land.az\/az\/shop\/cat\/cat-hygenic\/cat-hair-category\/nunbell-pet-grooming-glove-brush\/\"]}]},{\"@type\":\"ImageObject\",\"inLanguage\":\"ru-RU\",\"@id\":\"https:\/\/zoo-land.az\/az\/shop\/cat\/cat-hygenic\/cat-hair-category\/nunbell-pet-grooming-glove-brush\/#primaryimage\",\"url\":\"https:\/\/zoo-land.az\/wp-content\/uploads\/2024\/06\/63b1a468-839e-41a7-97eb-4bcee01369cf.webp\",\"contentUrl\":\"https:\/\/zoo-land.az\/wp-content\/uploads\/2024\/06\/63b1a468-839e-41a7-97eb-4bcee01369cf.webp\",\"width\":1711,\"height\":1711},{\"@type\":\"BreadcrumbList\",\"@id\":\"https:\/\/zoo-land.az\/az\/shop\/cat\/cat-hygenic\/cat-hair-category\/nunbell-pet-grooming-glove-brush\/#breadcrumb\",\"itemListElement\":[{\"@type\":\"ListItem\",\"position\":1,\"name\":\"Home\",\"item\":\"https:\/\/zoo-land.az\/ru\/\"},{\"@type\":\"ListItem\",\"position\":2,\"name\":\"Shop\",\"item\":\"https:\/\/zoo-land.az\/ru\/\"},{\"@type\":\"ListItem\",\"position\":3,\"name\":\"Nunbell Pet Grooming Glove Brush\"}]},{\"@type\":\"WebSite\",\"@id\":\"https:\/\/zoo-land.az\/#website\",\"url\":\"https:\/\/zoo-land.az\/\",\"name\":\"Zooland.az\",\"description\":\"Xo\u015fb\u0259xt ev heyvanlar\u0131n\u0131n \u00fcnvan\u0131 Zooland.az\",\"publisher\":{\"@id\":\"https:\/\/zoo-land.az\/#organization\"},\"potentialAction\":[{\"@type\":\"SearchAction\",\"target\":{\"@type\":\"EntryPoint\",\"urlTemplate\":\"https:\/\/zoo-land.az\/?s={search_term_string}\"},\"query-input\":{\"@type\":\"PropertyValueSpecification\",\"valueRequired\":true,\"valueName\":\"search_term_string\"}}],\"inLanguage\":\"ru-RU\"},{\"@type\":\"Organization\",\"@id\":\"https:\/\/zoo-land.az\/#organization\",\"name\":\"Zooland.az\",\"url\":\"https:\/\/zoo-land.az\/\",\"logo\":{\"@type\":\"ImageObject\",\"inLanguage\":\"ru-RU\",\"@id\":\"https:\/\/zoo-land.az\/#\/schema\/logo\/image\/\",\"url\":\"https:\/\/zoo-land.az\/wp-content\/uploads\/2022\/05\/logo.svg\",\"contentUrl\":\"https:\/\/zoo-land.az\/wp-content\/uploads\/2022\/05\/logo.svg\",\"width\":113,\"height\":46,\"caption\":\"Zooland.az\"},\"image\":{\"@id\":\"https:\/\/zoo-land.az\/#\/schema\/logo\/image\/\"}}]}<\/script>\n<!-- \/ Yoast SEO plugin. -->","yoast_head_json":{"title":"Nunbell Pet Grooming Glove Brush - Zooland.az","robots":{"index":"index","follow":"follow","max-snippet":"max-snippet:-1","max-image-preview":"max-image-preview:large","max-video-preview":"max-video-preview:-1"},"canonical":"https:\/\/zoo-land.az\/ru\/shop\/cat\/cat-hygenic\/cat-hair-category\/nunbell-pet-grooming-glove-brush\/","og_locale":"ru_RU","og_type":"article","og_title":"Nunbell Pet Grooming Glove Brush - Zooland.az","og_description":"The Nunbell Pet Grooming Glove Brush helps maintain the beauty and hygiene of your pet.","og_url":"https:\/\/zoo-land.az\/ru\/shop\/cat\/cat-hygenic\/cat-hair-category\/nunbell-pet-grooming-glove-brush\/","og_site_name":"Zooland.az","article_modified_time":"2024-06-22T07:37:47+00:00","og_image":[{"width":1711,"height":1711,"url":"https:\/\/zoo-land.az\/wp-content\/uploads\/2024\/06\/63b1a468-839e-41a7-97eb-4bcee01369cf.webp","type":"image\/webp"}],"twitter_card":"summary_large_image","twitter_misc":{"\u041f\u0440\u0438\u043c\u0435\u0440\u043d\u043e\u0435 \u0432\u0440\u0435\u043c\u044f \u0434\u043b\u044f \u0447\u0442\u0435\u043d\u0438\u044f":"1 \u043c\u0438\u043d\u0443\u0442\u0430"},"schema":{"@context":"https:\/\/schema.org","@graph":[{"@type":"WebPage","@id":"https:\/\/zoo-land.az\/az\/shop\/cat\/cat-hygenic\/cat-hair-category\/nunbell-pet-grooming-glove-brush\/","url":"https:\/\/zoo-land.az\/az\/shop\/cat\/cat-hygenic\/cat-hair-category\/nunbell-pet-grooming-glove-brush\/","name":"Nunbell Pet Grooming Glove Brush - Zooland.az","isPartOf":{"@id":"https:\/\/zoo-land.az\/#website"},"primaryImageOfPage":{"@id":"https:\/\/zoo-land.az\/az\/shop\/cat\/cat-hygenic\/cat-hair-category\/nunbell-pet-grooming-glove-brush\/#primaryimage"},"image":{"@id":"https:\/\/zoo-land.az\/az\/shop\/cat\/cat-hygenic\/cat-hair-category\/nunbell-pet-grooming-glove-brush\/#primaryimage"},"thumbnailUrl":"https:\/\/zoo-land.az\/wp-content\/uploads\/2024\/06\/63b1a468-839e-41a7-97eb-4bcee01369cf.webp","datePublished":"2024-06-22T07:37:46+00:00","dateModified":"2024-06-22T07:37:47+00:00","breadcrumb":{"@id":"https:\/\/zoo-land.az\/az\/shop\/cat\/cat-hygenic\/cat-hair-category\/nunbell-pet-grooming-glove-brush\/#breadcrumb"},"inLanguage":"ru-RU","potentialAction":[{"@type":"ReadAction","target":["https:\/\/zoo-land.az\/az\/shop\/cat\/cat-hygenic\/cat-hair-category\/nunbell-pet-grooming-glove-brush\/"]}]},{"@type":"ImageObject","inLanguage":"ru-RU","@id":"https:\/\/zoo-land.az\/az\/shop\/cat\/cat-hygenic\/cat-hair-category\/nunbell-pet-grooming-glove-brush\/#primaryimage","url":"https:\/\/zoo-land.az\/wp-content\/uploads\/2024\/06\/63b1a468-839e-41a7-97eb-4bcee01369cf.webp","contentUrl":"https:\/\/zoo-land.az\/wp-content\/uploads\/2024\/06\/63b1a468-839e-41a7-97eb-4bcee01369cf.webp","width":1711,"height":1711},{"@type":"BreadcrumbList","@id":"https:\/\/zoo-land.az\/az\/shop\/cat\/cat-hygenic\/cat-hair-category\/nunbell-pet-grooming-glove-brush\/#breadcrumb","itemListElement":[{"@type":"ListItem","position":1,"name":"Home","item":"https:\/\/zoo-land.az\/ru\/"},{"@type":"ListItem","position":2,"name":"Shop","item":"https:\/\/zoo-land.az\/ru\/"},{"@type":"ListItem","position":3,"name":"Nunbell Pet Grooming Glove Brush"}]},{"@type":"WebSite","@id":"https:\/\/zoo-land.az\/#website","url":"https:\/\/zoo-land.az\/","name":"Zooland.az","description":"Xo\u015fb\u0259xt ev heyvanlar\u0131n\u0131n \u00fcnvan\u0131 Zooland.az","publisher":{"@id":"https:\/\/zoo-land.az\/#organization"},"potentialAction":[{"@type":"SearchAction","target":{"@type":"EntryPoint","urlTemplate":"https:\/\/zoo-land.az\/?s={search_term_string}"},"query-input":{"@type":"PropertyValueSpecification","valueRequired":true,"valueName":"search_term_string"}}],"inLanguage":"ru-RU"},{"@type":"Organization","@id":"https:\/\/zoo-land.az\/#organization","name":"Zooland.az","url":"https:\/\/zoo-land.az\/","logo":{"@type":"ImageObject","inLanguage":"ru-RU","@id":"https:\/\/zoo-land.az\/#\/schema\/logo\/image\/","url":"https:\/\/zoo-land.az\/wp-content\/uploads\/2022\/05\/logo.svg","contentUrl":"https:\/\/zoo-land.az\/wp-content\/uploads\/2022\/05\/logo.svg","width":113,"height":46,"caption":"Zooland.az"},"image":{"@id":"https:\/\/zoo-land.az\/#\/schema\/logo\/image\/"}}]}},"_links":{"self":[{"href":"https:\/\/zoo-land.az\/ru\/wp-json\/wp\/v2\/product\/24429","targetHints":{"allow":["GET"]}}],"collection":[{"href":"https:\/\/zoo-land.az\/ru\/wp-json\/wp\/v2\/product"}],"about":[{"href":"https:\/\/zoo-land.az\/ru\/wp-json\/wp\/v2\/types\/product"}],"wp:featuredmedia":[{"embeddable":true,"href":"https:\/\/zoo-land.az\/ru\/wp-json\/wp\/v2\/media\/24430"}],"wp:attachment":[{"href":"https:\/\/zoo-land.az\/ru\/wp-json\/wp\/v2\/media?parent=24429"}],"wp:term":[{"taxonomy":"product_cat","embeddable":true,"href":"https:\/\/zoo-land.az\/ru\/wp-json\/wp\/v2\/product_cat?post=24429"},{"taxonomy":"product_tag","embeddable":true,"href":"https:\/\/zoo-land.az\/ru\/wp-json\/wp\/v2\/product_tag?post=24429"}],"curies":[{"name":"wp","href":"https:\/\/api.w.org\/{rel}","templated":true}]}}