{"id":24495,"date":"2024-06-22T09:09:13","date_gmt":"2024-06-22T09:09:13","guid":{"rendered":"https:\/\/lightsteelblue-zebra-299715.hostingersite.com\/?post_type=product&#038;p=24495"},"modified":"2024-06-22T09:09:13","modified_gmt":"2024-06-22T09:09:13","slug":"trixie-premio-chicken-coins","status":"publish","type":"product","link":"https:\/\/zoo-land.az\/ru\/shop\/dog\/treats\/trixie-premio-chicken-coins\/","title":{"rendered":"Trixie Premio Chicken Coins"},"content":{"rendered":"<p>Trixie PREMIO Chicken Coins &#8211; dog treats, chicken-flavored.<\/p>\n<p>Trixie PREMIO Chicken Coins 100g (chicken) from the German manufacturer Trixie are treats that combine great taste with nutritious ingredients. Made from natural components, these treats provide your pet with proteins, fats, and essential nutrients, making mealtime enjoyable. Trixie PREMIO Chicken Coins 100g (chicken) help clean the oral cavity of bacteria, contribute to dental and gum health, and provide your dog with energy, allowing them more time to play and train, which positively affects their mood. Additional food for dogs.<\/p>\n<p>Advantages of the treats:<\/p>\n<ul>\n<li>Excellent taste<\/li>\n<li>Rich in beneficial nutrients<\/li>\n<li>Made from natural ingredients<\/li>\n<li>Strengthens health and immunity<\/li>\n<li>Easily digestible<\/li>\n<li>Versatile<\/li>\n<\/ul>\n<p>Composition: Ingredients: Meat and animal derivatives (poultry meat), vegetable by-products. The product does not contain dyes, preservatives, or flavor enhancers. GMO-free.<\/p>\n<p>Feeding recommendations:<\/p>\n<ul>\n<li>Give 3-6 pieces per day, depending on the size of the animal, as a supplement to the main diet.<\/li>\n<li>Follow the recommended feeding guidelines on the product packaging.<\/li>\n<li>Avoid overfeeding your dog.<\/li>\n<li>Ensure your pet always has access to drinking water.<\/li>\n<\/ul>","protected":false},"excerpt":{"rendered":"<p>Trixie PREMIO Chicken Coins 100g (chicken) from the German manufacturer Trixie are treats that combine great taste with nutritious ingredients. Made from natural components, these treats provide your pet with proteins, fats, and essential nutrients, making mealtime enjoyable. Trixie PREMIO Chicken Coins 100g (chicken) help clean the oral cavity of bacteria, contribute to dental and gum health, and provide your dog with energy, allowing them more time to play and train, which positively affects their mood. Additional food for dogs.<\/p>","protected":false},"featured_media":24496,"template":"","meta":{"inline_featured_image":false,"_joinchat":[]},"product_cat":[107,340],"product_tag":[],"class_list":{"0":"post-24495","1":"product","2":"type-product","3":"status-publish","4":"has-post-thumbnail","6":"product_brand-trixie","7":"product_cat-dog","8":"product_cat-treats","10":"first","11":"instock","12":"shipping-taxable","13":"purchasable","14":"product-type-simple"},"yoast_head":"<!-- This site is optimized with the Yoast SEO plugin v26.7 - https:\/\/yoast.com\/wordpress\/plugins\/seo\/ -->\n<title>Trixie Premio Chicken Coins - Zooland.az<\/title>\n<meta name=\"robots\" content=\"index, follow, max-snippet:-1, max-image-preview:large, max-video-preview:-1\" \/>\n<link rel=\"canonical\" href=\"https:\/\/zoo-land.az\/ru\/shop\/dog\/treats\/trixie-premio-chicken-coins\/\" \/>\n<meta property=\"og:locale\" content=\"ru_RU\" \/>\n<meta property=\"og:type\" content=\"article\" \/>\n<meta property=\"og:title\" content=\"Trixie Premio Chicken Coins - Zooland.az\" \/>\n<meta property=\"og:description\" content=\"Trixie PREMIO Chicken Coins 100g (chicken) from the German manufacturer Trixie are treats that combine great taste with nutritious ingredients. Made from natural components, these treats provide your pet with proteins, fats, and essential nutrients, making mealtime enjoyable. Trixie PREMIO Chicken Coins 100g (chicken) help clean the oral cavity of bacteria, contribute to dental and gum health, and provide your dog with energy, allowing them more time to play and train, which positively affects their mood. Additional food for dogs.\" \/>\n<meta property=\"og:url\" content=\"https:\/\/zoo-land.az\/ru\/shop\/dog\/treats\/trixie-premio-chicken-coins\/\" \/>\n<meta property=\"og:site_name\" content=\"Zooland.az\" \/>\n<meta property=\"og:image\" content=\"https:\/\/zoo-land.az\/wp-content\/uploads\/2024\/06\/c2afa72af20cce506576809b74cdc7bb-1500x1500-1.jpg\" \/>\n\t<meta property=\"og:image:width\" content=\"1500\" \/>\n\t<meta property=\"og:image:height\" content=\"1500\" \/>\n\t<meta property=\"og:image:type\" content=\"image\/jpeg\" \/>\n<meta name=\"twitter:card\" content=\"summary_large_image\" \/>\n<meta name=\"twitter:label1\" content=\"\u041f\u0440\u0438\u043c\u0435\u0440\u043d\u043e\u0435 \u0432\u0440\u0435\u043c\u044f \u0434\u043b\u044f \u0447\u0442\u0435\u043d\u0438\u044f\" \/>\n\t<meta name=\"twitter:data1\" content=\"1 \u043c\u0438\u043d\u0443\u0442\u0430\" \/>\n<script type=\"application\/ld+json\" class=\"yoast-schema-graph\">{\"@context\":\"https:\/\/schema.org\",\"@graph\":[{\"@type\":\"WebPage\",\"@id\":\"https:\/\/zoo-land.az\/shop\/dog\/treats\/trixie-premio-chicken-coins\/\",\"url\":\"https:\/\/zoo-land.az\/shop\/dog\/treats\/trixie-premio-chicken-coins\/\",\"name\":\"Trixie Premio Chicken Coins - Zooland.az\",\"isPartOf\":{\"@id\":\"https:\/\/zoo-land.az\/#website\"},\"primaryImageOfPage\":{\"@id\":\"https:\/\/zoo-land.az\/shop\/dog\/treats\/trixie-premio-chicken-coins\/#primaryimage\"},\"image\":{\"@id\":\"https:\/\/zoo-land.az\/shop\/dog\/treats\/trixie-premio-chicken-coins\/#primaryimage\"},\"thumbnailUrl\":\"https:\/\/zoo-land.az\/wp-content\/uploads\/2024\/06\/c2afa72af20cce506576809b74cdc7bb-1500x1500-1.jpg\",\"datePublished\":\"2024-06-22T09:09:13+00:00\",\"breadcrumb\":{\"@id\":\"https:\/\/zoo-land.az\/shop\/dog\/treats\/trixie-premio-chicken-coins\/#breadcrumb\"},\"inLanguage\":\"ru-RU\",\"potentialAction\":[{\"@type\":\"ReadAction\",\"target\":[\"https:\/\/zoo-land.az\/shop\/dog\/treats\/trixie-premio-chicken-coins\/\"]}]},{\"@type\":\"ImageObject\",\"inLanguage\":\"ru-RU\",\"@id\":\"https:\/\/zoo-land.az\/shop\/dog\/treats\/trixie-premio-chicken-coins\/#primaryimage\",\"url\":\"https:\/\/zoo-land.az\/wp-content\/uploads\/2024\/06\/c2afa72af20cce506576809b74cdc7bb-1500x1500-1.jpg\",\"contentUrl\":\"https:\/\/zoo-land.az\/wp-content\/uploads\/2024\/06\/c2afa72af20cce506576809b74cdc7bb-1500x1500-1.jpg\",\"width\":1500,\"height\":1500},{\"@type\":\"BreadcrumbList\",\"@id\":\"https:\/\/zoo-land.az\/shop\/dog\/treats\/trixie-premio-chicken-coins\/#breadcrumb\",\"itemListElement\":[{\"@type\":\"ListItem\",\"position\":1,\"name\":\"Home\",\"item\":\"https:\/\/zoo-land.az\/ru\/\"},{\"@type\":\"ListItem\",\"position\":2,\"name\":\"Shop\",\"item\":\"https:\/\/zoo-land.az\/ru\/\"},{\"@type\":\"ListItem\",\"position\":3,\"name\":\"Trixie Premio Chicken Coins\"}]},{\"@type\":\"WebSite\",\"@id\":\"https:\/\/zoo-land.az\/#website\",\"url\":\"https:\/\/zoo-land.az\/\",\"name\":\"Zooland.az\",\"description\":\"Xo\u015fb\u0259xt ev heyvanlar\u0131n\u0131n \u00fcnvan\u0131 Zooland.az\",\"publisher\":{\"@id\":\"https:\/\/zoo-land.az\/#organization\"},\"potentialAction\":[{\"@type\":\"SearchAction\",\"target\":{\"@type\":\"EntryPoint\",\"urlTemplate\":\"https:\/\/zoo-land.az\/?s={search_term_string}\"},\"query-input\":{\"@type\":\"PropertyValueSpecification\",\"valueRequired\":true,\"valueName\":\"search_term_string\"}}],\"inLanguage\":\"ru-RU\"},{\"@type\":\"Organization\",\"@id\":\"https:\/\/zoo-land.az\/#organization\",\"name\":\"Zooland.az\",\"url\":\"https:\/\/zoo-land.az\/\",\"logo\":{\"@type\":\"ImageObject\",\"inLanguage\":\"ru-RU\",\"@id\":\"https:\/\/zoo-land.az\/#\/schema\/logo\/image\/\",\"url\":\"https:\/\/zoo-land.az\/wp-content\/uploads\/2022\/05\/logo.svg\",\"contentUrl\":\"https:\/\/zoo-land.az\/wp-content\/uploads\/2022\/05\/logo.svg\",\"width\":113,\"height\":46,\"caption\":\"Zooland.az\"},\"image\":{\"@id\":\"https:\/\/zoo-land.az\/#\/schema\/logo\/image\/\"}}]}<\/script>\n<!-- \/ Yoast SEO plugin. -->","yoast_head_json":{"title":"Trixie Premio Chicken Coins - Zooland.az","robots":{"index":"index","follow":"follow","max-snippet":"max-snippet:-1","max-image-preview":"max-image-preview:large","max-video-preview":"max-video-preview:-1"},"canonical":"https:\/\/zoo-land.az\/ru\/shop\/dog\/treats\/trixie-premio-chicken-coins\/","og_locale":"ru_RU","og_type":"article","og_title":"Trixie Premio Chicken Coins - Zooland.az","og_description":"Trixie PREMIO Chicken Coins 100g (chicken) from the German manufacturer Trixie are treats that combine great taste with nutritious ingredients. Made from natural components, these treats provide your pet with proteins, fats, and essential nutrients, making mealtime enjoyable. Trixie PREMIO Chicken Coins 100g (chicken) help clean the oral cavity of bacteria, contribute to dental and gum health, and provide your dog with energy, allowing them more time to play and train, which positively affects their mood. Additional food for dogs.","og_url":"https:\/\/zoo-land.az\/ru\/shop\/dog\/treats\/trixie-premio-chicken-coins\/","og_site_name":"Zooland.az","og_image":[{"width":1500,"height":1500,"url":"https:\/\/zoo-land.az\/wp-content\/uploads\/2024\/06\/c2afa72af20cce506576809b74cdc7bb-1500x1500-1.jpg","type":"image\/jpeg"}],"twitter_card":"summary_large_image","twitter_misc":{"\u041f\u0440\u0438\u043c\u0435\u0440\u043d\u043e\u0435 \u0432\u0440\u0435\u043c\u044f \u0434\u043b\u044f \u0447\u0442\u0435\u043d\u0438\u044f":"1 \u043c\u0438\u043d\u0443\u0442\u0430"},"schema":{"@context":"https:\/\/schema.org","@graph":[{"@type":"WebPage","@id":"https:\/\/zoo-land.az\/shop\/dog\/treats\/trixie-premio-chicken-coins\/","url":"https:\/\/zoo-land.az\/shop\/dog\/treats\/trixie-premio-chicken-coins\/","name":"Trixie Premio Chicken Coins - Zooland.az","isPartOf":{"@id":"https:\/\/zoo-land.az\/#website"},"primaryImageOfPage":{"@id":"https:\/\/zoo-land.az\/shop\/dog\/treats\/trixie-premio-chicken-coins\/#primaryimage"},"image":{"@id":"https:\/\/zoo-land.az\/shop\/dog\/treats\/trixie-premio-chicken-coins\/#primaryimage"},"thumbnailUrl":"https:\/\/zoo-land.az\/wp-content\/uploads\/2024\/06\/c2afa72af20cce506576809b74cdc7bb-1500x1500-1.jpg","datePublished":"2024-06-22T09:09:13+00:00","breadcrumb":{"@id":"https:\/\/zoo-land.az\/shop\/dog\/treats\/trixie-premio-chicken-coins\/#breadcrumb"},"inLanguage":"ru-RU","potentialAction":[{"@type":"ReadAction","target":["https:\/\/zoo-land.az\/shop\/dog\/treats\/trixie-premio-chicken-coins\/"]}]},{"@type":"ImageObject","inLanguage":"ru-RU","@id":"https:\/\/zoo-land.az\/shop\/dog\/treats\/trixie-premio-chicken-coins\/#primaryimage","url":"https:\/\/zoo-land.az\/wp-content\/uploads\/2024\/06\/c2afa72af20cce506576809b74cdc7bb-1500x1500-1.jpg","contentUrl":"https:\/\/zoo-land.az\/wp-content\/uploads\/2024\/06\/c2afa72af20cce506576809b74cdc7bb-1500x1500-1.jpg","width":1500,"height":1500},{"@type":"BreadcrumbList","@id":"https:\/\/zoo-land.az\/shop\/dog\/treats\/trixie-premio-chicken-coins\/#breadcrumb","itemListElement":[{"@type":"ListItem","position":1,"name":"Home","item":"https:\/\/zoo-land.az\/ru\/"},{"@type":"ListItem","position":2,"name":"Shop","item":"https:\/\/zoo-land.az\/ru\/"},{"@type":"ListItem","position":3,"name":"Trixie Premio Chicken Coins"}]},{"@type":"WebSite","@id":"https:\/\/zoo-land.az\/#website","url":"https:\/\/zoo-land.az\/","name":"Zooland.az","description":"Xo\u015fb\u0259xt ev heyvanlar\u0131n\u0131n \u00fcnvan\u0131 Zooland.az","publisher":{"@id":"https:\/\/zoo-land.az\/#organization"},"potentialAction":[{"@type":"SearchAction","target":{"@type":"EntryPoint","urlTemplate":"https:\/\/zoo-land.az\/?s={search_term_string}"},"query-input":{"@type":"PropertyValueSpecification","valueRequired":true,"valueName":"search_term_string"}}],"inLanguage":"ru-RU"},{"@type":"Organization","@id":"https:\/\/zoo-land.az\/#organization","name":"Zooland.az","url":"https:\/\/zoo-land.az\/","logo":{"@type":"ImageObject","inLanguage":"ru-RU","@id":"https:\/\/zoo-land.az\/#\/schema\/logo\/image\/","url":"https:\/\/zoo-land.az\/wp-content\/uploads\/2022\/05\/logo.svg","contentUrl":"https:\/\/zoo-land.az\/wp-content\/uploads\/2022\/05\/logo.svg","width":113,"height":46,"caption":"Zooland.az"},"image":{"@id":"https:\/\/zoo-land.az\/#\/schema\/logo\/image\/"}}]}},"_links":{"self":[{"href":"https:\/\/zoo-land.az\/ru\/wp-json\/wp\/v2\/product\/24495","targetHints":{"allow":["GET"]}}],"collection":[{"href":"https:\/\/zoo-land.az\/ru\/wp-json\/wp\/v2\/product"}],"about":[{"href":"https:\/\/zoo-land.az\/ru\/wp-json\/wp\/v2\/types\/product"}],"wp:featuredmedia":[{"embeddable":true,"href":"https:\/\/zoo-land.az\/ru\/wp-json\/wp\/v2\/media\/24496"}],"wp:attachment":[{"href":"https:\/\/zoo-land.az\/ru\/wp-json\/wp\/v2\/media?parent=24495"}],"wp:term":[{"taxonomy":"product_cat","embeddable":true,"href":"https:\/\/zoo-land.az\/ru\/wp-json\/wp\/v2\/product_cat?post=24495"},{"taxonomy":"product_tag","embeddable":true,"href":"https:\/\/zoo-land.az\/ru\/wp-json\/wp\/v2\/product_tag?post=24495"}],"curies":[{"name":"wp","href":"https:\/\/api.w.org\/{rel}","templated":true}]}}