{"id":24506,"date":"2024-06-22T09:25:25","date_gmt":"2024-06-22T09:25:25","guid":{"rendered":"https:\/\/lightsteelblue-zebra-299715.hostingersite.com\/?post_type=product&#038;p=24506"},"modified":"2024-06-22T09:25:26","modified_gmt":"2024-06-22T09:25:26","slug":"trixie-dentafun-dental-stick-for-teeth-cleaning-with-rabbit","status":"publish","type":"product","link":"https:\/\/zoo-land.az\/ru\/shop\/dog\/treats\/trixie-dentafun-dental-stick-for-teeth-cleaning-with-rabbit\/","title":{"rendered":"Trixie DentaFun dental stick for teeth cleaning with rabbit"},"content":{"rendered":"<p>Especially thick skin for longer chewing.<\/p>\n<p>&nbsp;<\/p>","protected":false},"excerpt":{"rendered":"<p>Especially thick skin for longer chewing.<\/p>\n<p>&nbsp;<\/p>","protected":false},"featured_media":24507,"template":"","meta":{"inline_featured_image":false,"_joinchat":[]},"product_cat":[107,340],"product_tag":[],"class_list":{"0":"post-24506","1":"product","2":"type-product","3":"status-publish","4":"has-post-thumbnail","6":"product_brand-trixie","7":"product_cat-dog","8":"product_cat-treats","10":"first","11":"instock","12":"shipping-taxable","13":"purchasable","14":"product-type-simple"},"yoast_head":"<!-- This site is optimized with the Yoast SEO plugin v26.7 - https:\/\/yoast.com\/wordpress\/plugins\/seo\/ -->\n<title>Trixie DentaFun dental stick for teeth cleaning with rabbit - Zooland.az<\/title>\n<meta name=\"robots\" content=\"index, follow, max-snippet:-1, max-image-preview:large, max-video-preview:-1\" \/>\n<link rel=\"canonical\" href=\"https:\/\/zoo-land.az\/ru\/shop\/dog\/treats\/trixie-dentafun-dental-stick-for-teeth-cleaning-with-rabbit\/\" \/>\n<meta property=\"og:locale\" content=\"ru_RU\" \/>\n<meta property=\"og:type\" content=\"article\" \/>\n<meta property=\"og:title\" content=\"Trixie DentaFun dental stick for teeth cleaning with rabbit - Zooland.az\" \/>\n<meta property=\"og:description\" content=\"Especially thick skin for longer chewing.  &nbsp;\" \/>\n<meta property=\"og:url\" content=\"https:\/\/zoo-land.az\/ru\/shop\/dog\/treats\/trixie-dentafun-dental-stick-for-teeth-cleaning-with-rabbit\/\" \/>\n<meta property=\"og:site_name\" content=\"Zooland.az\" \/>\n<meta property=\"article:modified_time\" content=\"2024-06-22T09:25:26+00:00\" \/>\n<meta property=\"og:image\" content=\"https:\/\/zoo-land.az\/wp-content\/uploads\/2024\/06\/palochki_dlya_chistki_zubov_trixie_s_krolikom_dentafun_12_sm_70_g_6_sht_313386571089.webp\" \/>\n\t<meta property=\"og:image:width\" content=\"657\" \/>\n\t<meta property=\"og:image:height\" content=\"1089\" \/>\n\t<meta property=\"og:image:type\" content=\"image\/webp\" \/>\n<meta name=\"twitter:card\" content=\"summary_large_image\" \/>\n<meta name=\"twitter:label1\" content=\"\u041f\u0440\u0438\u043c\u0435\u0440\u043d\u043e\u0435 \u0432\u0440\u0435\u043c\u044f \u0434\u043b\u044f \u0447\u0442\u0435\u043d\u0438\u044f\" \/>\n\t<meta name=\"twitter:data1\" content=\"1 \u043c\u0438\u043d\u0443\u0442\u0430\" \/>\n<script type=\"application\/ld+json\" class=\"yoast-schema-graph\">{\"@context\":\"https:\/\/schema.org\",\"@graph\":[{\"@type\":\"WebPage\",\"@id\":\"https:\/\/zoo-land.az\/shop\/dog\/treats\/trixie-dentafun-dental-stick-for-teeth-cleaning-with-rabbit\/\",\"url\":\"https:\/\/zoo-land.az\/shop\/dog\/treats\/trixie-dentafun-dental-stick-for-teeth-cleaning-with-rabbit\/\",\"name\":\"Trixie DentaFun dental stick for teeth cleaning with rabbit - Zooland.az\",\"isPartOf\":{\"@id\":\"https:\/\/zoo-land.az\/#website\"},\"primaryImageOfPage\":{\"@id\":\"https:\/\/zoo-land.az\/shop\/dog\/treats\/trixie-dentafun-dental-stick-for-teeth-cleaning-with-rabbit\/#primaryimage\"},\"image\":{\"@id\":\"https:\/\/zoo-land.az\/shop\/dog\/treats\/trixie-dentafun-dental-stick-for-teeth-cleaning-with-rabbit\/#primaryimage\"},\"thumbnailUrl\":\"https:\/\/zoo-land.az\/wp-content\/uploads\/2024\/06\/palochki_dlya_chistki_zubov_trixie_s_krolikom_dentafun_12_sm_70_g_6_sht_313386571089.webp\",\"datePublished\":\"2024-06-22T09:25:25+00:00\",\"dateModified\":\"2024-06-22T09:25:26+00:00\",\"breadcrumb\":{\"@id\":\"https:\/\/zoo-land.az\/shop\/dog\/treats\/trixie-dentafun-dental-stick-for-teeth-cleaning-with-rabbit\/#breadcrumb\"},\"inLanguage\":\"ru-RU\",\"potentialAction\":[{\"@type\":\"ReadAction\",\"target\":[\"https:\/\/zoo-land.az\/shop\/dog\/treats\/trixie-dentafun-dental-stick-for-teeth-cleaning-with-rabbit\/\"]}]},{\"@type\":\"ImageObject\",\"inLanguage\":\"ru-RU\",\"@id\":\"https:\/\/zoo-land.az\/shop\/dog\/treats\/trixie-dentafun-dental-stick-for-teeth-cleaning-with-rabbit\/#primaryimage\",\"url\":\"https:\/\/zoo-land.az\/wp-content\/uploads\/2024\/06\/palochki_dlya_chistki_zubov_trixie_s_krolikom_dentafun_12_sm_70_g_6_sht_313386571089.webp\",\"contentUrl\":\"https:\/\/zoo-land.az\/wp-content\/uploads\/2024\/06\/palochki_dlya_chistki_zubov_trixie_s_krolikom_dentafun_12_sm_70_g_6_sht_313386571089.webp\",\"width\":657,\"height\":1089},{\"@type\":\"BreadcrumbList\",\"@id\":\"https:\/\/zoo-land.az\/shop\/dog\/treats\/trixie-dentafun-dental-stick-for-teeth-cleaning-with-rabbit\/#breadcrumb\",\"itemListElement\":[{\"@type\":\"ListItem\",\"position\":1,\"name\":\"Home\",\"item\":\"https:\/\/zoo-land.az\/ru\/\"},{\"@type\":\"ListItem\",\"position\":2,\"name\":\"Shop\",\"item\":\"https:\/\/zoo-land.az\/ru\/\"},{\"@type\":\"ListItem\",\"position\":3,\"name\":\"Trixie DentaFun dental stick for teeth cleaning with rabbit\"}]},{\"@type\":\"WebSite\",\"@id\":\"https:\/\/zoo-land.az\/#website\",\"url\":\"https:\/\/zoo-land.az\/\",\"name\":\"Zooland.az\",\"description\":\"Xo\u015fb\u0259xt ev heyvanlar\u0131n\u0131n \u00fcnvan\u0131 Zooland.az\",\"publisher\":{\"@id\":\"https:\/\/zoo-land.az\/#organization\"},\"potentialAction\":[{\"@type\":\"SearchAction\",\"target\":{\"@type\":\"EntryPoint\",\"urlTemplate\":\"https:\/\/zoo-land.az\/?s={search_term_string}\"},\"query-input\":{\"@type\":\"PropertyValueSpecification\",\"valueRequired\":true,\"valueName\":\"search_term_string\"}}],\"inLanguage\":\"ru-RU\"},{\"@type\":\"Organization\",\"@id\":\"https:\/\/zoo-land.az\/#organization\",\"name\":\"Zooland.az\",\"url\":\"https:\/\/zoo-land.az\/\",\"logo\":{\"@type\":\"ImageObject\",\"inLanguage\":\"ru-RU\",\"@id\":\"https:\/\/zoo-land.az\/#\/schema\/logo\/image\/\",\"url\":\"https:\/\/zoo-land.az\/wp-content\/uploads\/2022\/05\/logo.svg\",\"contentUrl\":\"https:\/\/zoo-land.az\/wp-content\/uploads\/2022\/05\/logo.svg\",\"width\":113,\"height\":46,\"caption\":\"Zooland.az\"},\"image\":{\"@id\":\"https:\/\/zoo-land.az\/#\/schema\/logo\/image\/\"}}]}<\/script>\n<!-- \/ Yoast SEO plugin. -->","yoast_head_json":{"title":"Trixie DentaFun dental stick for teeth cleaning with rabbit - Zooland.az","robots":{"index":"index","follow":"follow","max-snippet":"max-snippet:-1","max-image-preview":"max-image-preview:large","max-video-preview":"max-video-preview:-1"},"canonical":"https:\/\/zoo-land.az\/ru\/shop\/dog\/treats\/trixie-dentafun-dental-stick-for-teeth-cleaning-with-rabbit\/","og_locale":"ru_RU","og_type":"article","og_title":"Trixie DentaFun dental stick for teeth cleaning with rabbit - Zooland.az","og_description":"Especially thick skin for longer chewing.  &nbsp;","og_url":"https:\/\/zoo-land.az\/ru\/shop\/dog\/treats\/trixie-dentafun-dental-stick-for-teeth-cleaning-with-rabbit\/","og_site_name":"Zooland.az","article_modified_time":"2024-06-22T09:25:26+00:00","og_image":[{"width":657,"height":1089,"url":"https:\/\/zoo-land.az\/wp-content\/uploads\/2024\/06\/palochki_dlya_chistki_zubov_trixie_s_krolikom_dentafun_12_sm_70_g_6_sht_313386571089.webp","type":"image\/webp"}],"twitter_card":"summary_large_image","twitter_misc":{"\u041f\u0440\u0438\u043c\u0435\u0440\u043d\u043e\u0435 \u0432\u0440\u0435\u043c\u044f \u0434\u043b\u044f \u0447\u0442\u0435\u043d\u0438\u044f":"1 \u043c\u0438\u043d\u0443\u0442\u0430"},"schema":{"@context":"https:\/\/schema.org","@graph":[{"@type":"WebPage","@id":"https:\/\/zoo-land.az\/shop\/dog\/treats\/trixie-dentafun-dental-stick-for-teeth-cleaning-with-rabbit\/","url":"https:\/\/zoo-land.az\/shop\/dog\/treats\/trixie-dentafun-dental-stick-for-teeth-cleaning-with-rabbit\/","name":"Trixie DentaFun dental stick for teeth cleaning with rabbit - Zooland.az","isPartOf":{"@id":"https:\/\/zoo-land.az\/#website"},"primaryImageOfPage":{"@id":"https:\/\/zoo-land.az\/shop\/dog\/treats\/trixie-dentafun-dental-stick-for-teeth-cleaning-with-rabbit\/#primaryimage"},"image":{"@id":"https:\/\/zoo-land.az\/shop\/dog\/treats\/trixie-dentafun-dental-stick-for-teeth-cleaning-with-rabbit\/#primaryimage"},"thumbnailUrl":"https:\/\/zoo-land.az\/wp-content\/uploads\/2024\/06\/palochki_dlya_chistki_zubov_trixie_s_krolikom_dentafun_12_sm_70_g_6_sht_313386571089.webp","datePublished":"2024-06-22T09:25:25+00:00","dateModified":"2024-06-22T09:25:26+00:00","breadcrumb":{"@id":"https:\/\/zoo-land.az\/shop\/dog\/treats\/trixie-dentafun-dental-stick-for-teeth-cleaning-with-rabbit\/#breadcrumb"},"inLanguage":"ru-RU","potentialAction":[{"@type":"ReadAction","target":["https:\/\/zoo-land.az\/shop\/dog\/treats\/trixie-dentafun-dental-stick-for-teeth-cleaning-with-rabbit\/"]}]},{"@type":"ImageObject","inLanguage":"ru-RU","@id":"https:\/\/zoo-land.az\/shop\/dog\/treats\/trixie-dentafun-dental-stick-for-teeth-cleaning-with-rabbit\/#primaryimage","url":"https:\/\/zoo-land.az\/wp-content\/uploads\/2024\/06\/palochki_dlya_chistki_zubov_trixie_s_krolikom_dentafun_12_sm_70_g_6_sht_313386571089.webp","contentUrl":"https:\/\/zoo-land.az\/wp-content\/uploads\/2024\/06\/palochki_dlya_chistki_zubov_trixie_s_krolikom_dentafun_12_sm_70_g_6_sht_313386571089.webp","width":657,"height":1089},{"@type":"BreadcrumbList","@id":"https:\/\/zoo-land.az\/shop\/dog\/treats\/trixie-dentafun-dental-stick-for-teeth-cleaning-with-rabbit\/#breadcrumb","itemListElement":[{"@type":"ListItem","position":1,"name":"Home","item":"https:\/\/zoo-land.az\/ru\/"},{"@type":"ListItem","position":2,"name":"Shop","item":"https:\/\/zoo-land.az\/ru\/"},{"@type":"ListItem","position":3,"name":"Trixie DentaFun dental stick for teeth cleaning with rabbit"}]},{"@type":"WebSite","@id":"https:\/\/zoo-land.az\/#website","url":"https:\/\/zoo-land.az\/","name":"Zooland.az","description":"Xo\u015fb\u0259xt ev heyvanlar\u0131n\u0131n \u00fcnvan\u0131 Zooland.az","publisher":{"@id":"https:\/\/zoo-land.az\/#organization"},"potentialAction":[{"@type":"SearchAction","target":{"@type":"EntryPoint","urlTemplate":"https:\/\/zoo-land.az\/?s={search_term_string}"},"query-input":{"@type":"PropertyValueSpecification","valueRequired":true,"valueName":"search_term_string"}}],"inLanguage":"ru-RU"},{"@type":"Organization","@id":"https:\/\/zoo-land.az\/#organization","name":"Zooland.az","url":"https:\/\/zoo-land.az\/","logo":{"@type":"ImageObject","inLanguage":"ru-RU","@id":"https:\/\/zoo-land.az\/#\/schema\/logo\/image\/","url":"https:\/\/zoo-land.az\/wp-content\/uploads\/2022\/05\/logo.svg","contentUrl":"https:\/\/zoo-land.az\/wp-content\/uploads\/2022\/05\/logo.svg","width":113,"height":46,"caption":"Zooland.az"},"image":{"@id":"https:\/\/zoo-land.az\/#\/schema\/logo\/image\/"}}]}},"_links":{"self":[{"href":"https:\/\/zoo-land.az\/ru\/wp-json\/wp\/v2\/product\/24506","targetHints":{"allow":["GET"]}}],"collection":[{"href":"https:\/\/zoo-land.az\/ru\/wp-json\/wp\/v2\/product"}],"about":[{"href":"https:\/\/zoo-land.az\/ru\/wp-json\/wp\/v2\/types\/product"}],"wp:featuredmedia":[{"embeddable":true,"href":"https:\/\/zoo-land.az\/ru\/wp-json\/wp\/v2\/media\/24507"}],"wp:attachment":[{"href":"https:\/\/zoo-land.az\/ru\/wp-json\/wp\/v2\/media?parent=24506"}],"wp:term":[{"taxonomy":"product_cat","embeddable":true,"href":"https:\/\/zoo-land.az\/ru\/wp-json\/wp\/v2\/product_cat?post=24506"},{"taxonomy":"product_tag","embeddable":true,"href":"https:\/\/zoo-land.az\/ru\/wp-json\/wp\/v2\/product_tag?post=24506"}],"curies":[{"name":"wp","href":"https:\/\/api.w.org\/{rel}","templated":true}]}}