{"id":24515,"date":"2024-06-22T09:31:13","date_gmt":"2024-06-22T09:31:13","guid":{"rendered":"https:\/\/lightsteelblue-zebra-299715.hostingersite.com\/?post_type=product&#038;p=24515"},"modified":"2024-06-22T09:31:13","modified_gmt":"2024-06-22T09:31:13","slug":"trixie-tuna-rolls","status":"publish","type":"product","link":"https:\/\/zoo-land.az\/ru\/shop\/cat\/treats-cat\/trixie-tuna-rolls\/","title":{"rendered":"Trixie Tuna Rolls"},"content":{"rendered":"<p>Trixie Premio Tuna Rolls for cats with tuna and chicken flavor. This treat has a rich fish aroma and looks very appetizing. The rolls consist of 53% select tuna meat and 30% chicken meat. The treat features a vacuum seal to preserve freshness for a long time. Ingredients: tuna (35%), chicken (30%), saithe (18%), potato starch, glycerin, sorbitol, vegetable protein extract, sodium chloride. Analytical composition: crude protein &#8211; 25.0%, crude ash &#8211; 2.8%, crude fat &#8211; 2.0%, crude fiber &#8211; 1.0%, moisture &#8211; 30.0%.<\/p>","protected":false},"excerpt":{"rendered":"<p>Trixie Premio Tuna Rolls for cats with tuna and chicken flavor. This treat has a rich fish aroma and looks very appetizing.<\/p>","protected":false},"featured_media":24516,"template":"","meta":{"inline_featured_image":false,"_joinchat":[]},"product_cat":[188,374],"product_tag":[],"class_list":{"0":"post-24515","1":"product","2":"type-product","3":"status-publish","4":"has-post-thumbnail","6":"product_brand-trixie","7":"product_cat-cat","8":"product_cat-treats-cat","10":"first","11":"instock","12":"shipping-taxable","13":"purchasable","14":"product-type-simple"},"yoast_head":"<!-- This site is optimized with the Yoast SEO plugin v26.7 - https:\/\/yoast.com\/wordpress\/plugins\/seo\/ -->\n<title>Trixie Tuna Rolls - Zooland.az<\/title>\n<meta name=\"robots\" content=\"index, follow, max-snippet:-1, max-image-preview:large, max-video-preview:-1\" \/>\n<link rel=\"canonical\" href=\"https:\/\/zoo-land.az\/ru\/shop\/cat\/treats-cat\/trixie-tuna-rolls\/\" \/>\n<meta property=\"og:locale\" content=\"ru_RU\" \/>\n<meta property=\"og:type\" content=\"article\" \/>\n<meta property=\"og:title\" content=\"Trixie Tuna Rolls - Zooland.az\" \/>\n<meta property=\"og:description\" content=\"Trixie Premio Tuna Rolls for cats with tuna and chicken flavor. This treat has a rich fish aroma and looks very appetizing.\" \/>\n<meta property=\"og:url\" content=\"https:\/\/zoo-land.az\/ru\/shop\/cat\/treats-cat\/trixie-tuna-rolls\/\" \/>\n<meta property=\"og:site_name\" content=\"Zooland.az\" \/>\n<meta property=\"og:image\" content=\"https:\/\/zoo-land.az\/wp-content\/uploads\/2024\/06\/242233-a73d198948b3a02fbc4f334d008c00fc.jpg\" \/>\n\t<meta property=\"og:image:width\" content=\"840\" \/>\n\t<meta property=\"og:image:height\" content=\"840\" \/>\n\t<meta property=\"og:image:type\" content=\"image\/jpeg\" \/>\n<meta name=\"twitter:card\" content=\"summary_large_image\" \/>\n<meta name=\"twitter:label1\" content=\"\u041f\u0440\u0438\u043c\u0435\u0440\u043d\u043e\u0435 \u0432\u0440\u0435\u043c\u044f \u0434\u043b\u044f \u0447\u0442\u0435\u043d\u0438\u044f\" \/>\n\t<meta name=\"twitter:data1\" content=\"1 \u043c\u0438\u043d\u0443\u0442\u0430\" \/>\n<script type=\"application\/ld+json\" class=\"yoast-schema-graph\">{\"@context\":\"https:\/\/schema.org\",\"@graph\":[{\"@type\":\"WebPage\",\"@id\":\"https:\/\/zoo-land.az\/ru\/shop\/cat\/treats-cat\/trixie-tuna-rolls\/\",\"url\":\"https:\/\/zoo-land.az\/ru\/shop\/cat\/treats-cat\/trixie-tuna-rolls\/\",\"name\":\"Trixie Tuna Rolls - Zooland.az\",\"isPartOf\":{\"@id\":\"https:\/\/zoo-land.az\/#website\"},\"primaryImageOfPage\":{\"@id\":\"https:\/\/zoo-land.az\/ru\/shop\/cat\/treats-cat\/trixie-tuna-rolls\/#primaryimage\"},\"image\":{\"@id\":\"https:\/\/zoo-land.az\/ru\/shop\/cat\/treats-cat\/trixie-tuna-rolls\/#primaryimage\"},\"thumbnailUrl\":\"https:\/\/zoo-land.az\/wp-content\/uploads\/2024\/06\/242233-a73d198948b3a02fbc4f334d008c00fc.jpg\",\"datePublished\":\"2024-06-22T09:31:13+00:00\",\"breadcrumb\":{\"@id\":\"https:\/\/zoo-land.az\/ru\/shop\/cat\/treats-cat\/trixie-tuna-rolls\/#breadcrumb\"},\"inLanguage\":\"ru-RU\",\"potentialAction\":[{\"@type\":\"ReadAction\",\"target\":[\"https:\/\/zoo-land.az\/ru\/shop\/cat\/treats-cat\/trixie-tuna-rolls\/\"]}]},{\"@type\":\"ImageObject\",\"inLanguage\":\"ru-RU\",\"@id\":\"https:\/\/zoo-land.az\/ru\/shop\/cat\/treats-cat\/trixie-tuna-rolls\/#primaryimage\",\"url\":\"https:\/\/zoo-land.az\/wp-content\/uploads\/2024\/06\/242233-a73d198948b3a02fbc4f334d008c00fc.jpg\",\"contentUrl\":\"https:\/\/zoo-land.az\/wp-content\/uploads\/2024\/06\/242233-a73d198948b3a02fbc4f334d008c00fc.jpg\",\"width\":840,\"height\":840},{\"@type\":\"BreadcrumbList\",\"@id\":\"https:\/\/zoo-land.az\/ru\/shop\/cat\/treats-cat\/trixie-tuna-rolls\/#breadcrumb\",\"itemListElement\":[{\"@type\":\"ListItem\",\"position\":1,\"name\":\"Home\",\"item\":\"https:\/\/zoo-land.az\/ru\/\"},{\"@type\":\"ListItem\",\"position\":2,\"name\":\"Shop\",\"item\":\"https:\/\/zoo-land.az\/ru\/\"},{\"@type\":\"ListItem\",\"position\":3,\"name\":\"Trixie Tuna Rolls\"}]},{\"@type\":\"WebSite\",\"@id\":\"https:\/\/zoo-land.az\/#website\",\"url\":\"https:\/\/zoo-land.az\/\",\"name\":\"Zooland.az\",\"description\":\"Xo\u015fb\u0259xt ev heyvanlar\u0131n\u0131n \u00fcnvan\u0131 Zooland.az\",\"publisher\":{\"@id\":\"https:\/\/zoo-land.az\/#organization\"},\"potentialAction\":[{\"@type\":\"SearchAction\",\"target\":{\"@type\":\"EntryPoint\",\"urlTemplate\":\"https:\/\/zoo-land.az\/?s={search_term_string}\"},\"query-input\":{\"@type\":\"PropertyValueSpecification\",\"valueRequired\":true,\"valueName\":\"search_term_string\"}}],\"inLanguage\":\"ru-RU\"},{\"@type\":\"Organization\",\"@id\":\"https:\/\/zoo-land.az\/#organization\",\"name\":\"Zooland.az\",\"url\":\"https:\/\/zoo-land.az\/\",\"logo\":{\"@type\":\"ImageObject\",\"inLanguage\":\"ru-RU\",\"@id\":\"https:\/\/zoo-land.az\/#\/schema\/logo\/image\/\",\"url\":\"https:\/\/zoo-land.az\/wp-content\/uploads\/2022\/05\/logo.svg\",\"contentUrl\":\"https:\/\/zoo-land.az\/wp-content\/uploads\/2022\/05\/logo.svg\",\"width\":113,\"height\":46,\"caption\":\"Zooland.az\"},\"image\":{\"@id\":\"https:\/\/zoo-land.az\/#\/schema\/logo\/image\/\"}}]}<\/script>\n<!-- \/ Yoast SEO plugin. -->","yoast_head_json":{"title":"Trixie Tuna Rolls - Zooland.az","robots":{"index":"index","follow":"follow","max-snippet":"max-snippet:-1","max-image-preview":"max-image-preview:large","max-video-preview":"max-video-preview:-1"},"canonical":"https:\/\/zoo-land.az\/ru\/shop\/cat\/treats-cat\/trixie-tuna-rolls\/","og_locale":"ru_RU","og_type":"article","og_title":"Trixie Tuna Rolls - Zooland.az","og_description":"Trixie Premio Tuna Rolls for cats with tuna and chicken flavor. This treat has a rich fish aroma and looks very appetizing.","og_url":"https:\/\/zoo-land.az\/ru\/shop\/cat\/treats-cat\/trixie-tuna-rolls\/","og_site_name":"Zooland.az","og_image":[{"width":840,"height":840,"url":"https:\/\/zoo-land.az\/wp-content\/uploads\/2024\/06\/242233-a73d198948b3a02fbc4f334d008c00fc.jpg","type":"image\/jpeg"}],"twitter_card":"summary_large_image","twitter_misc":{"\u041f\u0440\u0438\u043c\u0435\u0440\u043d\u043e\u0435 \u0432\u0440\u0435\u043c\u044f \u0434\u043b\u044f \u0447\u0442\u0435\u043d\u0438\u044f":"1 \u043c\u0438\u043d\u0443\u0442\u0430"},"schema":{"@context":"https:\/\/schema.org","@graph":[{"@type":"WebPage","@id":"https:\/\/zoo-land.az\/ru\/shop\/cat\/treats-cat\/trixie-tuna-rolls\/","url":"https:\/\/zoo-land.az\/ru\/shop\/cat\/treats-cat\/trixie-tuna-rolls\/","name":"Trixie Tuna Rolls - Zooland.az","isPartOf":{"@id":"https:\/\/zoo-land.az\/#website"},"primaryImageOfPage":{"@id":"https:\/\/zoo-land.az\/ru\/shop\/cat\/treats-cat\/trixie-tuna-rolls\/#primaryimage"},"image":{"@id":"https:\/\/zoo-land.az\/ru\/shop\/cat\/treats-cat\/trixie-tuna-rolls\/#primaryimage"},"thumbnailUrl":"https:\/\/zoo-land.az\/wp-content\/uploads\/2024\/06\/242233-a73d198948b3a02fbc4f334d008c00fc.jpg","datePublished":"2024-06-22T09:31:13+00:00","breadcrumb":{"@id":"https:\/\/zoo-land.az\/ru\/shop\/cat\/treats-cat\/trixie-tuna-rolls\/#breadcrumb"},"inLanguage":"ru-RU","potentialAction":[{"@type":"ReadAction","target":["https:\/\/zoo-land.az\/ru\/shop\/cat\/treats-cat\/trixie-tuna-rolls\/"]}]},{"@type":"ImageObject","inLanguage":"ru-RU","@id":"https:\/\/zoo-land.az\/ru\/shop\/cat\/treats-cat\/trixie-tuna-rolls\/#primaryimage","url":"https:\/\/zoo-land.az\/wp-content\/uploads\/2024\/06\/242233-a73d198948b3a02fbc4f334d008c00fc.jpg","contentUrl":"https:\/\/zoo-land.az\/wp-content\/uploads\/2024\/06\/242233-a73d198948b3a02fbc4f334d008c00fc.jpg","width":840,"height":840},{"@type":"BreadcrumbList","@id":"https:\/\/zoo-land.az\/ru\/shop\/cat\/treats-cat\/trixie-tuna-rolls\/#breadcrumb","itemListElement":[{"@type":"ListItem","position":1,"name":"Home","item":"https:\/\/zoo-land.az\/ru\/"},{"@type":"ListItem","position":2,"name":"Shop","item":"https:\/\/zoo-land.az\/ru\/"},{"@type":"ListItem","position":3,"name":"Trixie Tuna Rolls"}]},{"@type":"WebSite","@id":"https:\/\/zoo-land.az\/#website","url":"https:\/\/zoo-land.az\/","name":"Zooland.az","description":"Xo\u015fb\u0259xt ev heyvanlar\u0131n\u0131n \u00fcnvan\u0131 Zooland.az","publisher":{"@id":"https:\/\/zoo-land.az\/#organization"},"potentialAction":[{"@type":"SearchAction","target":{"@type":"EntryPoint","urlTemplate":"https:\/\/zoo-land.az\/?s={search_term_string}"},"query-input":{"@type":"PropertyValueSpecification","valueRequired":true,"valueName":"search_term_string"}}],"inLanguage":"ru-RU"},{"@type":"Organization","@id":"https:\/\/zoo-land.az\/#organization","name":"Zooland.az","url":"https:\/\/zoo-land.az\/","logo":{"@type":"ImageObject","inLanguage":"ru-RU","@id":"https:\/\/zoo-land.az\/#\/schema\/logo\/image\/","url":"https:\/\/zoo-land.az\/wp-content\/uploads\/2022\/05\/logo.svg","contentUrl":"https:\/\/zoo-land.az\/wp-content\/uploads\/2022\/05\/logo.svg","width":113,"height":46,"caption":"Zooland.az"},"image":{"@id":"https:\/\/zoo-land.az\/#\/schema\/logo\/image\/"}}]}},"_links":{"self":[{"href":"https:\/\/zoo-land.az\/ru\/wp-json\/wp\/v2\/product\/24515","targetHints":{"allow":["GET"]}}],"collection":[{"href":"https:\/\/zoo-land.az\/ru\/wp-json\/wp\/v2\/product"}],"about":[{"href":"https:\/\/zoo-land.az\/ru\/wp-json\/wp\/v2\/types\/product"}],"wp:featuredmedia":[{"embeddable":true,"href":"https:\/\/zoo-land.az\/ru\/wp-json\/wp\/v2\/media\/24516"}],"wp:attachment":[{"href":"https:\/\/zoo-land.az\/ru\/wp-json\/wp\/v2\/media?parent=24515"}],"wp:term":[{"taxonomy":"product_cat","embeddable":true,"href":"https:\/\/zoo-land.az\/ru\/wp-json\/wp\/v2\/product_cat?post=24515"},{"taxonomy":"product_tag","embeddable":true,"href":"https:\/\/zoo-land.az\/ru\/wp-json\/wp\/v2\/product_tag?post=24515"}],"curies":[{"name":"wp","href":"https:\/\/api.w.org\/{rel}","templated":true}]}}