{"id":24755,"date":"2024-06-27T08:08:50","date_gmt":"2024-06-27T08:08:50","guid":{"rendered":"https:\/\/lightsteelblue-zebra-299715.hostingersite.com\/?post_type=product&#038;p=24755"},"modified":"2024-06-27T08:08:51","modified_gmt":"2024-06-27T08:08:51","slug":"bird-cage-small","status":"publish","type":"product","link":"https:\/\/zoo-land.az\/ru\/shop\/birdss\/birds-linehomes\/bird-cage-small\/","title":{"rendered":"\u041a\u043b\u0435\u0442\u043a\u0430 \u0434\u043b\u044f \u043f\u0442\u0438\u0446 \u043c\u0430\u043b\u0435\u043d\u044c\u043a\u0430\u044f"},"content":{"rendered":"<p>Birds require a house in which they can fly and have some freedom but still ensures they do not fly away. Bird cages are constructed to be large enough to accommodate the motion and daily activities of domesticated birds.<\/p>","protected":false},"excerpt":{"rendered":"<p>Birds require a house in which they can fly and have some freedom but still ensures they do not fly away. Bird cages are constructed to be large enough to accommodate the motion and daily activities of domesticated birds.<\/p>","protected":false},"featured_media":24757,"template":"","meta":{"inline_featured_image":false,"_joinchat":[]},"product_cat":[238,234],"product_tag":[],"class_list":{"0":"post-24755","1":"product","2":"type-product","3":"status-publish","4":"has-post-thumbnail","6":"product_brand-brand-1","7":"product_cat-birds-linehomes","8":"product_cat-birdss","10":"first","11":"instock","12":"shipping-taxable","13":"purchasable","14":"product-type-simple"},"yoast_head":"<!-- This site is optimized with the Yoast SEO plugin v27.4 - https:\/\/yoast.com\/product\/yoast-seo-wordpress\/ -->\n<title>Bird Cage Small - Zooland.az<\/title>\n<meta name=\"robots\" content=\"index, follow, max-snippet:-1, max-image-preview:large, max-video-preview:-1\" \/>\n<link rel=\"canonical\" href=\"https:\/\/lightsteelblue-zebra-299715.hostingersite.com\/ru\/shop\/birdss\/birds-linehomes\/bird-cage-small\/\" \/>\n<meta property=\"og:locale\" content=\"ru_RU\" \/>\n<meta property=\"og:type\" content=\"article\" \/>\n<meta property=\"og:title\" content=\"Bird Cage Small - Zooland.az\" \/>\n<meta property=\"og:description\" content=\"Birds require a house in which they can fly and have some freedom but still ensures they do not fly away. Bird cages are constructed to be large enough to accommodate the motion and daily activities of domesticated birds.\" \/>\n<meta property=\"og:url\" content=\"https:\/\/lightsteelblue-zebra-299715.hostingersite.com\/ru\/shop\/birdss\/birds-linehomes\/bird-cage-small\/\" \/>\n<meta property=\"og:site_name\" content=\"Zooland.az\" \/>\n<meta property=\"article:modified_time\" content=\"2024-06-27T08:08:51+00:00\" \/>\n<meta property=\"og:image\" content=\"https:\/\/lightsteelblue-zebra-299715.hostingersite.com\/wp-content\/uploads\/2024\/06\/MG_1676-A-min-scaled-1.jpg\" \/>\n\t<meta property=\"og:image:width\" content=\"2560\" \/>\n\t<meta property=\"og:image:height\" content=\"1707\" \/>\n\t<meta property=\"og:image:type\" content=\"image\/jpeg\" \/>\n<meta name=\"twitter:card\" content=\"summary_large_image\" \/>\n<meta name=\"twitter:label1\" content=\"\u041f\u0440\u0438\u043c\u0435\u0440\u043d\u043e\u0435 \u0432\u0440\u0435\u043c\u044f \u0434\u043b\u044f \u0447\u0442\u0435\u043d\u0438\u044f\" \/>\n\t<meta name=\"twitter:data1\" content=\"1 \u043c\u0438\u043d\u0443\u0442\u0430\" \/>\n<script type=\"application\/ld+json\" class=\"yoast-schema-graph\">{\"@context\":\"https:\\\/\\\/schema.org\",\"@graph\":[{\"@type\":\"WebPage\",\"@id\":\"https:\\\/\\\/lightsteelblue-zebra-299715.hostingersite.com\\\/ru\\\/shop\\\/birdss\\\/birds-linehomes\\\/bird-cage-small\\\/\",\"url\":\"https:\\\/\\\/lightsteelblue-zebra-299715.hostingersite.com\\\/ru\\\/shop\\\/birdss\\\/birds-linehomes\\\/bird-cage-small\\\/\",\"name\":\"Bird Cage Small - Zooland.az\",\"isPartOf\":{\"@id\":\"https:\\\/\\\/zoo-land.az\\\/ru\\\/#website\"},\"primaryImageOfPage\":{\"@id\":\"https:\\\/\\\/lightsteelblue-zebra-299715.hostingersite.com\\\/ru\\\/shop\\\/birdss\\\/birds-linehomes\\\/bird-cage-small\\\/#primaryimage\"},\"image\":{\"@id\":\"https:\\\/\\\/lightsteelblue-zebra-299715.hostingersite.com\\\/ru\\\/shop\\\/birdss\\\/birds-linehomes\\\/bird-cage-small\\\/#primaryimage\"},\"thumbnailUrl\":\"https:\\\/\\\/zoo-land.az\\\/wp-content\\\/uploads\\\/2024\\\/06\\\/MG_1676-A-min-scaled-1.jpg\",\"datePublished\":\"2024-06-27T08:08:50+00:00\",\"dateModified\":\"2024-06-27T08:08:51+00:00\",\"breadcrumb\":{\"@id\":\"https:\\\/\\\/lightsteelblue-zebra-299715.hostingersite.com\\\/ru\\\/shop\\\/birdss\\\/birds-linehomes\\\/bird-cage-small\\\/#breadcrumb\"},\"inLanguage\":\"ru-RU\",\"potentialAction\":[{\"@type\":\"ReadAction\",\"target\":[\"https:\\\/\\\/lightsteelblue-zebra-299715.hostingersite.com\\\/ru\\\/shop\\\/birdss\\\/birds-linehomes\\\/bird-cage-small\\\/\"]}]},{\"@type\":\"ImageObject\",\"inLanguage\":\"ru-RU\",\"@id\":\"https:\\\/\\\/lightsteelblue-zebra-299715.hostingersite.com\\\/ru\\\/shop\\\/birdss\\\/birds-linehomes\\\/bird-cage-small\\\/#primaryimage\",\"url\":\"https:\\\/\\\/zoo-land.az\\\/wp-content\\\/uploads\\\/2024\\\/06\\\/MG_1676-A-min-scaled-1.jpg\",\"contentUrl\":\"https:\\\/\\\/zoo-land.az\\\/wp-content\\\/uploads\\\/2024\\\/06\\\/MG_1676-A-min-scaled-1.jpg\",\"width\":2560,\"height\":1707},{\"@type\":\"BreadcrumbList\",\"@id\":\"https:\\\/\\\/lightsteelblue-zebra-299715.hostingersite.com\\\/ru\\\/shop\\\/birdss\\\/birds-linehomes\\\/bird-cage-small\\\/#breadcrumb\",\"itemListElement\":[{\"@type\":\"ListItem\",\"position\":1,\"name\":\"Home\",\"item\":\"https:\\\/\\\/zoo-land.az\\\/ru\\\/\"},{\"@type\":\"ListItem\",\"position\":2,\"name\":\"Shop\",\"item\":\"https:\\\/\\\/zoo-land.az\\\/ru\\\/\"},{\"@type\":\"ListItem\",\"position\":3,\"name\":\"Bird Cage Small\"}]},{\"@type\":\"WebSite\",\"@id\":\"https:\\\/\\\/zoo-land.az\\\/ru\\\/#website\",\"url\":\"https:\\\/\\\/zoo-land.az\\\/ru\\\/\",\"name\":\"Zooland.az\",\"description\":\"Xo\u015fb\u0259xt ev heyvanlar\u0131n\u0131n \u00fcnvan\u0131 Zooland.az\",\"publisher\":{\"@id\":\"https:\\\/\\\/zoo-land.az\\\/ru\\\/#organization\"},\"potentialAction\":[{\"@type\":\"SearchAction\",\"target\":{\"@type\":\"EntryPoint\",\"urlTemplate\":\"https:\\\/\\\/zoo-land.az\\\/ru\\\/?s={search_term_string}\"},\"query-input\":{\"@type\":\"PropertyValueSpecification\",\"valueRequired\":true,\"valueName\":\"search_term_string\"}}],\"inLanguage\":\"ru-RU\"},{\"@type\":\"Organization\",\"@id\":\"https:\\\/\\\/zoo-land.az\\\/ru\\\/#organization\",\"name\":\"Zooland.az\",\"url\":\"https:\\\/\\\/zoo-land.az\\\/ru\\\/\",\"logo\":{\"@type\":\"ImageObject\",\"inLanguage\":\"ru-RU\",\"@id\":\"https:\\\/\\\/zoo-land.az\\\/ru\\\/#\\\/schema\\\/logo\\\/image\\\/\",\"url\":\"https:\\\/\\\/zoo-land.az\\\/wp-content\\\/uploads\\\/2022\\\/05\\\/logo.svg\",\"contentUrl\":\"https:\\\/\\\/zoo-land.az\\\/wp-content\\\/uploads\\\/2022\\\/05\\\/logo.svg\",\"width\":113,\"height\":46,\"caption\":\"Zooland.az\"},\"image\":{\"@id\":\"https:\\\/\\\/zoo-land.az\\\/ru\\\/#\\\/schema\\\/logo\\\/image\\\/\"}}]}<\/script>\n<!-- \/ Yoast SEO plugin. -->","yoast_head_json":{"title":"Bird Cage Small - Zooland.az","robots":{"index":"index","follow":"follow","max-snippet":"max-snippet:-1","max-image-preview":"max-image-preview:large","max-video-preview":"max-video-preview:-1"},"canonical":"https:\/\/lightsteelblue-zebra-299715.hostingersite.com\/ru\/shop\/birdss\/birds-linehomes\/bird-cage-small\/","og_locale":"ru_RU","og_type":"article","og_title":"Bird Cage Small - Zooland.az","og_description":"Birds require a house in which they can fly and have some freedom but still ensures they do not fly away. Bird cages are constructed to be large enough to accommodate the motion and daily activities of domesticated birds.","og_url":"https:\/\/lightsteelblue-zebra-299715.hostingersite.com\/ru\/shop\/birdss\/birds-linehomes\/bird-cage-small\/","og_site_name":"Zooland.az","article_modified_time":"2024-06-27T08:08:51+00:00","og_image":[{"width":2560,"height":1707,"url":"https:\/\/lightsteelblue-zebra-299715.hostingersite.com\/wp-content\/uploads\/2024\/06\/MG_1676-A-min-scaled-1.jpg","type":"image\/jpeg"}],"twitter_card":"summary_large_image","twitter_misc":{"\u041f\u0440\u0438\u043c\u0435\u0440\u043d\u043e\u0435 \u0432\u0440\u0435\u043c\u044f \u0434\u043b\u044f \u0447\u0442\u0435\u043d\u0438\u044f":"1 \u043c\u0438\u043d\u0443\u0442\u0430"},"schema":{"@context":"https:\/\/schema.org","@graph":[{"@type":"WebPage","@id":"https:\/\/lightsteelblue-zebra-299715.hostingersite.com\/ru\/shop\/birdss\/birds-linehomes\/bird-cage-small\/","url":"https:\/\/lightsteelblue-zebra-299715.hostingersite.com\/ru\/shop\/birdss\/birds-linehomes\/bird-cage-small\/","name":"Bird Cage Small - Zooland.az","isPartOf":{"@id":"https:\/\/zoo-land.az\/ru\/#website"},"primaryImageOfPage":{"@id":"https:\/\/lightsteelblue-zebra-299715.hostingersite.com\/ru\/shop\/birdss\/birds-linehomes\/bird-cage-small\/#primaryimage"},"image":{"@id":"https:\/\/lightsteelblue-zebra-299715.hostingersite.com\/ru\/shop\/birdss\/birds-linehomes\/bird-cage-small\/#primaryimage"},"thumbnailUrl":"https:\/\/zoo-land.az\/wp-content\/uploads\/2024\/06\/MG_1676-A-min-scaled-1.jpg","datePublished":"2024-06-27T08:08:50+00:00","dateModified":"2024-06-27T08:08:51+00:00","breadcrumb":{"@id":"https:\/\/lightsteelblue-zebra-299715.hostingersite.com\/ru\/shop\/birdss\/birds-linehomes\/bird-cage-small\/#breadcrumb"},"inLanguage":"ru-RU","potentialAction":[{"@type":"ReadAction","target":["https:\/\/lightsteelblue-zebra-299715.hostingersite.com\/ru\/shop\/birdss\/birds-linehomes\/bird-cage-small\/"]}]},{"@type":"ImageObject","inLanguage":"ru-RU","@id":"https:\/\/lightsteelblue-zebra-299715.hostingersite.com\/ru\/shop\/birdss\/birds-linehomes\/bird-cage-small\/#primaryimage","url":"https:\/\/zoo-land.az\/wp-content\/uploads\/2024\/06\/MG_1676-A-min-scaled-1.jpg","contentUrl":"https:\/\/zoo-land.az\/wp-content\/uploads\/2024\/06\/MG_1676-A-min-scaled-1.jpg","width":2560,"height":1707},{"@type":"BreadcrumbList","@id":"https:\/\/lightsteelblue-zebra-299715.hostingersite.com\/ru\/shop\/birdss\/birds-linehomes\/bird-cage-small\/#breadcrumb","itemListElement":[{"@type":"ListItem","position":1,"name":"Home","item":"https:\/\/zoo-land.az\/ru\/"},{"@type":"ListItem","position":2,"name":"Shop","item":"https:\/\/zoo-land.az\/ru\/"},{"@type":"ListItem","position":3,"name":"Bird Cage Small"}]},{"@type":"WebSite","@id":"https:\/\/zoo-land.az\/ru\/#website","url":"https:\/\/zoo-land.az\/ru\/","name":"Zooland.az","description":"Xo\u015fb\u0259xt ev heyvanlar\u0131n\u0131n \u00fcnvan\u0131 Zooland.az","publisher":{"@id":"https:\/\/zoo-land.az\/ru\/#organization"},"potentialAction":[{"@type":"SearchAction","target":{"@type":"EntryPoint","urlTemplate":"https:\/\/zoo-land.az\/ru\/?s={search_term_string}"},"query-input":{"@type":"PropertyValueSpecification","valueRequired":true,"valueName":"search_term_string"}}],"inLanguage":"ru-RU"},{"@type":"Organization","@id":"https:\/\/zoo-land.az\/ru\/#organization","name":"Zooland.az","url":"https:\/\/zoo-land.az\/ru\/","logo":{"@type":"ImageObject","inLanguage":"ru-RU","@id":"https:\/\/zoo-land.az\/ru\/#\/schema\/logo\/image\/","url":"https:\/\/zoo-land.az\/wp-content\/uploads\/2022\/05\/logo.svg","contentUrl":"https:\/\/zoo-land.az\/wp-content\/uploads\/2022\/05\/logo.svg","width":113,"height":46,"caption":"Zooland.az"},"image":{"@id":"https:\/\/zoo-land.az\/ru\/#\/schema\/logo\/image\/"}}]}},"_links":{"self":[{"href":"https:\/\/zoo-land.az\/ru\/wp-json\/wp\/v2\/product\/24755","targetHints":{"allow":["GET"]}}],"collection":[{"href":"https:\/\/zoo-land.az\/ru\/wp-json\/wp\/v2\/product"}],"about":[{"href":"https:\/\/zoo-land.az\/ru\/wp-json\/wp\/v2\/types\/product"}],"wp:featuredmedia":[{"embeddable":true,"href":"https:\/\/zoo-land.az\/ru\/wp-json\/wp\/v2\/media\/24757"}],"wp:attachment":[{"href":"https:\/\/zoo-land.az\/ru\/wp-json\/wp\/v2\/media?parent=24755"}],"wp:term":[{"taxonomy":"product_cat","embeddable":true,"href":"https:\/\/zoo-land.az\/ru\/wp-json\/wp\/v2\/product_cat?post=24755"},{"taxonomy":"product_tag","embeddable":true,"href":"https:\/\/zoo-land.az\/ru\/wp-json\/wp\/v2\/product_tag?post=24755"}],"curies":[{"name":"wp","href":"https:\/\/api.w.org\/{rel}","templated":true}]}}