{"id":25265,"date":"2026-02-09T17:09:40","date_gmt":"2026-02-09T13:09:40","guid":{"rendered":"https:\/\/zoo-land.az\/?post_type=product&#038;p=25265"},"modified":"2026-03-04T14:18:08","modified_gmt":"2026-03-04T10:18:08","slug":"beeztees-keramika-yem-qabi-pussy","status":"publish","type":"product","link":"https:\/\/zoo-land.az\/ru\/shop\/cat\/bowls-cat\/beeztees-keramika-yem-qabi-pussy\/","title":{"rendered":"Beeztees Ceramic Cat Dish Pussy"},"content":{"rendered":"<p>Ceramic Cat Dish Pussy Blue 13.5<\/p>","protected":false},"excerpt":{"rendered":"<p>Ceramic Cat Dish Pussy Blue 13.5<\/p>","protected":false},"featured_media":25268,"template":"","meta":{"inline_featured_image":false,"_joinchat":[]},"product_cat":[354],"product_tag":[],"class_list":{"0":"post-25265","1":"product","2":"type-product","3":"status-publish","4":"has-post-thumbnail","6":"product_cat-bowls-cat","8":"first","9":"instock","10":"shipping-taxable","11":"purchasable","12":"product-type-simple"},"yoast_head":"<!-- This site is optimized with the Yoast SEO plugin v26.7 - https:\/\/yoast.com\/wordpress\/plugins\/seo\/ -->\n<title>Beeztees Ceramic Cat Dish Pussy - Zooland.az<\/title>\n<meta name=\"robots\" content=\"index, follow, max-snippet:-1, max-image-preview:large, max-video-preview:-1\" \/>\n<link rel=\"canonical\" href=\"https:\/\/zoo-land.az\/ru\/shop\/cat\/bowls-cat\/beeztees-keramika-yem-qabi-pussy\/\" \/>\n<meta property=\"og:locale\" content=\"ru_RU\" \/>\n<meta property=\"og:type\" content=\"article\" \/>\n<meta property=\"og:title\" content=\"Beeztees Ceramic Cat Dish Pussy - Zooland.az\" \/>\n<meta property=\"og:description\" content=\"Ceramic Cat Dish Pussy Blue 13.5\" \/>\n<meta property=\"og:url\" content=\"https:\/\/zoo-land.az\/ru\/shop\/cat\/bowls-cat\/beeztees-keramika-yem-qabi-pussy\/\" \/>\n<meta property=\"og:site_name\" content=\"Zooland.az\" \/>\n<meta property=\"article:modified_time\" content=\"2026-03-04T10:18:08+00:00\" \/>\n<meta property=\"og:image\" content=\"http:\/\/zoo-land.az\/wp-content\/uploads\/2026\/02\/2e97a222-889b-4ee6-9a2d-66f007fd78ff.jfif_.png\" \/>\n\t<meta property=\"og:image:width\" content=\"1000\" \/>\n\t<meta property=\"og:image:height\" content=\"600\" \/>\n\t<meta property=\"og:image:type\" content=\"image\/png\" \/>\n<meta name=\"twitter:card\" content=\"summary_large_image\" \/>\n<meta name=\"twitter:label1\" content=\"\u041f\u0440\u0438\u043c\u0435\u0440\u043d\u043e\u0435 \u0432\u0440\u0435\u043c\u044f \u0434\u043b\u044f \u0447\u0442\u0435\u043d\u0438\u044f\" \/>\n\t<meta name=\"twitter:data1\" content=\"1 \u043c\u0438\u043d\u0443\u0442\u0430\" \/>\n<script type=\"application\/ld+json\" class=\"yoast-schema-graph\">{\"@context\":\"https:\/\/schema.org\",\"@graph\":[{\"@type\":\"WebPage\",\"@id\":\"https:\/\/zoo-land.az\/shop\/cat\/bowls-cat\/beeztees-keramika-yem-qabi-pussy\/\",\"url\":\"https:\/\/zoo-land.az\/shop\/cat\/bowls-cat\/beeztees-keramika-yem-qabi-pussy\/\",\"name\":\"Beeztees Ceramic Cat Dish Pussy - Zooland.az\",\"isPartOf\":{\"@id\":\"https:\/\/zoo-land.az\/#website\"},\"primaryImageOfPage\":{\"@id\":\"https:\/\/zoo-land.az\/shop\/cat\/bowls-cat\/beeztees-keramika-yem-qabi-pussy\/#primaryimage\"},\"image\":{\"@id\":\"https:\/\/zoo-land.az\/shop\/cat\/bowls-cat\/beeztees-keramika-yem-qabi-pussy\/#primaryimage\"},\"thumbnailUrl\":\"https:\/\/zoo-land.az\/wp-content\/uploads\/2026\/02\/2e97a222-889b-4ee6-9a2d-66f007fd78ff.jfif_.png\",\"datePublished\":\"2026-02-09T13:09:40+00:00\",\"dateModified\":\"2026-03-04T10:18:08+00:00\",\"breadcrumb\":{\"@id\":\"https:\/\/zoo-land.az\/shop\/cat\/bowls-cat\/beeztees-keramika-yem-qabi-pussy\/#breadcrumb\"},\"inLanguage\":\"ru-RU\",\"potentialAction\":[{\"@type\":\"ReadAction\",\"target\":[\"https:\/\/zoo-land.az\/shop\/cat\/bowls-cat\/beeztees-keramika-yem-qabi-pussy\/\"]}]},{\"@type\":\"ImageObject\",\"inLanguage\":\"ru-RU\",\"@id\":\"https:\/\/zoo-land.az\/shop\/cat\/bowls-cat\/beeztees-keramika-yem-qabi-pussy\/#primaryimage\",\"url\":\"https:\/\/zoo-land.az\/wp-content\/uploads\/2026\/02\/2e97a222-889b-4ee6-9a2d-66f007fd78ff.jfif_.png\",\"contentUrl\":\"https:\/\/zoo-land.az\/wp-content\/uploads\/2026\/02\/2e97a222-889b-4ee6-9a2d-66f007fd78ff.jfif_.png\",\"width\":1000,\"height\":600},{\"@type\":\"BreadcrumbList\",\"@id\":\"https:\/\/zoo-land.az\/shop\/cat\/bowls-cat\/beeztees-keramika-yem-qabi-pussy\/#breadcrumb\",\"itemListElement\":[{\"@type\":\"ListItem\",\"position\":1,\"name\":\"Home\",\"item\":\"https:\/\/zoo-land.az\/ru\/\"},{\"@type\":\"ListItem\",\"position\":2,\"name\":\"Shop\",\"item\":\"https:\/\/zoo-land.az\/ru\/\"},{\"@type\":\"ListItem\",\"position\":3,\"name\":\"Beeztees Ceramic Cat Dish Pussy\"}]},{\"@type\":\"WebSite\",\"@id\":\"https:\/\/zoo-land.az\/#website\",\"url\":\"https:\/\/zoo-land.az\/\",\"name\":\"Zooland.az\",\"description\":\"Xo\u015fb\u0259xt ev heyvanlar\u0131n\u0131n \u00fcnvan\u0131 Zooland.az\",\"publisher\":{\"@id\":\"https:\/\/zoo-land.az\/#organization\"},\"potentialAction\":[{\"@type\":\"SearchAction\",\"target\":{\"@type\":\"EntryPoint\",\"urlTemplate\":\"https:\/\/zoo-land.az\/?s={search_term_string}\"},\"query-input\":{\"@type\":\"PropertyValueSpecification\",\"valueRequired\":true,\"valueName\":\"search_term_string\"}}],\"inLanguage\":\"ru-RU\"},{\"@type\":\"Organization\",\"@id\":\"https:\/\/zoo-land.az\/#organization\",\"name\":\"Zooland.az\",\"url\":\"https:\/\/zoo-land.az\/\",\"logo\":{\"@type\":\"ImageObject\",\"inLanguage\":\"ru-RU\",\"@id\":\"https:\/\/zoo-land.az\/#\/schema\/logo\/image\/\",\"url\":\"https:\/\/zoo-land.az\/wp-content\/uploads\/2022\/05\/logo.svg\",\"contentUrl\":\"https:\/\/zoo-land.az\/wp-content\/uploads\/2022\/05\/logo.svg\",\"width\":113,\"height\":46,\"caption\":\"Zooland.az\"},\"image\":{\"@id\":\"https:\/\/zoo-land.az\/#\/schema\/logo\/image\/\"}}]}<\/script>\n<!-- \/ Yoast SEO plugin. -->","yoast_head_json":{"title":"Beeztees Ceramic Cat Dish Pussy - Zooland.az","robots":{"index":"index","follow":"follow","max-snippet":"max-snippet:-1","max-image-preview":"max-image-preview:large","max-video-preview":"max-video-preview:-1"},"canonical":"https:\/\/zoo-land.az\/ru\/shop\/cat\/bowls-cat\/beeztees-keramika-yem-qabi-pussy\/","og_locale":"ru_RU","og_type":"article","og_title":"Beeztees Ceramic Cat Dish Pussy - Zooland.az","og_description":"Ceramic Cat Dish Pussy Blue 13.5","og_url":"https:\/\/zoo-land.az\/ru\/shop\/cat\/bowls-cat\/beeztees-keramika-yem-qabi-pussy\/","og_site_name":"Zooland.az","article_modified_time":"2026-03-04T10:18:08+00:00","og_image":[{"width":1000,"height":600,"url":"http:\/\/zoo-land.az\/wp-content\/uploads\/2026\/02\/2e97a222-889b-4ee6-9a2d-66f007fd78ff.jfif_.png","type":"image\/png"}],"twitter_card":"summary_large_image","twitter_misc":{"\u041f\u0440\u0438\u043c\u0435\u0440\u043d\u043e\u0435 \u0432\u0440\u0435\u043c\u044f \u0434\u043b\u044f \u0447\u0442\u0435\u043d\u0438\u044f":"1 \u043c\u0438\u043d\u0443\u0442\u0430"},"schema":{"@context":"https:\/\/schema.org","@graph":[{"@type":"WebPage","@id":"https:\/\/zoo-land.az\/shop\/cat\/bowls-cat\/beeztees-keramika-yem-qabi-pussy\/","url":"https:\/\/zoo-land.az\/shop\/cat\/bowls-cat\/beeztees-keramika-yem-qabi-pussy\/","name":"Beeztees Ceramic Cat Dish Pussy - Zooland.az","isPartOf":{"@id":"https:\/\/zoo-land.az\/#website"},"primaryImageOfPage":{"@id":"https:\/\/zoo-land.az\/shop\/cat\/bowls-cat\/beeztees-keramika-yem-qabi-pussy\/#primaryimage"},"image":{"@id":"https:\/\/zoo-land.az\/shop\/cat\/bowls-cat\/beeztees-keramika-yem-qabi-pussy\/#primaryimage"},"thumbnailUrl":"https:\/\/zoo-land.az\/wp-content\/uploads\/2026\/02\/2e97a222-889b-4ee6-9a2d-66f007fd78ff.jfif_.png","datePublished":"2026-02-09T13:09:40+00:00","dateModified":"2026-03-04T10:18:08+00:00","breadcrumb":{"@id":"https:\/\/zoo-land.az\/shop\/cat\/bowls-cat\/beeztees-keramika-yem-qabi-pussy\/#breadcrumb"},"inLanguage":"ru-RU","potentialAction":[{"@type":"ReadAction","target":["https:\/\/zoo-land.az\/shop\/cat\/bowls-cat\/beeztees-keramika-yem-qabi-pussy\/"]}]},{"@type":"ImageObject","inLanguage":"ru-RU","@id":"https:\/\/zoo-land.az\/shop\/cat\/bowls-cat\/beeztees-keramika-yem-qabi-pussy\/#primaryimage","url":"https:\/\/zoo-land.az\/wp-content\/uploads\/2026\/02\/2e97a222-889b-4ee6-9a2d-66f007fd78ff.jfif_.png","contentUrl":"https:\/\/zoo-land.az\/wp-content\/uploads\/2026\/02\/2e97a222-889b-4ee6-9a2d-66f007fd78ff.jfif_.png","width":1000,"height":600},{"@type":"BreadcrumbList","@id":"https:\/\/zoo-land.az\/shop\/cat\/bowls-cat\/beeztees-keramika-yem-qabi-pussy\/#breadcrumb","itemListElement":[{"@type":"ListItem","position":1,"name":"Home","item":"https:\/\/zoo-land.az\/ru\/"},{"@type":"ListItem","position":2,"name":"Shop","item":"https:\/\/zoo-land.az\/ru\/"},{"@type":"ListItem","position":3,"name":"Beeztees Ceramic Cat Dish Pussy"}]},{"@type":"WebSite","@id":"https:\/\/zoo-land.az\/#website","url":"https:\/\/zoo-land.az\/","name":"Zooland.az","description":"Xo\u015fb\u0259xt ev heyvanlar\u0131n\u0131n \u00fcnvan\u0131 Zooland.az","publisher":{"@id":"https:\/\/zoo-land.az\/#organization"},"potentialAction":[{"@type":"SearchAction","target":{"@type":"EntryPoint","urlTemplate":"https:\/\/zoo-land.az\/?s={search_term_string}"},"query-input":{"@type":"PropertyValueSpecification","valueRequired":true,"valueName":"search_term_string"}}],"inLanguage":"ru-RU"},{"@type":"Organization","@id":"https:\/\/zoo-land.az\/#organization","name":"Zooland.az","url":"https:\/\/zoo-land.az\/","logo":{"@type":"ImageObject","inLanguage":"ru-RU","@id":"https:\/\/zoo-land.az\/#\/schema\/logo\/image\/","url":"https:\/\/zoo-land.az\/wp-content\/uploads\/2022\/05\/logo.svg","contentUrl":"https:\/\/zoo-land.az\/wp-content\/uploads\/2022\/05\/logo.svg","width":113,"height":46,"caption":"Zooland.az"},"image":{"@id":"https:\/\/zoo-land.az\/#\/schema\/logo\/image\/"}}]}},"_links":{"self":[{"href":"https:\/\/zoo-land.az\/ru\/wp-json\/wp\/v2\/product\/25265","targetHints":{"allow":["GET"]}}],"collection":[{"href":"https:\/\/zoo-land.az\/ru\/wp-json\/wp\/v2\/product"}],"about":[{"href":"https:\/\/zoo-land.az\/ru\/wp-json\/wp\/v2\/types\/product"}],"wp:featuredmedia":[{"embeddable":true,"href":"https:\/\/zoo-land.az\/ru\/wp-json\/wp\/v2\/media\/25268"}],"wp:attachment":[{"href":"https:\/\/zoo-land.az\/ru\/wp-json\/wp\/v2\/media?parent=25265"}],"wp:term":[{"taxonomy":"product_cat","embeddable":true,"href":"https:\/\/zoo-land.az\/ru\/wp-json\/wp\/v2\/product_cat?post=25265"},{"taxonomy":"product_tag","embeddable":true,"href":"https:\/\/zoo-land.az\/ru\/wp-json\/wp\/v2\/product_tag?post=25265"}],"curies":[{"name":"wp","href":"https:\/\/api.w.org\/{rel}","templated":true}]}}