{"id":25357,"date":"2026-04-29T14:59:35","date_gmt":"2026-04-29T10:59:35","guid":{"rendered":"https:\/\/zoo-land.az\/?post_type=product&#038;p=25357"},"modified":"2026-04-29T14:59:35","modified_gmt":"2026-04-29T10:59:35","slug":"royal-canin-hair-skin-care-85g","status":"publish","type":"product","link":"https:\/\/zoo-land.az\/ru\/shop\/all-products\/royal-canin-hair-skin-care-85g\/","title":{"rendered":"Royal Canin Hair &#038; Skin Care (85g)"},"content":{"rendered":"<p>Pi\u015fiyinizin t\u00fckl\u0259ri onun \u00fcmumi sa\u011flaml\u0131\u011f\u0131n\u0131n g\u00fczg\u00fcs\u00fcd\u00fcr. Royal Canin Hair &amp; Skin Care, t\u00fckl\u0259rd\u0259 matl\u0131q v\u0259 d\u0259rid\u0259 h\u0259ssasl\u0131q ya\u015fayan yetkin pi\u015fikl\u0259r \u00fc\u00e7\u00fcn x\u00fcsusi olaraq haz\u0131rlanm\u0131\u015f tam balansl\u0131 qidad\u0131r. Bu n\u0259m yem, t\u0259rkibind\u0259ki x\u00fcsusi qida madd\u0259l\u0259ri kompleksi il\u0259 pi\u015fiyinizin t\u0259bii g\u00f6z\u0259lliyini \u00fcz\u0259 \u00e7\u0131xar\u0131r<\/p>","protected":false},"excerpt":{"rendered":"<p>Pi\u015fiyinizin t\u00fckl\u0259ri onun \u00fcmumi sa\u011flaml\u0131\u011f\u0131n\u0131n g\u00fczg\u00fcs\u00fcd\u00fcr. Royal Canin Hair &amp; Skin Care, t\u00fckl\u0259rd\u0259 matl\u0131q v\u0259 d\u0259rid\u0259 h\u0259ssasl\u0131q ya\u015fayan yetkin pi\u015fikl\u0259r \u00fc\u00e7\u00fcn x\u00fcsusi olaraq haz\u0131rlanm\u0131\u015f tam balansl\u0131 qidad\u0131r. Bu n\u0259m yem, t\u0259rkibind\u0259ki x\u00fcsusi qida madd\u0259l\u0259ri kompleksi il\u0259 pi\u015fiyinizin t\u0259bii g\u00f6z\u0259lliyini \u00fcz\u0259 \u00e7\u0131xar\u0131r<\/p>","protected":false},"featured_media":25359,"template":"","meta":{"inline_featured_image":false,"_joinchat":{"telephone":"+994557050102"}},"product_cat":[16],"product_tag":[427],"class_list":{"0":"post-25357","1":"product","2":"type-product","3":"status-publish","4":"has-post-thumbnail","6":"product_brand-royal-canin","7":"product_cat-all-products","8":"product_tag-wet","10":"first","11":"instock","12":"shipping-taxable","13":"purchasable","14":"product-type-simple"},"yoast_head":"<!-- This site is optimized with the Yoast SEO plugin v27.4 - https:\/\/yoast.com\/product\/yoast-seo-wordpress\/ -->\n<title>Royal Canin Hair &amp; Skin Care (85g) - Zooland.az<\/title>\n<meta name=\"robots\" content=\"index, follow, max-snippet:-1, max-image-preview:large, max-video-preview:-1\" \/>\n<link rel=\"canonical\" href=\"https:\/\/zoo-land.az\/ru\/shop\/all-products\/royal-canin-hair-skin-care-85g\/\" \/>\n<meta property=\"og:locale\" content=\"ru_RU\" \/>\n<meta property=\"og:type\" content=\"article\" \/>\n<meta property=\"og:title\" content=\"Royal Canin Hair &amp; Skin Care (85g) - Zooland.az\" \/>\n<meta property=\"og:description\" content=\"Pi\u015fiyinizin t\u00fckl\u0259ri onun \u00fcmumi sa\u011flaml\u0131\u011f\u0131n\u0131n g\u00fczg\u00fcs\u00fcd\u00fcr. Royal Canin Hair &amp; Skin Care, t\u00fckl\u0259rd\u0259 matl\u0131q v\u0259 d\u0259rid\u0259 h\u0259ssasl\u0131q ya\u015fayan yetkin pi\u015fikl\u0259r \u00fc\u00e7\u00fcn x\u00fcsusi olaraq haz\u0131rlanm\u0131\u015f tam balansl\u0131 qidad\u0131r. Bu n\u0259m yem, t\u0259rkibind\u0259ki x\u00fcsusi qida madd\u0259l\u0259ri kompleksi il\u0259 pi\u015fiyinizin t\u0259bii g\u00f6z\u0259lliyini \u00fcz\u0259 \u00e7\u0131xar\u0131r\" \/>\n<meta property=\"og:url\" content=\"https:\/\/zoo-land.az\/ru\/shop\/all-products\/royal-canin-hair-skin-care-85g\/\" \/>\n<meta property=\"og:site_name\" content=\"Zooland.az\" \/>\n<meta property=\"og:image\" content=\"https:\/\/zoo-land.az\/wp-content\/uploads\/2026\/04\/WhatsApp-Image-2026-04-29-at-03.50.38.jpg\" \/>\n\t<meta property=\"og:image:width\" content=\"800\" \/>\n\t<meta property=\"og:image:height\" content=\"800\" \/>\n\t<meta property=\"og:image:type\" content=\"image\/jpeg\" \/>\n<meta name=\"twitter:card\" content=\"summary_large_image\" \/>\n<meta name=\"twitter:label1\" content=\"\u041f\u0440\u0438\u043c\u0435\u0440\u043d\u043e\u0435 \u0432\u0440\u0435\u043c\u044f \u0434\u043b\u044f \u0447\u0442\u0435\u043d\u0438\u044f\" \/>\n\t<meta name=\"twitter:data1\" content=\"1 \u043c\u0438\u043d\u0443\u0442\u0430\" \/>\n<script type=\"application\/ld+json\" class=\"yoast-schema-graph\">{\"@context\":\"https:\\\/\\\/schema.org\",\"@graph\":[{\"@type\":\"WebPage\",\"@id\":\"https:\\\/\\\/zoo-land.az\\\/shop\\\/all-products\\\/royal-canin-hair-skin-care-85g\\\/\",\"url\":\"https:\\\/\\\/zoo-land.az\\\/shop\\\/all-products\\\/royal-canin-hair-skin-care-85g\\\/\",\"name\":\"Royal Canin Hair & Skin Care (85g) - Zooland.az\",\"isPartOf\":{\"@id\":\"https:\\\/\\\/zoo-land.az\\\/ru\\\/#website\"},\"primaryImageOfPage\":{\"@id\":\"https:\\\/\\\/zoo-land.az\\\/shop\\\/all-products\\\/royal-canin-hair-skin-care-85g\\\/#primaryimage\"},\"image\":{\"@id\":\"https:\\\/\\\/zoo-land.az\\\/shop\\\/all-products\\\/royal-canin-hair-skin-care-85g\\\/#primaryimage\"},\"thumbnailUrl\":\"https:\\\/\\\/zoo-land.az\\\/wp-content\\\/uploads\\\/2026\\\/04\\\/WhatsApp-Image-2026-04-29-at-03.50.38.jpg\",\"datePublished\":\"2026-04-29T10:59:35+00:00\",\"breadcrumb\":{\"@id\":\"https:\\\/\\\/zoo-land.az\\\/shop\\\/all-products\\\/royal-canin-hair-skin-care-85g\\\/#breadcrumb\"},\"inLanguage\":\"ru-RU\",\"potentialAction\":[{\"@type\":\"ReadAction\",\"target\":[\"https:\\\/\\\/zoo-land.az\\\/shop\\\/all-products\\\/royal-canin-hair-skin-care-85g\\\/\"]}]},{\"@type\":\"ImageObject\",\"inLanguage\":\"ru-RU\",\"@id\":\"https:\\\/\\\/zoo-land.az\\\/shop\\\/all-products\\\/royal-canin-hair-skin-care-85g\\\/#primaryimage\",\"url\":\"https:\\\/\\\/zoo-land.az\\\/wp-content\\\/uploads\\\/2026\\\/04\\\/WhatsApp-Image-2026-04-29-at-03.50.38.jpg\",\"contentUrl\":\"https:\\\/\\\/zoo-land.az\\\/wp-content\\\/uploads\\\/2026\\\/04\\\/WhatsApp-Image-2026-04-29-at-03.50.38.jpg\",\"width\":800,\"height\":800},{\"@type\":\"BreadcrumbList\",\"@id\":\"https:\\\/\\\/zoo-land.az\\\/shop\\\/all-products\\\/royal-canin-hair-skin-care-85g\\\/#breadcrumb\",\"itemListElement\":[{\"@type\":\"ListItem\",\"position\":1,\"name\":\"Home\",\"item\":\"https:\\\/\\\/zoo-land.az\\\/ru\\\/\"},{\"@type\":\"ListItem\",\"position\":2,\"name\":\"Shop\",\"item\":\"https:\\\/\\\/zoo-land.az\\\/ru\\\/\"},{\"@type\":\"ListItem\",\"position\":3,\"name\":\"Royal Canin Hair &#038; Skin Care (85g)\"}]},{\"@type\":\"WebSite\",\"@id\":\"https:\\\/\\\/zoo-land.az\\\/ru\\\/#website\",\"url\":\"https:\\\/\\\/zoo-land.az\\\/ru\\\/\",\"name\":\"Zooland.az\",\"description\":\"Xo\u015fb\u0259xt ev heyvanlar\u0131n\u0131n \u00fcnvan\u0131 Zooland.az\",\"publisher\":{\"@id\":\"https:\\\/\\\/zoo-land.az\\\/ru\\\/#organization\"},\"potentialAction\":[{\"@type\":\"SearchAction\",\"target\":{\"@type\":\"EntryPoint\",\"urlTemplate\":\"https:\\\/\\\/zoo-land.az\\\/ru\\\/?s={search_term_string}\"},\"query-input\":{\"@type\":\"PropertyValueSpecification\",\"valueRequired\":true,\"valueName\":\"search_term_string\"}}],\"inLanguage\":\"ru-RU\"},{\"@type\":\"Organization\",\"@id\":\"https:\\\/\\\/zoo-land.az\\\/ru\\\/#organization\",\"name\":\"Zooland.az\",\"url\":\"https:\\\/\\\/zoo-land.az\\\/ru\\\/\",\"logo\":{\"@type\":\"ImageObject\",\"inLanguage\":\"ru-RU\",\"@id\":\"https:\\\/\\\/zoo-land.az\\\/ru\\\/#\\\/schema\\\/logo\\\/image\\\/\",\"url\":\"https:\\\/\\\/zoo-land.az\\\/wp-content\\\/uploads\\\/2022\\\/05\\\/logo.svg\",\"contentUrl\":\"https:\\\/\\\/zoo-land.az\\\/wp-content\\\/uploads\\\/2022\\\/05\\\/logo.svg\",\"width\":113,\"height\":46,\"caption\":\"Zooland.az\"},\"image\":{\"@id\":\"https:\\\/\\\/zoo-land.az\\\/ru\\\/#\\\/schema\\\/logo\\\/image\\\/\"}}]}<\/script>\n<!-- \/ Yoast SEO plugin. -->","yoast_head_json":{"title":"Royal Canin Hair & Skin Care (85g) - Zooland.az","robots":{"index":"index","follow":"follow","max-snippet":"max-snippet:-1","max-image-preview":"max-image-preview:large","max-video-preview":"max-video-preview:-1"},"canonical":"https:\/\/zoo-land.az\/ru\/shop\/all-products\/royal-canin-hair-skin-care-85g\/","og_locale":"ru_RU","og_type":"article","og_title":"Royal Canin Hair & Skin Care (85g) - Zooland.az","og_description":"Pi\u015fiyinizin t\u00fckl\u0259ri onun \u00fcmumi sa\u011flaml\u0131\u011f\u0131n\u0131n g\u00fczg\u00fcs\u00fcd\u00fcr. Royal Canin Hair &amp; Skin Care, t\u00fckl\u0259rd\u0259 matl\u0131q v\u0259 d\u0259rid\u0259 h\u0259ssasl\u0131q ya\u015fayan yetkin pi\u015fikl\u0259r \u00fc\u00e7\u00fcn x\u00fcsusi olaraq haz\u0131rlanm\u0131\u015f tam balansl\u0131 qidad\u0131r. Bu n\u0259m yem, t\u0259rkibind\u0259ki x\u00fcsusi qida madd\u0259l\u0259ri kompleksi il\u0259 pi\u015fiyinizin t\u0259bii g\u00f6z\u0259lliyini \u00fcz\u0259 \u00e7\u0131xar\u0131r","og_url":"https:\/\/zoo-land.az\/ru\/shop\/all-products\/royal-canin-hair-skin-care-85g\/","og_site_name":"Zooland.az","og_image":[{"width":800,"height":800,"url":"https:\/\/zoo-land.az\/wp-content\/uploads\/2026\/04\/WhatsApp-Image-2026-04-29-at-03.50.38.jpg","type":"image\/jpeg"}],"twitter_card":"summary_large_image","twitter_misc":{"\u041f\u0440\u0438\u043c\u0435\u0440\u043d\u043e\u0435 \u0432\u0440\u0435\u043c\u044f \u0434\u043b\u044f \u0447\u0442\u0435\u043d\u0438\u044f":"1 \u043c\u0438\u043d\u0443\u0442\u0430"},"schema":{"@context":"https:\/\/schema.org","@graph":[{"@type":"WebPage","@id":"https:\/\/zoo-land.az\/shop\/all-products\/royal-canin-hair-skin-care-85g\/","url":"https:\/\/zoo-land.az\/shop\/all-products\/royal-canin-hair-skin-care-85g\/","name":"Royal Canin Hair & Skin Care (85g) - Zooland.az","isPartOf":{"@id":"https:\/\/zoo-land.az\/ru\/#website"},"primaryImageOfPage":{"@id":"https:\/\/zoo-land.az\/shop\/all-products\/royal-canin-hair-skin-care-85g\/#primaryimage"},"image":{"@id":"https:\/\/zoo-land.az\/shop\/all-products\/royal-canin-hair-skin-care-85g\/#primaryimage"},"thumbnailUrl":"https:\/\/zoo-land.az\/wp-content\/uploads\/2026\/04\/WhatsApp-Image-2026-04-29-at-03.50.38.jpg","datePublished":"2026-04-29T10:59:35+00:00","breadcrumb":{"@id":"https:\/\/zoo-land.az\/shop\/all-products\/royal-canin-hair-skin-care-85g\/#breadcrumb"},"inLanguage":"ru-RU","potentialAction":[{"@type":"ReadAction","target":["https:\/\/zoo-land.az\/shop\/all-products\/royal-canin-hair-skin-care-85g\/"]}]},{"@type":"ImageObject","inLanguage":"ru-RU","@id":"https:\/\/zoo-land.az\/shop\/all-products\/royal-canin-hair-skin-care-85g\/#primaryimage","url":"https:\/\/zoo-land.az\/wp-content\/uploads\/2026\/04\/WhatsApp-Image-2026-04-29-at-03.50.38.jpg","contentUrl":"https:\/\/zoo-land.az\/wp-content\/uploads\/2026\/04\/WhatsApp-Image-2026-04-29-at-03.50.38.jpg","width":800,"height":800},{"@type":"BreadcrumbList","@id":"https:\/\/zoo-land.az\/shop\/all-products\/royal-canin-hair-skin-care-85g\/#breadcrumb","itemListElement":[{"@type":"ListItem","position":1,"name":"Home","item":"https:\/\/zoo-land.az\/ru\/"},{"@type":"ListItem","position":2,"name":"Shop","item":"https:\/\/zoo-land.az\/ru\/"},{"@type":"ListItem","position":3,"name":"Royal Canin Hair &#038; Skin Care (85g)"}]},{"@type":"WebSite","@id":"https:\/\/zoo-land.az\/ru\/#website","url":"https:\/\/zoo-land.az\/ru\/","name":"Zooland.az","description":"Xo\u015fb\u0259xt ev heyvanlar\u0131n\u0131n \u00fcnvan\u0131 Zooland.az","publisher":{"@id":"https:\/\/zoo-land.az\/ru\/#organization"},"potentialAction":[{"@type":"SearchAction","target":{"@type":"EntryPoint","urlTemplate":"https:\/\/zoo-land.az\/ru\/?s={search_term_string}"},"query-input":{"@type":"PropertyValueSpecification","valueRequired":true,"valueName":"search_term_string"}}],"inLanguage":"ru-RU"},{"@type":"Organization","@id":"https:\/\/zoo-land.az\/ru\/#organization","name":"Zooland.az","url":"https:\/\/zoo-land.az\/ru\/","logo":{"@type":"ImageObject","inLanguage":"ru-RU","@id":"https:\/\/zoo-land.az\/ru\/#\/schema\/logo\/image\/","url":"https:\/\/zoo-land.az\/wp-content\/uploads\/2022\/05\/logo.svg","contentUrl":"https:\/\/zoo-land.az\/wp-content\/uploads\/2022\/05\/logo.svg","width":113,"height":46,"caption":"Zooland.az"},"image":{"@id":"https:\/\/zoo-land.az\/ru\/#\/schema\/logo\/image\/"}}]}},"_links":{"self":[{"href":"https:\/\/zoo-land.az\/ru\/wp-json\/wp\/v2\/product\/25357","targetHints":{"allow":["GET"]}}],"collection":[{"href":"https:\/\/zoo-land.az\/ru\/wp-json\/wp\/v2\/product"}],"about":[{"href":"https:\/\/zoo-land.az\/ru\/wp-json\/wp\/v2\/types\/product"}],"wp:featuredmedia":[{"embeddable":true,"href":"https:\/\/zoo-land.az\/ru\/wp-json\/wp\/v2\/media\/25359"}],"wp:attachment":[{"href":"https:\/\/zoo-land.az\/ru\/wp-json\/wp\/v2\/media?parent=25357"}],"wp:term":[{"taxonomy":"product_cat","embeddable":true,"href":"https:\/\/zoo-land.az\/ru\/wp-json\/wp\/v2\/product_cat?post=25357"},{"taxonomy":"product_tag","embeddable":true,"href":"https:\/\/zoo-land.az\/ru\/wp-json\/wp\/v2\/product_tag?post=25357"}],"curies":[{"name":"wp","href":"https:\/\/api.w.org\/{rel}","templated":true}]}}