{"id":25397,"date":"2026-04-30T15:23:00","date_gmt":"2026-04-30T11:23:00","guid":{"rendered":"https:\/\/zoo-land.az\/?post_type=product&#038;p=25397"},"modified":"2026-04-30T15:23:00","modified_gmt":"2026-04-30T11:23:00","slug":"purina-felix-appetizing-pieces-ikiqat-l%c9%99zz%c9%99t-jeled%c9%99-qizilbaliq-v%c9%99-alabaliq-75-qr","status":"publish","type":"product","link":"https:\/\/zoo-land.az\/ru\/shop\/all-products\/purina-felix-appetizing-pieces-ikiqat-l%c9%99zz%c9%99t-jeled%c9%99-qizilbaliq-v%c9%99-alabaliq-75-qr\/","title":{"rendered":"Purina Felix &#8220;Appetizing Pieces&#8221; \u0130kiqat L\u0259zz\u0259t \u2013 Jeled\u0259 Q\u0131z\u0131lbal\u0131q v\u0259 Alabal\u0131q (75 qr)"},"content":{"rendered":"<p>Purina Felix &#8220;Appetizing Pieces&#8221; \u0130kiqat L\u0259zz\u0259t \u2013 Jeled\u0259 Q\u0131z\u0131lbal\u0131q v\u0259 Alabal\u0131q (75 qr)<\/p>\n<p>Pi\u015fiyiniz \u00fc\u00e7\u00fcn bal\u0131q d\u00fcnyas\u0131n\u0131n \u0259n l\u0259zz\u0259tli ikilisini t\u0259qdim edirik! Purina Felix-in bu x\u00fcsusi resepti, iki f\u0259rqli bal\u0131q dad\u0131n\u0131 \u2013 q\u0131z\u0131lbal\u0131q v\u0259 alabal\u0131q \u2013 i\u015ftaha\u00e7an jeli i\u00e7\u0259risind\u0259 birl\u0259\u015fdirir.<br \/>\n100% Balansl\u0131 Qidalanma: Yetkin pi\u015fiyinizin g\u00fcnl\u00fck ehtiyac\u0131 olan b\u00fct\u00fcn vitamin v\u0259 minerallar\u0131 t\u0259min edir.<br \/>\nT\u0259bii T\u0259rkib: S\u00fcni r\u0259ngl\u0259ndiricil\u0259r, dadland\u0131r\u0131c\u0131lar v\u0259 konservantlar \u0259lav\u0259 edilm\u0259yib.<br \/>\nSa\u011flaml\u0131q D\u0259st\u0259yi: T\u0259rkibind\u0259ki Omega-6 ya\u011f tur\u015fular\u0131, D v\u0259 E vitaminl\u0259ri d\u0259rinin sa\u011flaml\u0131\u011f\u0131n\u0131 v\u0259 t\u00fck\u00fcn parlaql\u0131\u011f\u0131n\u0131 qoruma\u011fa k\u00f6m\u0259k edir.<br \/>\n\u0130\u015ftaha\u00e7an Tekstura: H\u0259tta \u0259n se\u00e7ici pi\u015fikl\u0259r bel\u0259 bu yum\u015faq tik\u0259l\u0259rin v\u0259 l\u0259zz\u0259tli jelinin qar\u015f\u0131s\u0131nda dura bilm\u0259y\u0259c\u0259k.<\/p>","protected":false},"excerpt":{"rendered":"<p>Purina Felix &#8220;Appetizing Pieces&#8221; \u0130kiqat L\u0259zz\u0259t \u2013 Jeled\u0259 Q\u0131z\u0131lbal\u0131q v\u0259 Alabal\u0131q (75 qr) Pi\u015fiyiniz \u00fc\u00e7\u00fcn bal\u0131q d\u00fcnyas\u0131n\u0131n \u0259n l\u0259zz\u0259tli ikilisini t\u0259qdim edirik! Purina Felix-in bu x\u00fcsusi resepti, iki f\u0259rqli bal\u0131q dad\u0131n\u0131 \u2013 q\u0131z\u0131lbal\u0131q v\u0259 alabal\u0131q \u2013 i\u015ftaha\u00e7an jeli i\u00e7\u0259risind\u0259 birl\u0259\u015fdirir. 100% Balansl\u0131 Qidalanma: Yetkin pi\u015fiyinizin g\u00fcnl\u00fck ehtiyac\u0131 olan b\u00fct\u00fcn vitamin v\u0259 minerallar\u0131 t\u0259min edir. T\u0259bii [&hellip;]<\/p>","protected":false},"featured_media":25398,"template":"","meta":{"inline_featured_image":false,"_joinchat":[]},"product_cat":[16],"product_tag":[428,430,433,427,429],"class_list":{"0":"post-25397","1":"product","2":"type-product","3":"status-publish","4":"has-post-thumbnail","6":"product_brand-felix","7":"product_cat-all-products","8":"product_tag-cat","9":"product_tag-cat-food","10":"product_tag-felix","11":"product_tag-wet","12":"product_tag-wet-food","14":"first","15":"instock","16":"shipping-taxable","17":"purchasable","18":"product-type-simple"},"yoast_head":"<!-- This site is optimized with the Yoast SEO plugin v27.4 - https:\/\/yoast.com\/product\/yoast-seo-wordpress\/ -->\n<title>Purina Felix &quot;Appetizing Pieces&quot; \u0130kiqat L\u0259zz\u0259t \u2013 Jeled\u0259 Q\u0131z\u0131lbal\u0131q v\u0259 Alabal\u0131q (75 qr) - Zooland.az<\/title>\n<meta name=\"robots\" content=\"index, follow, max-snippet:-1, max-image-preview:large, max-video-preview:-1\" \/>\n<link rel=\"canonical\" href=\"https:\/\/zoo-land.az\/ru\/shop\/all-products\/purina-felix-appetizing-pieces-ikiqat-l\u0259zz\u0259t-jeled\u0259-qizilbaliq-v\u0259-alabaliq-75-qr\/\" \/>\n<meta property=\"og:locale\" content=\"ru_RU\" \/>\n<meta property=\"og:type\" content=\"article\" \/>\n<meta property=\"og:title\" content=\"Purina Felix &quot;Appetizing Pieces&quot; \u0130kiqat L\u0259zz\u0259t \u2013 Jeled\u0259 Q\u0131z\u0131lbal\u0131q v\u0259 Alabal\u0131q (75 qr) - Zooland.az\" \/>\n<meta property=\"og:description\" content=\"Purina Felix &#8220;Appetizing Pieces&#8221; \u0130kiqat L\u0259zz\u0259t \u2013 Jeled\u0259 Q\u0131z\u0131lbal\u0131q v\u0259 Alabal\u0131q (75 qr) Pi\u015fiyiniz \u00fc\u00e7\u00fcn bal\u0131q d\u00fcnyas\u0131n\u0131n \u0259n l\u0259zz\u0259tli ikilisini t\u0259qdim edirik! Purina Felix-in bu x\u00fcsusi resepti, iki f\u0259rqli bal\u0131q dad\u0131n\u0131 \u2013 q\u0131z\u0131lbal\u0131q v\u0259 alabal\u0131q \u2013 i\u015ftaha\u00e7an jeli i\u00e7\u0259risind\u0259 birl\u0259\u015fdirir. 100% Balansl\u0131 Qidalanma: Yetkin pi\u015fiyinizin g\u00fcnl\u00fck ehtiyac\u0131 olan b\u00fct\u00fcn vitamin v\u0259 minerallar\u0131 t\u0259min edir. T\u0259bii [&hellip;]\" \/>\n<meta property=\"og:url\" content=\"https:\/\/zoo-land.az\/ru\/shop\/all-products\/purina-felix-appetizing-pieces-ikiqat-l\u0259zz\u0259t-jeled\u0259-qizilbaliq-v\u0259-alabaliq-75-qr\/\" \/>\n<meta property=\"og:site_name\" content=\"Zooland.az\" \/>\n<meta property=\"og:image\" content=\"https:\/\/zoo-land.az\/wp-content\/uploads\/2026\/04\/WhatsApp-Image-2026-04-30-at-04.07.44.jpg\" \/>\n\t<meta property=\"og:image:width\" content=\"800\" \/>\n\t<meta property=\"og:image:height\" content=\"800\" \/>\n\t<meta property=\"og:image:type\" content=\"image\/jpeg\" \/>\n<meta name=\"twitter:card\" content=\"summary_large_image\" \/>\n<meta name=\"twitter:label1\" content=\"\u041f\u0440\u0438\u043c\u0435\u0440\u043d\u043e\u0435 \u0432\u0440\u0435\u043c\u044f \u0434\u043b\u044f \u0447\u0442\u0435\u043d\u0438\u044f\" \/>\n\t<meta name=\"twitter:data1\" content=\"1 \u043c\u0438\u043d\u0443\u0442\u0430\" \/>\n<script type=\"application\/ld+json\" class=\"yoast-schema-graph\">{\"@context\":\"https:\\\/\\\/schema.org\",\"@graph\":[{\"@type\":\"WebPage\",\"@id\":\"https:\\\/\\\/zoo-land.az\\\/shop\\\/all-products\\\/purina-felix-appetizing-pieces-ikiqat-l%c9%99zz%c9%99t-jeled%c9%99-qizilbaliq-v%c9%99-alabaliq-75-qr\\\/\",\"url\":\"https:\\\/\\\/zoo-land.az\\\/shop\\\/all-products\\\/purina-felix-appetizing-pieces-ikiqat-l%c9%99zz%c9%99t-jeled%c9%99-qizilbaliq-v%c9%99-alabaliq-75-qr\\\/\",\"name\":\"Purina Felix \\\"Appetizing Pieces\\\" \u0130kiqat L\u0259zz\u0259t \u2013 Jeled\u0259 Q\u0131z\u0131lbal\u0131q v\u0259 Alabal\u0131q (75 qr) - Zooland.az\",\"isPartOf\":{\"@id\":\"https:\\\/\\\/zoo-land.az\\\/ru\\\/#website\"},\"primaryImageOfPage\":{\"@id\":\"https:\\\/\\\/zoo-land.az\\\/shop\\\/all-products\\\/purina-felix-appetizing-pieces-ikiqat-l%c9%99zz%c9%99t-jeled%c9%99-qizilbaliq-v%c9%99-alabaliq-75-qr\\\/#primaryimage\"},\"image\":{\"@id\":\"https:\\\/\\\/zoo-land.az\\\/shop\\\/all-products\\\/purina-felix-appetizing-pieces-ikiqat-l%c9%99zz%c9%99t-jeled%c9%99-qizilbaliq-v%c9%99-alabaliq-75-qr\\\/#primaryimage\"},\"thumbnailUrl\":\"https:\\\/\\\/zoo-land.az\\\/wp-content\\\/uploads\\\/2026\\\/04\\\/WhatsApp-Image-2026-04-30-at-04.07.44.jpg\",\"datePublished\":\"2026-04-30T11:23:00+00:00\",\"breadcrumb\":{\"@id\":\"https:\\\/\\\/zoo-land.az\\\/shop\\\/all-products\\\/purina-felix-appetizing-pieces-ikiqat-l%c9%99zz%c9%99t-jeled%c9%99-qizilbaliq-v%c9%99-alabaliq-75-qr\\\/#breadcrumb\"},\"inLanguage\":\"ru-RU\",\"potentialAction\":[{\"@type\":\"ReadAction\",\"target\":[\"https:\\\/\\\/zoo-land.az\\\/shop\\\/all-products\\\/purina-felix-appetizing-pieces-ikiqat-l%c9%99zz%c9%99t-jeled%c9%99-qizilbaliq-v%c9%99-alabaliq-75-qr\\\/\"]}]},{\"@type\":\"ImageObject\",\"inLanguage\":\"ru-RU\",\"@id\":\"https:\\\/\\\/zoo-land.az\\\/shop\\\/all-products\\\/purina-felix-appetizing-pieces-ikiqat-l%c9%99zz%c9%99t-jeled%c9%99-qizilbaliq-v%c9%99-alabaliq-75-qr\\\/#primaryimage\",\"url\":\"https:\\\/\\\/zoo-land.az\\\/wp-content\\\/uploads\\\/2026\\\/04\\\/WhatsApp-Image-2026-04-30-at-04.07.44.jpg\",\"contentUrl\":\"https:\\\/\\\/zoo-land.az\\\/wp-content\\\/uploads\\\/2026\\\/04\\\/WhatsApp-Image-2026-04-30-at-04.07.44.jpg\",\"width\":800,\"height\":800},{\"@type\":\"BreadcrumbList\",\"@id\":\"https:\\\/\\\/zoo-land.az\\\/shop\\\/all-products\\\/purina-felix-appetizing-pieces-ikiqat-l%c9%99zz%c9%99t-jeled%c9%99-qizilbaliq-v%c9%99-alabaliq-75-qr\\\/#breadcrumb\",\"itemListElement\":[{\"@type\":\"ListItem\",\"position\":1,\"name\":\"Home\",\"item\":\"https:\\\/\\\/zoo-land.az\\\/ru\\\/\"},{\"@type\":\"ListItem\",\"position\":2,\"name\":\"Shop\",\"item\":\"https:\\\/\\\/zoo-land.az\\\/ru\\\/\"},{\"@type\":\"ListItem\",\"position\":3,\"name\":\"Purina Felix &#8220;Appetizing Pieces&#8221; \u0130kiqat L\u0259zz\u0259t \u2013 Jeled\u0259 Q\u0131z\u0131lbal\u0131q v\u0259 Alabal\u0131q (75 qr)\"}]},{\"@type\":\"WebSite\",\"@id\":\"https:\\\/\\\/zoo-land.az\\\/ru\\\/#website\",\"url\":\"https:\\\/\\\/zoo-land.az\\\/ru\\\/\",\"name\":\"Zooland.az\",\"description\":\"Xo\u015fb\u0259xt ev heyvanlar\u0131n\u0131n \u00fcnvan\u0131 Zooland.az\",\"publisher\":{\"@id\":\"https:\\\/\\\/zoo-land.az\\\/ru\\\/#organization\"},\"potentialAction\":[{\"@type\":\"SearchAction\",\"target\":{\"@type\":\"EntryPoint\",\"urlTemplate\":\"https:\\\/\\\/zoo-land.az\\\/ru\\\/?s={search_term_string}\"},\"query-input\":{\"@type\":\"PropertyValueSpecification\",\"valueRequired\":true,\"valueName\":\"search_term_string\"}}],\"inLanguage\":\"ru-RU\"},{\"@type\":\"Organization\",\"@id\":\"https:\\\/\\\/zoo-land.az\\\/ru\\\/#organization\",\"name\":\"Zooland.az\",\"url\":\"https:\\\/\\\/zoo-land.az\\\/ru\\\/\",\"logo\":{\"@type\":\"ImageObject\",\"inLanguage\":\"ru-RU\",\"@id\":\"https:\\\/\\\/zoo-land.az\\\/ru\\\/#\\\/schema\\\/logo\\\/image\\\/\",\"url\":\"https:\\\/\\\/zoo-land.az\\\/wp-content\\\/uploads\\\/2022\\\/05\\\/logo.svg\",\"contentUrl\":\"https:\\\/\\\/zoo-land.az\\\/wp-content\\\/uploads\\\/2022\\\/05\\\/logo.svg\",\"width\":113,\"height\":46,\"caption\":\"Zooland.az\"},\"image\":{\"@id\":\"https:\\\/\\\/zoo-land.az\\\/ru\\\/#\\\/schema\\\/logo\\\/image\\\/\"}}]}<\/script>\n<!-- \/ Yoast SEO plugin. -->","yoast_head_json":{"title":"Purina Felix \"Appetizing Pieces\" \u0130kiqat L\u0259zz\u0259t \u2013 Jeled\u0259 Q\u0131z\u0131lbal\u0131q v\u0259 Alabal\u0131q (75 qr) - Zooland.az","robots":{"index":"index","follow":"follow","max-snippet":"max-snippet:-1","max-image-preview":"max-image-preview:large","max-video-preview":"max-video-preview:-1"},"canonical":"https:\/\/zoo-land.az\/ru\/shop\/all-products\/purina-felix-appetizing-pieces-ikiqat-l\u0259zz\u0259t-jeled\u0259-qizilbaliq-v\u0259-alabaliq-75-qr\/","og_locale":"ru_RU","og_type":"article","og_title":"Purina Felix \"Appetizing Pieces\" \u0130kiqat L\u0259zz\u0259t \u2013 Jeled\u0259 Q\u0131z\u0131lbal\u0131q v\u0259 Alabal\u0131q (75 qr) - Zooland.az","og_description":"Purina Felix &#8220;Appetizing Pieces&#8221; \u0130kiqat L\u0259zz\u0259t \u2013 Jeled\u0259 Q\u0131z\u0131lbal\u0131q v\u0259 Alabal\u0131q (75 qr) Pi\u015fiyiniz \u00fc\u00e7\u00fcn bal\u0131q d\u00fcnyas\u0131n\u0131n \u0259n l\u0259zz\u0259tli ikilisini t\u0259qdim edirik! Purina Felix-in bu x\u00fcsusi resepti, iki f\u0259rqli bal\u0131q dad\u0131n\u0131 \u2013 q\u0131z\u0131lbal\u0131q v\u0259 alabal\u0131q \u2013 i\u015ftaha\u00e7an jeli i\u00e7\u0259risind\u0259 birl\u0259\u015fdirir. 100% Balansl\u0131 Qidalanma: Yetkin pi\u015fiyinizin g\u00fcnl\u00fck ehtiyac\u0131 olan b\u00fct\u00fcn vitamin v\u0259 minerallar\u0131 t\u0259min edir. T\u0259bii [&hellip;]","og_url":"https:\/\/zoo-land.az\/ru\/shop\/all-products\/purina-felix-appetizing-pieces-ikiqat-l\u0259zz\u0259t-jeled\u0259-qizilbaliq-v\u0259-alabaliq-75-qr\/","og_site_name":"Zooland.az","og_image":[{"width":800,"height":800,"url":"https:\/\/zoo-land.az\/wp-content\/uploads\/2026\/04\/WhatsApp-Image-2026-04-30-at-04.07.44.jpg","type":"image\/jpeg"}],"twitter_card":"summary_large_image","twitter_misc":{"\u041f\u0440\u0438\u043c\u0435\u0440\u043d\u043e\u0435 \u0432\u0440\u0435\u043c\u044f \u0434\u043b\u044f \u0447\u0442\u0435\u043d\u0438\u044f":"1 \u043c\u0438\u043d\u0443\u0442\u0430"},"schema":{"@context":"https:\/\/schema.org","@graph":[{"@type":"WebPage","@id":"https:\/\/zoo-land.az\/shop\/all-products\/purina-felix-appetizing-pieces-ikiqat-l%c9%99zz%c9%99t-jeled%c9%99-qizilbaliq-v%c9%99-alabaliq-75-qr\/","url":"https:\/\/zoo-land.az\/shop\/all-products\/purina-felix-appetizing-pieces-ikiqat-l%c9%99zz%c9%99t-jeled%c9%99-qizilbaliq-v%c9%99-alabaliq-75-qr\/","name":"Purina Felix \"Appetizing Pieces\" \u0130kiqat L\u0259zz\u0259t \u2013 Jeled\u0259 Q\u0131z\u0131lbal\u0131q v\u0259 Alabal\u0131q (75 qr) - Zooland.az","isPartOf":{"@id":"https:\/\/zoo-land.az\/ru\/#website"},"primaryImageOfPage":{"@id":"https:\/\/zoo-land.az\/shop\/all-products\/purina-felix-appetizing-pieces-ikiqat-l%c9%99zz%c9%99t-jeled%c9%99-qizilbaliq-v%c9%99-alabaliq-75-qr\/#primaryimage"},"image":{"@id":"https:\/\/zoo-land.az\/shop\/all-products\/purina-felix-appetizing-pieces-ikiqat-l%c9%99zz%c9%99t-jeled%c9%99-qizilbaliq-v%c9%99-alabaliq-75-qr\/#primaryimage"},"thumbnailUrl":"https:\/\/zoo-land.az\/wp-content\/uploads\/2026\/04\/WhatsApp-Image-2026-04-30-at-04.07.44.jpg","datePublished":"2026-04-30T11:23:00+00:00","breadcrumb":{"@id":"https:\/\/zoo-land.az\/shop\/all-products\/purina-felix-appetizing-pieces-ikiqat-l%c9%99zz%c9%99t-jeled%c9%99-qizilbaliq-v%c9%99-alabaliq-75-qr\/#breadcrumb"},"inLanguage":"ru-RU","potentialAction":[{"@type":"ReadAction","target":["https:\/\/zoo-land.az\/shop\/all-products\/purina-felix-appetizing-pieces-ikiqat-l%c9%99zz%c9%99t-jeled%c9%99-qizilbaliq-v%c9%99-alabaliq-75-qr\/"]}]},{"@type":"ImageObject","inLanguage":"ru-RU","@id":"https:\/\/zoo-land.az\/shop\/all-products\/purina-felix-appetizing-pieces-ikiqat-l%c9%99zz%c9%99t-jeled%c9%99-qizilbaliq-v%c9%99-alabaliq-75-qr\/#primaryimage","url":"https:\/\/zoo-land.az\/wp-content\/uploads\/2026\/04\/WhatsApp-Image-2026-04-30-at-04.07.44.jpg","contentUrl":"https:\/\/zoo-land.az\/wp-content\/uploads\/2026\/04\/WhatsApp-Image-2026-04-30-at-04.07.44.jpg","width":800,"height":800},{"@type":"BreadcrumbList","@id":"https:\/\/zoo-land.az\/shop\/all-products\/purina-felix-appetizing-pieces-ikiqat-l%c9%99zz%c9%99t-jeled%c9%99-qizilbaliq-v%c9%99-alabaliq-75-qr\/#breadcrumb","itemListElement":[{"@type":"ListItem","position":1,"name":"Home","item":"https:\/\/zoo-land.az\/ru\/"},{"@type":"ListItem","position":2,"name":"Shop","item":"https:\/\/zoo-land.az\/ru\/"},{"@type":"ListItem","position":3,"name":"Purina Felix &#8220;Appetizing Pieces&#8221; \u0130kiqat L\u0259zz\u0259t \u2013 Jeled\u0259 Q\u0131z\u0131lbal\u0131q v\u0259 Alabal\u0131q (75 qr)"}]},{"@type":"WebSite","@id":"https:\/\/zoo-land.az\/ru\/#website","url":"https:\/\/zoo-land.az\/ru\/","name":"Zooland.az","description":"Xo\u015fb\u0259xt ev heyvanlar\u0131n\u0131n \u00fcnvan\u0131 Zooland.az","publisher":{"@id":"https:\/\/zoo-land.az\/ru\/#organization"},"potentialAction":[{"@type":"SearchAction","target":{"@type":"EntryPoint","urlTemplate":"https:\/\/zoo-land.az\/ru\/?s={search_term_string}"},"query-input":{"@type":"PropertyValueSpecification","valueRequired":true,"valueName":"search_term_string"}}],"inLanguage":"ru-RU"},{"@type":"Organization","@id":"https:\/\/zoo-land.az\/ru\/#organization","name":"Zooland.az","url":"https:\/\/zoo-land.az\/ru\/","logo":{"@type":"ImageObject","inLanguage":"ru-RU","@id":"https:\/\/zoo-land.az\/ru\/#\/schema\/logo\/image\/","url":"https:\/\/zoo-land.az\/wp-content\/uploads\/2022\/05\/logo.svg","contentUrl":"https:\/\/zoo-land.az\/wp-content\/uploads\/2022\/05\/logo.svg","width":113,"height":46,"caption":"Zooland.az"},"image":{"@id":"https:\/\/zoo-land.az\/ru\/#\/schema\/logo\/image\/"}}]}},"_links":{"self":[{"href":"https:\/\/zoo-land.az\/ru\/wp-json\/wp\/v2\/product\/25397","targetHints":{"allow":["GET"]}}],"collection":[{"href":"https:\/\/zoo-land.az\/ru\/wp-json\/wp\/v2\/product"}],"about":[{"href":"https:\/\/zoo-land.az\/ru\/wp-json\/wp\/v2\/types\/product"}],"wp:featuredmedia":[{"embeddable":true,"href":"https:\/\/zoo-land.az\/ru\/wp-json\/wp\/v2\/media\/25398"}],"wp:attachment":[{"href":"https:\/\/zoo-land.az\/ru\/wp-json\/wp\/v2\/media?parent=25397"}],"wp:term":[{"taxonomy":"product_cat","embeddable":true,"href":"https:\/\/zoo-land.az\/ru\/wp-json\/wp\/v2\/product_cat?post=25397"},{"taxonomy":"product_tag","embeddable":true,"href":"https:\/\/zoo-land.az\/ru\/wp-json\/wp\/v2\/product_tag?post=25397"}],"curies":[{"name":"wp","href":"https:\/\/api.w.org\/{rel}","templated":true}]}}