{"id":25401,"date":"2026-04-30T15:39:32","date_gmt":"2026-04-30T11:39:32","guid":{"rendered":"https:\/\/zoo-land.az\/?post_type=product&#038;p=25401"},"modified":"2026-04-30T15:39:32","modified_gmt":"2026-04-30T11:39:32","slug":"purina-felix-ikiqat-l%c9%99zz%c9%99t-quzu-v%c9%99-toyuq-%c9%99ti-il%c9%99-jeled%c9%99-n%c9%99m-yem-75-q","status":"publish","type":"product","link":"https:\/\/zoo-land.az\/ru\/shop\/all-products\/purina-felix-ikiqat-l%c9%99zz%c9%99t-quzu-v%c9%99-toyuq-%c9%99ti-il%c9%99-jeled%c9%99-n%c9%99m-yem-75-q\/","title":{"rendered":"Purina Felix \u0130kiqat L\u0259zz\u0259t \u2013 Quzu v\u0259 Toyuq \u018fti il\u0259 Jeled\u0259 N\u0259m Yem (75 q)"},"content":{"rendered":"<p>Purina Felix \u0130kiqat L\u0259zz\u0259t \u2013 Quzu v\u0259 Toyuq \u018fti il\u0259 Jeled\u0259 N\u0259m Yem (75 q)<\/p>\n<p>Pi\u015fiyiniz \u00fc\u00e7\u00fcn \u0259sl l\u0259zz\u0259t festival\u0131! Felix \u0130kiqat L\u0259zz\u0259t, iki m\u00fcxt\u0259lif \u0259t n\u00f6v\u00fcn\u00fcn \u2013 z\u0259rif quzu v\u0259 dadl\u0131 toyuq \u0259tinin m\u00fck\u0259mm\u0259l kombinasiyas\u0131n\u0131 t\u0259qdim edir. \u0130\u015ftahaa\u00e7an jele i\u00e7\u0259risind\u0259 t\u0259qdim olunan bu yum\u015faq tik\u0259l\u0259r, h\u0259tta \u0259n se\u00e7ici pi\u015fikl\u0259rin bel\u0259 imtina ed\u0259 bilm\u0259y\u0259c\u0259yi bir dadd\u0131r.<\/p>","protected":false},"excerpt":{"rendered":"<p>Purina Felix \u0130kiqat L\u0259zz\u0259t \u2013 Quzu v\u0259 Toyuq \u018fti il\u0259 Jeled\u0259 N\u0259m Yem (75 q) Pi\u015fiyiniz \u00fc\u00e7\u00fcn \u0259sl l\u0259zz\u0259t festival\u0131! Felix \u0130kiqat L\u0259zz\u0259t, iki m\u00fcxt\u0259lif \u0259t n\u00f6v\u00fcn\u00fcn \u2013 z\u0259rif quzu v\u0259 dadl\u0131 toyuq \u0259tinin m\u00fck\u0259mm\u0259l kombinasiyas\u0131n\u0131 t\u0259qdim edir. \u0130\u015ftahaa\u00e7an jele i\u00e7\u0259risind\u0259 t\u0259qdim olunan bu yum\u015faq tik\u0259l\u0259r, h\u0259tta \u0259n se\u00e7ici pi\u015fikl\u0259rin bel\u0259 imtina ed\u0259 bilm\u0259y\u0259c\u0259yi bir [&hellip;]<\/p>","protected":false},"featured_media":25402,"template":"","meta":{"inline_featured_image":false,"_joinchat":[]},"product_cat":[16],"product_tag":[428,430,433,429],"class_list":{"0":"post-25401","1":"product","2":"type-product","3":"status-publish","4":"has-post-thumbnail","6":"product_brand-felix","7":"product_cat-all-products","8":"product_tag-cat","9":"product_tag-cat-food","10":"product_tag-felix","11":"product_tag-wet-food","13":"first","14":"instock","15":"shipping-taxable","16":"purchasable","17":"product-type-simple"},"yoast_head":"<!-- This site is optimized with the Yoast SEO plugin v27.4 - https:\/\/yoast.com\/product\/yoast-seo-wordpress\/ -->\n<title>Purina Felix \u0130kiqat L\u0259zz\u0259t \u2013 Quzu v\u0259 Toyuq \u018fti il\u0259 Jeled\u0259 N\u0259m Yem (75 q) - Zooland.az<\/title>\n<meta name=\"robots\" content=\"index, follow, max-snippet:-1, max-image-preview:large, max-video-preview:-1\" \/>\n<link rel=\"canonical\" href=\"https:\/\/zoo-land.az\/ru\/shop\/all-products\/purina-felix-ikiqat-l\u0259zz\u0259t-quzu-v\u0259-toyuq-\u0259ti-il\u0259-jeled\u0259-n\u0259m-yem-75-q\/\" \/>\n<meta property=\"og:locale\" content=\"ru_RU\" \/>\n<meta property=\"og:type\" content=\"article\" \/>\n<meta property=\"og:title\" content=\"Purina Felix \u0130kiqat L\u0259zz\u0259t \u2013 Quzu v\u0259 Toyuq \u018fti il\u0259 Jeled\u0259 N\u0259m Yem (75 q) - Zooland.az\" \/>\n<meta property=\"og:description\" content=\"Purina Felix \u0130kiqat L\u0259zz\u0259t \u2013 Quzu v\u0259 Toyuq \u018fti il\u0259 Jeled\u0259 N\u0259m Yem (75 q) Pi\u015fiyiniz \u00fc\u00e7\u00fcn \u0259sl l\u0259zz\u0259t festival\u0131! Felix \u0130kiqat L\u0259zz\u0259t, iki m\u00fcxt\u0259lif \u0259t n\u00f6v\u00fcn\u00fcn \u2013 z\u0259rif quzu v\u0259 dadl\u0131 toyuq \u0259tinin m\u00fck\u0259mm\u0259l kombinasiyas\u0131n\u0131 t\u0259qdim edir. \u0130\u015ftahaa\u00e7an jele i\u00e7\u0259risind\u0259 t\u0259qdim olunan bu yum\u015faq tik\u0259l\u0259r, h\u0259tta \u0259n se\u00e7ici pi\u015fikl\u0259rin bel\u0259 imtina ed\u0259 bilm\u0259y\u0259c\u0259yi bir [&hellip;]\" \/>\n<meta property=\"og:url\" content=\"https:\/\/zoo-land.az\/ru\/shop\/all-products\/purina-felix-ikiqat-l\u0259zz\u0259t-quzu-v\u0259-toyuq-\u0259ti-il\u0259-jeled\u0259-n\u0259m-yem-75-q\/\" \/>\n<meta property=\"og:site_name\" content=\"Zooland.az\" \/>\n<meta property=\"og:image\" content=\"https:\/\/zoo-land.az\/wp-content\/uploads\/2026\/04\/WhatsApp-Image-2026-04-30-at-04.27.06.jpg\" \/>\n\t<meta property=\"og:image:width\" content=\"800\" \/>\n\t<meta property=\"og:image:height\" content=\"800\" \/>\n\t<meta property=\"og:image:type\" content=\"image\/jpeg\" \/>\n<meta name=\"twitter:card\" content=\"summary_large_image\" \/>\n<meta name=\"twitter:label1\" content=\"\u041f\u0440\u0438\u043c\u0435\u0440\u043d\u043e\u0435 \u0432\u0440\u0435\u043c\u044f \u0434\u043b\u044f \u0447\u0442\u0435\u043d\u0438\u044f\" \/>\n\t<meta name=\"twitter:data1\" content=\"1 \u043c\u0438\u043d\u0443\u0442\u0430\" \/>\n<script type=\"application\/ld+json\" class=\"yoast-schema-graph\">{\"@context\":\"https:\\\/\\\/schema.org\",\"@graph\":[{\"@type\":\"WebPage\",\"@id\":\"https:\\\/\\\/zoo-land.az\\\/shop\\\/all-products\\\/purina-felix-ikiqat-l%c9%99zz%c9%99t-quzu-v%c9%99-toyuq-%c9%99ti-il%c9%99-jeled%c9%99-n%c9%99m-yem-75-q\\\/\",\"url\":\"https:\\\/\\\/zoo-land.az\\\/shop\\\/all-products\\\/purina-felix-ikiqat-l%c9%99zz%c9%99t-quzu-v%c9%99-toyuq-%c9%99ti-il%c9%99-jeled%c9%99-n%c9%99m-yem-75-q\\\/\",\"name\":\"Purina Felix \u0130kiqat L\u0259zz\u0259t \u2013 Quzu v\u0259 Toyuq \u018fti il\u0259 Jeled\u0259 N\u0259m Yem (75 q) - Zooland.az\",\"isPartOf\":{\"@id\":\"https:\\\/\\\/zoo-land.az\\\/ru\\\/#website\"},\"primaryImageOfPage\":{\"@id\":\"https:\\\/\\\/zoo-land.az\\\/shop\\\/all-products\\\/purina-felix-ikiqat-l%c9%99zz%c9%99t-quzu-v%c9%99-toyuq-%c9%99ti-il%c9%99-jeled%c9%99-n%c9%99m-yem-75-q\\\/#primaryimage\"},\"image\":{\"@id\":\"https:\\\/\\\/zoo-land.az\\\/shop\\\/all-products\\\/purina-felix-ikiqat-l%c9%99zz%c9%99t-quzu-v%c9%99-toyuq-%c9%99ti-il%c9%99-jeled%c9%99-n%c9%99m-yem-75-q\\\/#primaryimage\"},\"thumbnailUrl\":\"https:\\\/\\\/zoo-land.az\\\/wp-content\\\/uploads\\\/2026\\\/04\\\/WhatsApp-Image-2026-04-30-at-04.27.06.jpg\",\"datePublished\":\"2026-04-30T11:39:32+00:00\",\"breadcrumb\":{\"@id\":\"https:\\\/\\\/zoo-land.az\\\/shop\\\/all-products\\\/purina-felix-ikiqat-l%c9%99zz%c9%99t-quzu-v%c9%99-toyuq-%c9%99ti-il%c9%99-jeled%c9%99-n%c9%99m-yem-75-q\\\/#breadcrumb\"},\"inLanguage\":\"ru-RU\",\"potentialAction\":[{\"@type\":\"ReadAction\",\"target\":[\"https:\\\/\\\/zoo-land.az\\\/shop\\\/all-products\\\/purina-felix-ikiqat-l%c9%99zz%c9%99t-quzu-v%c9%99-toyuq-%c9%99ti-il%c9%99-jeled%c9%99-n%c9%99m-yem-75-q\\\/\"]}]},{\"@type\":\"ImageObject\",\"inLanguage\":\"ru-RU\",\"@id\":\"https:\\\/\\\/zoo-land.az\\\/shop\\\/all-products\\\/purina-felix-ikiqat-l%c9%99zz%c9%99t-quzu-v%c9%99-toyuq-%c9%99ti-il%c9%99-jeled%c9%99-n%c9%99m-yem-75-q\\\/#primaryimage\",\"url\":\"https:\\\/\\\/zoo-land.az\\\/wp-content\\\/uploads\\\/2026\\\/04\\\/WhatsApp-Image-2026-04-30-at-04.27.06.jpg\",\"contentUrl\":\"https:\\\/\\\/zoo-land.az\\\/wp-content\\\/uploads\\\/2026\\\/04\\\/WhatsApp-Image-2026-04-30-at-04.27.06.jpg\",\"width\":800,\"height\":800},{\"@type\":\"BreadcrumbList\",\"@id\":\"https:\\\/\\\/zoo-land.az\\\/shop\\\/all-products\\\/purina-felix-ikiqat-l%c9%99zz%c9%99t-quzu-v%c9%99-toyuq-%c9%99ti-il%c9%99-jeled%c9%99-n%c9%99m-yem-75-q\\\/#breadcrumb\",\"itemListElement\":[{\"@type\":\"ListItem\",\"position\":1,\"name\":\"Home\",\"item\":\"https:\\\/\\\/zoo-land.az\\\/ru\\\/\"},{\"@type\":\"ListItem\",\"position\":2,\"name\":\"Shop\",\"item\":\"https:\\\/\\\/zoo-land.az\\\/ru\\\/\"},{\"@type\":\"ListItem\",\"position\":3,\"name\":\"Purina Felix \u0130kiqat L\u0259zz\u0259t \u2013 Quzu v\u0259 Toyuq \u018fti il\u0259 Jeled\u0259 N\u0259m Yem (75 q)\"}]},{\"@type\":\"WebSite\",\"@id\":\"https:\\\/\\\/zoo-land.az\\\/ru\\\/#website\",\"url\":\"https:\\\/\\\/zoo-land.az\\\/ru\\\/\",\"name\":\"Zooland.az\",\"description\":\"Xo\u015fb\u0259xt ev heyvanlar\u0131n\u0131n \u00fcnvan\u0131 Zooland.az\",\"publisher\":{\"@id\":\"https:\\\/\\\/zoo-land.az\\\/ru\\\/#organization\"},\"potentialAction\":[{\"@type\":\"SearchAction\",\"target\":{\"@type\":\"EntryPoint\",\"urlTemplate\":\"https:\\\/\\\/zoo-land.az\\\/ru\\\/?s={search_term_string}\"},\"query-input\":{\"@type\":\"PropertyValueSpecification\",\"valueRequired\":true,\"valueName\":\"search_term_string\"}}],\"inLanguage\":\"ru-RU\"},{\"@type\":\"Organization\",\"@id\":\"https:\\\/\\\/zoo-land.az\\\/ru\\\/#organization\",\"name\":\"Zooland.az\",\"url\":\"https:\\\/\\\/zoo-land.az\\\/ru\\\/\",\"logo\":{\"@type\":\"ImageObject\",\"inLanguage\":\"ru-RU\",\"@id\":\"https:\\\/\\\/zoo-land.az\\\/ru\\\/#\\\/schema\\\/logo\\\/image\\\/\",\"url\":\"https:\\\/\\\/zoo-land.az\\\/wp-content\\\/uploads\\\/2022\\\/05\\\/logo.svg\",\"contentUrl\":\"https:\\\/\\\/zoo-land.az\\\/wp-content\\\/uploads\\\/2022\\\/05\\\/logo.svg\",\"width\":113,\"height\":46,\"caption\":\"Zooland.az\"},\"image\":{\"@id\":\"https:\\\/\\\/zoo-land.az\\\/ru\\\/#\\\/schema\\\/logo\\\/image\\\/\"}}]}<\/script>\n<!-- \/ Yoast SEO plugin. -->","yoast_head_json":{"title":"Purina Felix \u0130kiqat L\u0259zz\u0259t \u2013 Quzu v\u0259 Toyuq \u018fti il\u0259 Jeled\u0259 N\u0259m Yem (75 q) - Zooland.az","robots":{"index":"index","follow":"follow","max-snippet":"max-snippet:-1","max-image-preview":"max-image-preview:large","max-video-preview":"max-video-preview:-1"},"canonical":"https:\/\/zoo-land.az\/ru\/shop\/all-products\/purina-felix-ikiqat-l\u0259zz\u0259t-quzu-v\u0259-toyuq-\u0259ti-il\u0259-jeled\u0259-n\u0259m-yem-75-q\/","og_locale":"ru_RU","og_type":"article","og_title":"Purina Felix \u0130kiqat L\u0259zz\u0259t \u2013 Quzu v\u0259 Toyuq \u018fti il\u0259 Jeled\u0259 N\u0259m Yem (75 q) - Zooland.az","og_description":"Purina Felix \u0130kiqat L\u0259zz\u0259t \u2013 Quzu v\u0259 Toyuq \u018fti il\u0259 Jeled\u0259 N\u0259m Yem (75 q) Pi\u015fiyiniz \u00fc\u00e7\u00fcn \u0259sl l\u0259zz\u0259t festival\u0131! Felix \u0130kiqat L\u0259zz\u0259t, iki m\u00fcxt\u0259lif \u0259t n\u00f6v\u00fcn\u00fcn \u2013 z\u0259rif quzu v\u0259 dadl\u0131 toyuq \u0259tinin m\u00fck\u0259mm\u0259l kombinasiyas\u0131n\u0131 t\u0259qdim edir. \u0130\u015ftahaa\u00e7an jele i\u00e7\u0259risind\u0259 t\u0259qdim olunan bu yum\u015faq tik\u0259l\u0259r, h\u0259tta \u0259n se\u00e7ici pi\u015fikl\u0259rin bel\u0259 imtina ed\u0259 bilm\u0259y\u0259c\u0259yi bir [&hellip;]","og_url":"https:\/\/zoo-land.az\/ru\/shop\/all-products\/purina-felix-ikiqat-l\u0259zz\u0259t-quzu-v\u0259-toyuq-\u0259ti-il\u0259-jeled\u0259-n\u0259m-yem-75-q\/","og_site_name":"Zooland.az","og_image":[{"width":800,"height":800,"url":"https:\/\/zoo-land.az\/wp-content\/uploads\/2026\/04\/WhatsApp-Image-2026-04-30-at-04.27.06.jpg","type":"image\/jpeg"}],"twitter_card":"summary_large_image","twitter_misc":{"\u041f\u0440\u0438\u043c\u0435\u0440\u043d\u043e\u0435 \u0432\u0440\u0435\u043c\u044f \u0434\u043b\u044f \u0447\u0442\u0435\u043d\u0438\u044f":"1 \u043c\u0438\u043d\u0443\u0442\u0430"},"schema":{"@context":"https:\/\/schema.org","@graph":[{"@type":"WebPage","@id":"https:\/\/zoo-land.az\/shop\/all-products\/purina-felix-ikiqat-l%c9%99zz%c9%99t-quzu-v%c9%99-toyuq-%c9%99ti-il%c9%99-jeled%c9%99-n%c9%99m-yem-75-q\/","url":"https:\/\/zoo-land.az\/shop\/all-products\/purina-felix-ikiqat-l%c9%99zz%c9%99t-quzu-v%c9%99-toyuq-%c9%99ti-il%c9%99-jeled%c9%99-n%c9%99m-yem-75-q\/","name":"Purina Felix \u0130kiqat L\u0259zz\u0259t \u2013 Quzu v\u0259 Toyuq \u018fti il\u0259 Jeled\u0259 N\u0259m Yem (75 q) - Zooland.az","isPartOf":{"@id":"https:\/\/zoo-land.az\/ru\/#website"},"primaryImageOfPage":{"@id":"https:\/\/zoo-land.az\/shop\/all-products\/purina-felix-ikiqat-l%c9%99zz%c9%99t-quzu-v%c9%99-toyuq-%c9%99ti-il%c9%99-jeled%c9%99-n%c9%99m-yem-75-q\/#primaryimage"},"image":{"@id":"https:\/\/zoo-land.az\/shop\/all-products\/purina-felix-ikiqat-l%c9%99zz%c9%99t-quzu-v%c9%99-toyuq-%c9%99ti-il%c9%99-jeled%c9%99-n%c9%99m-yem-75-q\/#primaryimage"},"thumbnailUrl":"https:\/\/zoo-land.az\/wp-content\/uploads\/2026\/04\/WhatsApp-Image-2026-04-30-at-04.27.06.jpg","datePublished":"2026-04-30T11:39:32+00:00","breadcrumb":{"@id":"https:\/\/zoo-land.az\/shop\/all-products\/purina-felix-ikiqat-l%c9%99zz%c9%99t-quzu-v%c9%99-toyuq-%c9%99ti-il%c9%99-jeled%c9%99-n%c9%99m-yem-75-q\/#breadcrumb"},"inLanguage":"ru-RU","potentialAction":[{"@type":"ReadAction","target":["https:\/\/zoo-land.az\/shop\/all-products\/purina-felix-ikiqat-l%c9%99zz%c9%99t-quzu-v%c9%99-toyuq-%c9%99ti-il%c9%99-jeled%c9%99-n%c9%99m-yem-75-q\/"]}]},{"@type":"ImageObject","inLanguage":"ru-RU","@id":"https:\/\/zoo-land.az\/shop\/all-products\/purina-felix-ikiqat-l%c9%99zz%c9%99t-quzu-v%c9%99-toyuq-%c9%99ti-il%c9%99-jeled%c9%99-n%c9%99m-yem-75-q\/#primaryimage","url":"https:\/\/zoo-land.az\/wp-content\/uploads\/2026\/04\/WhatsApp-Image-2026-04-30-at-04.27.06.jpg","contentUrl":"https:\/\/zoo-land.az\/wp-content\/uploads\/2026\/04\/WhatsApp-Image-2026-04-30-at-04.27.06.jpg","width":800,"height":800},{"@type":"BreadcrumbList","@id":"https:\/\/zoo-land.az\/shop\/all-products\/purina-felix-ikiqat-l%c9%99zz%c9%99t-quzu-v%c9%99-toyuq-%c9%99ti-il%c9%99-jeled%c9%99-n%c9%99m-yem-75-q\/#breadcrumb","itemListElement":[{"@type":"ListItem","position":1,"name":"Home","item":"https:\/\/zoo-land.az\/ru\/"},{"@type":"ListItem","position":2,"name":"Shop","item":"https:\/\/zoo-land.az\/ru\/"},{"@type":"ListItem","position":3,"name":"Purina Felix \u0130kiqat L\u0259zz\u0259t \u2013 Quzu v\u0259 Toyuq \u018fti il\u0259 Jeled\u0259 N\u0259m Yem (75 q)"}]},{"@type":"WebSite","@id":"https:\/\/zoo-land.az\/ru\/#website","url":"https:\/\/zoo-land.az\/ru\/","name":"Zooland.az","description":"Xo\u015fb\u0259xt ev heyvanlar\u0131n\u0131n \u00fcnvan\u0131 Zooland.az","publisher":{"@id":"https:\/\/zoo-land.az\/ru\/#organization"},"potentialAction":[{"@type":"SearchAction","target":{"@type":"EntryPoint","urlTemplate":"https:\/\/zoo-land.az\/ru\/?s={search_term_string}"},"query-input":{"@type":"PropertyValueSpecification","valueRequired":true,"valueName":"search_term_string"}}],"inLanguage":"ru-RU"},{"@type":"Organization","@id":"https:\/\/zoo-land.az\/ru\/#organization","name":"Zooland.az","url":"https:\/\/zoo-land.az\/ru\/","logo":{"@type":"ImageObject","inLanguage":"ru-RU","@id":"https:\/\/zoo-land.az\/ru\/#\/schema\/logo\/image\/","url":"https:\/\/zoo-land.az\/wp-content\/uploads\/2022\/05\/logo.svg","contentUrl":"https:\/\/zoo-land.az\/wp-content\/uploads\/2022\/05\/logo.svg","width":113,"height":46,"caption":"Zooland.az"},"image":{"@id":"https:\/\/zoo-land.az\/ru\/#\/schema\/logo\/image\/"}}]}},"_links":{"self":[{"href":"https:\/\/zoo-land.az\/ru\/wp-json\/wp\/v2\/product\/25401","targetHints":{"allow":["GET"]}}],"collection":[{"href":"https:\/\/zoo-land.az\/ru\/wp-json\/wp\/v2\/product"}],"about":[{"href":"https:\/\/zoo-land.az\/ru\/wp-json\/wp\/v2\/types\/product"}],"wp:featuredmedia":[{"embeddable":true,"href":"https:\/\/zoo-land.az\/ru\/wp-json\/wp\/v2\/media\/25402"}],"wp:attachment":[{"href":"https:\/\/zoo-land.az\/ru\/wp-json\/wp\/v2\/media?parent=25401"}],"wp:term":[{"taxonomy":"product_cat","embeddable":true,"href":"https:\/\/zoo-land.az\/ru\/wp-json\/wp\/v2\/product_cat?post=25401"},{"taxonomy":"product_tag","embeddable":true,"href":"https:\/\/zoo-land.az\/ru\/wp-json\/wp\/v2\/product_tag?post=25401"}],"curies":[{"name":"wp","href":"https:\/\/api.w.org\/{rel}","templated":true}]}}