{"id":25406,"date":"2026-04-30T16:25:02","date_gmt":"2026-04-30T12:25:02","guid":{"rendered":"https:\/\/zoo-land.az\/?post_type=product&#038;p=25406"},"modified":"2026-04-30T16:25:26","modified_gmt":"2026-04-30T12:25:26","slug":"purina-felix-ikiqat-l%c9%99zz%c9%99t-mal-%c9%99ti-il%c9%99-tam-v%c9%99-balansli-quru-pisik-yemi-600g","status":"publish","type":"product","link":"https:\/\/zoo-land.az\/ru\/shop\/all-products\/purina-felix-ikiqat-l%c9%99zz%c9%99t-mal-%c9%99ti-il%c9%99-tam-v%c9%99-balansli-quru-pisik-yemi-600g\/","title":{"rendered":"Purina Felix &#8220;\u0130kiqat L\u0259zz\u0259t&#8221; \u2013 Mal \u018fti il\u0259 Tam v\u0259 Balansl\u0131 Quru Pi\u015fik Yemi (600g)"},"content":{"rendered":"<p>Purina Felix &#8220;\u0130kiqat L\u0259zz\u0259t&#8221; \u2013 Mal \u018fti il\u0259 Tam v\u0259 Balansl\u0131 Quru Pi\u015fik Yemi<br \/>\nPi\u015fiyinizin h\u0259m x\u0131rt\u0131ldayan, h\u0259m d\u0259 yum\u015faq dadlar\u0131 eyni anda dadmas\u0131n\u0131 ist\u0259yirsinizs\u0259, Felix &#8220;\u0130kiqat L\u0259zz\u0259t&#8221; ideal se\u00e7imdir! Bu x\u00fcsusi formula, iki f\u0259rqli teksturan\u0131 bir paketd\u0259 birl\u0259\u015fdir\u0259r\u0259k ev heyvan\u0131n\u0131z\u0131n yem\u0259k saatlar\u0131n\u0131 \u0259sl z\u00f6vq\u0259 \u00e7evirir.<\/p>","protected":false},"excerpt":{"rendered":"<p>Purina Felix &#8220;\u0130kiqat L\u0259zz\u0259t&#8221; \u2013 Mal \u018fti il\u0259 Tam v\u0259 Balansl\u0131 Quru Pi\u015fik Yemi Pi\u015fiyinizin h\u0259m x\u0131rt\u0131ldayan, h\u0259m d\u0259 yum\u015faq dadlar\u0131 eyni anda dadmas\u0131n\u0131 ist\u0259yirsinizs\u0259, Felix &#8220;\u0130kiqat L\u0259zz\u0259t&#8221; ideal se\u00e7imdir! Bu x\u00fcsusi formula, iki f\u0259rqli teksturan\u0131 bir paketd\u0259 birl\u0259\u015fdir\u0259r\u0259k ev heyvan\u0131n\u0131z\u0131n yem\u0259k saatlar\u0131n\u0131 \u0259sl z\u00f6vq\u0259 \u00e7evirir.<\/p>","protected":false},"featured_media":25407,"template":"","meta":{"inline_featured_image":false,"_joinchat":[]},"product_cat":[16],"product_tag":[428,430,433],"class_list":{"0":"post-25406","1":"product","2":"type-product","3":"status-publish","4":"has-post-thumbnail","6":"product_brand-felix","7":"product_cat-all-products","8":"product_tag-cat","9":"product_tag-cat-food","10":"product_tag-felix","12":"first","13":"instock","14":"shipping-taxable","15":"purchasable","16":"product-type-simple"},"yoast_head":"<!-- This site is optimized with the Yoast SEO plugin v27.4 - https:\/\/yoast.com\/product\/yoast-seo-wordpress\/ -->\n<title>Purina Felix &quot;\u0130kiqat L\u0259zz\u0259t&quot; \u2013 Mal \u018fti il\u0259 Tam v\u0259 Balansl\u0131 Quru Pi\u015fik Yemi (600g) - Zooland.az<\/title>\n<meta name=\"robots\" content=\"index, follow, max-snippet:-1, max-image-preview:large, max-video-preview:-1\" \/>\n<link rel=\"canonical\" href=\"https:\/\/zoo-land.az\/ru\/shop\/all-products\/purina-felix-ikiqat-l\u0259zz\u0259t-mal-\u0259ti-il\u0259-tam-v\u0259-balansli-quru-pisik-yemi-600g\/\" \/>\n<meta property=\"og:locale\" content=\"ru_RU\" \/>\n<meta property=\"og:type\" content=\"article\" \/>\n<meta property=\"og:title\" content=\"Purina Felix &quot;\u0130kiqat L\u0259zz\u0259t&quot; \u2013 Mal \u018fti il\u0259 Tam v\u0259 Balansl\u0131 Quru Pi\u015fik Yemi (600g) - Zooland.az\" \/>\n<meta property=\"og:description\" content=\"Purina Felix &#8220;\u0130kiqat L\u0259zz\u0259t&#8221; \u2013 Mal \u018fti il\u0259 Tam v\u0259 Balansl\u0131 Quru Pi\u015fik Yemi Pi\u015fiyinizin h\u0259m x\u0131rt\u0131ldayan, h\u0259m d\u0259 yum\u015faq dadlar\u0131 eyni anda dadmas\u0131n\u0131 ist\u0259yirsinizs\u0259, Felix &#8220;\u0130kiqat L\u0259zz\u0259t&#8221; ideal se\u00e7imdir! Bu x\u00fcsusi formula, iki f\u0259rqli teksturan\u0131 bir paketd\u0259 birl\u0259\u015fdir\u0259r\u0259k ev heyvan\u0131n\u0131z\u0131n yem\u0259k saatlar\u0131n\u0131 \u0259sl z\u00f6vq\u0259 \u00e7evirir.\" \/>\n<meta property=\"og:url\" content=\"https:\/\/zoo-land.az\/ru\/shop\/all-products\/purina-felix-ikiqat-l\u0259zz\u0259t-mal-\u0259ti-il\u0259-tam-v\u0259-balansli-quru-pisik-yemi-600g\/\" \/>\n<meta property=\"og:site_name\" content=\"Zooland.az\" \/>\n<meta property=\"article:modified_time\" content=\"2026-04-30T12:25:26+00:00\" \/>\n<meta property=\"og:image\" content=\"https:\/\/zoo-land.az\/wp-content\/uploads\/2026\/04\/WhatsApp-Image-2026-04-30-at-05.22.57.jpg\" \/>\n\t<meta property=\"og:image:width\" content=\"800\" \/>\n\t<meta property=\"og:image:height\" content=\"800\" \/>\n\t<meta property=\"og:image:type\" content=\"image\/jpeg\" \/>\n<meta name=\"twitter:card\" content=\"summary_large_image\" \/>\n<meta name=\"twitter:label1\" content=\"\u041f\u0440\u0438\u043c\u0435\u0440\u043d\u043e\u0435 \u0432\u0440\u0435\u043c\u044f \u0434\u043b\u044f \u0447\u0442\u0435\u043d\u0438\u044f\" \/>\n\t<meta name=\"twitter:data1\" content=\"1 \u043c\u0438\u043d\u0443\u0442\u0430\" \/>\n<script type=\"application\/ld+json\" class=\"yoast-schema-graph\">{\"@context\":\"https:\\\/\\\/schema.org\",\"@graph\":[{\"@type\":\"WebPage\",\"@id\":\"https:\\\/\\\/zoo-land.az\\\/shop\\\/all-products\\\/purina-felix-ikiqat-l%c9%99zz%c9%99t-mal-%c9%99ti-il%c9%99-tam-v%c9%99-balansli-quru-pisik-yemi-600g\\\/\",\"url\":\"https:\\\/\\\/zoo-land.az\\\/shop\\\/all-products\\\/purina-felix-ikiqat-l%c9%99zz%c9%99t-mal-%c9%99ti-il%c9%99-tam-v%c9%99-balansli-quru-pisik-yemi-600g\\\/\",\"name\":\"Purina Felix \\\"\u0130kiqat L\u0259zz\u0259t\\\" \u2013 Mal \u018fti il\u0259 Tam v\u0259 Balansl\u0131 Quru Pi\u015fik Yemi (600g) - Zooland.az\",\"isPartOf\":{\"@id\":\"https:\\\/\\\/zoo-land.az\\\/ru\\\/#website\"},\"primaryImageOfPage\":{\"@id\":\"https:\\\/\\\/zoo-land.az\\\/shop\\\/all-products\\\/purina-felix-ikiqat-l%c9%99zz%c9%99t-mal-%c9%99ti-il%c9%99-tam-v%c9%99-balansli-quru-pisik-yemi-600g\\\/#primaryimage\"},\"image\":{\"@id\":\"https:\\\/\\\/zoo-land.az\\\/shop\\\/all-products\\\/purina-felix-ikiqat-l%c9%99zz%c9%99t-mal-%c9%99ti-il%c9%99-tam-v%c9%99-balansli-quru-pisik-yemi-600g\\\/#primaryimage\"},\"thumbnailUrl\":\"https:\\\/\\\/zoo-land.az\\\/wp-content\\\/uploads\\\/2026\\\/04\\\/WhatsApp-Image-2026-04-30-at-05.22.57.jpg\",\"datePublished\":\"2026-04-30T12:25:02+00:00\",\"dateModified\":\"2026-04-30T12:25:26+00:00\",\"breadcrumb\":{\"@id\":\"https:\\\/\\\/zoo-land.az\\\/shop\\\/all-products\\\/purina-felix-ikiqat-l%c9%99zz%c9%99t-mal-%c9%99ti-il%c9%99-tam-v%c9%99-balansli-quru-pisik-yemi-600g\\\/#breadcrumb\"},\"inLanguage\":\"ru-RU\",\"potentialAction\":[{\"@type\":\"ReadAction\",\"target\":[\"https:\\\/\\\/zoo-land.az\\\/shop\\\/all-products\\\/purina-felix-ikiqat-l%c9%99zz%c9%99t-mal-%c9%99ti-il%c9%99-tam-v%c9%99-balansli-quru-pisik-yemi-600g\\\/\"]}]},{\"@type\":\"ImageObject\",\"inLanguage\":\"ru-RU\",\"@id\":\"https:\\\/\\\/zoo-land.az\\\/shop\\\/all-products\\\/purina-felix-ikiqat-l%c9%99zz%c9%99t-mal-%c9%99ti-il%c9%99-tam-v%c9%99-balansli-quru-pisik-yemi-600g\\\/#primaryimage\",\"url\":\"https:\\\/\\\/zoo-land.az\\\/wp-content\\\/uploads\\\/2026\\\/04\\\/WhatsApp-Image-2026-04-30-at-05.22.57.jpg\",\"contentUrl\":\"https:\\\/\\\/zoo-land.az\\\/wp-content\\\/uploads\\\/2026\\\/04\\\/WhatsApp-Image-2026-04-30-at-05.22.57.jpg\",\"width\":800,\"height\":800},{\"@type\":\"BreadcrumbList\",\"@id\":\"https:\\\/\\\/zoo-land.az\\\/shop\\\/all-products\\\/purina-felix-ikiqat-l%c9%99zz%c9%99t-mal-%c9%99ti-il%c9%99-tam-v%c9%99-balansli-quru-pisik-yemi-600g\\\/#breadcrumb\",\"itemListElement\":[{\"@type\":\"ListItem\",\"position\":1,\"name\":\"Home\",\"item\":\"https:\\\/\\\/zoo-land.az\\\/ru\\\/\"},{\"@type\":\"ListItem\",\"position\":2,\"name\":\"Shop\",\"item\":\"https:\\\/\\\/zoo-land.az\\\/ru\\\/\"},{\"@type\":\"ListItem\",\"position\":3,\"name\":\"Purina Felix &#8220;\u0130kiqat L\u0259zz\u0259t&#8221; \u2013 Mal \u018fti il\u0259 Tam v\u0259 Balansl\u0131 Quru Pi\u015fik Yemi (600g)\"}]},{\"@type\":\"WebSite\",\"@id\":\"https:\\\/\\\/zoo-land.az\\\/ru\\\/#website\",\"url\":\"https:\\\/\\\/zoo-land.az\\\/ru\\\/\",\"name\":\"Zooland.az\",\"description\":\"Xo\u015fb\u0259xt ev heyvanlar\u0131n\u0131n \u00fcnvan\u0131 Zooland.az\",\"publisher\":{\"@id\":\"https:\\\/\\\/zoo-land.az\\\/ru\\\/#organization\"},\"potentialAction\":[{\"@type\":\"SearchAction\",\"target\":{\"@type\":\"EntryPoint\",\"urlTemplate\":\"https:\\\/\\\/zoo-land.az\\\/ru\\\/?s={search_term_string}\"},\"query-input\":{\"@type\":\"PropertyValueSpecification\",\"valueRequired\":true,\"valueName\":\"search_term_string\"}}],\"inLanguage\":\"ru-RU\"},{\"@type\":\"Organization\",\"@id\":\"https:\\\/\\\/zoo-land.az\\\/ru\\\/#organization\",\"name\":\"Zooland.az\",\"url\":\"https:\\\/\\\/zoo-land.az\\\/ru\\\/\",\"logo\":{\"@type\":\"ImageObject\",\"inLanguage\":\"ru-RU\",\"@id\":\"https:\\\/\\\/zoo-land.az\\\/ru\\\/#\\\/schema\\\/logo\\\/image\\\/\",\"url\":\"https:\\\/\\\/zoo-land.az\\\/wp-content\\\/uploads\\\/2022\\\/05\\\/logo.svg\",\"contentUrl\":\"https:\\\/\\\/zoo-land.az\\\/wp-content\\\/uploads\\\/2022\\\/05\\\/logo.svg\",\"width\":113,\"height\":46,\"caption\":\"Zooland.az\"},\"image\":{\"@id\":\"https:\\\/\\\/zoo-land.az\\\/ru\\\/#\\\/schema\\\/logo\\\/image\\\/\"}}]}<\/script>\n<!-- \/ Yoast SEO plugin. -->","yoast_head_json":{"title":"Purina Felix \"\u0130kiqat L\u0259zz\u0259t\" \u2013 Mal \u018fti il\u0259 Tam v\u0259 Balansl\u0131 Quru Pi\u015fik Yemi (600g) - Zooland.az","robots":{"index":"index","follow":"follow","max-snippet":"max-snippet:-1","max-image-preview":"max-image-preview:large","max-video-preview":"max-video-preview:-1"},"canonical":"https:\/\/zoo-land.az\/ru\/shop\/all-products\/purina-felix-ikiqat-l\u0259zz\u0259t-mal-\u0259ti-il\u0259-tam-v\u0259-balansli-quru-pisik-yemi-600g\/","og_locale":"ru_RU","og_type":"article","og_title":"Purina Felix \"\u0130kiqat L\u0259zz\u0259t\" \u2013 Mal \u018fti il\u0259 Tam v\u0259 Balansl\u0131 Quru Pi\u015fik Yemi (600g) - Zooland.az","og_description":"Purina Felix &#8220;\u0130kiqat L\u0259zz\u0259t&#8221; \u2013 Mal \u018fti il\u0259 Tam v\u0259 Balansl\u0131 Quru Pi\u015fik Yemi Pi\u015fiyinizin h\u0259m x\u0131rt\u0131ldayan, h\u0259m d\u0259 yum\u015faq dadlar\u0131 eyni anda dadmas\u0131n\u0131 ist\u0259yirsinizs\u0259, Felix &#8220;\u0130kiqat L\u0259zz\u0259t&#8221; ideal se\u00e7imdir! Bu x\u00fcsusi formula, iki f\u0259rqli teksturan\u0131 bir paketd\u0259 birl\u0259\u015fdir\u0259r\u0259k ev heyvan\u0131n\u0131z\u0131n yem\u0259k saatlar\u0131n\u0131 \u0259sl z\u00f6vq\u0259 \u00e7evirir.","og_url":"https:\/\/zoo-land.az\/ru\/shop\/all-products\/purina-felix-ikiqat-l\u0259zz\u0259t-mal-\u0259ti-il\u0259-tam-v\u0259-balansli-quru-pisik-yemi-600g\/","og_site_name":"Zooland.az","article_modified_time":"2026-04-30T12:25:26+00:00","og_image":[{"width":800,"height":800,"url":"https:\/\/zoo-land.az\/wp-content\/uploads\/2026\/04\/WhatsApp-Image-2026-04-30-at-05.22.57.jpg","type":"image\/jpeg"}],"twitter_card":"summary_large_image","twitter_misc":{"\u041f\u0440\u0438\u043c\u0435\u0440\u043d\u043e\u0435 \u0432\u0440\u0435\u043c\u044f \u0434\u043b\u044f \u0447\u0442\u0435\u043d\u0438\u044f":"1 \u043c\u0438\u043d\u0443\u0442\u0430"},"schema":{"@context":"https:\/\/schema.org","@graph":[{"@type":"WebPage","@id":"https:\/\/zoo-land.az\/shop\/all-products\/purina-felix-ikiqat-l%c9%99zz%c9%99t-mal-%c9%99ti-il%c9%99-tam-v%c9%99-balansli-quru-pisik-yemi-600g\/","url":"https:\/\/zoo-land.az\/shop\/all-products\/purina-felix-ikiqat-l%c9%99zz%c9%99t-mal-%c9%99ti-il%c9%99-tam-v%c9%99-balansli-quru-pisik-yemi-600g\/","name":"Purina Felix \"\u0130kiqat L\u0259zz\u0259t\" \u2013 Mal \u018fti il\u0259 Tam v\u0259 Balansl\u0131 Quru Pi\u015fik Yemi (600g) - Zooland.az","isPartOf":{"@id":"https:\/\/zoo-land.az\/ru\/#website"},"primaryImageOfPage":{"@id":"https:\/\/zoo-land.az\/shop\/all-products\/purina-felix-ikiqat-l%c9%99zz%c9%99t-mal-%c9%99ti-il%c9%99-tam-v%c9%99-balansli-quru-pisik-yemi-600g\/#primaryimage"},"image":{"@id":"https:\/\/zoo-land.az\/shop\/all-products\/purina-felix-ikiqat-l%c9%99zz%c9%99t-mal-%c9%99ti-il%c9%99-tam-v%c9%99-balansli-quru-pisik-yemi-600g\/#primaryimage"},"thumbnailUrl":"https:\/\/zoo-land.az\/wp-content\/uploads\/2026\/04\/WhatsApp-Image-2026-04-30-at-05.22.57.jpg","datePublished":"2026-04-30T12:25:02+00:00","dateModified":"2026-04-30T12:25:26+00:00","breadcrumb":{"@id":"https:\/\/zoo-land.az\/shop\/all-products\/purina-felix-ikiqat-l%c9%99zz%c9%99t-mal-%c9%99ti-il%c9%99-tam-v%c9%99-balansli-quru-pisik-yemi-600g\/#breadcrumb"},"inLanguage":"ru-RU","potentialAction":[{"@type":"ReadAction","target":["https:\/\/zoo-land.az\/shop\/all-products\/purina-felix-ikiqat-l%c9%99zz%c9%99t-mal-%c9%99ti-il%c9%99-tam-v%c9%99-balansli-quru-pisik-yemi-600g\/"]}]},{"@type":"ImageObject","inLanguage":"ru-RU","@id":"https:\/\/zoo-land.az\/shop\/all-products\/purina-felix-ikiqat-l%c9%99zz%c9%99t-mal-%c9%99ti-il%c9%99-tam-v%c9%99-balansli-quru-pisik-yemi-600g\/#primaryimage","url":"https:\/\/zoo-land.az\/wp-content\/uploads\/2026\/04\/WhatsApp-Image-2026-04-30-at-05.22.57.jpg","contentUrl":"https:\/\/zoo-land.az\/wp-content\/uploads\/2026\/04\/WhatsApp-Image-2026-04-30-at-05.22.57.jpg","width":800,"height":800},{"@type":"BreadcrumbList","@id":"https:\/\/zoo-land.az\/shop\/all-products\/purina-felix-ikiqat-l%c9%99zz%c9%99t-mal-%c9%99ti-il%c9%99-tam-v%c9%99-balansli-quru-pisik-yemi-600g\/#breadcrumb","itemListElement":[{"@type":"ListItem","position":1,"name":"Home","item":"https:\/\/zoo-land.az\/ru\/"},{"@type":"ListItem","position":2,"name":"Shop","item":"https:\/\/zoo-land.az\/ru\/"},{"@type":"ListItem","position":3,"name":"Purina Felix &#8220;\u0130kiqat L\u0259zz\u0259t&#8221; \u2013 Mal \u018fti il\u0259 Tam v\u0259 Balansl\u0131 Quru Pi\u015fik Yemi (600g)"}]},{"@type":"WebSite","@id":"https:\/\/zoo-land.az\/ru\/#website","url":"https:\/\/zoo-land.az\/ru\/","name":"Zooland.az","description":"Xo\u015fb\u0259xt ev heyvanlar\u0131n\u0131n \u00fcnvan\u0131 Zooland.az","publisher":{"@id":"https:\/\/zoo-land.az\/ru\/#organization"},"potentialAction":[{"@type":"SearchAction","target":{"@type":"EntryPoint","urlTemplate":"https:\/\/zoo-land.az\/ru\/?s={search_term_string}"},"query-input":{"@type":"PropertyValueSpecification","valueRequired":true,"valueName":"search_term_string"}}],"inLanguage":"ru-RU"},{"@type":"Organization","@id":"https:\/\/zoo-land.az\/ru\/#organization","name":"Zooland.az","url":"https:\/\/zoo-land.az\/ru\/","logo":{"@type":"ImageObject","inLanguage":"ru-RU","@id":"https:\/\/zoo-land.az\/ru\/#\/schema\/logo\/image\/","url":"https:\/\/zoo-land.az\/wp-content\/uploads\/2022\/05\/logo.svg","contentUrl":"https:\/\/zoo-land.az\/wp-content\/uploads\/2022\/05\/logo.svg","width":113,"height":46,"caption":"Zooland.az"},"image":{"@id":"https:\/\/zoo-land.az\/ru\/#\/schema\/logo\/image\/"}}]}},"_links":{"self":[{"href":"https:\/\/zoo-land.az\/ru\/wp-json\/wp\/v2\/product\/25406","targetHints":{"allow":["GET"]}}],"collection":[{"href":"https:\/\/zoo-land.az\/ru\/wp-json\/wp\/v2\/product"}],"about":[{"href":"https:\/\/zoo-land.az\/ru\/wp-json\/wp\/v2\/types\/product"}],"wp:featuredmedia":[{"embeddable":true,"href":"https:\/\/zoo-land.az\/ru\/wp-json\/wp\/v2\/media\/25407"}],"wp:attachment":[{"href":"https:\/\/zoo-land.az\/ru\/wp-json\/wp\/v2\/media?parent=25406"}],"wp:term":[{"taxonomy":"product_cat","embeddable":true,"href":"https:\/\/zoo-land.az\/ru\/wp-json\/wp\/v2\/product_cat?post=25406"},{"taxonomy":"product_tag","embeddable":true,"href":"https:\/\/zoo-land.az\/ru\/wp-json\/wp\/v2\/product_tag?post=25406"}],"curies":[{"name":"wp","href":"https:\/\/api.w.org\/{rel}","templated":true}]}}